{"id":348893,"date":"2026-04-26T18:01:49","date_gmt":"2026-04-26T16:01:49","guid":{"rendered":"https:\/\/digalco.com\/tienda\/imprimante-laser-hp-laserjet-mfp-m426fdw-reconditionne-fr-15104\/"},"modified":"2026-04-26T18:01:55","modified_gmt":"2026-04-26T16:01:55","slug":"imprimante-laser-hp-laserjet-mfp-m426fdw-reconditionne-fr-15104","status":"publish","type":"product","link":"https:\/\/digalco.com\/fr\/produit\/imprimante-laser-hp-laserjet-mfp-m426fdw-reconditionne-fr-15104\/","title":{"rendered":"Imprimante Laser HP LaserJet MFP M426fdw | Reconditionn\u00e9"},"content":{"rendered":"<p><strong>G\u00e9n\u00e9rale imprimante<\/strong><br \/>Langage d&rsquo;imprimante PCL6<br \/><strong>Multifonction<\/strong><br \/>R\u00e9solution du scanner 1200dpi<br \/><strong>Copies<\/strong><br \/>Premi\u00e8re page 5.4 s<br \/>Noir et blanc 40 ppm<br \/><strong>Gestion du papier<\/strong><br \/>Duplex<br \/>ADF: 50 feuilles<br \/>Bac: 250 feuilles<br \/>Bac manuel: 100 feuilles<br \/><strong>Connectivit\u00e9 imprimante<\/strong><br \/>USB, R\u00e9seau, WIFI, Fax<br \/><strong>Autres<\/strong><br \/>hR emballage<br \/><strong>Dimensions<\/strong><br \/>42x39x32 cm.<br \/><strong>Poids<\/strong><br \/>13.00 Kg.<br \/><strong>Sp\u00e9cifications suppl\u00e9mentaires<\/strong><br \/><b>Ces machines sont fournies avec une garantie de 7 jours.<\/b> Elles sont sp\u00e9cialement destin\u00e9es aux professionnels de l\u2019impression qui, gr\u00e2ce \u00e0 leurs comp\u00e9tences, peuvent apporter une valeur ajout\u00e9e \u00e0 leur client final. Elles fonctionnent correctement et sont fournies compl\u00e8tes et sans dommages. Les c\u00e2bles ne sont pas inclus.\u00a0<br \/><b>Contr\u00f4les qualit\u00e9\/tests en laboratoire :<\/b> page de test incluse (test d\u2019impression depuis la machine elle-m\u00eame). Tests d\u2019impression depuis tous les ports de la machine. Tests d\u2019impression depuis tous les tiroirs. Toner utilis\u00e9 (original\/compatible). Pas de garantie.<br \/>Bon \u00e9tat ext\u00e9rieur. Si vous avez des questions, appelez-nous ou utilisez notre chat pour plus d\u2019informations ou pour demander des d\u00e9tails suppl\u00e9mentaires.<br \/><strong>Commentaires<\/strong><br \/><u>Nouveau toner compatible<\/u><\/p>\n","protected":false},"excerpt":{"rendered":"<p>Taille de papier A4 \u00b7 Duplex \u00b7 Noir et blanc 40ppm \u00b7 USB, R\u00e9seau, WIFI, Fax \u00b7 Bacs: 1&#215;250\/1&#215;100 feuilles \u00b7<br \/>\n<strong>Nouveau toner compatible<\/strong> [&#8230;]<\/p>\n<p><a class=\"btn btn-secondary understrap-read-more-link\" href=\"https:\/\/digalco.com\/fr\/produit\/imprimante-laser-hp-laserjet-mfp-m426fdw-reconditionne-fr-15104\/\">Lire la suite\u2026<span class=\"screen-reader-text\"> from Imprimante Laser HP LaserJet MFP M426fdw | Reconditionn\u00e9<\/span><\/a><\/p>\n","protected":false},"featured_media":348878,"template":"","meta":[],"product_brand":[3854],"product_cat":[1673,1693],"product_tag":[],"class_list":{"0":"post-348893","1":"product","2":"type-product","3":"status-publish","4":"has-post-thumbnail","6":"product_brand-hp","7":"product_cat-imprimantes-fr","8":"product_cat-imprimantes-laser-fr","10":"first","11":"instock","12":"taxable","13":"shipping-taxable","14":"purchasable","15":"product-type-simple"},"bundled_by":[],"bundle_stock_status":"instock","bundle_stock_quantity":13,"bundle_virtual":false,"bundle_layout":"","bundle_add_to_cart_form_location":"","bundle_editable_in_cart":false,"bundle_sold_individually_context":"","bundle_item_grouping":"","bundle_min_size":"","bundle_max_size":"","bundle_price":[],"bundled_items":[],"bundle_sell_ids":[],"exclude_global_add_ons":[],"addons":[],"df_price":166,"df_sale_price":"","df_regular_price":166,"df_image_link":"https:\/\/digalco.com\/wp-content\/uploads\/images\/product\/15104\/hp03380_01-300x225.jpg","_links":{"self":[{"href":"https:\/\/digalco.com\/fr\/wp-json\/wp\/v2\/product\/348893","targetHints":{"allow":["GET"]}}],"collection":[{"href":"https:\/\/digalco.com\/fr\/wp-json\/wp\/v2\/product"}],"about":[{"href":"https:\/\/digalco.com\/fr\/wp-json\/wp\/v2\/types\/product"}],"wp:featuredmedia":[{"embeddable":true,"href":"https:\/\/digalco.com\/fr\/wp-json\/wp\/v2\/media\/348878"}],"wp:attachment":[{"href":"https:\/\/digalco.com\/fr\/wp-json\/wp\/v2\/media?parent=348893"}],"wp:term":[{"taxonomy":"product_brand","embeddable":true,"href":"https:\/\/digalco.com\/fr\/wp-json\/wp\/v2\/product_brand?post=348893"},{"taxonomy":"product_cat","embeddable":true,"href":"https:\/\/digalco.com\/fr\/wp-json\/wp\/v2\/product_cat?post=348893"},{"taxonomy":"product_tag","embeddable":true,"href":"https:\/\/digalco.com\/fr\/wp-json\/wp\/v2\/product_tag?post=348893"}],"curies":[{"name":"wp","href":"https:\/\/api.w.org\/{rel}","templated":true}]}}