{"id":350295,"date":"2026-04-27T16:05:17","date_gmt":"2026-04-27T14:05:17","guid":{"rendered":"https:\/\/digalco.com\/tienda\/hp-zbook-fury-17-g8-173-reconditionne-core-i5-29ghz-16-gb-ram-512-gb-ssd-m2-1920x1080-fr-14996\/"},"modified":"2026-04-27T16:05:45","modified_gmt":"2026-04-27T14:05:45","slug":"hp-zbook-fury-17-g8-173-reconditionne-core-i5-29ghz-16-gb-ram-512-gb-ssd-m2-1920x1080-fr-14996","status":"publish","type":"product","link":"https:\/\/digalco.com\/fr\/produit\/hp-zbook-fury-17-g8-173-reconditionne-core-i5-29ghz-16-gb-ram-512-gb-ssd-m2-1920x1080-fr-14996\/","title":{"rendered":"HP ZBook Fury 17 G8 17.3\u00a0\u00bb | Reconditionn\u00e9 | Core i5 2.9GHz | 16 GB RAM | 512 GB SSD M2 1920&#215;1080"},"content":{"rendered":"<p><strong>Processeur<\/strong><br \/>Intel Core i5 11500H 2.9 GHz.<br \/><strong>M\u00e9moire RAM<\/strong><br \/>16 Gb. SO-DDR4 RAM<br \/><strong>Disque dur<\/strong><br \/>512 Gb. SSD M2<br \/><strong>Cartes<\/strong><br \/>Graphique: nVidia RTX A2000  6GB GDDR6<br \/>Son: Bang &amp; Olufsen audio<br \/>R\u00e9seau: Intel Connection L219-LM<br \/><strong>Syst\u00e8me op\u00e9ratif<\/strong><br \/>Windows 11 Pro<br \/><strong>Ports<\/strong><br \/>2x USB-C<br \/>3x USB 3.1<br \/><strong>\u00c9cran<\/strong><br \/>IPS 17.3 \u00a0\u00bb FullHD 16:9  \u00b7 R\u00e9solution 1920&#215;1080<br \/><strong>Ports vid\u00e9o<\/strong><br \/>HDMI<br \/>Mini Display Port<br \/><strong>Multim\u00e9dias<\/strong><br \/>Webcam<br \/>Lecteur SD<br \/>Lecteur d&#8217;empreintes<br \/>Lecteur carte d&rsquo;identit\u00e9<br \/><strong>Connectivit\u00e9<\/strong><br \/>RJ-45<br \/>WIFI<br \/>Bluetooth<br \/><strong>Notebook sp\u00e9cifique<\/strong><br \/>Langue du clavier International (autocollants espagnols)<br \/>Clavier num\u00e9rique<br \/><strong>Autres<\/strong><br \/>hR emballage<br \/><strong>Dimensions<\/strong><br \/>40x27x3 cm.<br \/><strong>Poids<\/strong><br \/>2.90 Kg.<br \/><strong>Sp\u00e9cifications suppl\u00e9mentaires<\/strong><br \/>Le HP ZBook Fury 17 G8 est une station de travail mobile haut de gamme con\u00e7ue pour les professionnels qui ont besoin de performances maximales et soutenues en d\u00e9placement, avec un \u00e9cran grand format qui facilite le travail dans les disciplines visuelles, techniques et cr\u00e9atives. Son processeur Intel Core i5-11500H \u00e0 2,9 GHz, une puce de onzi\u00e8me g\u00e9n\u00e9ration \u00e0 six c\u0153urs et douze threads, offre une base de calcul puissante et efficace, pens\u00e9e pour ex\u00e9cuter des applications d&rsquo;ing\u00e9nierie, de conception, d&rsquo;analyse et de montage en toute fluidit\u00e9. Les 16 Go de RAM SO-DDR4 garantissent une gestion agile de plusieurs processus simultan\u00e9s sans compromettre la stabilit\u00e9 du syst\u00e8me. Le stockage principal est un SSD M.2 de 512 Go haute vitesse qui assure des temps de chargement minimaux et une r\u00e9activit\u00e9 imm\u00e9diate pour tous les types de t\u00e2ches. La carte graphique d\u00e9di\u00e9e nVidia RTX A2000 avec 6 Go de m\u00e9moire GDDR6 est le composant phare de cette station de travail : un GPU de cat\u00e9gorie professionnelle certifi\u00e9 pour les logiciels sp\u00e9cialis\u00e9s de conception CAO, la visualisation scientifique, la simulation et le rendu, offrant une fiabilit\u00e9 et une pr\u00e9cision que les cartes graphiques grand public ne peuvent tout simplement pas \u00e9galer. L&rsquo;\u00e9cran IPS de 17,3 pouces avec une r\u00e9solution FullHD 1920&#215;1080 et un rapport d&rsquo;aspect 16:9 offre une large surface de travail avec des couleurs pr\u00e9cises et des angles de vision remarquables. L&rsquo;\u00e9quipement int\u00e8gre une webcam, un lecteur de cartes SD, un lecteur d&#8217;empreintes digitales et un lecteur de carte d&rsquo;identit\u00e9, couvrant tous les besoins en s\u00e9curit\u00e9, identification et connectivit\u00e9 des environnements professionnels exigeants. Le syst\u00e8me d&rsquo;exploitation est Windows 11 Pro, et le clavier est \u00e0 disposition internationale avec des autocollants en espagnol pour faciliter son utilisation sur le march\u00e9 espagnol. Une station de travail reconditionn\u00e9e de r\u00e9f\u00e9rence pr\u00eate pour les projets les plus exigeants d\u00e8s le premier d\u00e9marrage.<br \/>Bon aspect ext\u00e9rieur. Consultez \u00ab + Photos \u00bb et si vous avez des questions, appelez-nous ou utilisez notre chat pour obtenir plus d&rsquo;informations ou demander des d\u00e9tails suppl\u00e9mentaires.<br \/><strong>Commentaires<\/strong><br \/><u>nVidia RTX A2000 6 Go GDDR6 \u00b7 Clavier international avec autocollants en fran\u00e7ais<\/u><\/p>\n","protected":false},"excerpt":{"rendered":"<p>Intel Core i5 11500H 2.9 GHz. \u00b7 16 Gb. SO-DDR4 RAM \u00b7 512 Gb. SSD M2 \u00b7 <strong>Windows 11 Pro<\/strong> \u00b7 IPS 17.3 \u00a0\u00bb FullHD 16:9 \u00b7 Webcam \u00b7<br \/>\n<strong>nVidia RTX A2000 6 GB GDDR6<\/strong> \u00b7 <u>Clavier international avec autocollants en fran\u00e7ais<\/u> [&#8230;]<\/p>\n<p><a class=\"btn btn-secondary understrap-read-more-link\" href=\"https:\/\/digalco.com\/fr\/produit\/hp-zbook-fury-17-g8-173-reconditionne-core-i5-29ghz-16-gb-ram-512-gb-ssd-m2-1920x1080-fr-14996\/\">Lire la suite\u2026<span class=\"screen-reader-text\"> from HP ZBook Fury 17 G8 17.3\u00a0\u00bb | Reconditionn\u00e9 | Core i5 2.9GHz | 16 GB RAM | 512 GB SSD M2 1920&#215;1080<\/span><\/a><\/p>\n","protected":false},"featured_media":350160,"template":"","meta":[],"product_brand":[3854],"product_cat":[2442,1517,1525],"product_tag":[],"class_list":{"0":"post-350295","1":"product","2":"type-product","3":"status-publish","4":"has-post-thumbnail","6":"product_brand-hp","7":"product_cat-notebooks-17-fr","8":"product_cat-notebooks-fr","9":"product_cat-notebooks-workstations-fr","11":"first","12":"instock","13":"taxable","14":"shipping-taxable","15":"purchasable","16":"product-type-simple"},"bundled_by":[],"bundle_stock_status":"instock","bundle_stock_quantity":10,"bundle_virtual":false,"bundle_layout":"","bundle_add_to_cart_form_location":"","bundle_editable_in_cart":false,"bundle_sold_individually_context":"","bundle_item_grouping":"","bundle_min_size":"","bundle_max_size":"","bundle_price":[],"bundled_items":[],"bundle_sell_ids":[],"exclude_global_add_ons":true,"addons":{"keyboard-iso-upgrades":{"name":"Choisir langue du clavier","type":"multiple_choice","position":0,"required":false,"title_format":"heading","default":"","description_enable":false,"description":"","placeholder_enable":false,"placeholder":"","display":"radiobutton","restrictions_type":"any_text","adjust_price":false,"price":"","price_type":"quantity_based","restrictions":false,"min":"0","max":"0","options":[{"label":"Autocollants espagnols [AMP00082]","price":"0.0000","price_type":"quantity_based","image":0,"visibility":true},{"label":"Autocollants fran\u00e7ais [AMP00084]","price":"0.0000","price_type":"quantity_based","image":0,"visibility":true},{"label":"Autocollants portugais [AMP00083]","price":"0.0000","price_type":"quantity_based","image":0,"visibility":true}]},"docking-station-upgrades":{"name":"Extension Docking Station","type":"multiple_choice","position":0,"required":false,"title_format":"heading","default":"","description_enable":false,"description":"","placeholder_enable":false,"placeholder":"","display":"radiobutton","restrictions_type":"any_text","adjust_price":false,"price":"","price_type":"quantity_based","restrictions":false,"min":"0","max":"0","options":[{"label":"HP USB-C Docking Station [AMP00091]","price":"55.0000","price_type":"quantity_based","image":0,"visibility":true}]},"ram-memory-upgrades":{"name":"Extension RAM","type":"multiple_choice","position":0,"required":false,"title_format":"heading","default":"","description_enable":false,"description":"","placeholder_enable":false,"placeholder":"","display":"radiobutton","restrictions_type":"any_text","adjust_price":false,"price":"","price_type":"quantity_based","restrictions":false,"min":"0","max":"0","options":[{"label":"Extension de 32 Gb de RAM SODIMM [AMP00098]","price":"150.0000","price_type":"quantity_based","image":0,"visibility":true}]},"hdd-upgrades":{"name":"Extension disque dur","type":"multiple_choice","position":0,"required":false,"title_format":"heading","default":"","description_enable":false,"description":"","placeholder_enable":false,"placeholder":"","display":"radiobutton","restrictions_type":"any_text","adjust_price":false,"price":"","price_type":"quantity_based","restrictions":false,"min":"0","max":"0","options":[{"label":"Passez au disque SSD 1 Tb. M.2 2280 PCIe [AMP00107]","price":"165.0000","price_type":"quantity_based","image":0,"visibility":true}]},"os-upgrades":{"name":"Expansion SO","type":"multiple_choice","position":0,"required":false,"title_format":"heading","default":"","description_enable":false,"description":"","placeholder_enable":false,"placeholder":"","display":"radiobutton","restrictions_type":"any_text","adjust_price":false,"price":"","price_type":"quantity_based","restrictions":false,"min":"0","max":"0","options":[{"label":"Changer la langue en fran\u00e7ais [AMP00125]","price":"0.0000","price_type":"quantity_based","image":0,"visibility":true},{"label":"Changer la langue en anglais [AMP00008]","price":"0.0000","price_type":"quantity_based","image":0,"visibility":true},{"label":"Changer la langue en portugais [AMP00009]","price":"0.0000","price_type":"quantity_based","image":0,"visibility":true}]}},"df_price":898,"df_sale_price":"","df_regular_price":898,"df_image_link":"https:\/\/digalco.com\/wp-content\/uploads\/images\/product\/14996\/hp03358_01-300x225.jpg","_links":{"self":[{"href":"https:\/\/digalco.com\/fr\/wp-json\/wp\/v2\/product\/350295","targetHints":{"allow":["GET"]}}],"collection":[{"href":"https:\/\/digalco.com\/fr\/wp-json\/wp\/v2\/product"}],"about":[{"href":"https:\/\/digalco.com\/fr\/wp-json\/wp\/v2\/types\/product"}],"wp:featuredmedia":[{"embeddable":true,"href":"https:\/\/digalco.com\/fr\/wp-json\/wp\/v2\/media\/350160"}],"wp:attachment":[{"href":"https:\/\/digalco.com\/fr\/wp-json\/wp\/v2\/media?parent=350295"}],"wp:term":[{"taxonomy":"product_brand","embeddable":true,"href":"https:\/\/digalco.com\/fr\/wp-json\/wp\/v2\/product_brand?post=350295"},{"taxonomy":"product_cat","embeddable":true,"href":"https:\/\/digalco.com\/fr\/wp-json\/wp\/v2\/product_cat?post=350295"},{"taxonomy":"product_tag","embeddable":true,"href":"https:\/\/digalco.com\/fr\/wp-json\/wp\/v2\/product_tag?post=350295"}],"curies":[{"name":"wp","href":"https:\/\/api.w.org\/{rel}","templated":true}]}}