{"id":351094,"date":"2026-04-29T09:49:14","date_gmt":"2026-04-29T07:49:14","guid":{"rendered":"https:\/\/digalco.com\/tienda\/ncr-realpos-xr7-19-aio-reconditionne-core-i5-36ghz-8-gb-ram-180-gb-ssd-fr-15121\/"},"modified":"2026-04-29T10:03:15","modified_gmt":"2026-04-29T08:03:15","slug":"ncr-realpos-xr7-19-aio-reconditionne-core-i5-36ghz-8-gb-ram-180-gb-ssd-fr-15121","status":"publish","type":"product","link":"https:\/\/digalco.com\/fr\/produit\/ncr-realpos-xr7-19-aio-reconditionne-core-i5-36ghz-8-gb-ram-180-gb-ssd-fr-15121\/","title":{"rendered":"NCR RealPOS XR7 19&Prime; AIO | Reconditionn\u00e9 | Core i5 3.6GHz | 8 GB RAM | 180 GB SSD"},"content":{"rendered":"<p><strong>Processeur<\/strong><br \/>Intel Core i5 4570T 3.6 GHz.<br \/><strong>Facteur de forme<\/strong><br \/>AIO<br \/><strong>M\u00e9moire RAM<\/strong><br \/>8 Gb. SO-DDR3 RAM<br \/><strong>Disque dur<\/strong><br \/>180 Gb. SSD<br \/><strong>Cartes<\/strong><br \/>Graphique: Intel HD 4600<br \/>Son: Realtek High Definition Audio<br \/>R\u00e9seau: Intel I219-LM<br \/><strong>Syst\u00e8me op\u00e9ratif<\/strong><br \/>Windows 11 Home<br \/><strong>Ports<\/strong><br \/>2x USB 3.0<br \/><strong>\u00c9cran<\/strong><br \/>Tactile 19 \u00a0\u00bb HD 4:3  \u00b7 R\u00e9solution 1024&#215;768<br \/><strong>Ports vid\u00e9o<\/strong><br \/>HDMI<br \/>Display Port<br \/><strong>Affichage sp\u00e9cifique<\/strong><br \/>Chargeur externe<br \/><strong>Connectivit\u00e9<\/strong><br \/>RJ-45<br \/><strong>Autres<\/strong><br \/>hR emballage<br \/><strong>Dimensions<\/strong><br \/>42x40x40 cm.<br \/><strong>Poids<\/strong><br \/>7.00 Kg.<br \/><strong>Sp\u00e9cifications suppl\u00e9mentaires<\/strong><br \/>Le NCR RealPOS XR7 19\u201d est un TPV\/POS de haut niveau con\u00e7u pour les entreprises qui ne peuvent pas se permettre des d\u00e9faillances dans leur fonctionnement quotidien. Son design robuste et son approche professionnelle en font une solution particuli\u00e8rement adapt\u00e9e aux environnements de restauration, retail et commerces \u00e0 forte rotation, o\u00f9 la stabilit\u00e9 fait la diff\u00e9rence.<br \/>\u00c9quip\u00e9 d\u2019un processeur Intel Core i5, de 8 Go de m\u00e9moire RAM et d\u2019un stockage SSD, cet \u00e9quipement garantit un fonctionnement rapide et fluide avec tout type de logiciel TPV. La gestion des ventes, des paiements et du stock s\u2019effectue avec une totale agilit\u00e9, r\u00e9duisant les temps d\u2019attente et am\u00e9liorant l\u2019exp\u00e9rience aussi bien pour l\u2019utilisateur que pour le client final.<br \/>Contrairement \u00e0 d\u2019autres configurations, ce mod\u00e8le int\u00e8gre Windows 10 Home pr\u00e9install\u00e9, ce qui permet une mise en service imm\u00e9diate, une meilleure compatibilit\u00e9 avec les applications professionnelles et un environnement s\u00e9curis\u00e9 et optimis\u00e9 d\u00e8s le premier instant. Un avantage cl\u00e9 pour ceux qui recherchent un TPV pr\u00eat \u00e0 fonctionner sans complications.<br \/>Son \u00e9cran tactile de 19\u201d au format 4:3 est sp\u00e9cialement con\u00e7u pour les applications POS, offrant une visualisation claire, confortable et tr\u00e8s fonctionnelle, id\u00e9ale pour des journ\u00e9es de travail intensives.<br \/>En mati\u00e8re de connectivit\u00e9, il se distingue par ses ports USB aliment\u00e9s (12V et 24V) et sa connexion pour tiroir-caisse, facilitant l\u2019int\u00e9gration directe de p\u00e9riph\u00e9riques essentiels tels que les imprimantes de tickets, les lecteurs ou les afficheurs.<br \/><u>Concernant la configuration syst\u00e8me requise, ce mod\u00e8le ne prend pas en charge le module TPM 2.0, pourtant recommand\u00e9 pour les appareils de nouvelle g\u00e9n\u00e9ration. Cependant, le syst\u00e8me d&rsquo;exploitation est parfaitement fonctionnel et assure un fonctionnement normal, garantissant une utilisation stable en conditions r\u00e9elles sans impact sur les performances ni l&rsquo;exp\u00e9rience utilisateur.<\/u><br \/>Dans l\u2019ensemble, il s\u2019agit d\u2019un TPV fiable, puissant et pr\u00eat pour une utilisation continue, qui apporte s\u00e9curit\u00e9, efficacit\u00e9 et rentabilit\u00e9 \u00e0 toute entreprise ayant besoin d\u2019un syst\u00e8me POS solide et durable.<br \/>Bon aspect ext\u00e9rieur. Voir \u201c+ Photos\u201d et \u00ab\u00a0Vid\u00e9o\u00a0\u00bb et si vous avez des questions appelez-nous ou utilisez notre chat pour obtenir plus d\u2019informations ou demander plus de d\u00e9tails.<br \/><strong>Commentaires<\/strong><br \/><u>3xUSB 2.0 12V \/ 1xUSB 2.0 24V \/ 2xUSB 3.0 \u2013 1xPort tiroir-caisse<\/u><\/p>\n","protected":false},"excerpt":{"rendered":"<p>Intel Core i5 4570T 3.6 GHz. \u00b7 8 Gb. SO-DDR3 RAM \u00b7 180 Gb. SSD \u00b7 <strong>Windows 11 Home<\/strong> (Il ne poss\u00e8de pas de puce TPM 2.0)\u00b7 <strong>Tactile 19 \u00a0\u00bb HD<\/strong> 4:3 \u00b7<br \/>\n<u>3xUSB 2.0 12V \/ 1xUSB 2.0 24V \/ 2xUSB 3.0 \u2013 1xPort tiroir-caisse<\/u> [&#8230;]<\/p>\n<p><a class=\"btn btn-secondary understrap-read-more-link\" href=\"https:\/\/digalco.com\/fr\/produit\/ncr-realpos-xr7-19-aio-reconditionne-core-i5-36ghz-8-gb-ram-180-gb-ssd-fr-15121\/\">Lire la suite\u2026<span class=\"screen-reader-text\"> from NCR RealPOS XR7 19&Prime; AIO | Reconditionn\u00e9 | Core i5 3.6GHz | 8 GB RAM | 180 GB SSD<\/span><\/a><\/p>\n","protected":false},"featured_media":350944,"template":"","meta":[],"product_brand":[3867],"product_cat":[1597,1601],"product_tag":[],"class_list":{"0":"post-351094","1":"product","2":"type-product","3":"status-publish","4":"has-post-thumbnail","6":"product_brand-ncr","7":"product_cat-tpv-fr","8":"product_cat-tpv-all-in-one-fr","10":"first","11":"outofstock","12":"taxable","13":"shipping-taxable","14":"purchasable","15":"product-type-simple"},"bundled_by":[],"bundle_stock_status":"outofstock","bundle_stock_quantity":0,"bundle_virtual":false,"bundle_layout":"","bundle_add_to_cart_form_location":"","bundle_editable_in_cart":false,"bundle_sold_individually_context":"","bundle_item_grouping":"","bundle_min_size":"","bundle_max_size":"","bundle_price":[],"bundled_items":[],"bundle_sell_ids":[],"exclude_global_add_ons":true,"addons":{"peripheral-upgrades":{"name":"Extension p\u00e9riph\u00e9rique","type":"multiple_choice","position":0,"required":false,"title_format":"heading","default":"","description_enable":false,"description":"","placeholder_enable":false,"placeholder":"","display":"radiobutton","restrictions_type":"any_text","adjust_price":false,"price":"","price_type":"quantity_based","restrictions":false,"min":"0","max":"0","options":[{"label":"Tiroir-caisse automatique 41 cm. Refurbished [AMP00140]","price":"45.0000","price_type":"quantity_based","image":0,"visibility":true}]},"webcam-upgrades":{"name":"Extension Webcam","type":"multiple_choice","position":0,"required":false,"title_format":"heading","default":"","description_enable":false,"description":"","placeholder_enable":false,"placeholder":"","display":"radiobutton","restrictions_type":"any_text","adjust_price":false,"price":"","price_type":"quantity_based","restrictions":false,"min":"0","max":"0","options":[{"label":"Conceptronic AMDIS FullHD [AMP00085]","price":"29.0000","price_type":"quantity_based","image":0,"visibility":true}]},"ram-memory-upgrades":{"name":"Extension RAM","type":"multiple_choice","position":0,"required":false,"title_format":"heading","default":"","description_enable":false,"description":"","placeholder_enable":false,"placeholder":"","display":"radiobutton","restrictions_type":"any_text","adjust_price":false,"price":"","price_type":"quantity_based","restrictions":false,"min":"0","max":"0","options":[{"label":"Extension de 16 Gb de RAM SODIMM DDR3 [AMP00004]","price":"50.0000","price_type":"quantity_based","image":0,"visibility":true}]},"hdd-upgrades":{"name":"Extension disque dur","type":"multiple_choice","position":0,"required":false,"title_format":"heading","default":"","description_enable":false,"description":"","placeholder_enable":false,"placeholder":"","display":"radiobutton","restrictions_type":"any_text","adjust_price":false,"price":"","price_type":"quantity_based","restrictions":false,"min":"0","max":"0","options":[{"label":"Passez au disque SSD de 240 Gb. [AMP00013]","price":"35.0000","price_type":"quantity_based","image":0,"visibility":true},{"label":"Passez au disque SSD de 480 Gb. [AMP00014]","price":"59.0000","price_type":"quantity_based","image":0,"visibility":true},{"label":"Passez au disque SSD 1 Tb. [AMP00071]","price":"95.0000","price_type":"quantity_based","image":0,"visibility":true}]},"network-card-upgrades":{"name":"Extension WIFI","type":"multiple_choice","position":0,"required":false,"title_format":"heading","default":"","description_enable":false,"description":"","placeholder_enable":false,"placeholder":"","display":"radiobutton","restrictions_type":"any_text","adjust_price":false,"price":"","price_type":"quantity_based","restrictions":false,"min":"0","max":"0","options":[{"label":"Mise \u00e0 niveau nano USB sans fil [AMP00018]","price":"12.0000","price_type":"quantity_based","image":0,"visibility":true}]},"os-upgrades":{"name":"Expansion SO","type":"multiple_choice","position":0,"required":false,"title_format":"heading","default":"","description_enable":false,"description":"","placeholder_enable":false,"placeholder":"","display":"radiobutton","restrictions_type":"any_text","adjust_price":false,"price":"","price_type":"quantity_based","restrictions":false,"min":"0","max":"0","options":[{"label":"Changer la langue en fran\u00e7ais [AMP00125]","price":"0.0000","price_type":"quantity_based","image":0,"visibility":true},{"label":"Changer la langue en anglais [AMP00008]","price":"0.0000","price_type":"quantity_based","image":0,"visibility":true},{"label":"Changer la langue en portugais [AMP00009]","price":"0.0000","price_type":"quantity_based","image":0,"visibility":true}]},"keyboard-upgrades":{"name":"Extension clavier","type":"multiple_choice","position":0,"required":false,"title_format":"heading","default":"","description_enable":false,"description":"","placeholder_enable":false,"placeholder":"","display":"radiobutton","restrictions_type":"any_text","adjust_price":false,"price":"","price_type":"quantity_based","restrictions":false,"min":"0","max":"0","options":[{"label":"Clavier et souris [AMP00020]","price":"8.0000","price_type":"quantity_based","image":0,"visibility":true},{"label":"Clavier et souris Portuguese New [AMP00088]","price":"15.0000","price_type":"quantity_based","image":0,"visibility":true},{"label":"Clavier et souris USB espagnols (Nouveau) [AMP00068]","price":"12.0000","price_type":"quantity_based","image":0,"visibility":true}]}},"df_price":368,"df_sale_price":"","df_regular_price":368,"df_image_link":"https:\/\/digalco.com\/wp-content\/uploads\/images\/product\/15121\/ncr00033_01-300x225.jpg","_links":{"self":[{"href":"https:\/\/digalco.com\/fr\/wp-json\/wp\/v2\/product\/351094","targetHints":{"allow":["GET"]}}],"collection":[{"href":"https:\/\/digalco.com\/fr\/wp-json\/wp\/v2\/product"}],"about":[{"href":"https:\/\/digalco.com\/fr\/wp-json\/wp\/v2\/types\/product"}],"wp:featuredmedia":[{"embeddable":true,"href":"https:\/\/digalco.com\/fr\/wp-json\/wp\/v2\/media\/350944"}],"wp:attachment":[{"href":"https:\/\/digalco.com\/fr\/wp-json\/wp\/v2\/media?parent=351094"}],"wp:term":[{"taxonomy":"product_brand","embeddable":true,"href":"https:\/\/digalco.com\/fr\/wp-json\/wp\/v2\/product_brand?post=351094"},{"taxonomy":"product_cat","embeddable":true,"href":"https:\/\/digalco.com\/fr\/wp-json\/wp\/v2\/product_cat?post=351094"},{"taxonomy":"product_tag","embeddable":true,"href":"https:\/\/digalco.com\/fr\/wp-json\/wp\/v2\/product_tag?post=351094"}],"curies":[{"name":"wp","href":"https:\/\/api.w.org\/{rel}","templated":true}]}}