{"id":352628,"date":"2026-04-29T13:34:31","date_gmt":"2026-04-29T11:34:31","guid":{"rendered":"https:\/\/digalco.com\/tienda\/wincor-nixdorf-beetle-ipos-plus-15-aio-reconditionne-core-i3-31ghz-8-gb-ram-120-gb-ssd-fr-15075\/"},"modified":"2026-04-29T13:34:52","modified_gmt":"2026-04-29T11:34:52","slug":"wincor-nixdorf-beetle-ipos-plus-15-aio-reconditionne-core-i3-31ghz-8-gb-ram-120-gb-ssd-fr-15075","status":"publish","type":"product","link":"https:\/\/digalco.com\/fr\/produit\/wincor-nixdorf-beetle-ipos-plus-15-aio-reconditionne-core-i3-31ghz-8-gb-ram-120-gb-ssd-fr-15075\/","title":{"rendered":"Wincor Nixdorf BEETLE \/iPOS Plus 15\u00a0\u00bb AIO | Reconditionn\u00e9 | Core i3 3.1GHz | 8 GB RAM | 120 GB SSD"},"content":{"rendered":"<p><strong>Processeur<\/strong><br \/>Intel Core i3 4160T 3.1 GHz.<br \/><strong>Facteur de forme<\/strong><br \/>AIO<br \/><strong>M\u00e9moire RAM<\/strong><br \/>8 Gb. SO-DDR4 RAM<br \/><strong>Disque dur<\/strong><br \/>120 Gb. SSD<br \/><strong>Cartes<\/strong><br \/>Graphique: Intel Hd 530<br \/>Son: Realtec ALC269VC<br \/>R\u00e9seau: RTL8111\/8168\/8411<br \/><strong>Syst\u00e8me op\u00e9ratif<\/strong><br \/>&#8211; Sans SO &#8211;<br \/><strong>Ports<\/strong><br \/>2x S\u00e9rie<br \/>2x USB 2.0<br \/>e-SATA<br \/>2x USB 3.0<br \/><strong>\u00c9cran<\/strong><br \/>Tactile 15 \u00a0\u00bb HD 4:3  \u00b7 R\u00e9solution 1024&#215;768<br \/><strong>Ports vid\u00e9o<\/strong><br \/>DVI<br \/><strong>Affichage sp\u00e9cifique<\/strong><br \/>Stand VESA<br \/>Chargeur externe<br \/>Tension d&rsquo;alimentation externe 24V<br \/>Base<br \/><strong>Connectivit\u00e9<\/strong><br \/>RJ-45<br \/><strong>Autres<\/strong><br \/>hR emballage<br \/><strong>Dimensions<\/strong><br \/>36&#215;31.5&#215;18.5 cm.<br \/><strong>Poids<\/strong><br \/>5.35 Kg.<br \/><strong>Sp\u00e9cifications suppl\u00e9mentaires<\/strong><br \/>Le Wincor Nixdorf BEETLE \/iPOS Plus est un terminal point de vente tout-en-un de gamme professionnelle con\u00e7u sp\u00e9cifiquement pour les environnements de commerce de d\u00e9tail, d&rsquo;h\u00f4tellerie, de restauration, de commerce et tout secteur o\u00f9 la fiabilit\u00e9 continue, la robustesse industrielle et l&rsquo;op\u00e9rabilit\u00e9 ininterrompue sont des exigences non n\u00e9gociables. Construit selon les normes de qualit\u00e9 qui ont fait de Wincor Nixdorf une r\u00e9f\u00e9rence mondiale dans le secteur des TPV, cet \u00e9quipement combine un mat\u00e9riel sp\u00e9cifiquement con\u00e7u pour une utilisation intensive avec un design compact orient\u00e9 vers le point d&rsquo;accueil client. Son processeur Intel Core i3-4160T \u00e0 3,1 GHz, une puce de quatri\u00e8me g\u00e9n\u00e9ration \u00e0 deux c\u0153urs et quatre threads \u00e0 profil basse consommation, offre des performances constantes et plus que suffisantes pour g\u00e9rer en toute fluidit\u00e9 les logiciels de gestion de point de vente, de paiement, d&rsquo;inventaire, d&rsquo;h\u00f4tellerie et les applications de commerce en fonctionnement continu. Les 8 Go de RAM SO-DDR4 garantissent une r\u00e9activit\u00e9 agile et stable sous n&rsquo;importe quelle charge de travail habituelle dans les environnements TPV \u00e0 haute rotation. Le stockage est assur\u00e9 par un SSD de 120 Go qui garantit des d\u00e9marrages rapides, un acc\u00e8s imm\u00e9diat aux donn\u00e9es et une durabilit\u00e9 bien sup\u00e9rieure \u00e0 celle des disques m\u00e9caniques dans les environnements \u00e0 utilisation intensive continue. L&rsquo;\u00e9cran tactile de 15 pouces avec une r\u00e9solution HD de 1024&#215;768 et un rapport d&rsquo;aspect 4:3 est le format standard du secteur TPV, con\u00e7u pour r\u00e9sister \u00e0 des milliers d&rsquo;interactions tactiles quotidiennes avec une pr\u00e9cision et une r\u00e9activit\u00e9 constantes dans toutes les conditions d&rsquo;utilisation. L&rsquo;appareil est livr\u00e9 sans syst\u00e8me d&rsquo;exploitation install\u00e9, permettant un d\u00e9ploiement enti\u00e8rement personnalis\u00e9 avec le logiciel TPV, le syst\u00e8me d&rsquo;exploitation et la configuration sp\u00e9cifique que chaque entreprise ou int\u00e9grateur requiert. Un terminal iPOS reconditionn\u00e9 de r\u00e9f\u00e9rence pr\u00eat \u00e0 s&rsquo;int\u00e9grer dans toute installation commerciale ou h\u00f4teli\u00e8re d\u00e8s le premier jour.<br \/>Bon aspect ext\u00e9rieur. Peut pr\u00e9senter de l\u00e9g\u00e8res marques d&rsquo;utilisation sur la carcasse. Consultez \u00ab + Photos \u00bb et \u00ab Vid\u00e9o \u00bb et si vous avez des questions, appelez-nous ou utilisez notre chat pour obtenir plus d&rsquo;informations ou demander des d\u00e9tails suppl\u00e9mentaires.<\/p>\n","protected":false},"excerpt":{"rendered":"<p>Intel Core i3 4160T 3.1 GHz. \u00b7 8 Gb. SO-DDR4 RAM \u00b7 120 Gb. SSD \u00b7 &#8211; Sans SO &#8211; \u00b7 <strong>Tactile 15 \u00a0\u00bb HD<\/strong> 4:3 \u00b7 R\u00e9solution 1024&#215;768 [&#8230;]<\/p>\n<p><a class=\"btn btn-secondary understrap-read-more-link\" href=\"https:\/\/digalco.com\/fr\/produit\/wincor-nixdorf-beetle-ipos-plus-15-aio-reconditionne-core-i3-31ghz-8-gb-ram-120-gb-ssd-fr-15075\/\">Lire la suite\u2026<span class=\"screen-reader-text\"> from Wincor Nixdorf BEETLE \/iPOS Plus 15\u00a0\u00bb AIO | Reconditionn\u00e9 | Core i3 3.1GHz | 8 GB RAM | 120 GB SSD<\/span><\/a><\/p>\n","protected":false},"featured_media":352538,"template":"","meta":[],"product_brand":[3940],"product_cat":[1601,1597],"product_tag":[],"class_list":{"0":"post-352628","1":"product","2":"type-product","3":"status-publish","4":"has-post-thumbnail","6":"product_brand-wincor-nixdorf","7":"product_cat-tpv-all-in-one-fr","8":"product_cat-tpv-fr","10":"first","11":"instock","12":"taxable","13":"shipping-taxable","14":"purchasable","15":"product-type-simple"},"bundled_by":[],"bundle_stock_status":"instock","bundle_stock_quantity":4,"bundle_virtual":false,"bundle_layout":"","bundle_add_to_cart_form_location":"","bundle_editable_in_cart":false,"bundle_sold_individually_context":"","bundle_item_grouping":"","bundle_min_size":"","bundle_max_size":"","bundle_price":[],"bundled_items":[],"bundle_sell_ids":[],"exclude_global_add_ons":true,"addons":{"peripheral-upgrades":{"name":"Extension p\u00e9riph\u00e9rique","type":"multiple_choice","position":0,"required":false,"title_format":"heading","default":"","description_enable":false,"description":"","placeholder_enable":false,"placeholder":"","display":"radiobutton","restrictions_type":"any_text","adjust_price":false,"price":"","price_type":"quantity_based","restrictions":false,"min":"0","max":"0","options":[{"label":"Tiroir-caisse automatique 41 cm. Refurbished [AMP00140]","price":"45.0000","price_type":"quantity_based","image":0,"visibility":true}]},"webcam-upgrades":{"name":"Extension Webcam","type":"multiple_choice","position":0,"required":false,"title_format":"heading","default":"","description_enable":false,"description":"","placeholder_enable":false,"placeholder":"","display":"radiobutton","restrictions_type":"any_text","adjust_price":false,"price":"","price_type":"quantity_based","restrictions":false,"min":"0","max":"0","options":[{"label":"Conceptronic AMDIS FullHD [AMP00085]","price":"29.0000","price_type":"quantity_based","image":0,"visibility":true}]},"ram-memory-upgrades":{"name":"Extension RAM","type":"multiple_choice","position":0,"required":false,"title_format":"heading","default":"","description_enable":false,"description":"","placeholder_enable":false,"placeholder":"","display":"radiobutton","restrictions_type":"any_text","adjust_price":false,"price":"","price_type":"quantity_based","restrictions":false,"min":"0","max":"0","options":[{"label":"Extension de 16 Gb Gb de RAM SO-DIMM DDR4 [AMP00081]","price":"60.0000","price_type":"quantity_based","image":0,"visibility":true}]},"hdd-upgrades":{"name":"Extension disque dur","type":"multiple_choice","position":0,"required":false,"title_format":"heading","default":"","description_enable":false,"description":"","placeholder_enable":false,"placeholder":"","display":"radiobutton","restrictions_type":"any_text","adjust_price":false,"price":"","price_type":"quantity_based","restrictions":false,"min":"0","max":"0","options":[{"label":"Passez au disque SSD de 240 Gb. [AMP00013]","price":"35.0000","price_type":"quantity_based","image":0,"visibility":true},{"label":"Passez au disque SSD de 480 Gb. [AMP00014]","price":"59.0000","price_type":"quantity_based","image":0,"visibility":true},{"label":"Passez au disque SSD 1 Tb. [AMP00071]","price":"95.0000","price_type":"quantity_based","image":0,"visibility":true}]},"network-card-upgrades":{"name":"Extension WIFI","type":"multiple_choice","position":0,"required":false,"title_format":"heading","default":"","description_enable":false,"description":"","placeholder_enable":false,"placeholder":"","display":"radiobutton","restrictions_type":"any_text","adjust_price":false,"price":"","price_type":"quantity_based","restrictions":false,"min":"0","max":"0","options":[{"label":"Mise \u00e0 niveau nano USB sans fil [AMP00018]","price":"12.0000","price_type":"quantity_based","image":0,"visibility":true}]},"keyboard-upgrades":{"name":"Extension clavier","type":"multiple_choice","position":0,"required":false,"title_format":"heading","default":"","description_enable":false,"description":"","placeholder_enable":false,"placeholder":"","display":"radiobutton","restrictions_type":"any_text","adjust_price":false,"price":"","price_type":"quantity_based","restrictions":false,"min":"0","max":"0","options":[{"label":"Clavier et souris [AMP00020]","price":"8.0000","price_type":"quantity_based","image":0,"visibility":true},{"label":"Clavier et souris Portuguese New [AMP00088]","price":"15.0000","price_type":"quantity_based","image":0,"visibility":true},{"label":"Clavier et souris USB espagnols (Nouveau) [AMP00068]","price":"12.0000","price_type":"quantity_based","image":0,"visibility":true}]}},"df_price":205,"df_sale_price":"","df_regular_price":205,"df_image_link":"https:\/\/digalco.com\/wp-content\/uploads\/images\/product\/15075\/winc00074_01-300x225.jpg","_links":{"self":[{"href":"https:\/\/digalco.com\/fr\/wp-json\/wp\/v2\/product\/352628","targetHints":{"allow":["GET"]}}],"collection":[{"href":"https:\/\/digalco.com\/fr\/wp-json\/wp\/v2\/product"}],"about":[{"href":"https:\/\/digalco.com\/fr\/wp-json\/wp\/v2\/types\/product"}],"wp:featuredmedia":[{"embeddable":true,"href":"https:\/\/digalco.com\/fr\/wp-json\/wp\/v2\/media\/352538"}],"wp:attachment":[{"href":"https:\/\/digalco.com\/fr\/wp-json\/wp\/v2\/media?parent=352628"}],"wp:term":[{"taxonomy":"product_brand","embeddable":true,"href":"https:\/\/digalco.com\/fr\/wp-json\/wp\/v2\/product_brand?post=352628"},{"taxonomy":"product_cat","embeddable":true,"href":"https:\/\/digalco.com\/fr\/wp-json\/wp\/v2\/product_cat?post=352628"},{"taxonomy":"product_tag","embeddable":true,"href":"https:\/\/digalco.com\/fr\/wp-json\/wp\/v2\/product_tag?post=352628"}],"curies":[{"name":"wp","href":"https:\/\/api.w.org\/{rel}","templated":true}]}}