{"id":354190,"date":"2026-05-04T15:17:14","date_gmt":"2026-05-04T13:17:14","guid":{"rendered":"https:\/\/digalco.com\/tienda\/hp-elitebook-830-g6-133-reconditionne-core-i5-16ghz-16-gb-ram-512-gb-ssd-m2-1920x1080-fr-14290\/"},"modified":"2026-05-04T15:17:44","modified_gmt":"2026-05-04T13:17:44","slug":"hp-elitebook-830-g6-133-reconditionne-core-i5-16ghz-16-gb-ram-512-gb-ssd-m2-1920x1080-fr-14290","status":"publish","type":"product","link":"https:\/\/digalco.com\/fr\/produit\/hp-elitebook-830-g6-133-reconditionne-core-i5-16ghz-16-gb-ram-512-gb-ssd-m2-1920x1080-fr-14290\/","title":{"rendered":"HP EliteBook 830 G6 13.3\u00a0\u00bb | Reconditionn\u00e9 | Core i5 1.6GHz | 16 GB RAM | 512 GB SSD M2 1920&#215;1080"},"content":{"rendered":"<p><strong>Processeur<\/strong><br \/>Intel Core i5 8365U 1.6 GHz.<br \/><strong>M\u00e9moire RAM<\/strong><br \/>16 Gb. SO-DDR4 RAM<br \/><strong>Disque dur<\/strong><br \/>512 Gb. SSD M2<br \/><strong>Cartes<\/strong><br \/>Graphique: Intel UHD Graphics 620<br \/>Son: Bang&amp;Olufsen Audio<br \/>R\u00e9seau: intel(R) ethernet CONNECTIONl219-V<br \/><strong>Syst\u00e8me op\u00e9ratif<\/strong><br \/>Windows 11 Pro<br \/><strong>Ports<\/strong><br \/>USB-C<br \/>2x USB 3.1<br \/><strong>\u00c9cran<\/strong><br \/>IPS 13.3 \u00a0\u00bb FullHD 16:9 \u00b7 R\u00e9solution 1920&#215;1080<br \/><strong>Ports vid\u00e9o<\/strong><br \/>HDMI<br \/><strong>Multim\u00e9dias<\/strong><br \/>Webcam<br \/>Lecteur d&#8217;empreintes<br \/>Lecteur carte d&rsquo;identit\u00e9<br \/><strong>Connectivit\u00e9<\/strong><br \/>RJ-45<br \/>WIFI<br \/>Bluetooth<br \/>4G<br \/><strong>Notebook sp\u00e9cifique<\/strong><br \/>Langue du clavier Espagnol<br \/><strong>Autres<\/strong><br \/>hR emballage<br \/><strong>Dimensions<\/strong><br \/>30.78&#215;20.45&#215;1.8 cm.<br \/><strong>Poids<\/strong><br \/>1.24 Kg.<br \/><strong>Sp\u00e9cifications suppl\u00e9mentaires<\/strong><br \/>Le HP EliteBook 830 G6 est un ordinateur portable professionnel de la gamme EliteBook de HP, l&rsquo;une des lignes de r\u00e9f\u00e9rence dans le segment d&rsquo;entreprise pour sa combinaison de design ultra-compact, de construction premium, de s\u00e9curit\u00e9 avanc\u00e9e et de performances constantes destin\u00e9es aux professionnels en d\u00e9placement. Avec un facteur de forme de 13,3 pouces qui \u00e9quilibre portabilit\u00e9 et surface de travail, l&rsquo;EliteBook 830 G6 est con\u00e7u pour les cadres, les commerciaux, les consultants et tout professionnel ayant besoin d&rsquo;un \u00e9quipement haut de gamme qui suit son rythme de travail sans ajouter de poids ou d&rsquo;encombrement inutile. Son processeur Intel Core i5-8365U \u00e0 1,6 GHz, une puce Whiskey Lake de huiti\u00e8me g\u00e9n\u00e9ration \u00e0 quatre c\u0153urs et huit threads optimis\u00e9e pour les performances sur les plateformes ultra-minces, offre une r\u00e9ponse efficace et constante pour les t\u00e2ches de productivit\u00e9 avanc\u00e9e, la gestion documentaire, les communications d&rsquo;entreprise et le multit\u00e2che professionnel quotidien. Les 16 Go de RAM SO-DDR4 garantissent une gestion fluide de plusieurs applications simultan\u00e9es, bien au-del\u00e0 de ce qui est habituel sur des portables de ce format. Le stockage est assur\u00e9 par un SSD M.2 de 512 Go haute vitesse qui garantit des d\u00e9marrages instantan\u00e9s, des transferts rapides et une r\u00e9activit\u00e9 optimale pour toute op\u00e9ration, avec une capacit\u00e9 plus que suffisante pour le travail professionnel sans n\u00e9cessiter de stockage externe suppl\u00e9mentaire. L&rsquo;\u00e9cran IPS de 13,3 pouces avec une r\u00e9solution FullHD 1920&#215;1080 et un rapport d&rsquo;aspect 16:9 offre une reproduction des couleurs pr\u00e9cise et de larges angles de vision dans un format compact qui facilite le travail aussi bien au bureau qu&rsquo;en d\u00e9placement. En mati\u00e8re de s\u00e9curit\u00e9, l&rsquo;EliteBook 830 G6 se distingue par un \u00e9quipement complet incluant un lecteur d&#8217;empreintes digitales pour une authentification biom\u00e9trique rapide via Windows Hello et un lecteur de carte d&rsquo;identit\u00e9 pour une identification s\u00e9curis\u00e9e dans les environnements d&rsquo;entreprise n\u00e9cessitant une authentification \u00e0 deux facteurs avec certificat num\u00e9rique. La webcam int\u00e9gr\u00e9e couvre tous les besoins en visioconf\u00e9rence et communication \u00e0 distance de l&rsquo;environnement professionnel actuel. Le syst\u00e8me d&rsquo;exploitation install\u00e9 est Windows 11 Pro, pr\u00eat pour les environnements d&rsquo;entreprise, l&rsquo;acc\u00e8s \u00e0 distance, le chiffrement BitLocker et la gestion centralis\u00e9e d\u00e8s le premier d\u00e9marrage. Un EliteBook reconditionn\u00e9 de r\u00e9f\u00e9rence qui allie mobilit\u00e9 extr\u00eame, s\u00e9curit\u00e9 compl\u00e8te et performances professionnelles dans le format le plus exigeant du march\u00e9 d&rsquo;entreprise.Bon aspect ext\u00e9rieur. Consultez \u00ab + Photos \u00bb et \u00ab Vid\u00e9o \u00bb et si vous avez des questions, appelez-nous ou utilisez notre chat pour obtenir plus d&rsquo;informations ou demander des d\u00e9tails suppl\u00e9mentaires.<\/p>\n","protected":false},"excerpt":{"rendered":"<p>Intel Core i5 8365U 1.6 GHz. \u00b7 16 Gb. SO-DDR4 RAM \u00b7 512 Gb. SSD M2 \u00b7 <strong>Windows 11 Pro<\/strong> \u00b7 IPS 13.3 \u00a0\u00bb FullHD 16:9 \u00b7 Webcam [&#8230;]<\/p>\n<p><a class=\"btn btn-secondary understrap-read-more-link\" href=\"https:\/\/digalco.com\/fr\/produit\/hp-elitebook-830-g6-133-reconditionne-core-i5-16ghz-16-gb-ram-512-gb-ssd-m2-1920x1080-fr-14290\/\">Lire la suite\u2026<span class=\"screen-reader-text\"> from HP EliteBook 830 G6 13.3\u00a0\u00bb | Reconditionn\u00e9 | Core i5 1.6GHz | 16 GB RAM | 512 GB SSD M2 1920&#215;1080<\/span><\/a><\/p>\n","protected":false},"featured_media":354040,"template":"","meta":[],"product_brand":[3854],"product_cat":[3755,1517],"product_tag":[],"class_list":{"0":"post-354190","1":"product","2":"type-product","3":"status-publish","4":"has-post-thumbnail","6":"product_brand-hp","7":"product_cat-notebooks-13-fr","8":"product_cat-notebooks-fr","10":"first","11":"instock","12":"taxable","13":"shipping-taxable","14":"purchasable","15":"product-type-simple"},"bundled_by":[],"bundle_stock_status":"instock","bundle_stock_quantity":1,"bundle_virtual":false,"bundle_layout":"","bundle_add_to_cart_form_location":"","bundle_editable_in_cart":false,"bundle_sold_individually_context":"","bundle_item_grouping":"","bundle_min_size":"","bundle_max_size":"","bundle_price":[],"bundled_items":[],"bundle_sell_ids":[],"exclude_global_add_ons":true,"addons":{"keyboard-iso-upgrades":{"name":"Choisir langue du clavier","type":"multiple_choice","position":0,"required":false,"title_format":"heading","default":"","description_enable":false,"description":"","placeholder_enable":false,"placeholder":"","display":"radiobutton","restrictions_type":"any_text","adjust_price":false,"price":"","price_type":"quantity_based","restrictions":false,"min":"0","max":"0","options":[{"label":"Autocollants fran\u00e7ais [AMP00084]","price":"0.0000","price_type":"quantity_based","image":0,"visibility":true},{"label":"Autocollants portugais [AMP00083]","price":"0.0000","price_type":"quantity_based","image":0,"visibility":true}]},"ram-memory-upgrades":{"name":"Extension RAM","type":"multiple_choice","position":0,"required":false,"title_format":"heading","default":"","description_enable":false,"description":"","placeholder_enable":false,"placeholder":"","display":"radiobutton","restrictions_type":"any_text","adjust_price":false,"price":"","price_type":"quantity_based","restrictions":false,"min":"0","max":"0","options":[{"label":"Extension de 32 Gb de RAM SODIMM [AMP00098]","price":"150.0000","price_type":"quantity_based","image":0,"visibility":true}]},"hdd-upgrades":{"name":"Extension disque dur","type":"multiple_choice","position":0,"required":false,"title_format":"heading","default":"","description_enable":false,"description":"","placeholder_enable":false,"placeholder":"","display":"radiobutton","restrictions_type":"any_text","adjust_price":false,"price":"","price_type":"quantity_based","restrictions":false,"min":"0","max":"0","options":[{"label":"Passez au disque SSD 1 Tb. M.2 2280 PCIe [AMP00107]","price":"165.0000","price_type":"quantity_based","image":0,"visibility":true}]},"os-upgrades":{"name":"Expansion SO","type":"multiple_choice","position":0,"required":false,"title_format":"heading","default":"","description_enable":false,"description":"","placeholder_enable":false,"placeholder":"","display":"radiobutton","restrictions_type":"any_text","adjust_price":false,"price":"","price_type":"quantity_based","restrictions":false,"min":"0","max":"0","options":[{"label":"Changer la langue en fran\u00e7ais [AMP00125]","price":"0.0000","price_type":"quantity_based","image":0,"visibility":true},{"label":"Changer la langue en anglais [AMP00008]","price":"0.0000","price_type":"quantity_based","image":0,"visibility":true},{"label":"Changer la langue en portugais [AMP00009]","price":"0.0000","price_type":"quantity_based","image":0,"visibility":true}]},"briefcase-upgrades":{"name":"Porte-documents","type":"multiple_choice","position":0,"required":false,"title_format":"heading","default":"","description_enable":false,"description":"","placeholder_enable":false,"placeholder":"","display":"radiobutton","restrictions_type":"any_text","adjust_price":false,"price":"","price_type":"quantity_based","restrictions":false,"min":"0","max":"0","options":[{"label":"Mallette Notebook [AMP00041]","price":"5.0000","price_type":"quantity_based","image":0,"visibility":true}]}},"df_price":292,"df_sale_price":"","df_regular_price":292,"df_image_link":"https:\/\/digalco.com\/wp-content\/uploads\/images\/product\/14290\/hp03158_01-300x225.jpg","_links":{"self":[{"href":"https:\/\/digalco.com\/fr\/wp-json\/wp\/v2\/product\/354190","targetHints":{"allow":["GET"]}}],"collection":[{"href":"https:\/\/digalco.com\/fr\/wp-json\/wp\/v2\/product"}],"about":[{"href":"https:\/\/digalco.com\/fr\/wp-json\/wp\/v2\/types\/product"}],"wp:featuredmedia":[{"embeddable":true,"href":"https:\/\/digalco.com\/fr\/wp-json\/wp\/v2\/media\/354040"}],"wp:attachment":[{"href":"https:\/\/digalco.com\/fr\/wp-json\/wp\/v2\/media?parent=354190"}],"wp:term":[{"taxonomy":"product_brand","embeddable":true,"href":"https:\/\/digalco.com\/fr\/wp-json\/wp\/v2\/product_brand?post=354190"},{"taxonomy":"product_cat","embeddable":true,"href":"https:\/\/digalco.com\/fr\/wp-json\/wp\/v2\/product_cat?post=354190"},{"taxonomy":"product_tag","embeddable":true,"href":"https:\/\/digalco.com\/fr\/wp-json\/wp\/v2\/product_tag?post=354190"}],"curies":[{"name":"wp","href":"https:\/\/api.w.org\/{rel}","templated":true}]}}