{"id":354430,"date":"2026-05-04T15:57:52","date_gmt":"2026-05-04T13:57:52","guid":{"rendered":"https:\/\/digalco.com\/tienda\/wincor-nixdorf-beetle-ipos-plus-doble-visor-15-aio-reconditionne-core-i3-31ghz-8-gb-ram-120-gb-ssd-fr-15000\/"},"modified":"2026-05-04T15:58:21","modified_gmt":"2026-05-04T13:58:21","slug":"wincor-nixdorf-beetle-ipos-plus-doble-visor-15-aio-reconditionne-core-i3-31ghz-8-gb-ram-120-gb-ssd-fr-15000","status":"publish","type":"product","link":"https:\/\/digalco.com\/fr\/produit\/wincor-nixdorf-beetle-ipos-plus-doble-visor-15-aio-reconditionne-core-i3-31ghz-8-gb-ram-120-gb-ssd-fr-15000\/","title":{"rendered":"Wincor Nixdorf BEETLE \/iPOS Plus Doble Visor 15\u00a0\u00bb AIO | Reconditionn\u00e9 | Core i3 3.1GHz | 8 GB RAM | 120 GB SSD"},"content":{"rendered":"<p><strong>Processeur<\/strong><br \/>Intel Core i3 4160T 3.1 GHz.<br \/><strong>Facteur de forme<\/strong><br \/>AIO<br \/><strong>M\u00e9moire RAM<\/strong><br \/>8 Gb. SO-DDR4 RAM<br \/><strong>Disque dur<\/strong><br \/>120 Gb. SSD<br \/><strong>Cartes<\/strong><br \/>Graphique: Intel Hd 530<br \/>Son: Realtec ALC269VC<br \/>R\u00e9seau: RTL8111\/8168\/8411<br \/><strong>Syst\u00e8me op\u00e9ratif<\/strong><br \/>&#8211; Sans SO &#8211;<br \/><strong>Ports<\/strong><br \/>2x S\u00e9rie<br \/>2x USB 2.0<br \/>e-SATA<br \/>2x USB 3.0<br \/><strong>\u00c9cran<\/strong><br \/>Tactile 15 \u00a0\u00bb HD 4:3  \u00b7 R\u00e9solution 1024&#215;768<br \/><strong>Ports vid\u00e9o<\/strong><br \/>DVI<br \/><strong>Affichage sp\u00e9cifique<\/strong><br \/>Stand VESA<br \/>Chargeur externe<br \/>Tension d&rsquo;alimentation externe 24V<br \/>Base<br \/><strong>Connectivit\u00e9<\/strong><br \/>RJ-45<br \/><strong>Autres<\/strong><br \/>hR emballage<br \/><strong>Dimensions<\/strong><br \/>36&#215;31.5&#215;18.5 cm.<br \/><strong>Poids<\/strong><br \/>5.35 Kg.<br \/><strong>Sp\u00e9cifications suppl\u00e9mentaires<\/strong><br \/>Le Wincor Nixdorf BEETLE \/iPOS Plus est un TPV professionnel con\u00e7u pour offrir des performances solides et continues dans des environnements exigeants tels que le commerce, la restauration ou les points de vente \u00e0 fort volume d\u2019activit\u00e9. Son \u00e9quilibre entre puissance, fiabilit\u00e9 et design compact en fait une solution efficace pour ceux qui recherchent un \u00e9quipement stable, pr\u00eat pour un usage intensif sans compromettre l\u2019exp\u00e9rience utilisateur.<br \/>\u00c9quip\u00e9 d\u2019un processeur Intel Core i3, ce TPV garantit une r\u00e9ponse fluide pour les applications de gestion, d\u2019encaissement et de contr\u00f4le des stocks, permettant de travailler efficacement m\u00eame en p\u00e9riode de forte activit\u00e9. Ses 8 Go de m\u00e9moire RAM associ\u00e9s \u00e0 un stockage SSD assurent des d\u00e9marrages rapides, une ouverture fluide des programmes et une gestion efficace des donn\u00e9es, optimisant le temps de travail et am\u00e9liorant la productivit\u00e9 au point de vente.<br \/>L\u2019\u00e9cran tactile de 15 pouces au format 4:3 est sp\u00e9cialement con\u00e7u pour les environnements TPV, offrant une visualisation claire et confortable des applications commerciales. Son design robuste et fonctionnel facilite l\u2019utilisation quotidienne, tandis que l\u2019afficheur client int\u00e9gr\u00e9 am\u00e9liore l\u2019interaction et la transparence lors du processus d\u2019achat.<br \/>En mati\u00e8re de connectivit\u00e9, ce TPV se distingue par sa polyvalence, avec un port USB 24V pour p\u00e9riph\u00e9riques professionnels, une connexion pour tiroir-caisse et des options d\u2019extension qui le rendent adaptable \u00e0 diff\u00e9rentes configurations commerciales.<br \/>En r\u00e9sum\u00e9, le Wincor Nixdorf BEETLE \/iPOS Plus est un TPV fiable, robuste et efficace, id\u00e9al comme solution de point de vente pour les commerces et la restauration recherchant stabilit\u00e9, performance et rentabilit\u00e9 \u00e0 long terme. Un \u00e9quipement con\u00e7u pour le quotidien, o\u00f9 continuit\u00e9 et rapidit\u00e9 font la diff\u00e9rence.<br \/>Bon \u00e9tat ext\u00e9rieur. Consultez \u201c+ Photos\u201d et si vous avez des questions, appelez-nous ou utilisez notre chat pour plus d\u2019informations ou pour demander davantage de d\u00e9tails.<br \/><strong>Commentaires<\/strong><br \/><u>1xUSB 24V &#8211; 1x\u00e9cran d&rsquo;affichage client &#8211; 1xport tiroir-caisse<\/u><\/p>\n","protected":false},"excerpt":{"rendered":"<p>Intel Core i3 4160T 3.1 GHz. \u00b7 8 Gb. SO-DDR4 RAM \u00b7 120 Gb. SSD \u00b7 &#8211; Sans SO &#8211; \u00b7 Tactile 15 \u00a0\u00bb HD 4:3 \u00b7<br \/>\n<u>1xUSB 24V &#8211; 1x\u00e9cran d&rsquo;affichage client &#8211; 1xport tiroir-caisse<\/u> [&#8230;]<\/p>\n<p><a class=\"btn btn-secondary understrap-read-more-link\" href=\"https:\/\/digalco.com\/fr\/produit\/wincor-nixdorf-beetle-ipos-plus-doble-visor-15-aio-reconditionne-core-i3-31ghz-8-gb-ram-120-gb-ssd-fr-15000\/\">Lire la suite\u2026<span class=\"screen-reader-text\"> from Wincor Nixdorf BEETLE \/iPOS Plus Doble Visor 15\u00a0\u00bb AIO | Reconditionn\u00e9 | Core i3 3.1GHz | 8 GB RAM | 120 GB SSD<\/span><\/a><\/p>\n","protected":false},"featured_media":354295,"template":"","meta":[],"product_brand":[3940],"product_cat":[1597,1601],"product_tag":[],"class_list":{"0":"post-354430","1":"product","2":"type-product","3":"status-publish","4":"has-post-thumbnail","6":"product_brand-wincor-nixdorf","7":"product_cat-tpv-fr","8":"product_cat-tpv-all-in-one-fr","10":"first","11":"instock","12":"taxable","13":"shipping-taxable","14":"purchasable","15":"product-type-simple"},"bundled_by":[],"bundle_stock_status":"instock","bundle_stock_quantity":6,"bundle_virtual":false,"bundle_layout":"","bundle_add_to_cart_form_location":"","bundle_editable_in_cart":false,"bundle_sold_individually_context":"","bundle_item_grouping":"","bundle_min_size":"","bundle_max_size":"","bundle_price":[],"bundled_items":[],"bundle_sell_ids":[],"exclude_global_add_ons":true,"addons":{"webcam-upgrades":{"name":"Extension Webcam","type":"multiple_choice","position":0,"required":false,"title_format":"heading","default":"","description_enable":false,"description":"","placeholder_enable":false,"placeholder":"","display":"radiobutton","restrictions_type":"any_text","adjust_price":false,"price":"","price_type":"quantity_based","restrictions":false,"min":"0","max":"0","options":[{"label":"Conceptronic AMDIS FullHD [AMP00085]","price":"29.0000","price_type":"quantity_based","image":0,"visibility":true}]},"ram-memory-upgrades":{"name":"Extension RAM","type":"multiple_choice","position":0,"required":false,"title_format":"heading","default":"","description_enable":false,"description":"","placeholder_enable":false,"placeholder":"","display":"radiobutton","restrictions_type":"any_text","adjust_price":false,"price":"","price_type":"quantity_based","restrictions":false,"min":"0","max":"0","options":[{"label":"Extension de 16 Gb Gb de RAM SO-DIMM DDR4 [AMP00081]","price":"60.0000","price_type":"quantity_based","image":0,"visibility":true}]},"hdd-upgrades":{"name":"Extension disque dur","type":"multiple_choice","position":0,"required":false,"title_format":"heading","default":"","description_enable":false,"description":"","placeholder_enable":false,"placeholder":"","display":"radiobutton","restrictions_type":"any_text","adjust_price":false,"price":"","price_type":"quantity_based","restrictions":false,"min":"0","max":"0","options":[{"label":"Passez au disque SSD de 240 Gb. [AMP00013]","price":"35.0000","price_type":"quantity_based","image":0,"visibility":true},{"label":"Passez au disque SSD de 480 Gb. [AMP00014]","price":"59.0000","price_type":"quantity_based","image":0,"visibility":true},{"label":"Passez au disque SSD 1 Tb. [AMP00071]","price":"95.0000","price_type":"quantity_based","image":0,"visibility":true}]},"network-card-upgrades":{"name":"Extension WIFI","type":"multiple_choice","position":0,"required":false,"title_format":"heading","default":"","description_enable":false,"description":"","placeholder_enable":false,"placeholder":"","display":"radiobutton","restrictions_type":"any_text","adjust_price":false,"price":"","price_type":"quantity_based","restrictions":false,"min":"0","max":"0","options":[{"label":"Mise \u00e0 niveau nano USB sans fil [AMP00018]","price":"15.0000","price_type":"quantity_based","image":0,"visibility":true}]},"keyboard-upgrades":{"name":"Extension clavier","type":"multiple_choice","position":0,"required":false,"title_format":"heading","default":"","description_enable":false,"description":"","placeholder_enable":false,"placeholder":"","display":"radiobutton","restrictions_type":"any_text","adjust_price":false,"price":"","price_type":"quantity_based","restrictions":false,"min":"0","max":"0","options":[{"label":"Clavier et souris [AMP00020]","price":"8.0000","price_type":"quantity_based","image":0,"visibility":true},{"label":"Clavier et souris Portuguese New [AMP00088]","price":"15.0000","price_type":"quantity_based","image":0,"visibility":true},{"label":"Clavier et souris USB espagnols (Nouveau) [AMP00068]","price":"12.0000","price_type":"quantity_based","image":0,"visibility":true}]}},"df_price":258,"df_sale_price":"","df_regular_price":258,"df_image_link":"https:\/\/digalco.com\/wp-content\/uploads\/images\/product\/15000\/winc00073_01-300x225.jpg","_links":{"self":[{"href":"https:\/\/digalco.com\/fr\/wp-json\/wp\/v2\/product\/354430","targetHints":{"allow":["GET"]}}],"collection":[{"href":"https:\/\/digalco.com\/fr\/wp-json\/wp\/v2\/product"}],"about":[{"href":"https:\/\/digalco.com\/fr\/wp-json\/wp\/v2\/types\/product"}],"wp:featuredmedia":[{"embeddable":true,"href":"https:\/\/digalco.com\/fr\/wp-json\/wp\/v2\/media\/354295"}],"wp:attachment":[{"href":"https:\/\/digalco.com\/fr\/wp-json\/wp\/v2\/media?parent=354430"}],"wp:term":[{"taxonomy":"product_brand","embeddable":true,"href":"https:\/\/digalco.com\/fr\/wp-json\/wp\/v2\/product_brand?post=354430"},{"taxonomy":"product_cat","embeddable":true,"href":"https:\/\/digalco.com\/fr\/wp-json\/wp\/v2\/product_cat?post=354430"},{"taxonomy":"product_tag","embeddable":true,"href":"https:\/\/digalco.com\/fr\/wp-json\/wp\/v2\/product_tag?post=354430"}],"curies":[{"name":"wp","href":"https:\/\/api.w.org\/{rel}","templated":true}]}}