{"id":355456,"date":"2026-05-05T11:53:27","date_gmt":"2026-05-05T09:53:27","guid":{"rendered":"https:\/\/digalco.com\/tienda\/apple-macbook-pro-162-impecable-133-reconditionne-core-i7-23ghz-16-gb-ram-500-gb-ssd-m2-2560x1600-fr-14991\/"},"modified":"2026-05-05T11:53:47","modified_gmt":"2026-05-05T09:53:47","slug":"apple-macbook-pro-162-impecable-133-reconditionne-core-i7-23ghz-16-gb-ram-500-gb-ssd-m2-2560x1600-fr-14991","status":"publish","type":"product","link":"https:\/\/digalco.com\/fr\/produit\/apple-macbook-pro-162-impecable-133-reconditionne-core-i7-23ghz-16-gb-ram-500-gb-ssd-m2-2560x1600-fr-14991\/","title":{"rendered":"Apple MacBook Pro 16,2-Impecable 13.3\u00a0\u00bb | Reconditionn\u00e9 | Core i7 2.3GHz | 16 GB RAM | 500 GB SSD M2 2560&#215;1600"},"content":{"rendered":"<p><strong>Processeur<\/strong><br \/>Intel Core i7 1068NG7 2.3 GHz.<br \/><strong>M\u00e9moire RAM<\/strong><br \/>16 Gb. SO-DDR4 RAM<br \/><strong>Disque dur<\/strong><br \/>500 Gb. SSD M2<br \/><strong>Cartes<\/strong><br \/>Graphique: Intel Iris 1.5Gb<br \/>Son: HD Audio Dolby Atmos<br \/><strong>Syst\u00e8me op\u00e9ratif<\/strong><br \/>macOS Tahoe<br \/><strong>Ports<\/strong><br \/>4x USB-C<br \/><strong>\u00c9cran<\/strong><br \/>Retina 13.3 \u00a0\u00bb 2K 16:9  \u00b7 R\u00e9solution 2560&#215;1600<br \/><strong>Multim\u00e9dias<\/strong><br \/>Webcam<br \/><strong>Connectivit\u00e9<\/strong><br \/>WIFI<br \/>Bluetooth<br \/><strong>Notebook sp\u00e9cifique<\/strong><br \/>Langue du clavier International (autocollants espagnols)<br \/><strong>Autres<\/strong><br \/>hR emballage<br \/><strong>Dimensions<\/strong><br \/>30.4&#215;21.2&#215;1.6 cm.<br \/><strong>Poids<\/strong><br \/>1.40 Kg.<br \/><strong>Sp\u00e9cifications suppl\u00e9mentaires<\/strong><br \/>L\u2019Apple MacBook Pro 13,3 pouces mod\u00e8le A2251 de 2020, identifi\u00e9 en interne comme MacBook Pro 16,2, est l\u2019ordinateur portable professionnel le plus avanc\u00e9 de la gamme MacBook Pro Intel d\u2019Apple dans ce format, \u00e9quip\u00e9 dans sa configuration sup\u00e9rieure d\u2019un processeur Intel Core i7 qui le distingue clairement des versions i5 et le positionne comme l\u2019outil de travail le plus puissant disponible dans ce facteur de forme au sein de la g\u00e9n\u00e9ration 2020. Con\u00e7u pour les cr\u00e9atifs exigeants, les d\u00e9veloppeurs professionnels, les producteurs de contenu et tout utilisateur ayant besoin de la puissance maximale soutenue de la plateforme MacBook Pro dans un format compact, cet appareil repr\u00e9sente le sommet de la gamme Intel Pro d\u2019Apple avant la transition vers sa propre puce en silicium. Son processeur Intel Core i7-1068NG7 \u00e0 2,3 GHz, puce Ice Lake de dixi\u00e8me g\u00e9n\u00e9ration avec quatre c\u0153urs et huit threads sp\u00e9cialement s\u00e9lectionn\u00e9e et optimis\u00e9e par Apple pour la configuration la plus performante du MacBook Pro 13 pouces 2020, offre une puissance de calcul sup\u00e9rieure avec des fr\u00e9quences turbo nettement plus \u00e9lev\u00e9es que la version i5, ce qui se traduit par une r\u00e9ponse nettement plus rapide dans les t\u00e2ches de montage vid\u00e9o, de compilation de code, de conception 3D, de production musicale et toute charge de travail professionnelle soutenue et intensive. Les 16 Go de m\u00e9moire RAM SO-DDR4 garantissent une gestion fluide et sans limitations de multiples flux de travail simultan\u00e9s, environnements de d\u00e9veloppement complexes et applications cr\u00e9atives exigeantes. Le stockage est un SSD M.2 de 500 Go avec la vitesse et la fiabilit\u00e9 caract\u00e9ristiques de la plateforme Apple, offrant des temps d\u2019acc\u00e8s et de transfert qui transforment chaque op\u00e9ration en une exp\u00e9rience fluide et instantan\u00e9e. L\u2019\u00e9cran Retina de 13,3 pouces avec r\u00e9solution 2K de 2560&#215;1600 pixels est l\u2019un des \u00e9l\u00e9ments les plus embl\u00e9matiques du MacBook Pro, offrant une nettet\u00e9, une pr\u00e9cision colorim\u00e9trique et une fid\u00e9lit\u00e9 des couleurs qui ont fait de l\u2019\u00e9cran Retina d\u2019Apple la r\u00e9f\u00e9rence absolue pour le travail cr\u00e9atif professionnel sur ordinateurs portables. La TouchBar int\u00e9gr\u00e9e au-dessus du clavier est le syst\u00e8me d\u2019interaction contextuelle exclusif d\u2019Apple qui transforme la rang\u00e9e de touches de fonction en une barre tactile OLED dynamique qui adapte ses contr\u00f4les \u00e0 chaque application active, acc\u00e9l\u00e9rant les flux de travail cr\u00e9atifs et techniques gr\u00e2ce \u00e0 des raccourcis intelligents, des curseurs d\u2019\u00e9dition, des contr\u00f4les de lecture et des fonctions sp\u00e9cifiques aux applications les plus utilis\u00e9es. La webcam int\u00e9gr\u00e9e couvre tous les besoins de communication \u00e0 distance et de visioconf\u00e9rence de l\u2019environnement professionnel actuel. L\u2019appareil est livr\u00e9 avec macOS Tahoe install\u00e9 et se pr\u00e9sente en finition Space Grey. Un MacBook Pro A2251 en configuration i7 reconditionn\u00e9 en \u00e9tat impeccable \u2014 l\u2019option la plus puissante et compl\u00e8te de la gamme pour ceux qui n\u2019acceptent aucun compromis.<br \/><b>Aspect Ext\u00e9rieur Impeccable.<\/b> Si vous avez des questions, appelez-nous ou utilisez notre chat pour obtenir plus d\u2019informations ou demander plus de d\u00e9tails.<br \/><strong>Commentaires<\/strong><br \/><u>TouchBar \u2013 Mod\u00e8le A2251 (2020) \u2013 Couleur Space Grey<\/u><\/p>\n","protected":false},"excerpt":{"rendered":"<p>Intel Core i7 1068NG7 2.3 GHz. \u00b7 16 Gb. SO-DDR4 RAM \u00b7 500 Gb. SSD M2 \u00b7 macOS Tahoe \u00b7 Retina 13.3 \u00a0\u00bb 2K 16:9 \u00b7 Webcam \u00b7<br \/>\n<strong>TouchBar<\/strong>\u00b7 <u>Mod\u00e8le A2251 (2020) \u2013 Couleur Space Grey<\/u> [&#8230;]<\/p>\n<p><a class=\"btn btn-secondary understrap-read-more-link\" href=\"https:\/\/digalco.com\/fr\/produit\/apple-macbook-pro-162-impecable-133-reconditionne-core-i7-23ghz-16-gb-ram-500-gb-ssd-m2-2560x1600-fr-14991\/\">Lire la suite\u2026<span class=\"screen-reader-text\"> from Apple MacBook Pro 16,2-Impecable 13.3\u00a0\u00bb | Reconditionn\u00e9 | Core i7 2.3GHz | 16 GB RAM | 500 GB SSD M2 2560&#215;1600<\/span><\/a><\/p>\n","protected":false},"featured_media":355381,"template":"","meta":[],"product_brand":[3857],"product_cat":[3627,1433,3078],"product_tag":[],"class_list":{"0":"post-355456","1":"product","2":"type-product","3":"status-publish","4":"has-post-thumbnail","6":"product_brand-apple","7":"product_cat-apple-macbook-pro-13-fr","8":"product_cat-apple-fr","9":"product_cat-apple-macbook-pro-fr","11":"first","12":"instock","13":"taxable","14":"shipping-taxable","15":"purchasable","16":"product-type-simple"},"bundled_by":[],"bundle_stock_status":"instock","bundle_stock_quantity":3,"bundle_virtual":false,"bundle_layout":"","bundle_add_to_cart_form_location":"","bundle_editable_in_cart":false,"bundle_sold_individually_context":"","bundle_item_grouping":"","bundle_min_size":"","bundle_max_size":"","bundle_price":[],"bundled_items":[],"bundle_sell_ids":[],"exclude_global_add_ons":true,"addons":{"keyboard-iso-upgrades":{"name":"Choisir langue du clavier","type":"multiple_choice","position":0,"required":false,"title_format":"heading","default":"","description_enable":false,"description":"","placeholder_enable":false,"placeholder":"","display":"radiobutton","restrictions_type":"any_text","adjust_price":false,"price":"","price_type":"quantity_based","restrictions":false,"min":"0","max":"0","options":[{"label":"Autocollants espagnols [AMP00082]","price":"0.0000","price_type":"quantity_based","image":0,"visibility":true},{"label":"Autocollants fran\u00e7ais [AMP00084]","price":"0.0000","price_type":"quantity_based","image":0,"visibility":true},{"label":"Autocollants portugais [AMP00083]","price":"0.0000","price_type":"quantity_based","image":0,"visibility":true}]},"mouse-upgrades":{"name":"Extension souris","type":"multiple_choice","position":0,"required":false,"title_format":"heading","default":"","description_enable":false,"description":"","placeholder_enable":false,"placeholder":"","display":"radiobutton","restrictions_type":"any_text","adjust_price":false,"price":"","price_type":"quantity_based","restrictions":false,"min":"0","max":"0","options":[{"label":"Apple Magic Mouse 2 (A1657) [AMP00060]","price":"60.0000","price_type":"quantity_based","image":0,"visibility":true}]},"os-upgrades":{"name":"Expansion SO","type":"multiple_choice","position":0,"required":false,"title_format":"heading","default":"","description_enable":false,"description":"","placeholder_enable":false,"placeholder":"","display":"radiobutton","restrictions_type":"any_text","adjust_price":false,"price":"","price_type":"quantity_based","restrictions":false,"min":"0","max":"0","options":[{"label":"Changer la langue en fran\u00e7ais [AMP00125]","price":"0.0000","price_type":"quantity_based","image":0,"visibility":true},{"label":"Changer la langue en anglais [AMP00008]","price":"0.0000","price_type":"quantity_based","image":0,"visibility":true},{"label":"Changer la langue en portugais [AMP00009]","price":"0.0000","price_type":"quantity_based","image":0,"visibility":true}]}},"df_price":596,"df_sale_price":"","df_regular_price":596,"df_image_link":"https:\/\/digalco.com\/wp-content\/uploads\/images\/product\/14991\/appl00698_01-300x225.jpg","_links":{"self":[{"href":"https:\/\/digalco.com\/fr\/wp-json\/wp\/v2\/product\/355456","targetHints":{"allow":["GET"]}}],"collection":[{"href":"https:\/\/digalco.com\/fr\/wp-json\/wp\/v2\/product"}],"about":[{"href":"https:\/\/digalco.com\/fr\/wp-json\/wp\/v2\/types\/product"}],"wp:featuredmedia":[{"embeddable":true,"href":"https:\/\/digalco.com\/fr\/wp-json\/wp\/v2\/media\/355381"}],"wp:attachment":[{"href":"https:\/\/digalco.com\/fr\/wp-json\/wp\/v2\/media?parent=355456"}],"wp:term":[{"taxonomy":"product_brand","embeddable":true,"href":"https:\/\/digalco.com\/fr\/wp-json\/wp\/v2\/product_brand?post=355456"},{"taxonomy":"product_cat","embeddable":true,"href":"https:\/\/digalco.com\/fr\/wp-json\/wp\/v2\/product_cat?post=355456"},{"taxonomy":"product_tag","embeddable":true,"href":"https:\/\/digalco.com\/fr\/wp-json\/wp\/v2\/product_tag?post=355456"}],"curies":[{"name":"wp","href":"https:\/\/api.w.org\/{rel}","templated":true}]}}