{"id":357231,"date":"2026-05-07T10:53:25","date_gmt":"2026-05-07T08:53:25","guid":{"rendered":"https:\/\/digalco.com\/tienda\/hp-elitedesk-800-g3-sff-reconditionne-core-i7-34ghz-16-gb-ram-256-gb-ssd-fr-9520\/"},"modified":"2026-05-07T10:53:47","modified_gmt":"2026-05-07T08:53:47","slug":"hp-elitedesk-800-g3-sff-reconditionne-core-i7-34ghz-16-gb-ram-256-gb-ssd-fr-9520","status":"publish","type":"product","link":"https:\/\/digalco.com\/fr\/produit\/hp-elitedesk-800-g3-sff-reconditionne-core-i7-34ghz-16-gb-ram-256-gb-ssd-fr-9520\/","title":{"rendered":"HP EliteDesk 800 G3 SFF | Reconditionn\u00e9 | Core i7 3.4GHz | 16 GB RAM | 256 GB SSD"},"content":{"rendered":"<p><strong>Processeur<\/strong><br \/>Intel Core i7 6700 3.4 GHz.<br \/><strong>Facteur de forme<\/strong><br \/>SFF<br \/><strong>M\u00e9moire RAM<\/strong><br \/>16 Gb. DDR4 RAM<br \/><strong>Disque dur<\/strong><br \/>256 Gb. SSD<br \/><strong>Cartes<\/strong><br \/>Graphique: Intel HD Graphics 630<br \/>Son: High Definition Audio<br \/>R\u00e9seau: Ethernet Connection l219-LM<br \/><strong>Syst\u00e8me op\u00e9ratif<\/strong><br \/>Windows 10 Pro<br \/><strong>Ports<\/strong><br \/>4x USB 2.0<br \/>2x USB-C<br \/>6x USB 3.1<br \/><strong>Ports vid\u00e9o<\/strong><br \/>2x Display Port<br \/><strong>Connectivit\u00e9<\/strong><br \/>RJ-45<br \/><strong>Autres<\/strong><br \/>hR emballage<br \/><strong>Dimensions<\/strong><br \/>34x10x31 cm.<br \/><strong>Poids<\/strong><br \/>4.90 Kg.<br \/><strong>Sp\u00e9cifications suppl\u00e9mentaires<\/strong><br \/>Le HP EliteDesk 800 G3 SFF reconditionn\u00e9 est un ordinateur de bureau professionnel au format compact, con\u00e7u pour offrir performance, fiabilit\u00e9 et capacit\u00e9 d\u2019extension dans les environnements de bureau, d\u2019entreprise et de travail quotidien exigeant. Il int\u00e8gre un processeur Intel Core i7 6700 \u00e0 3.4 GHz, une solution performante dans sa g\u00e9n\u00e9ration, id\u00e9ale pour les t\u00e2ches administratives avanc\u00e9es, la gestion d\u2019entreprise, la navigation intensive, le travail avec des applications de productivit\u00e9, le multit\u00e2che et l\u2019utilisation professionnelle continue. Ses 16 Gb de m\u00e9moire DDR4 RAM permettent de travailler avec fluidit\u00e9 dans les situations o\u00f9 plusieurs applications sont utilis\u00e9es en m\u00eame temps, tandis que le SSD de 256 Gb offre un d\u00e9marrage rapide du syst\u00e8me, un chargement agile des programmes et une exp\u00e9rience d\u2019utilisation bien plus dynamique que les \u00e9quipements avec stockage traditionnel. Ce mod\u00e8le dispose de Windows 10 Pro, offrant un environnement professionnel stable, compatible avec les outils d\u2019entreprise et pr\u00eat \u00e0 \u00eatre int\u00e9gr\u00e9 dans des postes de travail corporatifs. Son format SFF permet de mieux exploiter l\u2019espace sur les bureaux, comptoirs ou zones techniques, tout en conservant une bonne capacit\u00e9 d\u2019extension interne. Il dispose de 1xM.2 2280 disponible pour du stockage suppl\u00e9mentaire, ainsi que de ports 1xPCIe X16, 1xPCIe X4 et 2xPCIe X1, ce qui en fait une option particuli\u00e8rement int\u00e9ressante pour les utilisateurs qui ont besoin d\u2019une marge d\u2019\u00e9volution future. C\u2019est un \u00e9quipement \u00e9quilibr\u00e9, puissant et polyvalent pour les entreprises, les bureaux, les d\u00e9partements techniques ou les utilisateurs professionnels recherchant un ordinateur de bureau reconditionn\u00e9 fiable, \u00e9volutif et pr\u00eat pour une utilisation quotidienne intensive.Bon aspect ext\u00e9rieur. Peut pr\u00e9senter de l\u00e9g\u00e8res marques d\u2019utilisation sur le bo\u00eetier. Consultez \u201c+ Photos\u201d et \u201cVideo\u201d et, si vous avez des questions, appelez-nous ou utilisez notre chat pour obtenir plus d\u2019informations ou des d\u00e9tails suppl\u00e9mentaires.<br \/><strong>Commentaires<\/strong><br \/><u>1xM.2 2280 pour le stockage disponible &#8211; 1xPCIe X16 \/ 1xPCIe X4 \/ 2xPCIe X1<\/u><\/p>\n","protected":false},"excerpt":{"rendered":"<p>Intel Core i7 6700 3.4 GHz. \u00b7 16 Gb. DDR4 RAM \u00b7 256 Gb. SSD \u00b7 Windows 10 Pro \u00b7<br \/>\n<u>1xM.2 2280 pour le stockage disponible &#8211; 1xPCIe X16 \/ 1xPCIe X4 \/ 2xPCIe X1<\/u> [&#8230;]<\/p>\n<p><a class=\"btn btn-secondary understrap-read-more-link\" href=\"https:\/\/digalco.com\/fr\/produit\/hp-elitedesk-800-g3-sff-reconditionne-core-i7-34ghz-16-gb-ram-256-gb-ssd-fr-9520\/\">Lire la suite\u2026<span class=\"screen-reader-text\"> from HP EliteDesk 800 G3 SFF | Reconditionn\u00e9 | Core i7 3.4GHz | 16 GB RAM | 256 GB SSD<\/span><\/a><\/p>\n","protected":false},"featured_media":357126,"template":"","meta":[],"product_brand":[3854],"product_cat":[2422,1469],"product_tag":[],"class_list":{"0":"post-357231","1":"product","2":"type-product","3":"status-publish","4":"has-post-thumbnail","6":"product_brand-hp","7":"product_cat-ordinateurs-intel-core-i7-fr","8":"product_cat-ordinateurs-fr","10":"first","11":"instock","12":"taxable","13":"shipping-taxable","14":"purchasable","15":"product-type-simple"},"bundled_by":[],"bundle_stock_status":"instock","bundle_stock_quantity":1,"bundle_virtual":false,"bundle_layout":"","bundle_add_to_cart_form_location":"","bundle_editable_in_cart":false,"bundle_sold_individually_context":"","bundle_item_grouping":"","bundle_min_size":"","bundle_max_size":"","bundle_price":[],"bundled_items":[],"bundle_sell_ids":[],"exclude_global_add_ons":true,"addons":{"webcam-upgrades":{"name":"Extension Webcam","type":"multiple_choice","position":0,"required":false,"title_format":"heading","default":"","description_enable":false,"description":"","placeholder_enable":false,"placeholder":"","display":"radiobutton","restrictions_type":"any_text","adjust_price":false,"price":"","price_type":"quantity_based","restrictions":false,"min":"0","max":"0","options":[{"label":"Conceptronic AMDIS FullHD [AMP00085]","price":"29.0000","price_type":"quantity_based","image":0,"visibility":true}]},"hdd-upgrades":{"name":"Extension disque dur","type":"multiple_choice","position":0,"required":false,"title_format":"heading","default":"","description_enable":false,"description":"","placeholder_enable":false,"placeholder":"","display":"radiobutton","restrictions_type":"any_text","adjust_price":false,"price":"","price_type":"quantity_based","restrictions":false,"min":"0","max":"0","options":[{"label":"Passez au disque SSD 1 Tb. [AMP00071]","price":"95.0000","price_type":"quantity_based","image":0,"visibility":true},{"label":"Passez au disque SSD de 480 Gb. [AMP00014]","price":"59.0000","price_type":"quantity_based","image":0,"visibility":true},{"label":"Disque SSD de 1 Tb. M.2 2280 PCIe suppl\u00e9mentaire [AMP00109]","price":"170.0000","price_type":"quantity_based","image":0,"visibility":true},{"label":"SSD suppl\u00e9mentaire 500 Gb. M.2 2280 PCIe [AMP00108]","price":"115.0000","price_type":"quantity_based","image":0,"visibility":true}]},"graphic-card-upgrades":{"name":"Extension carte graphique","type":"multiple_choice","position":0,"required":false,"title_format":"heading","default":"","description_enable":false,"description":"","placeholder_enable":false,"placeholder":"","display":"radiobutton","restrictions_type":"any_text","adjust_price":false,"price":"","price_type":"quantity_based","restrictions":false,"min":"0","max":"0","options":[{"label":"Graphique T. 2 Gb. (1xDVI, 1xHDMI) [AMP00010]","price":"60.0000","price_type":"quantity_based","image":0,"visibility":true}]},"network-card-upgrades":{"name":"Extension WIFI","type":"multiple_choice","position":0,"required":false,"title_format":"heading","default":"","description_enable":false,"description":"","placeholder_enable":false,"placeholder":"","display":"radiobutton","restrictions_type":"any_text","adjust_price":false,"price":"","price_type":"quantity_based","restrictions":false,"min":"0","max":"0","options":[{"label":"Mise \u00e0 niveau de la carte PCI Wi-Fi [AMP00017]","price":"15.0000","price_type":"quantity_based","image":0,"visibility":true},{"label":"Mise \u00e0 niveau nano USB sans fil [AMP00018]","price":"15.0000","price_type":"quantity_based","image":0,"visibility":true}]},"os-upgrades":{"name":"Expansion SO","type":"multiple_choice","position":0,"required":false,"title_format":"heading","default":"","description_enable":false,"description":"","placeholder_enable":false,"placeholder":"","display":"radiobutton","restrictions_type":"any_text","adjust_price":false,"price":"","price_type":"quantity_based","restrictions":false,"min":"0","max":"0","options":[{"label":"Changer la langue en anglais [AMP00008]","price":"0.0000","price_type":"quantity_based","image":0,"visibility":true},{"label":"Changer la langue en portugais [AMP00009]","price":"0.0000","price_type":"quantity_based","image":0,"visibility":true},{"label":"Changer la langue en fran\u00e7ais [AMP00125]","price":"0.0000","price_type":"quantity_based","image":0,"visibility":true}]},"keyboard-upgrades":{"name":"Extension clavier","type":"multiple_choice","position":0,"required":false,"title_format":"heading","default":"","description_enable":false,"description":"","placeholder_enable":false,"placeholder":"","display":"radiobutton","restrictions_type":"any_text","adjust_price":false,"price":"","price_type":"quantity_based","restrictions":false,"min":"0","max":"0","options":[{"label":"Clavier et souris [AMP00020]","price":"8.0000","price_type":"quantity_based","image":0,"visibility":true},{"label":"Clavier et souris Portuguese New [AMP00088]","price":"15.0000","price_type":"quantity_based","image":0,"visibility":true},{"label":"Clavier et souris USB espagnols (Nouveau) [AMP00068]","price":"12.0000","price_type":"quantity_based","image":0,"visibility":true}]}},"df_price":229,"df_sale_price":"","df_regular_price":229,"df_image_link":"https:\/\/digalco.com\/wp-content\/uploads\/images\/product\/9520\/hp01783_01-300x225.jpg","_links":{"self":[{"href":"https:\/\/digalco.com\/fr\/wp-json\/wp\/v2\/product\/357231","targetHints":{"allow":["GET"]}}],"collection":[{"href":"https:\/\/digalco.com\/fr\/wp-json\/wp\/v2\/product"}],"about":[{"href":"https:\/\/digalco.com\/fr\/wp-json\/wp\/v2\/types\/product"}],"wp:featuredmedia":[{"embeddable":true,"href":"https:\/\/digalco.com\/fr\/wp-json\/wp\/v2\/media\/357126"}],"wp:attachment":[{"href":"https:\/\/digalco.com\/fr\/wp-json\/wp\/v2\/media?parent=357231"}],"wp:term":[{"taxonomy":"product_brand","embeddable":true,"href":"https:\/\/digalco.com\/fr\/wp-json\/wp\/v2\/product_brand?post=357231"},{"taxonomy":"product_cat","embeddable":true,"href":"https:\/\/digalco.com\/fr\/wp-json\/wp\/v2\/product_cat?post=357231"},{"taxonomy":"product_tag","embeddable":true,"href":"https:\/\/digalco.com\/fr\/wp-json\/wp\/v2\/product_tag?post=357231"}],"curies":[{"name":"wp","href":"https:\/\/api.w.org\/{rel}","templated":true}]}}