{"id":358306,"date":"2026-05-08T12:51:31","date_gmt":"2026-05-08T10:51:31","guid":{"rendered":"https:\/\/digalco.com\/tienda\/elo-et1525c-4swe-3-crt-15-crt-43-reconditionne-1024x768-fr-15157\/"},"modified":"2026-05-08T12:51:56","modified_gmt":"2026-05-08T10:51:56","slug":"elo-et1525c-4swe-3-crt-15-crt-43-reconditionne-1024x768-fr-15157","status":"publish","type":"product","link":"https:\/\/digalco.com\/fr\/produit\/elo-et1525c-4swe-3-crt-15-crt-43-reconditionne-1024x768-fr-15157\/","title":{"rendered":"ELO ET1525C-4SWE-3 CRT 15\u00a0\u00bb CRT 4:3 | Reconditionn\u00e9 | 1024&#215;768"},"content":{"rendered":"<p><strong>\u00c9cran<\/strong><br \/>CRT 15 \u00a0\u00bb HD 4:3 \u00b7 R\u00e9solution 1024&#215;768<br \/><strong>Ports vid\u00e9o<\/strong><br \/>VGA<br \/><strong>Affichage sp\u00e9cifique<\/strong><br \/>Stand VESA<br \/>Base<br \/><strong>Autres<\/strong><br \/>hR emballage<br \/><strong>Dimensions<\/strong><br \/>36x37x39 cm.<br \/><strong>Poids<\/strong><br \/>14.00 Kg.<br \/><strong>Sp\u00e9cifications suppl\u00e9mentaires<\/strong><br \/>L\u2019ELO ET1525C-4SWE-3 CRT 15\u201d est un moniteur CRT de 15 pouces au format 4:3, pens\u00e9 pour les environnements o\u00f9 une compatibilit\u00e9 avec des \u00e9quipements anciens, des syst\u00e8mes techniques, des applications legacy, la r\u00e9tro-informatique, des bancs de test ou des configurations n\u00e9cessitant encore une connexion VGA et une technologie \u00e0 tube est n\u00e9cessaire. Son \u00e9cran CRT HD de 15 pouces offre une r\u00e9solution de 1024&#215;768, adapt\u00e9e aux applications classiques, terminaux, syst\u00e8mes industriels, anciens logiciels et \u00e9quipements fonctionnant avec des formats d\u2019image traditionnels. Le format 4:3 permet de conserver un affichage coh\u00e9rent avec les interfaces non panoramiques et les environnements o\u00f9 les moniteurs modernes au format large ne sont pas l\u2019option la plus adapt\u00e9e. La connexion VGA facilite son int\u00e9gration avec des ordinateurs, stations de travail, syst\u00e8mes techniques ou \u00e9quipements conservant une sortie analogique. Il inclut \u00e9galement un c\u00e2ble d\u2019alimentation et un c\u00e2ble VGA, permettant une installation simple avec l\u2019\u00e9quipement compatible correspondant. C\u2019est une solution pratique pour les entreprises, ateliers, utilisateurs techniques, restaurateurs d\u2019\u00e9quipements classiques, environnements industriels ou configurations professionnelles o\u00f9 un moniteur CRT fonctionnel, compact et adapt\u00e9 \u00e0 des usages sp\u00e9cifiques est encore n\u00e9cessaire.Bon aspect ext\u00e9rieur. Consultez \u201c+ Photos\u201d et, si vous avez des questions, appelez-nous ou utilisez notre chat pour obtenir plus d\u2019informations ou des d\u00e9tails suppl\u00e9mentaires.<br \/><strong>Commentaires<\/strong><br \/><u>C\u00e2ble d&rsquo;alimentation et VGA inclus<\/u><\/p>\n","protected":false},"excerpt":{"rendered":"<p>CRT 15 \u00a0\u00bb HD 4:3 \u00b7 R\u00e9solution 1024&#215;768 \u00b7 VGA \u00b7<br \/>\n<u>C\u00e2ble d&rsquo;alimentation et VGA inclus<\/u> [&#8230;]<\/p>\n<p><a class=\"btn btn-secondary understrap-read-more-link\" href=\"https:\/\/digalco.com\/fr\/produit\/elo-et1525c-4swe-3-crt-15-crt-43-reconditionne-1024x768-fr-15157\/\">Lire la suite\u2026<span class=\"screen-reader-text\"> from ELO ET1525C-4SWE-3 CRT 15\u00a0\u00bb CRT 4:3 | Reconditionn\u00e9 | 1024&#215;768<\/span><\/a><\/p>\n","protected":false},"featured_media":358216,"template":"","meta":[],"product_brand":[3874],"product_cat":[2366,1505,1817,1493],"product_tag":[],"class_list":{"0":"post-358306","1":"product","2":"type-product","3":"status-publish","4":"has-post-thumbnail","6":"product_brand-elo","7":"product_cat-moniteurs-15-fr","8":"product_cat-moniteurs-autres-fr","9":"product_cat-industriel-obsolete-fr","10":"product_cat-moniteurs-fr","12":"first","13":"instock","14":"taxable","15":"shipping-taxable","16":"purchasable","17":"product-type-simple"},"bundled_by":[],"bundle_stock_status":"instock","bundle_stock_quantity":1,"bundle_virtual":false,"bundle_layout":"","bundle_add_to_cart_form_location":"","bundle_editable_in_cart":false,"bundle_sold_individually_context":"","bundle_item_grouping":"","bundle_min_size":"","bundle_max_size":"","bundle_price":[],"bundled_items":[],"bundle_sell_ids":[],"exclude_global_add_ons":[],"addons":[],"df_price":199,"df_sale_price":"","df_regular_price":199,"df_image_link":"https:\/\/digalco.com\/wp-content\/uploads\/images\/product\/15157\/elo00018_01-300x225.jpg","_links":{"self":[{"href":"https:\/\/digalco.com\/fr\/wp-json\/wp\/v2\/product\/358306","targetHints":{"allow":["GET"]}}],"collection":[{"href":"https:\/\/digalco.com\/fr\/wp-json\/wp\/v2\/product"}],"about":[{"href":"https:\/\/digalco.com\/fr\/wp-json\/wp\/v2\/types\/product"}],"wp:featuredmedia":[{"embeddable":true,"href":"https:\/\/digalco.com\/fr\/wp-json\/wp\/v2\/media\/358216"}],"wp:attachment":[{"href":"https:\/\/digalco.com\/fr\/wp-json\/wp\/v2\/media?parent=358306"}],"wp:term":[{"taxonomy":"product_brand","embeddable":true,"href":"https:\/\/digalco.com\/fr\/wp-json\/wp\/v2\/product_brand?post=358306"},{"taxonomy":"product_cat","embeddable":true,"href":"https:\/\/digalco.com\/fr\/wp-json\/wp\/v2\/product_cat?post=358306"},{"taxonomy":"product_tag","embeddable":true,"href":"https:\/\/digalco.com\/fr\/wp-json\/wp\/v2\/product_tag?post=358306"}],"curies":[{"name":"wp","href":"https:\/\/api.w.org\/{rel}","templated":true}]}}