{"id":360710,"date":"2026-05-11T17:34:59","date_gmt":"2026-05-11T15:34:59","guid":{"rendered":"https:\/\/digalco.com\/tienda\/hp-zbook-fury-17-g8-173-reconditionne-core-i5-29ghz-16-gb-ram-512-gb-ssd-m2-1920x1080-fr-15106\/"},"modified":"2026-05-12T13:13:41","modified_gmt":"2026-05-12T11:13:41","slug":"hp-zbook-fury-17-g8-173-reconditionne-core-i5-29ghz-16-gb-ram-512-gb-ssd-m2-1920x1080-fr-15106","status":"publish","type":"product","link":"https:\/\/digalco.com\/fr\/produit\/hp-zbook-fury-17-g8-173-reconditionne-core-i5-29ghz-16-gb-ram-512-gb-ssd-m2-1920x1080-fr-15106\/","title":{"rendered":"HP ZBook Fury 17 G8 17.3\u00a0\u00bb | Reconditionn\u00e9 | Core i5 2.9GHz | 16 GB RAM | 512 GB SSD M2 1920&#215;1080"},"content":{"rendered":"<p><strong>Processeur<\/strong><br \/>Intel Core i5 11500H 2.9 GHz.<br \/><strong>M\u00e9moire RAM<\/strong><br \/>16 Gb. SO-DDR4 RAM<br \/><strong>Disque dur<\/strong><br \/>512 Gb. SSD M2<br \/><strong>Cartes<\/strong><br \/>Graphique: RTX A2000  4 Gb GDDR6<br \/>Son: Bang &amp; Olufsen audio<br \/>R\u00e9seau: Intel Connection L219-LM<br \/><strong>Syst\u00e8me op\u00e9ratif<\/strong><br \/>Windows 11 Pro<br \/><strong>Ports<\/strong><br \/>2x USB-C<br \/>3x USB 3.1<br \/><strong>\u00c9cran<\/strong><br \/>IPS 17.3 \u00a0\u00bb FullHD 16:9  \u00b7 R\u00e9solution 1920&#215;1080<br \/><strong>Ports vid\u00e9o<\/strong><br \/>HDMI<br \/>Mini Display Port<br \/><strong>Multim\u00e9dias<\/strong><br \/>Webcam<br \/>Lecteur SD<br \/>Lecteur d&#8217;empreintes<br \/>Lecteur carte d&rsquo;identit\u00e9<br \/><strong>Connectivit\u00e9<\/strong><br \/>RJ-45<br \/>WIFI<br \/>Bluetooth<br \/><strong>Notebook sp\u00e9cifique<\/strong><br \/>Langue du clavier Espagnol<br \/>Clavier num\u00e9rique<br \/><strong>Autres<\/strong><br \/>hR emballage<br \/><strong>Dimensions<\/strong><br \/>40x27x3 cm.<br \/><strong>Poids<\/strong><br \/>2.90 Kg.<br \/><strong>Sp\u00e9cifications suppl\u00e9mentaires<\/strong><br \/>Le HP ZBook Fury 17 G8 est une workstation portable professionnelle de 17.3 pouces pens\u00e9e pour les utilisateurs qui ont besoin de performances avanc\u00e9es, d\u2019un grand \u00e9cran et d\u2019une plateforme solide pour le travail technique, cr\u00e9atif, professionnel ou la productivit\u00e9 exigeante. Il int\u00e8gre un processeur Intel Core i5 11500H \u00e0 2.9 GHz, accompagn\u00e9 de 16 Gb de m\u00e9moire SO-DDR4 RAM, une configuration pr\u00e9par\u00e9e pour le multit\u00e2che, la gestion de projets, les applications professionnelles, le travail avec des fichiers lourds et l\u2019utilisation quotidienne intensive. Son SSD M2 de 512 Gb offre un d\u00e9marrage rapide du syst\u00e8me, un chargement agile des applications et une exp\u00e9rience d\u2019utilisation fluide, tout en disposant de 1xM.2 2280 libre pour du stockage suppl\u00e9mentaire si davantage de capacit\u00e9 est n\u00e9cessaire \u00e0 l\u2019avenir. Il dispose de Windows 11 Pro, offrant un environnement moderne, professionnel et adapt\u00e9 \u00e0 l\u2019int\u00e9gration dans des infrastructures corporatives actuelles. L\u2019\u00e9cran IPS FullHD de 17.3 pouces au format 16:9, avec une r\u00e9solution de 1920&#215;1080, offre un espace de travail large et confortable pour les documents, applications techniques, design, gestion visuelle, pr\u00e9sentations ou t\u00e2ches n\u00e9cessitant davantage d\u2019espace \u00e0 l\u2019\u00e9cran. Il int\u00e8gre \u00e9galement une webcam, un lecteur SD, un lecteur d\u2019empreintes digitales et un lecteur DNI, \u00e9largissant ses possibilit\u00e9s pour la communication, le transfert de fichiers, l\u2019identification s\u00e9curis\u00e9e et les environnements professionnels. La carte graphique nVidia RTX A2000 4 Gb GDDR6 apporte un profil clairement orient\u00e9 vers les applications graphiques, les flux techniques, les t\u00e2ches visuelles et les stations de travail mobiles. C\u2019est une option tr\u00e8s compl\u00e8te pour les professionnels, entreprises, d\u00e9partements techniques, ing\u00e9nierie, design, architecture ou utilisateurs recherchant une workstation portable puissante, \u00e9volutive et pr\u00eate pour un travail exigeant.<br \/>Bon aspect ext\u00e9rieur. Si vous avez des questions, appelez-nous ou utilisez notre chat pour obtenir plus d\u2019informations ou des d\u00e9tails suppl\u00e9mentaires.<br \/><strong>Commentaires<\/strong><br \/><u>nVidia RTX A2000 4 GB GDDR6 &#8211; 1xM.2 2280 pour le stockage disponible<\/u><\/p>\n","protected":false},"excerpt":{"rendered":"<p>Intel Core i5 11500H 2.9 GHz. \u00b7 16 Gb. SO-DDR4 RAM \u00b7 512 Gb. SSD M2 \u00b7 <strong>Windows 11 Pro<\/strong> \u00b7 IPS 17.3 \u00a0\u00bb FullHD 16:9 \u00b7 Webcam \u00b7<br \/>\n<strong>nVidia RTX A2000 6 Go GDDR6<\/strong> &#8211; <u>1xM.2 2280 pour le stockage disponible<\/u> [&#8230;]<\/p>\n<p><a class=\"btn btn-secondary understrap-read-more-link\" href=\"https:\/\/digalco.com\/fr\/produit\/hp-zbook-fury-17-g8-173-reconditionne-core-i5-29ghz-16-gb-ram-512-gb-ssd-m2-1920x1080-fr-15106\/\">Lire la suite\u2026<span class=\"screen-reader-text\"> from HP ZBook Fury 17 G8 17.3\u00a0\u00bb | Reconditionn\u00e9 | Core i5 2.9GHz | 16 GB RAM | 512 GB SSD M2 1920&#215;1080<\/span><\/a><\/p>\n","protected":false},"featured_media":360635,"template":"","meta":[],"product_brand":[3854],"product_cat":[2442,1517,1525],"product_tag":[],"class_list":{"0":"post-360710","1":"product","2":"type-product","3":"status-publish","4":"has-post-thumbnail","6":"product_brand-hp","7":"product_cat-notebooks-17-fr","8":"product_cat-notebooks-fr","9":"product_cat-notebooks-workstations-fr","11":"first","12":"instock","13":"taxable","14":"shipping-taxable","15":"purchasable","16":"product-type-simple"},"bundled_by":[],"bundle_stock_status":"instock","bundle_stock_quantity":8,"bundle_virtual":false,"bundle_layout":"","bundle_add_to_cart_form_location":"","bundle_editable_in_cart":false,"bundle_sold_individually_context":"","bundle_item_grouping":"","bundle_min_size":"","bundle_max_size":"","bundle_price":[],"bundled_items":[],"bundle_sell_ids":[],"exclude_global_add_ons":true,"addons":{"keyboard-iso-upgrades":{"name":"Choisir langue du clavier","type":"multiple_choice","position":0,"required":false,"title_format":"heading","default":"","description_enable":false,"description":"","placeholder_enable":false,"placeholder":"","display":"radiobutton","restrictions_type":"any_text","adjust_price":false,"price":"","price_type":"quantity_based","restrictions":false,"min":"0","max":"0","options":[{"label":"Autocollants fran\u00e7ais [AMP00084]","price":"0.0000","price_type":"quantity_based","image":0,"visibility":true},{"label":"Autocollants portugais [AMP00083]","price":"0.0000","price_type":"quantity_based","image":0,"visibility":true}]},"ram-memory-upgrades":{"name":"Extension RAM","type":"multiple_choice","position":0,"required":false,"title_format":"heading","default":"","description_enable":false,"description":"","placeholder_enable":false,"placeholder":"","display":"radiobutton","restrictions_type":"any_text","adjust_price":false,"price":"","price_type":"quantity_based","restrictions":false,"min":"0","max":"0","options":[{"label":"Extension de 32 Gb de RAM SODIMM [AMP00098]","price":"150.0000","price_type":"quantity_based","image":0,"visibility":true}]},"hdd-upgrades":{"name":"Extension disque dur","type":"multiple_choice","position":0,"required":false,"title_format":"heading","default":"","description_enable":false,"description":"","placeholder_enable":false,"placeholder":"","display":"radiobutton","restrictions_type":"any_text","adjust_price":false,"price":"","price_type":"quantity_based","restrictions":false,"min":"0","max":"0","options":[{"label":"Passez au disque SSD 1 Tb. M.2 2280 PCIe [AMP00107]","price":"165.0000","price_type":"quantity_based","image":0,"visibility":true},{"label":"SSD suppl\u00e9mentaire 500 Gb. M.2 2280 PCIe [AMP00108]","price":"115.0000","price_type":"quantity_based","image":0,"visibility":true},{"label":"Disque SSD de 1 Tb. M.2 2280 PCIe suppl\u00e9mentaire [AMP00109]","price":"170.0000","price_type":"quantity_based","image":0,"visibility":true}]},"os-upgrades":{"name":"Expansion SO","type":"multiple_choice","position":0,"required":false,"title_format":"heading","default":"","description_enable":false,"description":"","placeholder_enable":false,"placeholder":"","display":"radiobutton","restrictions_type":"any_text","adjust_price":false,"price":"","price_type":"quantity_based","restrictions":false,"min":"0","max":"0","options":[{"label":"Changer la langue en fran\u00e7ais [AMP00125]","price":"0.0000","price_type":"quantity_based","image":0,"visibility":true},{"label":"Changer la langue en anglais [AMP00008]","price":"0.0000","price_type":"quantity_based","image":0,"visibility":true},{"label":"Changer la langue en portugais [AMP00009]","price":"0.0000","price_type":"quantity_based","image":0,"visibility":true}]},"briefcase-upgrades":{"name":"Porte-documents","type":"multiple_choice","position":0,"required":false,"title_format":"heading","default":"","description_enable":false,"description":"","placeholder_enable":false,"placeholder":"","display":"radiobutton","restrictions_type":"any_text","adjust_price":false,"price":"","price_type":"quantity_based","restrictions":false,"min":"0","max":"0","options":[{"label":"Mallette Notebook [AMP00041]","price":"5.0000","price_type":"quantity_based","image":0,"visibility":true}]}},"df_price":928,"df_sale_price":"","df_regular_price":928,"df_image_link":"https:\/\/digalco.com\/wp-content\/uploads\/images\/product\/15106\/hp03381_01-300x225.jpg","_links":{"self":[{"href":"https:\/\/digalco.com\/fr\/wp-json\/wp\/v2\/product\/360710","targetHints":{"allow":["GET"]}}],"collection":[{"href":"https:\/\/digalco.com\/fr\/wp-json\/wp\/v2\/product"}],"about":[{"href":"https:\/\/digalco.com\/fr\/wp-json\/wp\/v2\/types\/product"}],"wp:featuredmedia":[{"embeddable":true,"href":"https:\/\/digalco.com\/fr\/wp-json\/wp\/v2\/media\/360635"}],"wp:attachment":[{"href":"https:\/\/digalco.com\/fr\/wp-json\/wp\/v2\/media?parent=360710"}],"wp:term":[{"taxonomy":"product_brand","embeddable":true,"href":"https:\/\/digalco.com\/fr\/wp-json\/wp\/v2\/product_brand?post=360710"},{"taxonomy":"product_cat","embeddable":true,"href":"https:\/\/digalco.com\/fr\/wp-json\/wp\/v2\/product_cat?post=360710"},{"taxonomy":"product_tag","embeddable":true,"href":"https:\/\/digalco.com\/fr\/wp-json\/wp\/v2\/product_tag?post=360710"}],"curies":[{"name":"wp","href":"https:\/\/api.w.org\/{rel}","templated":true}]}}