{"id":362835,"date":"2026-05-14T09:44:13","date_gmt":"2026-05-14T07:44:13","guid":{"rendered":"https:\/\/digalco.com\/tienda\/posiflex-rt-5015-k-15-aio-reconditionne-core-i3-24ghz-8-gb-ram-128-gb-ssd-fr-15164\/"},"modified":"2026-05-14T09:44:39","modified_gmt":"2026-05-14T07:44:39","slug":"posiflex-rt-5015-k-15-aio-reconditionne-core-i3-24ghz-8-gb-ram-128-gb-ssd-fr-15164","status":"publish","type":"product","link":"https:\/\/digalco.com\/fr\/produit\/posiflex-rt-5015-k-15-aio-reconditionne-core-i3-24ghz-8-gb-ram-128-gb-ssd-fr-15164\/","title":{"rendered":"POSIFLEX RT-5015-K 15\u00a0\u00bb AIO | Reconditionn\u00e9 | Core i3 2.4GHz | 8 GB RAM | 128 GB SSD"},"content":{"rendered":"<p><strong>Processeur<\/strong><br \/>Intel Core i3 7100U 2.4 GHz.<br \/><strong>Facteur de forme<\/strong><br \/>AIO<br \/><strong>M\u00e9moire RAM<\/strong><br \/>8 Gb. SO-DDR3 RAM<br \/><strong>Disque dur<\/strong><br \/>128 Gb. SSD<br \/><strong>Cartes<\/strong><br \/>Graphique: Intel HD 620<br \/>Son: High Definition Audio<br \/>R\u00e9seau: Realtek PCIe GBe family<br \/><strong>Syst\u00e8me op\u00e9ratif<\/strong><br \/>&#8211; Sans SO &#8211;<br \/><strong>Ports<\/strong><br \/>S\u00e9rie<br \/>4x USB 2.0<br \/>2x USB 3.0<br \/><strong>\u00c9cran<\/strong><br \/>Tactile 15 \u00a0\u00bb HD 4:3 \u00b7 R\u00e9solution 1024&#215;768<br \/><strong>Ports vid\u00e9o<\/strong><br \/>Mini Display Port<br \/><strong>Affichage sp\u00e9cifique<\/strong><br \/>Chargeur externe<br \/>Base<br \/><strong>Connectivit\u00e9<\/strong><br \/>RJ-45<br \/><strong>Autres<\/strong><br \/>hR emballage<br \/><strong>Dimensions<\/strong><br \/>37x31x31 cm.<br \/><strong>Poids<\/strong><br \/>6.95 Kg.<br \/><strong>Sp\u00e9cifications suppl\u00e9mentaires<\/strong><br \/>Le terminal de point de vente POSIFLEX RT-5015-K est un terminal tactile sp\u00e9cialement con\u00e7u pour les commerces de restauration et de vente au d\u00e9tail qui recherchent un \u00e9quipement moderne, r\u00e9sistant et efficace. Son processeur Intel Core i3 7100U \u00e0 2.4 GHz, associ\u00e9 \u00e0 8 Go de m\u00e9moire SO-DDR3 et \u00e0 un SSD de 128 Go, offre des performances r\u00e9actives id\u00e9ales pour les environnements de travail avec une forte rotation des op\u00e9rations. Son \u00e9cran tactile capacitif de 15 pouces au format 4:3 avec une r\u00e9solution de 1024&#215;768 offre une exp\u00e9rience d\u2019utilisation confortable et pr\u00e9cise, m\u00eame en usage quotidien intensif.La surface frontale b\u00e9n\u00e9ficie d\u2019une protection IP65, qui garantit une r\u00e9sistance aux \u00e9claboussures, \u00e0 la poussi\u00e8re et \u00e0 la graisse, un \u00e9l\u00e9ment indispensable dans les bars, restaurants, caf\u00e9s ou magasins. Sa connectivit\u00e9 comprend un port s\u00e9rie DB9 configurable en 5V ou 12V et deux ports RJ50 \u00e9galement configurables, facilitant l\u2019int\u00e9gration d\u2019imprimantes, de tiroirs-caisses ou de lecteurs de cartes.Le design \u00e9l\u00e9gant et sans ventilateur du POSIFLEX RT-5015-K assure un fonctionnement silencieux et un nettoyage facile, ce qui en fait un excellent choix pour les comptoirs qui combinent accueil du public et exigences op\u00e9rationnelles.Bon aspect ext\u00e9rieur. Si vous avez des questions, appelez-nous ou utilisez notre chat pour obtenir plus d\u2019informations ou demander plus de d\u00e9tails.<br \/><strong>Commentaires<\/strong><br \/><u>1xDB9 5V\/12V \u2013 2xRJ50 5V\/12V \u2013 \u00c9cran capacitif \u2013 IP 65 sur l\u2019\u00e9cran<\/u><\/p>\n","protected":false},"excerpt":{"rendered":"<p>Intel Core i3 7100U 2.4 GHz. \u00b7 8 Gb. SO-DDR3 RAM \u00b7 128 Gb. SSD \u00b7 Sans SO \u00b7 Tactile 15 \u00a0\u00bb HD 4:3 \u00b7 R\u00e9solution 1024&#215;768 \u00b7<br \/>\n<u>1xDB9 5V\/12V \u2013 2xRJ50 5V\/12V \u2013 \u00c9cran capacitif \u2013 IP 65 sur l\u2019\u00e9cran<\/u> [&#8230;]<\/p>\n<p><a class=\"btn btn-secondary understrap-read-more-link\" href=\"https:\/\/digalco.com\/fr\/produit\/posiflex-rt-5015-k-15-aio-reconditionne-core-i3-24ghz-8-gb-ram-128-gb-ssd-fr-15164\/\">Lire la suite\u2026<span class=\"screen-reader-text\"> from POSIFLEX RT-5015-K 15\u00a0\u00bb AIO | Reconditionn\u00e9 | Core i3 2.4GHz | 8 GB RAM | 128 GB SSD<\/span><\/a><\/p>\n","protected":false},"featured_media":362730,"template":"","meta":[],"product_brand":[3890],"product_cat":[1597,1601],"product_tag":[],"class_list":{"0":"post-362835","1":"product","2":"type-product","3":"status-publish","4":"has-post-thumbnail","6":"product_brand-posiflex","7":"product_cat-tpv-fr","8":"product_cat-tpv-all-in-one-fr","10":"first","11":"instock","12":"taxable","13":"shipping-taxable","14":"purchasable","15":"product-type-simple"},"bundled_by":[],"bundle_stock_status":"instock","bundle_stock_quantity":31,"bundle_virtual":false,"bundle_layout":"","bundle_add_to_cart_form_location":"","bundle_editable_in_cart":false,"bundle_sold_individually_context":"","bundle_item_grouping":"","bundle_min_size":"","bundle_max_size":"","bundle_price":[],"bundled_items":[],"bundle_sell_ids":[],"exclude_global_add_ons":true,"addons":{"peripheral-upgrades":{"name":"Extension p\u00e9riph\u00e9rique","type":"multiple_choice","position":0,"required":false,"title_format":"heading","default":"","description_enable":false,"description":"","placeholder_enable":false,"placeholder":"","display":"radiobutton","restrictions_type":"any_text","adjust_price":false,"price":"","price_type":"quantity_based","restrictions":false,"min":"0","max":"0","options":[{"label":"Tiroir-caisse automatique 41 cm. Refurbished [AMP00140]","price":"45.0000","price_type":"quantity_based","image":0,"visibility":true}]},"webcam-upgrades":{"name":"Extension Webcam","type":"multiple_choice","position":0,"required":false,"title_format":"heading","default":"","description_enable":false,"description":"","placeholder_enable":false,"placeholder":"","display":"radiobutton","restrictions_type":"any_text","adjust_price":false,"price":"","price_type":"quantity_based","restrictions":false,"min":"0","max":"0","options":[{"label":"Conceptronic AMDIS FullHD [AMP00085]","price":"29.0000","price_type":"quantity_based","image":0,"visibility":true}]},"ram-memory-upgrades":{"name":"Extension RAM","type":"multiple_choice","position":0,"required":false,"title_format":"heading","default":"","description_enable":false,"description":"","placeholder_enable":false,"placeholder":"","display":"radiobutton","restrictions_type":"any_text","adjust_price":false,"price":"","price_type":"quantity_based","restrictions":false,"min":"0","max":"0","options":[{"label":"Extension de 16 Gb de RAM SODIMM DDR3 [AMP00004]","price":"50.0000","price_type":"quantity_based","image":0,"visibility":true}]},"hdd-upgrades":{"name":"Extension disque dur","type":"multiple_choice","position":0,"required":false,"title_format":"heading","default":"","description_enable":false,"description":"","placeholder_enable":false,"placeholder":"","display":"radiobutton","restrictions_type":"any_text","adjust_price":false,"price":"","price_type":"quantity_based","restrictions":false,"min":"0","max":"0","options":[{"label":"Passez au disque SSD de 240 Gb. [AMP00013]","price":"35.0000","price_type":"quantity_based","image":0,"visibility":true},{"label":"Passez au disque SSD de 480 Gb. [AMP00014]","price":"59.0000","price_type":"quantity_based","image":0,"visibility":true},{"label":"Passez au disque SSD 1 Tb. [AMP00071]","price":"95.0000","price_type":"quantity_based","image":0,"visibility":true}]},"network-card-upgrades":{"name":"Extension WIFI","type":"multiple_choice","position":0,"required":false,"title_format":"heading","default":"","description_enable":false,"description":"","placeholder_enable":false,"placeholder":"","display":"radiobutton","restrictions_type":"any_text","adjust_price":false,"price":"","price_type":"quantity_based","restrictions":false,"min":"0","max":"0","options":[{"label":"Mise \u00e0 niveau nano USB sans fil [AMP00018]","price":"15.0000","price_type":"quantity_based","image":0,"visibility":true}]},"keyboard-upgrades":{"name":"Extension clavier","type":"multiple_choice","position":0,"required":false,"title_format":"heading","default":"","description_enable":false,"description":"","placeholder_enable":false,"placeholder":"","display":"radiobutton","restrictions_type":"any_text","adjust_price":false,"price":"","price_type":"quantity_based","restrictions":false,"min":"0","max":"0","options":[{"label":"Clavier et souris [AMP00020]","price":"8.0000","price_type":"quantity_based","image":0,"visibility":true},{"label":"Clavier et souris Portuguese New [AMP00088]","price":"15.0000","price_type":"quantity_based","image":0,"visibility":true},{"label":"Clavier et souris USB espagnols (Nouveau) [AMP00068]","price":"12.0000","price_type":"quantity_based","image":0,"visibility":true}]}},"df_price":309,"df_sale_price":"","df_regular_price":309,"df_image_link":"https:\/\/digalco.com\/wp-content\/uploads\/images\/product\/15164\/psf00031_01-300x225.jpg","_links":{"self":[{"href":"https:\/\/digalco.com\/fr\/wp-json\/wp\/v2\/product\/362835","targetHints":{"allow":["GET"]}}],"collection":[{"href":"https:\/\/digalco.com\/fr\/wp-json\/wp\/v2\/product"}],"about":[{"href":"https:\/\/digalco.com\/fr\/wp-json\/wp\/v2\/types\/product"}],"wp:featuredmedia":[{"embeddable":true,"href":"https:\/\/digalco.com\/fr\/wp-json\/wp\/v2\/media\/362730"}],"wp:attachment":[{"href":"https:\/\/digalco.com\/fr\/wp-json\/wp\/v2\/media?parent=362835"}],"wp:term":[{"taxonomy":"product_brand","embeddable":true,"href":"https:\/\/digalco.com\/fr\/wp-json\/wp\/v2\/product_brand?post=362835"},{"taxonomy":"product_cat","embeddable":true,"href":"https:\/\/digalco.com\/fr\/wp-json\/wp\/v2\/product_cat?post=362835"},{"taxonomy":"product_tag","embeddable":true,"href":"https:\/\/digalco.com\/fr\/wp-json\/wp\/v2\/product_tag?post=362835"}],"curies":[{"name":"wp","href":"https:\/\/api.w.org\/{rel}","templated":true}]}}