{"id":363394,"date":"2026-05-14T12:25:23","date_gmt":"2026-05-14T10:25:23","guid":{"rendered":"https:\/\/digalco.com\/tienda\/hp-workstation-z840-tour-reconditionne-xeon-octa-core-32ghz-64-gb-ram-256-gb-ssd-fr-15064\/"},"modified":"2026-05-14T12:25:53","modified_gmt":"2026-05-14T10:25:53","slug":"hp-workstation-z840-tour-reconditionne-xeon-octa-core-32ghz-64-gb-ram-256-gb-ssd-fr-15064","status":"publish","type":"product","link":"https:\/\/digalco.com\/fr\/produit\/hp-workstation-z840-tour-reconditionne-xeon-octa-core-32ghz-64-gb-ram-256-gb-ssd-fr-15064\/","title":{"rendered":"HP WorkStation Z840 Tour | Reconditionn\u00e9 | Xeon Octa Core 3.2GHz | 64 GB RAM | 256 GB SSD"},"content":{"rendered":"<p><strong>Processeur<\/strong><br \/>2x Intel Xeon Octa Core E5 2667 V4 3.2 GHz.<br \/><strong>Facteur de forme<\/strong><br \/>Tour<br \/><strong>M\u00e9moire RAM<\/strong><br \/>64 Gb. DDR4 ECC RAM<br \/><strong>Disque dur<\/strong><br \/>256 Gb. SSD<br \/>2x 2.00 Tb. SATA<br \/><strong>Lecteur optique<\/strong><br \/>DVD-RW<br \/><strong>Cartes<\/strong><br \/>Graphique: nvidia Quadro P6000 24GB<br \/>Son: Realtek ALC262 HD Audio<br \/>R\u00e9seau: Intel 82574<br \/><strong>Syst\u00e8me op\u00e9ratif<\/strong><br \/>Windows 10 Pro<br \/><strong>Ports<\/strong><br \/>S\u00e9rie<br \/>2x USB 2.0<br \/>2x PS2<br \/>8x USB 3.0<br \/><strong>Ports vid\u00e9o<\/strong><br \/>4x Display Port<br \/>DVI<br \/><strong>Connectivit\u00e9<\/strong><br \/>2x RJ-45<br \/><strong>Autres<\/strong><br \/>hR emballage<br \/><strong>Dimensions<\/strong><br \/>54&#215;44.5&#215;20 cm.<br \/><strong>Poids<\/strong><br \/>22.80 Kg.<br \/><strong>Sp\u00e9cifications suppl\u00e9mentaires<\/strong><br \/>La HP WorkStation Z840 est une station de travail professionnelle haute performance pens\u00e9e pour les utilisateurs techniques, entreprises, ing\u00e9nierie, design avanc\u00e9, cr\u00e9ation audiovisuelle, calcul, rendu, virtualisation, analyse de donn\u00e9es et environnements o\u00f9 une plateforme puissante, robuste et \u00e9volutive est n\u00e9cessaire. Elle int\u00e8gre 2 processeurs Intel Xeon Octa Core E5 2667 V4 \u00e0 3.2 GHz, accompagn\u00e9s de 64 Gb de m\u00e9moire DDR4 ECC RAM, une configuration destin\u00e9e aux charges de travail exigeantes, au multit\u00e2che intensif, aux applications professionnelles et aux processus qui n\u00e9cessitent une grande stabilit\u00e9 pendant de longues sessions de travail. Son stockage combine 2 disques SATA de 2.00 Tb avec un SSD de 256 Gb, offrant \u00e0 la fois de la capacit\u00e9 pour de grands volumes de donn\u00e9es et une r\u00e9ponse plus agile du syst\u00e8me et des applications. Elle dispose de DVD-RW et de COA Windows 10 Pro, apportant une base professionnelle pour les installations, la compatibilit\u00e9 et les environnements corporatifs. La carte graphique nVidia Quadro P6000 24GB GDDR5 en fait une solution particuli\u00e8rement int\u00e9ressante pour les flux graphiques avanc\u00e9s, la conception 3D, la visualisation professionnelle, le montage, la simulation et les applications techniques utilisant un GPU d\u00e9di\u00e9. Elle dispose \u00e9galement de TPM 1.2 et d\u2019une grande capacit\u00e9 d\u2019extension interne avec 3xPCIe X16, dont un occup\u00e9, 1xPCIe X8, 1xPCIe X4 et 1xPCIe X1, permettant d\u2019adapter la station \u00e0 diff\u00e9rents besoins professionnels. C\u2019est une option tr\u00e8s compl\u00e8te pour les d\u00e9partements techniques, studios cr\u00e9atifs, ing\u00e9nierie, architecture, postproduction ou utilisateurs recherchant une workstation puissante, \u00e9volutive et pr\u00eate pour les travaux intensifs.<br \/>Bon aspect ext\u00e9rieur. Peut pr\u00e9senter de l\u00e9g\u00e8res marques d\u2019utilisation sur le bo\u00eetier. Si vous avez des questions, appelez-nous ou utilisez notre chat pour obtenir plus d\u2019informations ou des d\u00e9tails suppl\u00e9mentaires.<br \/><strong>Commentaires<\/strong><br \/><u>nVidia Quadro P6000 24 Go GDDR5 &#8211; 3xPCIe X16 (1 occup\u00e9) \/ 1xPCIe X8 \/ 1xPCIe X4 \/ 1xPCIe<\/u><\/p>\n","protected":false},"excerpt":{"rendered":"<p>2x Intel Xeon Octa Core E5 2667 V4 3.2 GHz. \u00b7 64 Gb. DDR4 ECC RAM \u00b7 256 Gb. SSD \u00b7 2x 2.00 Tb. SATA \u00b7 DVD-RW \u00b7 Windows 10 Pro \u00b7<br \/>\n<strong>nVidia Quadro P6000 24 GB GDDR5<\/strong> &#8211; <u>3xPCIe X16 (1 occup\u00e9) \/ 1xPCIe X8 \/ 1xPCIe X4 \/ 1xPCIe<\/u> [&#8230;]<\/p>\n<p><a class=\"btn btn-secondary understrap-read-more-link\" href=\"https:\/\/digalco.com\/fr\/produit\/hp-workstation-z840-tour-reconditionne-xeon-octa-core-32ghz-64-gb-ram-256-gb-ssd-fr-15064\/\">Lire la suite\u2026<span class=\"screen-reader-text\"> from HP WorkStation Z840 Tour | Reconditionn\u00e9 | Xeon Octa Core 3.2GHz | 64 GB RAM | 256 GB SSD<\/span><\/a><\/p>\n","protected":false},"featured_media":363304,"template":"","meta":[],"product_brand":[3854],"product_cat":[1469,1473],"product_tag":[],"class_list":{"0":"post-363394","1":"product","2":"type-product","3":"status-publish","4":"has-post-thumbnail","6":"product_brand-hp","7":"product_cat-ordinateurs-fr","8":"product_cat-ordinateurs-workstations-fr","10":"first","11":"instock","12":"taxable","13":"shipping-taxable","14":"purchasable","15":"product-type-simple"},"bundled_by":[],"bundle_stock_status":"instock","bundle_stock_quantity":1,"bundle_virtual":false,"bundle_layout":"","bundle_add_to_cart_form_location":"","bundle_editable_in_cart":false,"bundle_sold_individually_context":"","bundle_item_grouping":"","bundle_min_size":"","bundle_max_size":"","bundle_price":[],"bundled_items":[],"bundle_sell_ids":[],"exclude_global_add_ons":true,"addons":{"webcam-upgrades":{"name":"Extension Webcam","type":"multiple_choice","position":0,"required":false,"title_format":"heading","default":"","description_enable":false,"description":"","placeholder_enable":false,"placeholder":"","display":"radiobutton","restrictions_type":"any_text","adjust_price":false,"price":"","price_type":"quantity_based","restrictions":false,"min":"0","max":"0","options":[{"label":"Conceptronic AMDIS FullHD [AMP00085]","price":"29.0000","price_type":"quantity_based","image":0,"visibility":true}]},"network-card-upgrades":{"name":"Extension WIFI","type":"multiple_choice","position":0,"required":false,"title_format":"heading","default":"","description_enable":false,"description":"","placeholder_enable":false,"placeholder":"","display":"radiobutton","restrictions_type":"any_text","adjust_price":false,"price":"","price_type":"quantity_based","restrictions":false,"min":"0","max":"0","options":[{"label":"Mise \u00e0 niveau nano USB sans fil [AMP00018]","price":"15.0000","price_type":"quantity_based","image":0,"visibility":true},{"label":"Mise \u00e0 niveau de la carte PCI Wi-Fi [AMP00017]","price":"15.0000","price_type":"quantity_based","image":0,"visibility":true}]},"os-upgrades":{"name":"Expansion SO","type":"multiple_choice","position":0,"required":false,"title_format":"heading","default":"","description_enable":false,"description":"","placeholder_enable":false,"placeholder":"","display":"radiobutton","restrictions_type":"any_text","adjust_price":false,"price":"","price_type":"quantity_based","restrictions":false,"min":"0","max":"0","options":[{"label":"Changer la langue en fran\u00e7ais [AMP00125]","price":"0.0000","price_type":"quantity_based","image":0,"visibility":true},{"label":"Changer la langue en anglais [AMP00008]","price":"0.0000","price_type":"quantity_based","image":0,"visibility":true},{"label":"Changer la langue en portugais [AMP00009]","price":"0.0000","price_type":"quantity_based","image":0,"visibility":true}]},"keyboard-upgrades":{"name":"Extension clavier","type":"multiple_choice","position":0,"required":false,"title_format":"heading","default":"","description_enable":false,"description":"","placeholder_enable":false,"placeholder":"","display":"radiobutton","restrictions_type":"any_text","adjust_price":false,"price":"","price_type":"quantity_based","restrictions":false,"min":"0","max":"0","options":[{"label":"Clavier et souris [AMP00020]","price":"8.0000","price_type":"quantity_based","image":0,"visibility":true},{"label":"Clavier et souris Portuguese New [AMP00088]","price":"15.0000","price_type":"quantity_based","image":0,"visibility":true},{"label":"Clavier et souris USB espagnols (Nouveau) [AMP00068]","price":"12.0000","price_type":"quantity_based","image":0,"visibility":true}]}},"df_price":1686,"df_sale_price":"","df_regular_price":1686,"df_image_link":"https:\/\/digalco.com\/wp-content\/uploads\/images\/product\/15064\/hp03377_01-300x225.jpg","_links":{"self":[{"href":"https:\/\/digalco.com\/fr\/wp-json\/wp\/v2\/product\/363394","targetHints":{"allow":["GET"]}}],"collection":[{"href":"https:\/\/digalco.com\/fr\/wp-json\/wp\/v2\/product"}],"about":[{"href":"https:\/\/digalco.com\/fr\/wp-json\/wp\/v2\/types\/product"}],"wp:featuredmedia":[{"embeddable":true,"href":"https:\/\/digalco.com\/fr\/wp-json\/wp\/v2\/media\/363304"}],"wp:attachment":[{"href":"https:\/\/digalco.com\/fr\/wp-json\/wp\/v2\/media?parent=363394"}],"wp:term":[{"taxonomy":"product_brand","embeddable":true,"href":"https:\/\/digalco.com\/fr\/wp-json\/wp\/v2\/product_brand?post=363394"},{"taxonomy":"product_cat","embeddable":true,"href":"https:\/\/digalco.com\/fr\/wp-json\/wp\/v2\/product_cat?post=363394"},{"taxonomy":"product_tag","embeddable":true,"href":"https:\/\/digalco.com\/fr\/wp-json\/wp\/v2\/product_tag?post=363394"}],"curies":[{"name":"wp","href":"https:\/\/api.w.org\/{rel}","templated":true}]}}