{"id":163593,"date":"2024-02-06T11:24:25","date_gmt":"2024-02-06T10:24:25","guid":{"rendered":"https:\/\/digalco.com\/tienda\/stampante-matricial-olivetti-pr2e-ricondizionato-it-10478\/"},"modified":"2024-11-07T20:14:37","modified_gmt":"2024-11-07T19:14:37","slug":"stampante-matricial-olivetti-pr2e-ricondizionato-it-10478","status":"publish","type":"product","link":"https:\/\/digalco.com\/it\/tienda\/stampante-matricial-olivetti-pr2e-ricondizionato-it-10478\/","title":{"rendered":"Stampante Matricial Olivetti PR2E | Ricondizionato"},"content":{"rendered":"<p><strong>Generale stampante<\/strong><br \/>Carro Estrecho<br \/>Colonne 80<br \/>Aghi 24<br \/><strong>Copie<\/strong><br \/>Velocit\u00e0 370 cps<br \/>N\u00ba di copie Original + 6 Copias<br \/>Emulazione Olivetti Standard + IBM PP + X24<br \/><strong>Connettivit\u00e0 stampante<\/strong><br \/>Serie, Parallelo, USB<br \/><strong>Formati accettati<\/strong><br \/>Foglie sciolte<br \/><strong>Altri<\/strong><br \/>Imballaggio hR<br \/><strong>Dimensioni<\/strong><br \/>38.4&#215;29.6&#215;20.4 cm.<br \/><strong>Peso<\/strong><br \/>10.50 Kg.<br \/><strong>Specifiche aggiuntive<\/strong><br \/><b>Controlli di qualit\u00e0\/test di laboratorio:<\/b> <u>Ispezione fisica:<\/u> Ispezione, pulizia e verifica dei danni del telaio. <u>Connettivit\u00e0:<\/u> controllo di porte e connessioni (USB, Ethernet, ecc.). <u>Test di stampa:<\/u> Test di qualit\u00e0 e velocit\u00e0, controllo di allineamento e leggibilit\u00e0. <u>Gestione della carta:<\/u> Revisione del sistema di alimentazione e rilevamento degli inceppamenti. <u>Test di carico:<\/u> Test di affidabilit\u00e0 in uso continuo.<br \/><u>Ispezione interna:<\/u> Verifica e pulizia dei componenti interni.<br \/>Buon aspetto esterno. Se hai domande, chiamaci o utilizza la nostra chat per ulteriori informazioni o per richiedere maggiori dettagli.<\/p>\n","protected":false},"excerpt":{"rendered":"<p>Colonne 80 \u00b7 Aghi 24 \u00b7 Carro Estrecho \u00b7 Velocit\u00e0 370 cps \u00b7 N\u00ba di copie Original + 6 Copias \u00b7 Serie, Parallelo, USB \u00b7 Foglie sciolte [&#8230;]<\/p>\n<p><a class=\"btn btn-secondary understrap-read-more-link\" href=\"https:\/\/digalco.com\/it\/tienda\/stampante-matricial-olivetti-pr2e-ricondizionato-it-10478\/\">Leggi di pi\u00f9&#8230;<span class=\"screen-reader-text\"> from Stampante Matricial Olivetti PR2E | Ricondizionato<\/span><\/a><\/p>\n","protected":false},"featured_media":163561,"template":"","meta":[],"product_brand":[3899],"product_cat":[3260,3270],"product_tag":[],"class_list":{"0":"post-163593","1":"product","2":"type-product","3":"status-publish","4":"has-post-thumbnail","6":"product_brand-olivetti","7":"product_cat-stampanti-it","8":"product_cat-stampanti-finanziarie-it","10":"first","11":"instock","12":"taxable","13":"shipping-taxable","14":"purchasable","15":"product-type-simple"},"bundled_by":[],"bundle_stock_status":"instock","bundle_stock_quantity":19,"bundle_virtual":false,"bundle_layout":"","bundle_add_to_cart_form_location":"","bundle_editable_in_cart":false,"bundle_sold_individually_context":"","bundle_item_grouping":"","bundle_min_size":"","bundle_max_size":"","bundle_price":[],"bundled_items":[],"bundle_sell_ids":[],"exclude_global_add_ons":[],"addons":[],"df_price":94,"df_sale_price":"","df_regular_price":94,"df_image_link":"https:\/\/digalco.com\/wp-content\/uploads\/images\/product\/10478\/oliv00004_01-300x225.jpg","_links":{"self":[{"href":"https:\/\/digalco.com\/it\/wp-json\/wp\/v2\/product\/163593","targetHints":{"allow":["GET"]}}],"collection":[{"href":"https:\/\/digalco.com\/it\/wp-json\/wp\/v2\/product"}],"about":[{"href":"https:\/\/digalco.com\/it\/wp-json\/wp\/v2\/types\/product"}],"wp:featuredmedia":[{"embeddable":true,"href":"https:\/\/digalco.com\/it\/wp-json\/wp\/v2\/media\/163561"}],"wp:attachment":[{"href":"https:\/\/digalco.com\/it\/wp-json\/wp\/v2\/media?parent=163593"}],"wp:term":[{"taxonomy":"product_brand","embeddable":true,"href":"https:\/\/digalco.com\/it\/wp-json\/wp\/v2\/product_brand?post=163593"},{"taxonomy":"product_cat","embeddable":true,"href":"https:\/\/digalco.com\/it\/wp-json\/wp\/v2\/product_cat?post=163593"},{"taxonomy":"product_tag","embeddable":true,"href":"https:\/\/digalco.com\/it\/wp-json\/wp\/v2\/product_tag?post=163593"}],"curies":[{"name":"wp","href":"https:\/\/api.w.org\/{rel}","templated":true}]}}