{"id":165128,"date":"2024-02-06T11:29:17","date_gmt":"2024-02-06T10:29:17","guid":{"rendered":"https:\/\/digalco.com\/tienda\/scannera-fujitsu-fi-6130zla-impecable-ricondizionato-it-11431\/"},"modified":"2025-10-30T13:32:45","modified_gmt":"2025-10-30T12:32:45","slug":"scannera-fujitsu-fi-6130zla-impecable-ricondizionato-it-11431","status":"publish","type":"product","link":"https:\/\/digalco.com\/it\/tienda\/scannera-fujitsu-fi-6130zla-impecable-ricondizionato-it-11431\/","title":{"rendered":"Scannera Fujitsu fi-6130ZLA &#8211; Impecable | Ricondizionato"},"content":{"rendered":"<p><strong>Technology:<\/strong><br \/><strong><\/strong>Document Color Scanner<strong><\/strong><br \/><strong>Image Sensor Type:<\/strong><br \/>Color CCD<strong><\/strong><br \/><strong>Scanning Speed:<\/strong><br \/>Color: 30 ppm<br \/>Grayscale: 30 ppm<br \/>Monochrome: 1,7 seg.<strong><\/strong><br \/><strong>Resolution:<\/strong><br \/>Up to 600 dpi<strong><\/strong><br \/><strong>Connectivity:<\/strong><br \/>USB 2.0<strong><\/strong><br \/><strong>Duplex:<\/strong><br \/><strong><\/strong>Scansione fronte\/retro integrata<strong><\/strong><br \/><strong>ADF:<\/strong><br \/>50 Sheet<strong><\/strong><br \/><strong>Document Size:<\/strong><br \/>ADF Max: A4<br \/><strong>Dimensions:<\/strong><br \/>301 x 160 x 158 mm.<br \/><strong>Weight:<\/strong><br \/>4,2 Kgrs.<br \/><b>Specifiche aggiuntive:<\/b><br \/>Fujitsufi-6130ZLA \u00e8 uno scanner con alimentatore automatico di documenti (ADF) progettato per ambienti professionali che richiedono qualit\u00e0, affidabilit\u00e0 e flusso di lavoro continuo. \u00c8 dotato di un sensore CCD a colori, scansione fronte-retro integrata e velocit\u00e0 fino a 30 pagine al minuto (ppm) a colori o in scala di grigi in modalit\u00e0 simplex, con una risoluzione ottica fino a 600 dpi. L&#8217;ADF da 50 fogli facilita la scansione di pi\u00f9 documenti in batch senza supervisione costante. La connettivit\u00e0 USB 2.0 garantisce una facile integrazione nelle workstation standard. Grazie a funzionalit\u00e0 avanzate come il rilevamento a ultrasuoni della doppia alimentazione, percorsi carta rettilinei e il supporto per diversi tipi di carta, il fi-6130ZLA combina prestazioni e versatilit\u00e0 in un dispositivo compatto, ideale per la scansione efficiente e affidabile di fatture, contratti, documenti d&#8217;archivio o file.<br \/>Aspetto accattivante. Consulta le sezioni &#8220;+ Foto&#8221; e &#8220;Video&#8221; e, in caso di domande, chiamaci o usa la nostra chat per ottenere maggiori informazioni o richiedere ulteriori dettagli.<\/p>\n","protected":false},"excerpt":{"rendered":"<p>Technology: Document Color Scanner &#8211; Image Sensor Type: Color CCD &#8211; Scanning Speed: Up to 30 ppm Color, 30 ppm Grayscale &#8211; Resolution: Up to 600 dpi &#8211; Connectivity: USB 2.0 &#8211;<u>Duplex: scansione fronte\/retro integrata<\/u> &#8211; ADF Capacity: 50 Sheet [&#8230;]<\/p>\n<p><a class=\"btn btn-secondary understrap-read-more-link\" href=\"https:\/\/digalco.com\/it\/tienda\/scannera-fujitsu-fi-6130zla-impecable-ricondizionato-it-11431\/\">Leggi di pi\u00f9&#8230;<span class=\"screen-reader-text\"> from Scannera Fujitsu fi-6130ZLA &#8211; Impecable | Ricondizionato<\/span><\/a><\/p>\n","protected":false},"featured_media":165014,"template":"","meta":[],"product_brand":[3859],"product_cat":[3273],"product_tag":[],"class_list":{"0":"post-165128","1":"product","2":"type-product","3":"status-publish","4":"has-post-thumbnail","6":"product_brand-fujitsu","7":"product_cat-scanners-it","9":"first","10":"instock","11":"taxable","12":"shipping-taxable","13":"purchasable","14":"product-type-simple"},"bundled_by":[],"bundle_stock_status":"instock","bundle_stock_quantity":205,"bundle_virtual":false,"bundle_layout":"","bundle_add_to_cart_form_location":"","bundle_editable_in_cart":false,"bundle_sold_individually_context":"","bundle_item_grouping":"","bundle_min_size":"","bundle_max_size":"","bundle_price":[],"bundled_items":[],"bundle_sell_ids":[],"exclude_global_add_ons":[],"addons":[],"df_price":186,"df_sale_price":"","df_regular_price":186,"df_image_link":"https:\/\/digalco.com\/wp-content\/uploads\/images\/product\/11431\/fuji00230_01-300x225.jpg","_links":{"self":[{"href":"https:\/\/digalco.com\/it\/wp-json\/wp\/v2\/product\/165128","targetHints":{"allow":["GET"]}}],"collection":[{"href":"https:\/\/digalco.com\/it\/wp-json\/wp\/v2\/product"}],"about":[{"href":"https:\/\/digalco.com\/it\/wp-json\/wp\/v2\/types\/product"}],"wp:featuredmedia":[{"embeddable":true,"href":"https:\/\/digalco.com\/it\/wp-json\/wp\/v2\/media\/165014"}],"wp:attachment":[{"href":"https:\/\/digalco.com\/it\/wp-json\/wp\/v2\/media?parent=165128"}],"wp:term":[{"taxonomy":"product_brand","embeddable":true,"href":"https:\/\/digalco.com\/it\/wp-json\/wp\/v2\/product_brand?post=165128"},{"taxonomy":"product_cat","embeddable":true,"href":"https:\/\/digalco.com\/it\/wp-json\/wp\/v2\/product_cat?post=165128"},{"taxonomy":"product_tag","embeddable":true,"href":"https:\/\/digalco.com\/it\/wp-json\/wp\/v2\/product_tag?post=165128"}],"curies":[{"name":"wp","href":"https:\/\/api.w.org\/{rel}","templated":true}]}}