{"id":172584,"date":"2024-02-06T11:51:21","date_gmt":"2024-02-06T10:51:21","guid":{"rendered":"https:\/\/digalco.com\/tienda\/stampante-pos-termica-zebra-hc100-impr-de-pulseras-ricondizionato-it-7951\/"},"modified":"2024-11-19T12:53:39","modified_gmt":"2024-11-19T11:53:39","slug":"stampante-pos-termica-zebra-hc100-impr-de-pulseras-ricondizionato-it-7951","status":"publish","type":"product","link":"https:\/\/digalco.com\/it\/tienda\/stampante-pos-termica-zebra-hc100-impr-de-pulseras-ricondizionato-it-7951\/","title":{"rendered":"Stampante POS termica Zebra HC100 Impr. de Pulseras | Ricondizionato"},"content":{"rendered":"<p><strong>Tecnologia<\/strong><br \/>Termica<br \/><strong>Copie<\/strong><br \/>Velocit\u00e0 di stampa 51 mm\/s<br \/><strong>Gestione della carta<\/strong><br \/>Larghezza di carta 31.16mm<br \/>Taglio automatico<br \/><strong>Connettivit\u00e0 stampante<\/strong><br \/>Serie, USB, Rete<br \/><strong>Altri<\/strong><br \/>Alimentatore incluso<br \/><strong>Carcassa<\/strong><br \/>Colore bianco<br \/><strong>Dimensioni<\/strong><br \/>12.7&#215;17.8&#215;24.2 cm.<br \/><strong>Peso<\/strong><br \/>1.40 Kg.<br \/><strong>Specifiche aggiuntive<\/strong><br \/><b>Caratteristiche standard:<\/b><br \/>Caricamento automatico del materiale &#8211; senza contatto dell&#8217;utente con il materiale durante il caricamento o l&#8217;estrazione<br \/>Impostazione automatica della velocit\u00e0 di stampa &#8211; fino a 102 mm\/secondo, a seconda della cartuccia installata.<br \/>Stampa termica diretta di codici a barre , testo e grafica<br \/>Struttura a doppia parete, con plastica antiurto.<br \/>Linguaggi di programmazione ZplTM o Zpl iiTM<br \/>Processore Risc a 32 bit.<br \/> Memoria 8mb sdRam standard<br \/>(4mb a disposizione dell&#8217;utente)<br \/>8mb memoria flash di serie (4 MB a disposizione dell&#8217;utente)<br \/>Controllo energetico della testina di stampa Zebra e3TM<br \/><b>Interfaccia di comunicazione:<\/b><br \/>Doppia: seriale e USB<br \/>Contachilometri per lunghezza tracciabilit\u00e0<br \/>stampa<br \/>Indicatore illuminato di stato del materiale<br \/>Sostituzione senza attrezzi della<br \/>testina di stampa e della base di supporto stampa<br \/> Approvato UnicodeTM per applicazioni<br \/>multilingue<br style=\", 51)\">Calibrazione istantanea del materiale<br \/>16 caratteri bitmap espandibili residenti<br \/>Una fontana residente scalabile<br \/>Sensore head-up<br \/>Funzione modalit\u00e0 di erogazione standard <br \/>Stampa XML abilitata \u2013 consente<br \/>Comunicazioni XML dai sistemi informativi.<br \/><b>Lunghezza massima di stampa:<\/b><br \/>558 mm<br \/> <b>Lunghezza minima di stampa:<\/b><br \/>73 mm<br \/><b>Larghezze di stampa:<\/b><br \/>19,05 mm\/25 mm\/30,16 mm<br \/><b>Risoluzione:<\/b><br \/> 300 dpi\/12 punti per mm<br \/><b>Velocit\u00e0 di stampa massima:<\/b><br \/>51mm\/sec. (Sanit\u00e0)<br \/>102mm\/sec. (Divertimento con la banda Z e splash della banda Z)<br \/><b>Controlli di qualit\u00e0\/test di laboratorio: <\/b><u>Ispezione fisica:<\/u> Ispezione del telaio, pulizia e verifica dei danni. <u>Connettivit\u00e0:<\/u> controllo di porte e connessioni (USB, Ethernet, ecc.). <u>Test di stampa: <\/u>Test di qualit\u00e0 e velocit\u00e0, controllo di allineamento e leggibilit\u00e0. <u>Gestione della carta:<\/u> Revisione del sistema di alimentazione e rilevamento degli inceppamenti. <u>Test di carico: <\/u>Test di affidabilit\u00e0 in uso continuo.<br \/><u>Ispezione interna:<\/u> Verifica e pulizia dei componenti interni.<\/p>\n<p><strong>Commenti<\/strong><br \/><u>Consumable Not Included<\/u><\/p>\n","protected":false},"excerpt":{"rendered":"<p>Maximum Print Length: 558mm Minimum Print Length: 73mm Print Width: 19.05mm \/ 25.4mm \/ 30.16mm Resolution: 300dpi \/ 12 dots per mm Maximum Print Speed: 51mm \/ sec. (Healthcare) 102mm \/ sec. (Z-band fun &amp; Z-band splash) [&#8230;]<\/p>\n<p><a class=\"btn btn-secondary understrap-read-more-link\" href=\"https:\/\/digalco.com\/it\/tienda\/stampante-pos-termica-zebra-hc100-impr-de-pulseras-ricondizionato-it-7951\/\">Leggi di pi\u00f9&#8230;<span class=\"screen-reader-text\"> from Stampante POS termica Zebra HC100 Impr. de Pulseras | Ricondizionato<\/span><\/a><\/p>\n","protected":false},"featured_media":172554,"template":"","meta":[],"product_brand":[3883],"product_cat":[3241,3260,3345,3269],"product_tag":[],"class_list":{"0":"post-172584","1":"product","2":"type-product","3":"status-publish","4":"has-post-thumbnail","6":"product_brand-zebra","7":"product_cat-pos-it","8":"product_cat-stampanti-it","9":"product_cat-pos-printers-it","10":"product_cat-stampanti-pos-it","12":"first","13":"instock","14":"taxable","15":"shipping-taxable","16":"purchasable","17":"product-type-simple"},"bundled_by":[],"bundle_stock_status":"instock","bundle_stock_quantity":2,"bundle_virtual":false,"bundle_layout":"","bundle_add_to_cart_form_location":"","bundle_editable_in_cart":false,"bundle_sold_individually_context":"","bundle_item_grouping":"","bundle_min_size":"","bundle_max_size":"","bundle_price":[],"bundled_items":[],"bundle_sell_ids":[],"exclude_global_add_ons":[],"addons":[],"df_price":99,"df_sale_price":"","df_regular_price":99,"df_image_link":"https:\/\/digalco.com\/wp-content\/uploads\/images\/product\/7951\/zebr00004_01-300x225.jpg","_links":{"self":[{"href":"https:\/\/digalco.com\/it\/wp-json\/wp\/v2\/product\/172584","targetHints":{"allow":["GET"]}}],"collection":[{"href":"https:\/\/digalco.com\/it\/wp-json\/wp\/v2\/product"}],"about":[{"href":"https:\/\/digalco.com\/it\/wp-json\/wp\/v2\/types\/product"}],"wp:featuredmedia":[{"embeddable":true,"href":"https:\/\/digalco.com\/it\/wp-json\/wp\/v2\/media\/172554"}],"wp:attachment":[{"href":"https:\/\/digalco.com\/it\/wp-json\/wp\/v2\/media?parent=172584"}],"wp:term":[{"taxonomy":"product_brand","embeddable":true,"href":"https:\/\/digalco.com\/it\/wp-json\/wp\/v2\/product_brand?post=172584"},{"taxonomy":"product_cat","embeddable":true,"href":"https:\/\/digalco.com\/it\/wp-json\/wp\/v2\/product_cat?post=172584"},{"taxonomy":"product_tag","embeddable":true,"href":"https:\/\/digalco.com\/it\/wp-json\/wp\/v2\/product_tag?post=172584"}],"curies":[{"name":"wp","href":"https:\/\/api.w.org\/{rel}","templated":true}]}}