{"id":172664,"date":"2024-02-06T11:51:38","date_gmt":"2024-02-06T10:51:38","guid":{"rendered":"https:\/\/digalco.com\/tienda\/stampante-finanziaria-wincor-nixdorf-4905-n21-ricondizionato-it-1498\/"},"modified":"2024-11-07T20:14:27","modified_gmt":"2024-11-07T19:14:27","slug":"stampante-finanziaria-wincor-nixdorf-4905-n21-ricondizionato-it-1498","status":"publish","type":"product","link":"https:\/\/digalco.com\/it\/tienda\/stampante-finanziaria-wincor-nixdorf-4905-n21-ricondizionato-it-1498\/","title":{"rendered":"Stampante finanziaria Wincor Nixdorf 4905-N21 | Ricondizionato"},"content":{"rendered":"<p><b>Tecnologia:<\/b><br \/>Matrice a 24 aghi<br \/><b>Velocit\u00e0:<\/b><br \/>Fino a 221 cps<br \/><b>Colonne:<\/b><br \/> 94<br \/><b>Connettivit\u00e0:<\/b><br \/>1xSeriale<br \/><b>Gestione della carta:<\/b><br \/>Ingresso: frontale<br \/>Uscita: frontale<br \/><b>Emulazioni:<\/b><br \/>EPSON LQ 850<br \/><b>Dimensioni:<\/b><br \/>380 x 380 x 165 mm.<br \/><b>Peso:<\/b><br \/>12 Kg&lt; br&gt; <b>Controlli di qualit\u00e0 \/ test di laboratorio:<\/b><br \/><u>Ispezione fisica:<\/u> Ispezione del telaio, pulizia e verifica dei danni. <u>Connettivit\u00e0:<\/u> controllo di porte e connessioni (USB, Ethernet, ecc.). <u>Test di stampa:<\/u> Test di qualit\u00e0 e velocit\u00e0, controllo di allineamento e leggibilit\u00e0. <u>Gestione della carta:<\/u> Revisione del sistema di alimentazione e rilevamento degli inceppamenti. <u>Test di carico:<\/u> Test di affidabilit\u00e0 in uso continuo.<br \/><u>Ispezione interna:<\/u> Verifica e pulizia dei componenti interni.<\/p>\n","protected":false},"excerpt":{"rendered":"<p>Tecnologia: Matrice a 24 aghi &#8211; Velocit\u00e0: Fino a 221 cps -Colonne: 94 &#8211; Connettivit\u00e0: 1xSeriale &#8211; Peso: 12 Kg. [&#8230;]<\/p>\n<p><a class=\"btn btn-secondary understrap-read-more-link\" href=\"https:\/\/digalco.com\/it\/tienda\/stampante-finanziaria-wincor-nixdorf-4905-n21-ricondizionato-it-1498\/\">Leggi di pi\u00f9&#8230;<span class=\"screen-reader-text\"> from Stampante finanziaria Wincor Nixdorf 4905-N21 | Ricondizionato<\/span><\/a><\/p>\n","protected":false},"featured_media":172634,"template":"","meta":[],"product_brand":[3940],"product_cat":[3270,3260],"product_tag":[],"class_list":{"0":"post-172664","1":"product","2":"type-product","3":"status-publish","4":"has-post-thumbnail","6":"product_brand-wincor-nixdorf","7":"product_cat-stampanti-finanziarie-it","8":"product_cat-stampanti-it","10":"first","11":"instock","12":"taxable","13":"shipping-taxable","14":"purchasable","15":"product-type-simple"},"bundled_by":[],"bundle_stock_status":"instock","bundle_stock_quantity":1,"bundle_virtual":false,"bundle_layout":"","bundle_add_to_cart_form_location":"","bundle_editable_in_cart":false,"bundle_sold_individually_context":"","bundle_item_grouping":"","bundle_min_size":"","bundle_max_size":"","bundle_price":[],"bundled_items":[],"bundle_sell_ids":[],"exclude_global_add_ons":[],"addons":[],"df_price":65,"df_sale_price":"","df_regular_price":65,"df_image_link":"https:\/\/digalco.com\/wp-content\/uploads\/images\/product\/1498\/winc00003_01-300x225.jpg","_links":{"self":[{"href":"https:\/\/digalco.com\/it\/wp-json\/wp\/v2\/product\/172664","targetHints":{"allow":["GET"]}}],"collection":[{"href":"https:\/\/digalco.com\/it\/wp-json\/wp\/v2\/product"}],"about":[{"href":"https:\/\/digalco.com\/it\/wp-json\/wp\/v2\/types\/product"}],"wp:featuredmedia":[{"embeddable":true,"href":"https:\/\/digalco.com\/it\/wp-json\/wp\/v2\/media\/172634"}],"wp:attachment":[{"href":"https:\/\/digalco.com\/it\/wp-json\/wp\/v2\/media?parent=172664"}],"wp:term":[{"taxonomy":"product_brand","embeddable":true,"href":"https:\/\/digalco.com\/it\/wp-json\/wp\/v2\/product_brand?post=172664"},{"taxonomy":"product_cat","embeddable":true,"href":"https:\/\/digalco.com\/it\/wp-json\/wp\/v2\/product_cat?post=172664"},{"taxonomy":"product_tag","embeddable":true,"href":"https:\/\/digalco.com\/it\/wp-json\/wp\/v2\/product_tag?post=172664"}],"curies":[{"name":"wp","href":"https:\/\/api.w.org\/{rel}","templated":true}]}}