{"id":192818,"date":"2024-04-22T10:46:12","date_gmt":"2024-04-22T08:46:12","guid":{"rendered":"https:\/\/digalco.com\/tienda\/microsoft-surface-go-3-105-ricondizionato-core-i3-13ghz-4-gb-ram-62-gb-ssd-1920x1080-it-11970\/"},"modified":"2026-04-08T12:51:06","modified_gmt":"2026-04-08T10:51:06","slug":"microsoft-surface-go-3-105-ricondizionato-core-i3-13ghz-4-gb-ram-62-gb-ssd-1920x1080-it-11970","status":"publish","type":"product","link":"https:\/\/digalco.com\/it\/tienda\/microsoft-surface-go-3-105-ricondizionato-core-i3-13ghz-4-gb-ram-62-gb-ssd-1920x1080-it-11970\/","title":{"rendered":"Microsoft Surface Go 3 10.5&#8221; | Ricondizionato | Core i3 1.3GHz | 4 GB RAM | 62 GB SSD 1920&#215;1080"},"content":{"rendered":"<p><strong>Processore<\/strong><br \/>Intel Core i3 10100Y 1.3 GHz.<br \/><strong>Memoria RAM<\/strong><br \/>4 Gb. SO-DDR3 RAM<br \/><strong>Disco duro<\/strong><br \/>62 Gb. SSD<br \/><strong>Carte<\/strong><br \/>Grafica: UHD Graphics 615<br \/>Suono: HD Audio<br \/><strong>Sistema operativo<\/strong><br \/>Windows 11 Pro<br \/><strong>Porte<\/strong><br \/>USB-C<br \/><strong>Schermo<\/strong><br \/>Tattile 10.5 &#8221; FullHD 16:10  \u00b7 Risoluzione 1920&#215;1080<br \/><strong>Multimedia<\/strong><br \/>Webcam<br \/>Lettore SD<br \/>Webcam posteriore<br \/>Webcam frontale<br \/><strong>Connettivit\u00e0<\/strong><br \/>WIFI<br \/>Bluetooth<br \/><strong>Altri<\/strong><br \/>Imballaggio hR<br \/><strong>Dimensioni<\/strong><br \/>24.50&#215;17.50&#215;0.83 cm.<br \/><strong>Peso<\/strong><br \/>0.55 Kg.<br \/><strong>Specifiche aggiuntive<\/strong><br \/>La Microsoft Surface Go 3 \u00e8 il tablet perfetto per chi cerca un equilibrio tra portabilit\u00e0 e prestazioni nell\u2019uso quotidiano. Il suo design leggero, moderno e facile da trasportare lo rende un\u2019opzione ideale per lavorare in mobilit\u00e0, studiare o gestire attivit\u00e0 da qualsiasi luogo con il massimo comfort.<br \/>Integra un processore Intel Core i3 di 10\u00aa generazione che offre un miglioramento delle prestazioni rispetto ai modelli pi\u00f9 basici, accompagnato da 4 GB di RAM e archiviazione SSD che garantisce velocit\u00e0 nelle attivit\u00e0 quotidiane. Il suo schermo touch Full HD da 10,5 pollici con formato 16:10 offre un\u2019esperienza visiva chiara e confortevole, perfetta per navigazione, documenti e videochiamate. Inoltre, con Windows 11 Pro, potrai usufruire di un ambiente pi\u00f9 moderno, sicuro e ottimizzato per la produttivit\u00e0.<br \/>La Surface Go 3 si distingue per la sua versatilit\u00e0 e facilit\u00e0 d\u2019uso, adattandosi sia a un utilizzo professionale leggero sia personale. Il suo formato 2-in-1 consente di lavorare in modo efficiente in qualsiasi ambiente, offrendo un\u2019esperienza fluida in un dispositivo compatto ed elegante. Un\u2019ottima scelta per chi cerca un tablet affidabile, aggiornato e pronto per il ritmo della vita quotidiana.<br \/>Buon aspetto esteriore. Se hai dubbi chiamaci o usa la nostra chat per ottenere ulteriori informazioni o per richiedere pi\u00f9 dettagli.<\/p>\n","protected":false},"excerpt":{"rendered":"<p>Intel Core i3 10100Y 1.3 GHz. \u00b7 4 Gb. SO-DDR3 RAM \u00b7 62 Gb. SSD \u00b7 Windows 11 Pro \u00b7 Tattile 10.5 &#8221; FullHD 16:10  \u00b7 Risoluzione 1920&#215;1080 [&#8230;]<\/p>\n<p><a class=\"btn btn-secondary understrap-read-more-link\" href=\"https:\/\/digalco.com\/it\/tienda\/microsoft-surface-go-3-105-ricondizionato-core-i3-13ghz-4-gb-ram-62-gb-ssd-1920x1080-it-11970\/\">Leggi di pi\u00f9&#8230;<span class=\"screen-reader-text\"> from Microsoft Surface Go 3 10.5&#8221; | Ricondizionato | Core i3 1.3GHz | 4 GB RAM | 62 GB SSD 1920&#215;1080<\/span><\/a><\/p>\n","protected":false},"featured_media":192803,"template":"","meta":[],"product_brand":[3860],"product_cat":[3751,3237],"product_tag":[],"class_list":{"0":"post-192818","1":"product","2":"type-product","3":"status-publish","4":"has-post-thumbnail","6":"product_brand-microsoft","7":"product_cat-tablets-surface-it","8":"product_cat-tablets-it","10":"first","11":"instock","12":"taxable","13":"shipping-taxable","14":"purchasable","15":"product-type-simple"},"bundled_by":[],"bundle_stock_status":"instock","bundle_stock_quantity":1,"bundle_virtual":false,"bundle_layout":"","bundle_add_to_cart_form_location":"","bundle_editable_in_cart":false,"bundle_sold_individually_context":"","bundle_item_grouping":"","bundle_min_size":"","bundle_max_size":"","bundle_price":[],"bundled_items":[],"bundle_sell_ids":[],"exclude_global_add_ons":true,"addons":{"pencil-upgrades":{"name":"Estensione Matita","type":"multiple_choice","position":0,"required":false,"title_format":"heading","default":"","description_enable":false,"description":"","placeholder_enable":false,"placeholder":"","display":"radiobutton","restrictions_type":"any_text","adjust_price":false,"price":"","price_type":"quantity_based","restrictions":false,"min":"0","max":"0","options":[{"label":"Original Microsoft Surface Stylus [AMP00087]","price":"50.0000","price_type":"quantity_based","image":0,"visibility":true}]},"os-upgrades":{"name":"Estensione SO","type":"multiple_choice","position":0,"required":false,"title_format":"heading","default":"","description_enable":false,"description":"","placeholder_enable":false,"placeholder":"","display":"radiobutton","restrictions_type":"any_text","adjust_price":false,"price":"","price_type":"quantity_based","restrictions":false,"min":"0","max":"0","options":[{"label":"Change language to French [AMP00125]","price":"0.0000","price_type":"quantity_based","image":0,"visibility":true},{"label":"Change language to English [AMP00008]","price":"0.0000","price_type":"quantity_based","image":0,"visibility":true},{"label":"Change language to Portuguese [AMP00009]","price":"0.0000","price_type":"quantity_based","image":0,"visibility":true}]}},"df_price":193,"df_sale_price":"","df_regular_price":193,"df_image_link":"https:\/\/digalco.com\/wp-content\/uploads\/images\/product\/11970\/ms00136_01-300x225.jpg","_links":{"self":[{"href":"https:\/\/digalco.com\/it\/wp-json\/wp\/v2\/product\/192818","targetHints":{"allow":["GET"]}}],"collection":[{"href":"https:\/\/digalco.com\/it\/wp-json\/wp\/v2\/product"}],"about":[{"href":"https:\/\/digalco.com\/it\/wp-json\/wp\/v2\/types\/product"}],"wp:featuredmedia":[{"embeddable":true,"href":"https:\/\/digalco.com\/it\/wp-json\/wp\/v2\/media\/192803"}],"wp:attachment":[{"href":"https:\/\/digalco.com\/it\/wp-json\/wp\/v2\/media?parent=192818"}],"wp:term":[{"taxonomy":"product_brand","embeddable":true,"href":"https:\/\/digalco.com\/it\/wp-json\/wp\/v2\/product_brand?post=192818"},{"taxonomy":"product_cat","embeddable":true,"href":"https:\/\/digalco.com\/it\/wp-json\/wp\/v2\/product_cat?post=192818"},{"taxonomy":"product_tag","embeddable":true,"href":"https:\/\/digalco.com\/it\/wp-json\/wp\/v2\/product_tag?post=192818"}],"curies":[{"name":"wp","href":"https:\/\/api.w.org\/{rel}","templated":true}]}}