{"id":207649,"date":"2024-07-15T17:45:20","date_gmt":"2024-07-15T15:45:20","guid":{"rendered":"https:\/\/digalco.com\/tienda\/switch-cisco-ws-c2960s-48ts-l-ricondizionato-it-12487\/"},"modified":"2024-12-10T16:33:39","modified_gmt":"2024-12-10T15:33:39","slug":"switch-cisco-ws-c2960s-48ts-l-ricondizionato-it-12487","status":"publish","type":"product","link":"https:\/\/digalco.com\/it\/tienda\/switch-cisco-ws-c2960s-48ts-l-ricondizionato-it-12487\/","title":{"rendered":"Switch CISCO WS-C2960S-48TS-L | Ricondizionato"},"content":{"rendered":"<p><strong>Generale stampante<\/strong><br \/>Switch<br \/><strong>Porte di rete<\/strong><br \/>48x Ethernet 1000 Mbps.<br \/>4x Fibra 1000 Mbps.<br \/><strong>Altri<\/strong><br \/>Imballaggio hR<br \/><strong>Dimensioni<\/strong><br \/>44.5x30x4.5 cm.<br \/><strong>Peso<\/strong><br \/>4.70 Kg.<br \/><strong>Specifiche aggiuntive<\/strong><br \/>Cisco WS-C2960S-48TS-L \u00e8 uno switch aziendale della serie Catalyst 2960-S, con 48 porte Gigabit Ethernet e 4 porte SFP per uplink. Offre funzionalit\u00e0 Layer 2, qualit\u00e0 del servizio (QoS), sicurezza avanzata e gestione tramite Cisco Network Assistant o CLI. \u00c8 ideale per le reti di accesso, garantendo elevata disponibilit\u00e0, efficienza energetica con Cisco EnergyWise e impilabilit\u00e0 con FlexStack per la scalabilit\u00e0. Progettato per implementazioni affidabili in ambienti aziendali o didattici.<\/p>\n","protected":false},"excerpt":{"rendered":"<p>Switch \u00b7 48x Ethernet 1000 Mbps. \u00b7 4x Fibra 1000 Mbps. \u00b7 Enrackable [&#8230;]<\/p>\n<p><a class=\"btn btn-secondary understrap-read-more-link\" href=\"https:\/\/digalco.com\/it\/tienda\/switch-cisco-ws-c2960s-48ts-l-ricondizionato-it-12487\/\">Leggi di pi\u00f9&#8230;<span class=\"screen-reader-text\"> from Switch CISCO WS-C2960S-48TS-L | Ricondizionato<\/span><\/a><\/p>\n","protected":false},"featured_media":207644,"template":"","meta":[],"product_brand":[3882],"product_cat":[3199],"product_tag":[],"class_list":{"0":"post-207649","1":"product","2":"type-product","3":"status-publish","4":"has-post-thumbnail","6":"product_brand-cisco","7":"product_cat-no-category-it","9":"first","10":"instock","11":"taxable","12":"shipping-taxable","13":"purchasable","14":"product-type-simple"},"bundled_by":[],"bundle_stock_status":"instock","bundle_stock_quantity":1,"bundle_virtual":false,"bundle_layout":"","bundle_add_to_cart_form_location":"","bundle_editable_in_cart":false,"bundle_sold_individually_context":"","bundle_item_grouping":"","bundle_min_size":"","bundle_max_size":"","bundle_price":[],"bundled_items":[],"bundle_sell_ids":[],"exclude_global_add_ons":[],"addons":[],"df_price":96,"df_sale_price":"","df_regular_price":96,"df_image_link":"https:\/\/digalco.com\/wp-content\/uploads\/images\/product\/12487\/cisc00089_01-300x225.jpg","_links":{"self":[{"href":"https:\/\/digalco.com\/it\/wp-json\/wp\/v2\/product\/207649","targetHints":{"allow":["GET"]}}],"collection":[{"href":"https:\/\/digalco.com\/it\/wp-json\/wp\/v2\/product"}],"about":[{"href":"https:\/\/digalco.com\/it\/wp-json\/wp\/v2\/types\/product"}],"wp:featuredmedia":[{"embeddable":true,"href":"https:\/\/digalco.com\/it\/wp-json\/wp\/v2\/media\/207644"}],"wp:attachment":[{"href":"https:\/\/digalco.com\/it\/wp-json\/wp\/v2\/media?parent=207649"}],"wp:term":[{"taxonomy":"product_brand","embeddable":true,"href":"https:\/\/digalco.com\/it\/wp-json\/wp\/v2\/product_brand?post=207649"},{"taxonomy":"product_cat","embeddable":true,"href":"https:\/\/digalco.com\/it\/wp-json\/wp\/v2\/product_cat?post=207649"},{"taxonomy":"product_tag","embeddable":true,"href":"https:\/\/digalco.com\/it\/wp-json\/wp\/v2\/product_tag?post=207649"}],"curies":[{"name":"wp","href":"https:\/\/api.w.org\/{rel}","templated":true}]}}