{"id":216313,"date":"2024-09-17T11:32:10","date_gmt":"2024-09-17T09:32:10","guid":{"rendered":"https:\/\/digalco.com\/tienda\/kiosco-all-in-one-advanpos-ep-5500-15-aio-ricondizionato-atom-18ghz-4-gb-ram-320-gb-hdd-it-12700\/"},"modified":"2025-10-07T11:39:17","modified_gmt":"2025-10-07T09:39:17","slug":"kiosco-all-in-one-advanpos-ep-5500-15-aio-ricondizionato-atom-18ghz-4-gb-ram-320-gb-hdd-it-12700","status":"publish","type":"product","link":"https:\/\/digalco.com\/it\/tienda\/kiosco-all-in-one-advanpos-ep-5500-15-aio-ricondizionato-atom-18ghz-4-gb-ram-320-gb-hdd-it-12700\/","title":{"rendered":"Kiosco All-In-One Advanpos-EP 5500 15&#8221; AIO | Ricondizionato | Atom 1.8GHz | 4 GB RAM | 320 GB HDD"},"content":{"rendered":"<p><strong>Processore<\/strong><br \/>Intel Atom D525 1.8 GHz.<br \/><strong>Formato<\/strong><br \/>AIO<br \/><strong>Memoria RAM<\/strong><br \/>4 Gb. SO-DDR3 RAM<br \/><strong>Disco duro<\/strong><br \/>320 Gb. SATA<br \/><strong>Carte<\/strong><br \/>Grafica: Intel Media Accelerator 3150<br \/>Suono: High Definicion Audio<br \/>Rete: Realtek Gigabit Ethernet<br \/><strong>Sistema operativo<\/strong><br \/>Windows 7 Pro<br \/><strong>Porte<\/strong><br \/>4x Serie<br \/>1x Parallelo<br \/>4x USB 2.0<br \/><strong>Schermo<\/strong><br \/>Tattile 15 &#8221; HD  16:9  \u00b7 Risoluzione 1024&#215;768<br \/><strong>Connettivit\u00e0<\/strong><br \/>1x RJ-45<br \/><strong>Altri<\/strong><br \/>Imballaggio hR<br \/><strong>Dimensioni<\/strong><br \/>126x45x40 cm.<br \/><strong>Peso<\/strong><br \/>90.00 Kg.<br \/><strong>Specifiche aggiuntive<\/strong><br \/><u>Design compatto ed elegante:<\/u> il suo formato All-in-One consente di risparmiare spazio e migliorare l&#8217;estetica del bancone, ideale per ambienti commerciali dove l&#8217;aspetto conta. <u>Durata: <\/u>costruito per resistere a un uso intensivo in ambienti commerciali, con un touchscreen robusto e componenti robusti. <u>Touchscreen multi-touch:<\/u> facilita l&#8217;interazione rapida e precisa, migliorando l&#8217;esperienza dell&#8217;utente e ottimizzando il servizio clienti. <u>Prestazioni affidabili:<\/u> dotato di processore Intel Atom offre prestazioni fluide per attivit\u00e0 di punto vendita e applicazioni aziendali. <u>Flessibilit\u00e0 e connettivit\u00e0: <\/u>offre pi\u00f9 porte per connettere le periferiche essenziali. <br \/><u>Facile da mantenere: <\/u>il suo design modulare consente un facile accesso per riparazioni o aggiornamenti, riducendo i tempi di fermo. <u>Sicurezza integrata: <\/u>include funzionalit\u00e0 di sicurezza sia fisiche (serrature) che tecnologiche (protezione dei dati) per ambienti aziendali esigenti. <br \/>Buon aspetto esteriore. Cerca in &#8220;+ Foto&#8221; e se hai domande, chiamaci o utilizza la nostra chat per ulteriori informazioni o per richiedere maggiori dettagli.<\/p>\n<p><strong>Commenti<\/strong><br \/><u>Stampante Epson TM-T88 V<\/u><\/p>\n","protected":false},"excerpt":{"rendered":"<p>Intel Atom D525 1.8 GHz. \u00b7 4 Gb. SO-DDR3 RAM \u00b7 320 Gb. SATA \u00b7 Windows 7 Pro \u00b7 Tattile 15 &#8221; HD  16:9  \u00b7 Risoluzione 1024&#215;768 \u00b7 <u>Stampante Epson TM-T88 V<\/u> [&#8230;]<\/p>\n<p><a class=\"btn btn-secondary understrap-read-more-link\" href=\"https:\/\/digalco.com\/it\/tienda\/kiosco-all-in-one-advanpos-ep-5500-15-aio-ricondizionato-atom-18ghz-4-gb-ram-320-gb-hdd-it-12700\/\">Leggi di pi\u00f9&#8230;<span class=\"screen-reader-text\"> from Kiosco All-In-One Advanpos-EP 5500 15&#8221; AIO | Ricondizionato | Atom 1.8GHz | 4 GB RAM | 320 GB HDD<\/span><\/a><\/p>\n","protected":false},"featured_media":216265,"template":"","meta":[],"product_brand":[3864],"product_cat":[3242,3241],"product_tag":[],"class_list":{"0":"post-216313","1":"product","2":"type-product","3":"status-publish","4":"has-post-thumbnail","6":"product_brand-generic","7":"product_cat-pos-all-in-one-it","8":"product_cat-pos-it","10":"first","11":"instock","12":"taxable","13":"shipping-taxable","14":"purchasable","15":"product-type-simple"},"bundled_by":[],"bundle_stock_status":"instock","bundle_stock_quantity":4,"bundle_virtual":false,"bundle_layout":"","bundle_add_to_cart_form_location":"","bundle_editable_in_cart":false,"bundle_sold_individually_context":"","bundle_item_grouping":"","bundle_min_size":"","bundle_max_size":"","bundle_price":[],"bundled_items":[],"bundle_sell_ids":[],"exclude_global_add_ons":[],"addons":[],"df_price":287,"df_sale_price":"","df_regular_price":287,"df_image_link":"https:\/\/digalco.com\/wp-content\/uploads\/images\/product\/12700\/gene00296_01-300x225.jpg","_links":{"self":[{"href":"https:\/\/digalco.com\/it\/wp-json\/wp\/v2\/product\/216313","targetHints":{"allow":["GET"]}}],"collection":[{"href":"https:\/\/digalco.com\/it\/wp-json\/wp\/v2\/product"}],"about":[{"href":"https:\/\/digalco.com\/it\/wp-json\/wp\/v2\/types\/product"}],"wp:featuredmedia":[{"embeddable":true,"href":"https:\/\/digalco.com\/it\/wp-json\/wp\/v2\/media\/216265"}],"wp:attachment":[{"href":"https:\/\/digalco.com\/it\/wp-json\/wp\/v2\/media?parent=216313"}],"wp:term":[{"taxonomy":"product_brand","embeddable":true,"href":"https:\/\/digalco.com\/it\/wp-json\/wp\/v2\/product_brand?post=216313"},{"taxonomy":"product_cat","embeddable":true,"href":"https:\/\/digalco.com\/it\/wp-json\/wp\/v2\/product_cat?post=216313"},{"taxonomy":"product_tag","embeddable":true,"href":"https:\/\/digalco.com\/it\/wp-json\/wp\/v2\/product_tag?post=216313"}],"curies":[{"name":"wp","href":"https:\/\/api.w.org\/{rel}","templated":true}]}}