{"id":224842,"date":"2024-11-05T12:05:16","date_gmt":"2024-11-05T11:05:16","guid":{"rendered":"https:\/\/digalco.com\/tienda\/lenovo-thinkcentre-m920s-sff-ricondizionato-core-i5-3ghz-16-gb-ram-256-gb-ssd-m2-it-12930\/"},"modified":"2026-04-01T08:52:35","modified_gmt":"2026-04-01T06:52:35","slug":"lenovo-thinkcentre-m920s-sff-ricondizionato-core-i5-3ghz-16-gb-ram-256-gb-ssd-m2-it-12930","status":"publish","type":"product","link":"https:\/\/digalco.com\/it\/tienda\/lenovo-thinkcentre-m920s-sff-ricondizionato-core-i5-3ghz-16-gb-ram-256-gb-ssd-m2-it-12930\/","title":{"rendered":"Lenovo ThinkCentre M920S SFF | Ricondizionato | Core i5 3GHz | 16 GB RAM | 256 GB SSD M2"},"content":{"rendered":"<p><strong>Processore<\/strong><br \/>Intel Core i5 8500 3 GHz.<br \/><strong>Formato<\/strong><br \/>SFF<br \/><strong>Memoria RAM<\/strong><br \/>16 Gb. DDR4 RAM<br \/><strong>Disco duro<\/strong><br \/>256 Gb. SSD M2<br \/><strong>Unit\u00e0 ottica<\/strong><br \/>DVD-RW<br \/><strong>Carte<\/strong><br \/>Grafica: Intel HD Graphics 630<br \/>Suono: High Definition Audio<br \/>Rete: Intel Ethernet Connection I219-LM<br \/><strong>Sistema operativo<\/strong><br \/>Windows 11 Pro<br \/><strong>Porte<\/strong><br \/>Serie<br \/>USB-C<br \/>8x USB 3.1<br \/><strong>Porte video<\/strong><br \/>VGA<br \/>2x Display Port<br \/><strong>Connettivit\u00e0<\/strong><br \/>RJ-45<br \/><strong>Altri<\/strong><br \/>Imballaggio hR<br \/><strong>Dimensioni<\/strong><br \/>34.3x29x9.2 cm.<br \/><strong>Peso<\/strong><br \/>6.00 Kg.<br \/><strong>Specifiche aggiuntive<\/strong><br \/>Il LENOVO ThinkCentre M920s \u00e8 un computer desktop professionale progettato per ambienti d\u2019ufficio e postazioni di lavoro esigenti che necessitano di potenza, affidabilit\u00e0 e capacit\u00e0 di espansione. Il suo processore Intel Core i5-8500 a 6 core da 3 GHz offre prestazioni costanti e rapide nel multitasking, software aziendali, strumenti di produttivit\u00e0 e applicazioni avanzate, mantenendo un consumo efficiente e un funzionamento silenzioso.<br \/>Con 16 GB di memoria DDR4, il sistema garantisce fluidit\u00e0 anche negli scenari di utilizzo intensivo, mentre l\u2019SSD M.2 da 256 GB consente avvii rapidi e accesso immediato a documenti e applicazioni, ottimizzando la produttivit\u00e0 quotidiana. L\u2019inclusione di un\u2019unit\u00e0 DVD-RW aggiunge flessibilit\u00e0 per l\u2019installazione di software o backup fisici. Dotato di Windows 11 Pro, offre un ambiente sicuro, moderno e pronto per la gestione aziendale avanzata.<br \/>Si distingue per la sua grande capacit\u00e0 di espansione, con 2 slot M.2 per lo storage (1 libero) e molteplici slot PCIe (2x x16 e 1x x1), che permettono di aggiungere schede grafiche, controller o unit\u00e0 aggiuntive man mano che crescono le esigenze dell\u2019azienda.<br \/>Robusto, affidabile ed efficiente, il ThinkCentre M920s \u00e8 un desktop espandibile e potente, ideale come PC aziendale che cerca durata, produttivit\u00e0 continua e la flessibilit\u00e0 di un sistema pronto a evolvere con l\u2019ambiente professionale.<br \/>Buon aspetto esterno. Guarda in \u201c+ Foto\u201d e &#8220;Video&#8221; e se hai dubbi chiamaci o usa la nostra chat per avere pi\u00f9 informazioni o richiedere ulteriori dettagli.<br \/><strong>Commenti<\/strong><br \/><u>1xM.2 2280 per storage disponibile &#8211; 2xPCIe X16 \/ 1xPCIe X1<\/u><\/p>\n","protected":false},"excerpt":{"rendered":"<p>Intel Core i5 8500 3 GHz. \u00b7 16 Gb. DDR4 RAM \u00b7 256 Gb. SSD M2 \u00b7 DVD-RW \u00b7 <strong>Windows 11 Pro<\/strong> \u00b7<br \/>\n<u>1xM.2 2280 per storage disponibile &#8211; 2xPCIe X16 \/ 1xPCIe X1<br \/>\n<\/u> [&#8230;]<\/p>\n<p><a class=\"btn btn-secondary understrap-read-more-link\" href=\"https:\/\/digalco.com\/it\/tienda\/lenovo-thinkcentre-m920s-sff-ricondizionato-core-i5-3ghz-16-gb-ram-256-gb-ssd-m2-it-12930\/\">Leggi di pi\u00f9&#8230;<span class=\"screen-reader-text\"> from Lenovo ThinkCentre M920S SFF | Ricondizionato | Core i5 3GHz | 16 GB RAM | 256 GB SSD M2<\/span><\/a><\/p>\n","protected":false},"featured_media":224807,"template":"","meta":[],"product_brand":[3856],"product_cat":[3209,3331],"product_tag":[],"class_list":{"0":"post-224842","1":"product","2":"type-product","3":"status-publish","4":"has-post-thumbnail","6":"product_brand-lenovo","7":"product_cat-computer-it","8":"product_cat-computer-intel-core-i5-it","10":"first","11":"instock","12":"taxable","13":"shipping-taxable","14":"purchasable","15":"product-type-simple"},"bundled_by":[],"bundle_stock_status":"instock","bundle_stock_quantity":3,"bundle_virtual":false,"bundle_layout":"","bundle_add_to_cart_form_location":"","bundle_editable_in_cart":false,"bundle_sold_individually_context":"","bundle_item_grouping":"","bundle_min_size":"","bundle_max_size":"","bundle_price":[],"bundled_items":[],"bundle_sell_ids":[],"exclude_global_add_ons":true,"addons":{"webcam-upgrades":{"name":"Estensione Webcam","type":"multiple_choice","position":0,"required":false,"title_format":"heading","default":"","description_enable":false,"description":"","placeholder_enable":false,"placeholder":"","display":"radiobutton","restrictions_type":"any_text","adjust_price":false,"price":"","price_type":"quantity_based","restrictions":false,"min":"0","max":"0","options":[{"label":"Conceptronic AMDIS FullHD [AMP00085]","price":"29.0000","price_type":"quantity_based","image":0,"visibility":true}]},"ram-memory-upgrades":{"name":"Espansione RAM","type":"multiple_choice","position":0,"required":false,"title_format":"heading","default":"","description_enable":false,"description":"","placeholder_enable":false,"placeholder":"","display":"radiobutton","restrictions_type":"any_text","adjust_price":false,"price":"","price_type":"quantity_based","restrictions":false,"min":"0","max":"0","options":[{"label":"32 Gb DIMM RAM extension [AMP00122]","price":"150.0000","price_type":"quantity_based","image":0,"visibility":true}]},"hdd-upgrades":{"name":"Estensione HDD","type":"multiple_choice","position":0,"required":false,"title_format":"heading","default":"","description_enable":false,"description":"","placeholder_enable":false,"placeholder":"","display":"radiobutton","restrictions_type":"any_text","adjust_price":false,"price":"","price_type":"quantity_based","restrictions":false,"min":"0","max":"0","options":[{"label":"SSD 1 Tb. M.2 2280 PCIe Upgrade [AMP00107]","price":"165.0000","price_type":"quantity_based","image":0,"visibility":true},{"label":"SSD 500 Gb. M.2 2280 PCIe Upgrade [AMP00106]","price":"110.0000","price_type":"quantity_based","image":0,"visibility":true},{"label":"1 Tb SSD disk. M.2 2280 PCIe Additional [AMP00109]","price":"170.0000","price_type":"quantity_based","image":0,"visibility":true},{"label":"Additional SSD 500 Gb. M.2 2280 PCIe [AMP00108]","price":"115.0000","price_type":"quantity_based","image":0,"visibility":true},{"label":"SSD 2 Tb. M.2 2280 PCIe Upgrade [AMP00171]","price":"260.0000","price_type":"quantity_based","image":0,"visibility":true},{"label":"2 Tb SSD disk. M.2 2280 PCIe Additional [AMP00176]","price":"265.0000","price_type":"quantity_based","image":0,"visibility":true}]},"graphic-card-upgrades":{"name":"Estensione scheda grafica","type":"multiple_choice","position":0,"required":false,"title_format":"heading","default":"","description_enable":false,"description":"","placeholder_enable":false,"placeholder":"","display":"radiobutton","restrictions_type":"any_text","adjust_price":false,"price":"","price_type":"quantity_based","restrictions":false,"min":"0","max":"0","options":[{"label":"Graphic Card 2 Gb. (1xDVI, 1xHDMI) [AMP00010]","price":"60.0000","price_type":"quantity_based","image":0,"visibility":true}]},"network-card-upgrades":{"name":"Estensione WIFI","type":"multiple_choice","position":0,"required":false,"title_format":"heading","default":"","description_enable":false,"description":"","placeholder_enable":false,"placeholder":"","display":"radiobutton","restrictions_type":"any_text","adjust_price":false,"price":"","price_type":"quantity_based","restrictions":false,"min":"0","max":"0","options":[{"label":"Wi-Fi PCI Card Upgrade [AMP00017]","price":"15.0000","price_type":"quantity_based","image":0,"visibility":true},{"label":"Wireless nano USB Upgrade [AMP00018]","price":"12.0000","price_type":"quantity_based","image":0,"visibility":true}]},"os-upgrades":{"name":"Estensione SO","type":"multiple_choice","position":0,"required":false,"title_format":"heading","default":"","description_enable":false,"description":"","placeholder_enable":false,"placeholder":"","display":"radiobutton","restrictions_type":"any_text","adjust_price":false,"price":"","price_type":"quantity_based","restrictions":false,"min":"0","max":"0","options":[{"label":"Change language to French [AMP00125]","price":"0.0000","price_type":"quantity_based","image":0,"visibility":true},{"label":"Change language to English [AMP00008]","price":"0.0000","price_type":"quantity_based","image":0,"visibility":true},{"label":"Change language to Portuguese [AMP00009]","price":"0.0000","price_type":"quantity_based","image":0,"visibility":true}]},"keyboard-upgrades":{"name":"Estensione tastiera","type":"multiple_choice","position":0,"required":false,"title_format":"heading","default":"","description_enable":false,"description":"","placeholder_enable":false,"placeholder":"","display":"radiobutton","restrictions_type":"any_text","adjust_price":false,"price":"","price_type":"quantity_based","restrictions":false,"min":"0","max":"0","options":[{"label":"Keyboard and Mouse [AMP00020]","price":"8.0000","price_type":"quantity_based","image":0,"visibility":true},{"label":"Portuguese New Keyboard and Mouse [AMP00088]","price":"15.0000","price_type":"quantity_based","image":0,"visibility":true},{"label":"Spanish USB Keyboard and Mouse (New) [AMP00068]","price":"12.0000","price_type":"quantity_based","image":0,"visibility":true}]}},"df_price":280,"df_sale_price":"","df_regular_price":280,"df_image_link":"https:\/\/digalco.com\/wp-content\/uploads\/images\/product\/12930\/leno00910_01-300x225.jpg","_links":{"self":[{"href":"https:\/\/digalco.com\/it\/wp-json\/wp\/v2\/product\/224842","targetHints":{"allow":["GET"]}}],"collection":[{"href":"https:\/\/digalco.com\/it\/wp-json\/wp\/v2\/product"}],"about":[{"href":"https:\/\/digalco.com\/it\/wp-json\/wp\/v2\/types\/product"}],"wp:featuredmedia":[{"embeddable":true,"href":"https:\/\/digalco.com\/it\/wp-json\/wp\/v2\/media\/224807"}],"wp:attachment":[{"href":"https:\/\/digalco.com\/it\/wp-json\/wp\/v2\/media?parent=224842"}],"wp:term":[{"taxonomy":"product_brand","embeddable":true,"href":"https:\/\/digalco.com\/it\/wp-json\/wp\/v2\/product_brand?post=224842"},{"taxonomy":"product_cat","embeddable":true,"href":"https:\/\/digalco.com\/it\/wp-json\/wp\/v2\/product_cat?post=224842"},{"taxonomy":"product_tag","embeddable":true,"href":"https:\/\/digalco.com\/it\/wp-json\/wp\/v2\/product_tag?post=224842"}],"curies":[{"name":"wp","href":"https:\/\/api.w.org\/{rel}","templated":true}]}}