{"id":231569,"date":"2024-12-05T09:59:36","date_gmt":"2024-12-05T08:59:36","guid":{"rendered":"https:\/\/digalco.com\/tienda\/router-cisco-881-router-ricondizionato-it-12524\/"},"modified":"2024-12-10T17:42:42","modified_gmt":"2024-12-10T16:42:42","slug":"router-cisco-881-router-ricondizionato-it-12524","status":"publish","type":"product","link":"https:\/\/digalco.com\/it\/tienda\/router-cisco-881-router-ricondizionato-it-12524\/","title":{"rendered":"Router CISCO 881 Router | Ricondizionato"},"content":{"rendered":"<p><strong>Generale stampante<\/strong><br \/>Router<br \/><strong>Porte di rete<\/strong><br \/>4x Ethernet 100 Mbps.<br \/>WAN 100 Mbps.<br \/><strong>Dimensioni<\/strong><br \/>32.5x25x4.5 cm.<br \/><strong>Peso<\/strong><br \/>1.00 Kg.<br \/><strong>Specifiche aggiuntive<\/strong><br \/>Il Cisco 881 Integrated Services Router (ISR) \u00e8 una soluzione robusta progettata per piccoli uffici e filiali, che offre una combinazione di connettivit\u00e0 sicura, prestazioni e funzionalit\u00e0 avanzate. Le sue caratteristiche pi\u00f9 importanti includono:<br \/><b>Specifiche chiave:<\/b><br \/><u>Connettivit\u00e0 WAN:<\/u> 1 porta Ethernet da 10\/100 Mbps per la connessione a Internet o reti WAN.<br \/><u>Connettivit\u00e0 LAN:<\/u> Switch integrato con 4 porte Ethernet 10\/100 Mbps.<br \/><u>Sicurezza:<\/u> Supporto per VPN IPsec (fino a 20 tunnel), firewall integrato e opzioni di contenuti filtrati concessi in licenza.<br \/><u>Wi-Fi integrato (opzionale):<\/u> Supporto per gli standard 802.11n (2,4 GHz) con antenne interne.<br \/><u>Supporto VoIP:<\/u> Su a 4 porte FXS per connessioni vocali (a seconda del modello SRST).<br \/><u>Protocollo di routing:<\/u> compatibile con RIPv1, RIPv2, BGP, OSPF e EIGRP.<br \/><u>Prestazioni elevate:<\/u> capacit\u00e0 di elaborazione fino a 15 Mbps di traffico VPN crittografato\u200b<\/p>\n","protected":false},"excerpt":{"rendered":"<p>Router \u00b7 4x Ethernet 100 Mbps. \u00b7 WAN 100 Mbps. \u00b7 PoE [&#8230;]<\/p>\n<p><a class=\"btn btn-secondary understrap-read-more-link\" href=\"https:\/\/digalco.com\/it\/tienda\/router-cisco-881-router-ricondizionato-it-12524\/\">Leggi di pi\u00f9&#8230;<span class=\"screen-reader-text\"> from Router CISCO 881 Router | Ricondizionato<\/span><\/a><\/p>\n","protected":false},"featured_media":231559,"template":"","meta":[],"product_brand":[3882],"product_cat":[3258],"product_tag":[],"class_list":{"0":"post-231569","1":"product","2":"type-product","3":"status-publish","4":"has-post-thumbnail","6":"product_brand-cisco","7":"product_cat-reti-it","9":"first","10":"instock","11":"taxable","12":"shipping-taxable","13":"purchasable","14":"product-type-simple"},"bundled_by":[],"bundle_stock_status":"instock","bundle_stock_quantity":3,"bundle_virtual":false,"bundle_layout":"","bundle_add_to_cart_form_location":"","bundle_editable_in_cart":false,"bundle_sold_individually_context":"","bundle_item_grouping":"","bundle_min_size":"","bundle_max_size":"","bundle_price":[],"bundled_items":[],"bundle_sell_ids":[],"exclude_global_add_ons":[],"addons":[],"df_price":102,"df_sale_price":"","df_regular_price":102,"df_image_link":"https:\/\/digalco.com\/wp-content\/uploads\/images\/product\/12524\/cisc00098_01-300x225.jpg","_links":{"self":[{"href":"https:\/\/digalco.com\/it\/wp-json\/wp\/v2\/product\/231569","targetHints":{"allow":["GET"]}}],"collection":[{"href":"https:\/\/digalco.com\/it\/wp-json\/wp\/v2\/product"}],"about":[{"href":"https:\/\/digalco.com\/it\/wp-json\/wp\/v2\/types\/product"}],"wp:featuredmedia":[{"embeddable":true,"href":"https:\/\/digalco.com\/it\/wp-json\/wp\/v2\/media\/231559"}],"wp:attachment":[{"href":"https:\/\/digalco.com\/it\/wp-json\/wp\/v2\/media?parent=231569"}],"wp:term":[{"taxonomy":"product_brand","embeddable":true,"href":"https:\/\/digalco.com\/it\/wp-json\/wp\/v2\/product_brand?post=231569"},{"taxonomy":"product_cat","embeddable":true,"href":"https:\/\/digalco.com\/it\/wp-json\/wp\/v2\/product_cat?post=231569"},{"taxonomy":"product_tag","embeddable":true,"href":"https:\/\/digalco.com\/it\/wp-json\/wp\/v2\/product_tag?post=231569"}],"curies":[{"name":"wp","href":"https:\/\/api.w.org\/{rel}","templated":true}]}}