{"id":232939,"date":"2024-12-16T16:18:32","date_gmt":"2024-12-16T15:18:32","guid":{"rendered":"https:\/\/digalco.com\/tienda\/hp-proliant-dl320-g5-barebone-rack-ricondizionato-xeon-24ghz-7-gb-ram-sas-it-12560\/"},"modified":"2024-12-16T16:18:40","modified_gmt":"2024-12-16T15:18:40","slug":"hp-proliant-dl320-g5-barebone-rack-ricondizionato-xeon-24ghz-7-gb-ram-sas-it-12560","status":"publish","type":"product","link":"https:\/\/digalco.com\/it\/tienda\/hp-proliant-dl320-g5-barebone-rack-ricondizionato-xeon-24ghz-7-gb-ram-sas-it-12560\/","title":{"rendered":"HP ProLiant DL320 G5 Barebone Rack | Ricondizionato | Xeon 2.4GHz | 7 GB RAM | SAS"},"content":{"rendered":"<p><strong>Processore<\/strong><br \/>Intel Xeon 3060 2.4 GHz.<br \/><strong>Formato<\/strong><br \/>Rack  (1U)<br \/><strong>Memoria RAM<\/strong><br \/>7 Gb. DDR2 ECC RAM<br \/>4 baies (0 vuoti )<br \/><strong>Disco duro<\/strong><br \/>SAS 3.5&#8221;<br \/>2 baies<br \/><strong>Unit\u00e0 ottica<\/strong><br \/>DVD-RW<br \/><strong>Carte<\/strong><br \/>Grafica: AMD ES1000<br \/>Rete: Ethernet Gigabit<br \/><strong>Sistema operativo<\/strong><br \/>&#8211; Nessun sistema operativo &#8211;<br \/><strong>Porte<\/strong><br \/>Serie<br \/>2x PS2<br \/>3x USB 3.0<br \/><strong>Connettivit\u00e0<\/strong><br \/>2x RJ-45<br \/><strong>Alimentazione<\/strong><br \/>Alimentatori<br \/><strong>Altri<\/strong><br \/>Imballaggio hR<br \/><strong>Dimensioni<\/strong><br \/>4.5&#215;48.5&#215;68 cm.<br \/><strong>Peso<\/strong><br \/>11.00 Kg.<br \/><strong>Specifiche aggiuntive<\/strong><br \/>HP ProLiant DL320 G5 \u00e8 un server compatto e affidabile, progettato per le piccole e medie imprese che richiedono una soluzione ad alte prestazioni e a basso costo. Dotato di un processore Intel da 2,4 GHz \u00c8 dotato di 2 alloggiamenti per unit\u00e0 SATA\/SAS per configurazioni di unit\u00e0 aggiuntive, nonch\u00e9 di un&#8217;unit\u00e0 DVD-RW.<br \/>Include 2 slot PCI, fornendo opzioni di espansione per soddisfare le future esigenze hardware. Compatto ed efficiente, HP ProLiant DL320 G5 \u00e8 la scelta ideale per le aziende che cercano un server affidabile e scalabile senza compromettere le prestazioni.<br \/>Esterno dall&#8217;aspetto gradevole. Se hai domande, chiamaci o utilizza la nostra chat per ulteriori informazioni o per richiedere maggiori dettagli.<\/p>\n<p><strong>Commenti<\/strong><br \/><u>2xPCI<\/u><\/p>\n","protected":false},"excerpt":{"rendered":"<p>Intel Xeon 3060 2.4 GHz. \u00b7 7 Gb. DDR2 ECC RAM \u00b7 4 baies (0 vuoti ) \u00b7 SAS 3.5&#8221; \u00b7 2 baies \u00b7 DVD-RW \u00b7 <u>2xPCI<\/u> [&#8230;]<\/p>\n<p><a class=\"btn btn-secondary understrap-read-more-link\" href=\"https:\/\/digalco.com\/it\/tienda\/hp-proliant-dl320-g5-barebone-rack-ricondizionato-xeon-24ghz-7-gb-ram-sas-it-12560\/\">Leggi di pi\u00f9&#8230;<span class=\"screen-reader-text\"> from HP ProLiant DL320 G5 Barebone Rack | Ricondizionato | Xeon 2.4GHz | 7 GB RAM | SAS<\/span><\/a><\/p>\n","protected":false},"featured_media":232934,"template":"","meta":[],"product_brand":[3854],"product_cat":[3746,3252,3250],"product_tag":[],"class_list":{"0":"post-232939","1":"product","2":"type-product","3":"status-publish","4":"has-post-thumbnail","6":"product_brand-hp","7":"product_cat-barebone-it","8":"product_cat-servers-rack-it","9":"product_cat-servers-it","11":"first","12":"instock","13":"taxable","14":"shipping-taxable","15":"purchasable","16":"product-type-simple"},"bundled_by":[],"bundle_stock_status":"instock","bundle_stock_quantity":1,"bundle_virtual":false,"bundle_layout":"","bundle_add_to_cart_form_location":"","bundle_editable_in_cart":false,"bundle_sold_individually_context":"","bundle_item_grouping":"","bundle_min_size":"","bundle_max_size":"","bundle_price":[],"bundled_items":[],"bundle_sell_ids":[],"exclude_global_add_ons":[],"addons":[],"df_price":84,"df_sale_price":"","df_regular_price":84,"df_image_link":"https:\/\/digalco.com\/wp-content\/uploads\/images\/product\/12560\/hp02667_01-300x225.jpg","_links":{"self":[{"href":"https:\/\/digalco.com\/it\/wp-json\/wp\/v2\/product\/232939","targetHints":{"allow":["GET"]}}],"collection":[{"href":"https:\/\/digalco.com\/it\/wp-json\/wp\/v2\/product"}],"about":[{"href":"https:\/\/digalco.com\/it\/wp-json\/wp\/v2\/types\/product"}],"wp:featuredmedia":[{"embeddable":true,"href":"https:\/\/digalco.com\/it\/wp-json\/wp\/v2\/media\/232934"}],"wp:attachment":[{"href":"https:\/\/digalco.com\/it\/wp-json\/wp\/v2\/media?parent=232939"}],"wp:term":[{"taxonomy":"product_brand","embeddable":true,"href":"https:\/\/digalco.com\/it\/wp-json\/wp\/v2\/product_brand?post=232939"},{"taxonomy":"product_cat","embeddable":true,"href":"https:\/\/digalco.com\/it\/wp-json\/wp\/v2\/product_cat?post=232939"},{"taxonomy":"product_tag","embeddable":true,"href":"https:\/\/digalco.com\/it\/wp-json\/wp\/v2\/product_tag?post=232939"}],"curies":[{"name":"wp","href":"https:\/\/api.w.org\/{rel}","templated":true}]}}