{"id":241618,"date":"2025-02-20T15:22:19","date_gmt":"2025-02-20T14:22:19","guid":{"rendered":"https:\/\/digalco.com\/tienda\/lenovo-thinkserver-td350-torre-ricondizionato-xeon-deca-core-26ghz-32-gb-ram-1024-gb-sas-it-13331\/"},"modified":"2026-02-16T15:57:54","modified_gmt":"2026-02-16T14:57:54","slug":"lenovo-thinkserver-td350-torre-ricondizionato-xeon-deca-core-26ghz-32-gb-ram-1024-gb-sas-it-13331","status":"publish","type":"product","link":"https:\/\/digalco.com\/it\/tienda\/lenovo-thinkserver-td350-torre-ricondizionato-xeon-deca-core-26ghz-32-gb-ram-1024-gb-sas-it-13331\/","title":{"rendered":"Lenovo ThinkServer TD350 Torre | Ricondizionato | Xeon Deca Core 2.6GHz | 32 GB RAM | 1024 GB SAS"},"content":{"rendered":"<p><strong>Processore<\/strong><br \/>Intel Xeon Deca Core E5-2660 V3 2.6 GHz.<br \/><strong>Formato<\/strong><br \/>Torre  (4U)<br \/><strong>Memoria RAM<\/strong><br \/>32 Gb. DDR4 ECC RAM<br \/>16 baies (12 vuoti )<br \/><strong>Disco duro<\/strong><br \/>2x 1.00 Tb. SAS 2.5&#8221;<br \/>16 baies (14 vuoti )<br \/><strong>Sistema operativo<\/strong><br \/>&#8211; Nessun sistema operativo &#8211;<br \/><strong>Porte<\/strong><br \/>Serie<br \/>2x USB 2.0<br \/>4x USB 3.0<br \/><strong>Connettivit\u00e0<\/strong><br \/>2x RJ-45<br \/><strong>Alimentazione<\/strong><br \/>2x Alimentatori (Hotplug)<br \/><strong>Dimensioni<\/strong><br \/>45x25x68 cm.<br \/><strong>Peso<\/strong><br \/>20.00 Kg.<br \/><strong>Specifiche aggiuntive<\/strong><br \/>Il Lenovo ThinkServer TD350 \u00e8 un server tower progettato per offrire prestazioni elevate, scalabilit\u00e0 e affidabilit\u00e0 negli ambienti aziendali. Dotato di un processore Intel da 2,6 GHz<br \/>Dispone di 2 unit\u00e0 SAS da 2,5&#8243; da 1 TB ciascuna, garantendo uno storage affidabile e ad alta velocit\u00e0, con 16 alloggiamenti in totale (14 disponibili per future espansioni). Incorpora il controller RAID 720ix, che offre una gestione avanzata dello storage con ridondanza e sicurezza per la protezione dei dati.<br \/>Con un&#8217;architettura flessibile e pi\u00f9 slot di espansione PCIe (2x X16 e 5x<br \/>Buon aspetto esteriore. Potrebbe presentare lievi segni di utilizzo sulla custodia. Guarda in &#8220;+ Foto&#8221; e &#8220;Video&#8221; e se hai domande chiamaci o usa la nostra chat per ampliare le informazioni o per richiedere maggiori dettagli.<br \/><strong>Commenti<\/strong><br \/><u>720ix RAID Controller \u2013 2xPCIe X16 \/ 5xPCIe X8<\/u><\/p>\n","protected":false},"excerpt":{"rendered":"<p>Intel Xeon Deca Core E5-2660 V3 2.6 GHz. \u00b7 32 Gb. DDR4 ECC RAM \u00b7 16 baies (12 vuoti ) \u00b7 2x 1.00 Tb. SAS 2.5&#8221; \u00b7 16 baies (14 vuoti ) \u00b7 <u>720ix RAID Controller \u2013 2xPCIe X16 \/ 5xPCIe X8<\/u> [&#8230;]<\/p>\n<p><a class=\"btn btn-secondary understrap-read-more-link\" href=\"https:\/\/digalco.com\/it\/tienda\/lenovo-thinkserver-td350-torre-ricondizionato-xeon-deca-core-26ghz-32-gb-ram-1024-gb-sas-it-13331\/\">Leggi di pi\u00f9&#8230;<span class=\"screen-reader-text\"> from Lenovo ThinkServer TD350 Torre | Ricondizionato | Xeon Deca Core 2.6GHz | 32 GB RAM | 1024 GB SAS<\/span><\/a><\/p>\n","protected":false},"featured_media":241608,"template":"","meta":[],"product_brand":[3856],"product_cat":[3250,3253],"product_tag":[],"class_list":{"0":"post-241618","1":"product","2":"type-product","3":"status-publish","4":"has-post-thumbnail","6":"product_brand-lenovo","7":"product_cat-servers-it","8":"product_cat-servers-tower-it","10":"first","11":"outofstock","12":"taxable","13":"shipping-taxable","14":"purchasable","15":"product-type-simple"},"bundled_by":[],"bundle_stock_status":"outofstock","bundle_stock_quantity":0,"bundle_virtual":false,"bundle_layout":"","bundle_add_to_cart_form_location":"","bundle_editable_in_cart":false,"bundle_sold_individually_context":"","bundle_item_grouping":"","bundle_min_size":"","bundle_max_size":"","bundle_price":[],"bundled_items":[],"bundle_sell_ids":[],"exclude_global_add_ons":true,"addons":{"ram-memory-upgrades":{"name":"Espansione RAM","type":"multiple_choice","position":0,"required":false,"title_format":"heading","default":"","description_enable":false,"description":"","placeholder_enable":false,"placeholder":"","display":"radiobutton","restrictions_type":"any_text","adjust_price":false,"price":"","price_type":"quantity_based","restrictions":false,"min":"0","max":"0","options":[{"label":"64 Gb RAM DDR4  ECC extension [AMP00134]","price":"230.0000","price_type":"quantity_based","image":0,"visibility":true}]},"hdd-upgrades":{"name":"Estensione HDD","type":"multiple_choice","position":0,"required":false,"title_format":"heading","default":"","description_enable":false,"description":"","placeholder_enable":false,"placeholder":"","display":"radiobutton","restrictions_type":"any_text","adjust_price":false,"price":"","price_type":"quantity_based","restrictions":false,"min":"0","max":"0","options":[{"label":"2x SSD 240 Gb. [AMP00058]","price":"100.0000","price_type":"quantity_based","image":0,"visibility":true},{"label":"2x SSD 480 Gb. [AMP00059]","price":"200.0000","price_type":"quantity_based","image":0,"visibility":true}]}},"df_price":517,"df_sale_price":"","df_regular_price":517,"df_image_link":"https:\/\/digalco.com\/wp-content\/uploads\/images\/product\/13331\/leno00943_01-300x225.jpg","_links":{"self":[{"href":"https:\/\/digalco.com\/it\/wp-json\/wp\/v2\/product\/241618","targetHints":{"allow":["GET"]}}],"collection":[{"href":"https:\/\/digalco.com\/it\/wp-json\/wp\/v2\/product"}],"about":[{"href":"https:\/\/digalco.com\/it\/wp-json\/wp\/v2\/types\/product"}],"wp:featuredmedia":[{"embeddable":true,"href":"https:\/\/digalco.com\/it\/wp-json\/wp\/v2\/media\/241608"}],"wp:attachment":[{"href":"https:\/\/digalco.com\/it\/wp-json\/wp\/v2\/media?parent=241618"}],"wp:term":[{"taxonomy":"product_brand","embeddable":true,"href":"https:\/\/digalco.com\/it\/wp-json\/wp\/v2\/product_brand?post=241618"},{"taxonomy":"product_cat","embeddable":true,"href":"https:\/\/digalco.com\/it\/wp-json\/wp\/v2\/product_cat?post=241618"},{"taxonomy":"product_tag","embeddable":true,"href":"https:\/\/digalco.com\/it\/wp-json\/wp\/v2\/product_tag?post=241618"}],"curies":[{"name":"wp","href":"https:\/\/api.w.org\/{rel}","templated":true}]}}