{"id":243678,"date":"2025-03-06T17:53:08","date_gmt":"2025-03-06T16:53:08","guid":{"rendered":"https:\/\/digalco.com\/tienda\/hp-elite-x2-g8-impecable-13-ricondizionato-core-i5-26ghz-8-gb-ram-256-gb-ssd-m2-3000x2000-it-13332\/"},"modified":"2026-04-14T12:56:15","modified_gmt":"2026-04-14T10:56:15","slug":"hp-elite-x2-g8-impecable-13-ricondizionato-core-i5-26ghz-8-gb-ram-256-gb-ssd-m2-3000x2000-it-13332","status":"publish","type":"product","link":"https:\/\/digalco.com\/it\/tienda\/hp-elite-x2-g8-impecable-13-ricondizionato-core-i5-26ghz-8-gb-ram-256-gb-ssd-m2-3000x2000-it-13332\/","title":{"rendered":"HP Elite X2 G8-Impecable 13&#8221; | Ricondizionato | Core i5 2.6GHz | 8 GB RAM | 256 GB SSD M2 3000&#215;2000"},"content":{"rendered":"<p><strong>Processore<\/strong><br \/>Intel Core i5 i5-1145G7 2.6 GHz.<br \/><strong>Memoria RAM<\/strong><br \/>8 Gb. SO-DDR3 RAM<br \/><strong>Disco duro<\/strong><br \/>256 Gb. SSD M2<br \/><strong>Carte<\/strong><br \/>Grafica: Intel Irix Xe Graphics<br \/>Suono: Audio Bang &amp; Olufsen<br \/><strong>Sistema operativo<\/strong><br \/>Windows 11 Pro<br \/><strong>Porte<\/strong><br \/>3x USB-C<br \/><strong>Schermo<\/strong><br \/>Tattile 13 &#8221; 2K 16:10  \u00b7 Risoluzione 3000&#215;2000<br \/><strong>Multimedia<\/strong><br \/>Lettore impronte<br \/>Webcam posteriore<br \/>Webcam frontale<br \/><strong>Connettivit\u00e0<\/strong><br \/>WIFI<br \/>Bluetooth<br \/>4G<br \/><strong>Altri<\/strong><br \/>Imballaggio hR<br \/><strong>Dimensioni<\/strong><br \/>29&#215;22.5&#215;2 cm.<br \/><strong>Peso<\/strong><br \/>1.15 Kg.<br \/><strong>Specifiche aggiuntive<\/strong><br \/>HP Elite X2 G8 \u00e8 un tablet 2 in 1 progettato per la produttivit\u00e0 e la mobilit\u00e0. Dotato di un potente Intel Core i5-1145G7 da 2,6 GHz, 8 GB di RAM SO-DDR3 e un SSD M2 da 256 GB, offre prestazioni fluide ed efficienti in qualsiasi ambiente.<br \/>Il suo display touch da 13 pollici 2K (3000&#215;2000) in formato 16:10 garantisce un&#8217;esperienza visiva eccezionale, perfetta per il lavoro e l&#8217;intrattenimento. Con Windows 11 Pro, fornisce sicurezza e funzionalit\u00e0 avanzate. Include tastiera internazionale con adesivi in \u200b\u200bspagnolo per un maggiore comfort di scrittura.<br \/>Aspetto esterno impeccabile. Guarda in &#8220;+ Foto&#8221; e se hai domande, chiamaci o usa la nostra chat per ulteriori informazioni o per richiedere maggiori dettagli.<br \/><strong>Commenti<\/strong><br \/><u>Tastiera internazionale<\/u><\/p>\n","protected":false},"excerpt":{"rendered":"<p>Intel Core i5 i5-1145G7 2.6 GHz. [TPM 2.0] \u00b7 8 Gb. SO-DDR3 RAM \u00b7 256 Gb. SSD M2 \u00b7 <strong>Windows 11 Pro<\/strong> \u00b7 Tattile 13 &#8221; 2K 16:10\u00b7<br \/>\n<u>Tastiera internazionale<br \/>\n<\/u> [&#8230;]<\/p>\n<p><a class=\"btn btn-secondary understrap-read-more-link\" href=\"https:\/\/digalco.com\/it\/tienda\/hp-elite-x2-g8-impecable-13-ricondizionato-core-i5-26ghz-8-gb-ram-256-gb-ssd-m2-3000x2000-it-13332\/\">Leggi di pi\u00f9&#8230;<span class=\"screen-reader-text\"> from HP Elite X2 G8-Impecable 13&#8221; | Ricondizionato | Core i5 2.6GHz | 8 GB RAM | 256 GB SSD M2 3000&#215;2000<\/span><\/a><\/p>\n","protected":false},"featured_media":243663,"template":"","meta":[],"product_brand":[3854],"product_cat":[3343,3237],"product_tag":[],"class_list":{"0":"post-243678","1":"product","2":"type-product","3":"status-publish","4":"has-post-thumbnail","6":"product_brand-hp","7":"product_cat-tablets-tablets-it","8":"product_cat-tablets-it","10":"first","11":"instock","12":"taxable","13":"shipping-taxable","14":"purchasable","15":"product-type-simple"},"bundled_by":[],"bundle_stock_status":"instock","bundle_stock_quantity":1,"bundle_virtual":false,"bundle_layout":"","bundle_add_to_cart_form_location":"","bundle_editable_in_cart":false,"bundle_sold_individually_context":"","bundle_item_grouping":"","bundle_min_size":"","bundle_max_size":"","bundle_price":[],"bundled_items":[],"bundle_sell_ids":[],"exclude_global_add_ons":true,"addons":{"keyboard-iso-upgrades":{"name":"Seleziona lingua della tastiera","type":"multiple_choice","position":0,"required":false,"title_format":"heading","default":"","description_enable":false,"description":"","placeholder_enable":false,"placeholder":"","display":"radiobutton","restrictions_type":"any_text","adjust_price":false,"price":"","price_type":"quantity_based","restrictions":false,"min":"0","max":"0","options":[{"label":"Spanish Stickers [AMP00082]","price":"0.0000","price_type":"quantity_based","image":0,"visibility":true},{"label":"French Stickers [AMP00084]","price":"0.0000","price_type":"quantity_based","image":0,"visibility":true},{"label":"Portuguese Stickers [AMP00083]","price":"0.0000","price_type":"quantity_based","image":0,"visibility":true}]},"pencil-upgrades":{"name":"Estensione Matita","type":"multiple_choice","position":0,"required":false,"title_format":"heading","default":"","description_enable":false,"description":"","placeholder_enable":false,"placeholder":"","display":"radiobutton","restrictions_type":"any_text","adjust_price":false,"price":"","price_type":"quantity_based","restrictions":false,"min":"0","max":"0","options":[{"label":"Active Stylus HP Elite X2 [AMP00092]","price":"35.0000","price_type":"quantity_based","image":0,"visibility":true}]},"os-upgrades":{"name":"Estensione SO","type":"multiple_choice","position":0,"required":false,"title_format":"heading","default":"","description_enable":false,"description":"","placeholder_enable":false,"placeholder":"","display":"radiobutton","restrictions_type":"any_text","adjust_price":false,"price":"","price_type":"quantity_based","restrictions":false,"min":"0","max":"0","options":[{"label":"Change language to French [AMP00125]","price":"0.0000","price_type":"quantity_based","image":0,"visibility":true},{"label":"Change language to English [AMP00008]","price":"0.0000","price_type":"quantity_based","image":0,"visibility":true},{"label":"Change language to Portuguese [AMP00009]","price":"0.0000","price_type":"quantity_based","image":0,"visibility":true}]}},"df_price":412,"df_sale_price":"","df_regular_price":412,"df_image_link":"https:\/\/digalco.com\/wp-content\/uploads\/images\/product\/13332\/hp02903_01-300x225.jpg","_links":{"self":[{"href":"https:\/\/digalco.com\/it\/wp-json\/wp\/v2\/product\/243678","targetHints":{"allow":["GET"]}}],"collection":[{"href":"https:\/\/digalco.com\/it\/wp-json\/wp\/v2\/product"}],"about":[{"href":"https:\/\/digalco.com\/it\/wp-json\/wp\/v2\/types\/product"}],"wp:featuredmedia":[{"embeddable":true,"href":"https:\/\/digalco.com\/it\/wp-json\/wp\/v2\/media\/243663"}],"wp:attachment":[{"href":"https:\/\/digalco.com\/it\/wp-json\/wp\/v2\/media?parent=243678"}],"wp:term":[{"taxonomy":"product_brand","embeddable":true,"href":"https:\/\/digalco.com\/it\/wp-json\/wp\/v2\/product_brand?post=243678"},{"taxonomy":"product_cat","embeddable":true,"href":"https:\/\/digalco.com\/it\/wp-json\/wp\/v2\/product_cat?post=243678"},{"taxonomy":"product_tag","embeddable":true,"href":"https:\/\/digalco.com\/it\/wp-json\/wp\/v2\/product_tag?post=243678"}],"curies":[{"name":"wp","href":"https:\/\/api.w.org\/{rel}","templated":true}]}}