{"id":251515,"date":"2025-05-06T14:06:10","date_gmt":"2025-05-06T12:06:10","guid":{"rendered":"https:\/\/digalco.com\/tienda\/hp-z24n-24-ips-1610-ricondizionato-1920x1200-it-13535\/"},"modified":"2026-03-30T15:57:13","modified_gmt":"2026-03-30T13:57:13","slug":"hp-z24n-24-ips-1610-ricondizionato-1920x1200-it-13535","status":"publish","type":"product","link":"https:\/\/digalco.com\/it\/tienda\/hp-z24n-24-ips-1610-ricondizionato-1920x1200-it-13535\/","title":{"rendered":"HP Z24n 24&#8221; IPS 16:10 | Ricondizionato | 1920&#215;1200"},"content":{"rendered":"<p><strong>Schermo<\/strong><br \/>IPS 24 &#8221; FullHD 16:10 \u00b7 Risoluzione 1920&#215;1200<br \/>Punto passo 0.270 mm<br \/>Risposta 7 ms<br \/>Contrasto 1000:1<br \/>Luminosit\u00e0 300 cd\/m2<br \/>Angolo visione 178\u00b0v\/178\u00b0h<br \/><strong>Porte video<\/strong><br \/>HDMI<br \/>Display Port<br \/>Mini Display Port<br \/>DVI<br \/><strong>Schermo specifico<\/strong><br \/>Supporto VESA<br \/>Peana<br \/>Regolabile in altezza<br \/><strong>Altri<\/strong><br \/>Imballaggio hR<br \/><strong>Dimensioni<\/strong><br \/>53.5&#215;39.5&#215;21 cm.<br \/><strong>Peso<\/strong><br \/>5.75 Kg.<br \/><strong>Specifiche aggiuntive<\/strong><br \/>HP Z24n \u00e8 un monitor professionale da 24 pollici che si distingue per il formato 16:10 e la risoluzione migliorata 1920&#215;1200, ideale per chi necessita di un&#8217;area di lavoro verticale pi\u00f9 ampia senza rinunciare alla nitidezza. Grazie al pannello IPS, offre colori precisi e uniformi da qualsiasi angolazione (178\u00b0\/178\u00b0), con una luminosit\u00e0 di 300 cd\/m\u00b2, un contrasto 1000:1 e un dot pitch di 0,270 mm che garantiscono una visione nitida e confortevole anche durante sessioni prolungate.Progettato per gli ambienti pi\u00f9 esigenti, HP Z24n \u00e8 dotato di connettivit\u00e0 avanzata, tra cui HDMI, DisplayPort, Mini DisplayPort, DVI e quattro porte USB 3.0 per un&#8217;integrazione flessibile con pi\u00f9 dispositivi e periferiche. Il tempo di risposta di 7 ms garantisce prestazioni fluide per attivit\u00e0 grafiche intensive, editing o multitasking.HP Z24n \u00e8 la scelta perfetta per i professionisti che cercano precisione, ergonomia e connettivit\u00e0 completa in un monitor durevole e affidabile, ottimizzato per ambienti di lavoro ad alte prestazioni.Buon aspetto esteriore. Guarda sotto \u201c+ Foto\u201d e se hai domande, chiamaci o usa la nostra chat per maggiori informazioni o per richiedere maggiori dettagli.<br \/><strong>Commenti<\/strong><br \/><u>4xUSB 3.0 &#8211; Cavo di alimentazione e DisplayPort inclusi<\/u><\/p>\n","protected":false},"excerpt":{"rendered":"<p>IPS 24 &#8221; FullHD 16:10\u00b7 Punto passo 0.270 mm \u00b7 Risposta 7 ms \u00b7 Contrasto 1000:1 \u00b7 Luminosit\u00e0 300 cd\/m2\u00b7 HDMI \u00b7 Display Port \u00b7 Mini Display Port \u00b7 DVI \u00b7<br \/>\n<u>4xUSB 3.0<\/u> &#8211; <u>Cavo di alimentazione e DisplayPort inclusi<br \/>\n<\/u> [&#8230;]<\/p>\n<p><a class=\"btn btn-secondary understrap-read-more-link\" href=\"https:\/\/digalco.com\/it\/tienda\/hp-z24n-24-ips-1610-ricondizionato-1920x1200-it-13535\/\">Leggi di pi\u00f9&#8230;<span class=\"screen-reader-text\"> from HP Z24n 24&#8221; IPS 16:10 | Ricondizionato | 1920&#215;1200<\/span><\/a><\/p>\n","protected":false},"featured_media":251465,"template":"","meta":[],"product_brand":[3854],"product_cat":[3324,3215],"product_tag":[],"class_list":{"0":"post-251515","1":"product","2":"type-product","3":"status-publish","4":"has-post-thumbnail","6":"product_brand-hp","7":"product_cat-monitor-24-it","8":"product_cat-monitor-it","10":"first","11":"instock","12":"taxable","13":"shipping-taxable","14":"purchasable","15":"product-type-simple"},"bundled_by":[],"bundle_stock_status":"instock","bundle_stock_quantity":2,"bundle_virtual":false,"bundle_layout":"","bundle_add_to_cart_form_location":"","bundle_editable_in_cart":false,"bundle_sold_individually_context":"","bundle_item_grouping":"","bundle_min_size":"","bundle_max_size":"","bundle_price":[],"bundled_items":[],"bundle_sell_ids":[],"exclude_global_add_ons":true,"addons":{"webcam-upgrades":{"name":"Estensione Webcam","type":"multiple_choice","position":0,"required":false,"title_format":"heading","default":"","description_enable":false,"description":"","placeholder_enable":false,"placeholder":"","display":"radiobutton","restrictions_type":"any_text","adjust_price":false,"price":"","price_type":"quantity_based","restrictions":false,"min":"0","max":"0","options":[{"label":"Conceptronic AMDIS FullHD [AMP00085]","price":"29.0000","price_type":"quantity_based","image":0,"visibility":true}]},"hdmi-upgrades":{"name":"Estensione cavo","type":"multiple_choice","position":0,"required":false,"title_format":"heading","default":"","description_enable":false,"description":"","placeholder_enable":false,"placeholder":"","display":"radiobutton","restrictions_type":"any_text","adjust_price":false,"price":"","price_type":"quantity_based","restrictions":false,"min":"0","max":"0","options":[{"label":"HDMI cable 2 mts. [AMP00104]","price":"6.0000","price_type":"quantity_based","image":0,"visibility":true},{"label":"Dual Link DVI-D M\/M Cable 1,8 mts. [AMP00102]","price":"2.0000","price_type":"quantity_based","image":0,"visibility":true}]}},"df_price":90,"df_sale_price":"","df_regular_price":90,"df_image_link":"https:\/\/digalco.com\/wp-content\/uploads\/images\/product\/13535\/hp02983_01-300x225.jpg","_links":{"self":[{"href":"https:\/\/digalco.com\/it\/wp-json\/wp\/v2\/product\/251515","targetHints":{"allow":["GET"]}}],"collection":[{"href":"https:\/\/digalco.com\/it\/wp-json\/wp\/v2\/product"}],"about":[{"href":"https:\/\/digalco.com\/it\/wp-json\/wp\/v2\/types\/product"}],"wp:featuredmedia":[{"embeddable":true,"href":"https:\/\/digalco.com\/it\/wp-json\/wp\/v2\/media\/251465"}],"wp:attachment":[{"href":"https:\/\/digalco.com\/it\/wp-json\/wp\/v2\/media?parent=251515"}],"wp:term":[{"taxonomy":"product_brand","embeddable":true,"href":"https:\/\/digalco.com\/it\/wp-json\/wp\/v2\/product_brand?post=251515"},{"taxonomy":"product_cat","embeddable":true,"href":"https:\/\/digalco.com\/it\/wp-json\/wp\/v2\/product_cat?post=251515"},{"taxonomy":"product_tag","embeddable":true,"href":"https:\/\/digalco.com\/it\/wp-json\/wp\/v2\/product_tag?post=251515"}],"curies":[{"name":"wp","href":"https:\/\/api.w.org\/{rel}","templated":true}]}}