{"id":251650,"date":"2025-05-06T16:33:02","date_gmt":"2025-05-06T14:33:02","guid":{"rendered":"https:\/\/digalco.com\/tienda\/nec-ea244wmi-blanco-24-led-1610-ricondizionato-1920x1200-it-3461\/"},"modified":"2025-10-18T10:35:50","modified_gmt":"2025-10-18T08:35:50","slug":"nec-ea244wmi-blanco-24-led-1610-ricondizionato-1920x1200-it-3461","status":"publish","type":"product","link":"https:\/\/digalco.com\/it\/tienda\/nec-ea244wmi-blanco-24-led-1610-ricondizionato-1920x1200-it-3461\/","title":{"rendered":"NEC EA244WMi Blanco 24&#8221; Led 16:10 | Ricondizionato | 1920&#215;1200"},"content":{"rendered":"<p><strong>Schermo<\/strong><br \/>Led 24 &#8221; FullHD con Altoparlanti \u00b7  16:10  \u00b7 Risoluzione 1920&#215;1200<br \/>Punto passo 0.27 mm<br \/>Risposta 5 ms<br \/>Contrasto 1000:1<br \/>Luminosit\u00e0 350 cd\/m2<br \/>Angolo visione 178\u00b0v\/178\u00b0h<br \/><strong>Porte video<\/strong><br \/>VGA<br \/>HDMI<br \/>Display Port<br \/>DVI<br \/><strong>Schermo specifico<\/strong><br \/>Supporto VESA<br \/>Peana<br \/>Regolabile in altezza<br \/><strong>Altri<\/strong><br \/>Imballaggio hR<br \/><strong>Dimensioni<\/strong><br \/>55.5x41x22 cm.<br \/><strong>Peso<\/strong><br \/>7.55 Kg.<br \/><strong>Specifiche aggiuntive<\/strong><br \/>Il NEC EA244WMi bianco \u00e8 un monitor LED da 24 pollici progettato per offrire precisione visiva, connettivit\u00e0 completa ed estetica raffinata negli spazi professionali. Il pannello con risoluzione 1920&#215;1200 in formato 16:10 offre un&#8217;area di lavoro verticale pi\u00f9 ampia rispetto al Full HD standard, ideale per attivit\u00e0 di editing, progettazione o produttivit\u00e0 intensiva. Grazie alla tecnologia IPS, offre una riproduzione precisa e uniforme dei colori da qualsiasi angolazione (178\u00b0\/178\u00b0), con un&#8217;elevata luminosit\u00e0 di 350 cd\/m\u00b2, un contrasto di 1000:1 e un dot pitch di 0,27 mm per un&#8217;immagine nitida e dettagliata.<br \/>Questo modello include altoparlanti integrati e molteplici opzioni di connessione, come VGA, HDMI, DisplayPort e DVI, facilitando l&#8217;integrazione con un&#8217;ampia gamma di dispositivi. Fornito con cavi di alimentazione e VGA inclusi per un&#8217;installazione rapida e semplice.<br \/>Il NEC EA244WMi White \u00e8 la scelta ideale per i professionisti che cercano prestazioni visive, connettivit\u00e0 versatile e un design moderno che si adatta perfettamente agli ambienti di ufficio o studio.<br \/>Buon aspetto esteriore. Se avete domande, non esitate a contattarci telefonicamente o a utilizzare la nostra chat per maggiori informazioni o per richiedere maggiori dettagli.<br \/><strong>Commenti<\/strong><br \/><u>Cavo Alimentazione e VGA Inclusi<\/u><\/p>\n","protected":false},"excerpt":{"rendered":"<p>Led 24 &#8221; FullHD con Altoparlanti \u00b7 16:10\u00b7 Punto passo 0.27 mm \u00b7 Risposta 5 ms \u00b7 Contrasto 1000:1 \u00b7 Luminosit\u00e0 350 cd\/m2\u00b7 VGA \u00b7 HDMI \u00b7 Display Port \u00b7 DVI \u00b7<br \/>\n<u>Cavo Alimentazione e VGA Inclusi<br \/>\n<\/u> [&#8230;]<\/p>\n<p><a class=\"btn btn-secondary understrap-read-more-link\" href=\"https:\/\/digalco.com\/it\/tienda\/nec-ea244wmi-blanco-24-led-1610-ricondizionato-1920x1200-it-3461\/\">Leggi di pi\u00f9&#8230;<span class=\"screen-reader-text\"> from NEC EA244WMi Blanco 24&#8221; Led 16:10 | Ricondizionato | 1920&#215;1200<\/span><\/a><\/p>\n","protected":false},"featured_media":251625,"template":"","meta":[],"product_brand":[3889],"product_cat":[3215,3324],"product_tag":[],"class_list":{"0":"post-251650","1":"product","2":"type-product","3":"status-publish","4":"has-post-thumbnail","6":"product_brand-nec","7":"product_cat-monitor-it","8":"product_cat-monitor-24-it","10":"first","11":"instock","12":"taxable","13":"shipping-taxable","14":"purchasable","15":"product-type-simple"},"bundled_by":[],"bundle_stock_status":"instock","bundle_stock_quantity":22,"bundle_virtual":false,"bundle_layout":"","bundle_add_to_cart_form_location":"","bundle_editable_in_cart":false,"bundle_sold_individually_context":"","bundle_item_grouping":"","bundle_min_size":"","bundle_max_size":"","bundle_price":[],"bundled_items":[],"bundle_sell_ids":[],"exclude_global_add_ons":true,"addons":{"webcam-upgrades":{"name":"Estensione Webcam","type":"multiple_choice","position":0,"required":false,"title_format":"heading","default":"","description_enable":false,"description":"","placeholder_enable":false,"placeholder":"","display":"radiobutton","restrictions_type":"any_text","adjust_price":false,"price":"","price_type":"quantity_based","restrictions":false,"min":"0","max":"0","options":[{"label":"Conceptronic AMDIS FullHD [AMP00085]","price":"29.0000","price_type":"quantity_based","image":0,"visibility":true}]},"hdmi-upgrades":{"name":"Estensione cavo","type":"multiple_choice","position":0,"required":false,"title_format":"heading","default":"","description_enable":false,"description":"","placeholder_enable":false,"placeholder":"","display":"radiobutton","restrictions_type":"any_text","adjust_price":false,"price":"","price_type":"quantity_based","restrictions":false,"min":"0","max":"0","options":[{"label":"Dual Link DVI-D M\/M Cable 1,8 mts. [AMP00102]","price":"2.0000","price_type":"quantity_based","image":0,"visibility":true},{"label":"DisplayPort to DisplayPort cable 1,8 mts. [AMP00103]","price":"8.0000","price_type":"quantity_based","image":0,"visibility":true},{"label":"HDMI cable 2 mts. [AMP00104]","price":"6.0000","price_type":"quantity_based","image":0,"visibility":true}]}},"df_price":69,"df_sale_price":"","df_regular_price":69,"df_image_link":"https:\/\/digalco.com\/wp-content\/uploads\/images\/product\/3461\/nec00009_01-300x225.jpg","_links":{"self":[{"href":"https:\/\/digalco.com\/it\/wp-json\/wp\/v2\/product\/251650","targetHints":{"allow":["GET"]}}],"collection":[{"href":"https:\/\/digalco.com\/it\/wp-json\/wp\/v2\/product"}],"about":[{"href":"https:\/\/digalco.com\/it\/wp-json\/wp\/v2\/types\/product"}],"wp:featuredmedia":[{"embeddable":true,"href":"https:\/\/digalco.com\/it\/wp-json\/wp\/v2\/media\/251625"}],"wp:attachment":[{"href":"https:\/\/digalco.com\/it\/wp-json\/wp\/v2\/media?parent=251650"}],"wp:term":[{"taxonomy":"product_brand","embeddable":true,"href":"https:\/\/digalco.com\/it\/wp-json\/wp\/v2\/product_brand?post=251650"},{"taxonomy":"product_cat","embeddable":true,"href":"https:\/\/digalco.com\/it\/wp-json\/wp\/v2\/product_cat?post=251650"},{"taxonomy":"product_tag","embeddable":true,"href":"https:\/\/digalco.com\/it\/wp-json\/wp\/v2\/product_tag?post=251650"}],"curies":[{"name":"wp","href":"https:\/\/api.w.org\/{rel}","templated":true}]}}