{"id":251733,"date":"2025-05-06T17:04:53","date_gmt":"2025-05-06T15:04:53","guid":{"rendered":"https:\/\/digalco.com\/tienda\/elo-1919l-185-tattile-169-ricondizionato-1366x768-it-13533\/"},"modified":"2025-12-10T22:36:08","modified_gmt":"2025-12-10T21:36:08","slug":"elo-1919l-185-tattile-169-ricondizionato-1366x768-it-13533","status":"publish","type":"product","link":"https:\/\/digalco.com\/it\/tienda\/elo-1919l-185-tattile-169-ricondizionato-1366x768-it-13533\/","title":{"rendered":"ELO 1919L 18.5&#8221; Tattile 16:9 | Ricondizionato | 1366&#215;768"},"content":{"rendered":"<p><strong>Schermo<\/strong><br \/>Tattile 18.5 &#8221; HD con Altoparlanti \u00b7  16:9  \u00b7 Risoluzione 1366&#215;768<br \/>Risposta 5 ms<br \/>Contrasto 1000:1<br \/>Luminosit\u00e0 250 cd\/m2<br \/>Angolo visione 85\u00b0v\/170\u00b0h<br \/><strong>Porte video<\/strong><br \/>VGA<br \/><strong>Schermo specifico<\/strong><br \/>Supporto VESA<br \/>Peana<br \/><strong>Altri<\/strong><br \/>Imballaggio hR<br \/><strong>Dimensioni<\/strong><br \/>45x20x4 cm.<br \/><strong>Peso<\/strong><br \/>7.00 Kg.<br \/><strong>Specifiche aggiuntive<\/strong><br \/>Il monitor touch POS ELO 1919L da 18,5 pollici \u00e8 un display professionale progettato per ambienti commerciali che richiedono precisione, comfort e durata. Il suo formato widescreen 16:9 con risoluzione HD 1366&#215;768 offre una visualizzazione nitida e ampia, ideale per punti vendita, ospitalit\u00e0 o ambienti self-service. \u00c8 dotato di tecnologia touch ad alta sensibilit\u00e0 integrata con altoparlanti che facilitano l&#8217;interazione con la gestione delle vendite o le applicazioni di assistenza clienti. Il suo livello di luminosit\u00e0 di 250 cd\/m2 e contrasto 1000 a 1 garantisce un&#8217;ottima visibilit\u00e0 anche in spazi molto illuminati e il suo ampio angolo di visione di 85 gradi in verticale e 170 gradi in orizzontale consente una lettura chiara da diverse posizioni. L&#8217;ELO 1919L include un ingresso VGA e viene fornito con un cavo di alimentazione e VGA pronto per l&#8217;installazione, il che lo rende una soluzione affidabile e versatile per qualsiasi sistema di punto vendita che necessiti di un touch screen professionale e resistente.<br \/>Buon aspetto esteriore. Potrebbero esserci lievi segni di usura sulla custodia. Se avete domande, non esitate a contattarci telefonicamente o a utilizzare la nostra chat per maggiori informazioni o per richiedere maggiori dettagli.<br \/><strong>Commenti<\/strong><br \/><u>1&#215;3,5mm TRS Jack \/ 2&#215;3,5mm TRS Jack \/ 1xRS232 &#8211; Cavo Alimentazione e VGA Inclusi<\/u><\/p>\n","protected":false},"excerpt":{"rendered":"<p><strong>Tattile 18.5 &#8221;<\/strong> HD con Altoparlanti \u00b7 16:9 \u00b7 Risoluzione 1366&#215;768 \u00b7 Contrasto 1000:1 \u00b7 Luminosit\u00e0 250 cd\/m2 \u00b7 Angolo visione 85\u00b0v\/170\u00b0h \u00b7 VGA \u00b7<br \/>\n<u>1&#215;3,5mm TRS Jack \/ 2&#215;3,5mm TRS Jack \/ 1xRS232<\/u> \u00b7 <u>Cavo Alimentazione e VGA Inclusi<br \/>\n<\/u> [&#8230;]<\/p>\n<p><a class=\"btn btn-secondary understrap-read-more-link\" href=\"https:\/\/digalco.com\/it\/tienda\/elo-1919l-185-tattile-169-ricondizionato-1366x768-it-13533\/\">Leggi di pi\u00f9&#8230;<span class=\"screen-reader-text\"> from ELO 1919L 18.5&#8221; Tattile 16:9 | Ricondizionato | 1366&#215;768<\/span><\/a><\/p>\n","protected":false},"featured_media":251713,"template":"","meta":[],"product_brand":[3874],"product_cat":[3215,3241,3216,3246],"product_tag":[],"class_list":{"0":"post-251733","1":"product","2":"type-product","3":"status-publish","4":"has-post-thumbnail","6":"product_brand-elo","7":"product_cat-monitor-it","8":"product_cat-pos-it","9":"product_cat-monitor-tattili-it","10":"product_cat-pos-monitors-it","12":"first","13":"instock","14":"taxable","15":"shipping-taxable","16":"purchasable","17":"product-type-simple"},"bundled_by":[],"bundle_stock_status":"instock","bundle_stock_quantity":109,"bundle_virtual":false,"bundle_layout":"","bundle_add_to_cart_form_location":"","bundle_editable_in_cart":false,"bundle_sold_individually_context":"","bundle_item_grouping":"","bundle_min_size":"","bundle_max_size":"","bundle_price":[],"bundled_items":[],"bundle_sell_ids":[],"exclude_global_add_ons":[],"addons":[],"df_price":150,"df_sale_price":"","df_regular_price":150,"df_image_link":"https:\/\/digalco.com\/wp-content\/uploads\/images\/product\/13533\/elo00013_01-300x225.jpg","_links":{"self":[{"href":"https:\/\/digalco.com\/it\/wp-json\/wp\/v2\/product\/251733","targetHints":{"allow":["GET"]}}],"collection":[{"href":"https:\/\/digalco.com\/it\/wp-json\/wp\/v2\/product"}],"about":[{"href":"https:\/\/digalco.com\/it\/wp-json\/wp\/v2\/types\/product"}],"wp:featuredmedia":[{"embeddable":true,"href":"https:\/\/digalco.com\/it\/wp-json\/wp\/v2\/media\/251713"}],"wp:attachment":[{"href":"https:\/\/digalco.com\/it\/wp-json\/wp\/v2\/media?parent=251733"}],"wp:term":[{"taxonomy":"product_brand","embeddable":true,"href":"https:\/\/digalco.com\/it\/wp-json\/wp\/v2\/product_brand?post=251733"},{"taxonomy":"product_cat","embeddable":true,"href":"https:\/\/digalco.com\/it\/wp-json\/wp\/v2\/product_cat?post=251733"},{"taxonomy":"product_tag","embeddable":true,"href":"https:\/\/digalco.com\/it\/wp-json\/wp\/v2\/product_tag?post=251733"}],"curies":[{"name":"wp","href":"https:\/\/api.w.org\/{rel}","templated":true}]}}