{"id":258651,"date":"2025-06-10T16:43:49","date_gmt":"2025-06-10T14:43:49","guid":{"rendered":"https:\/\/digalco.com\/tienda\/hp-proliant-dl320-g5-barebone-rack-ricondizionato-xeon-25ghz-8-gb-ram-sas-it-12566\/"},"modified":"2025-06-10T16:43:57","modified_gmt":"2025-06-10T14:43:57","slug":"hp-proliant-dl320-g5-barebone-rack-ricondizionato-xeon-25ghz-8-gb-ram-sas-it-12566","status":"publish","type":"product","link":"https:\/\/digalco.com\/it\/tienda\/hp-proliant-dl320-g5-barebone-rack-ricondizionato-xeon-25ghz-8-gb-ram-sas-it-12566\/","title":{"rendered":"HP ProLiant DL320 G5 Barebone Rack | Ricondizionato | Xeon 2.5GHz | 8 GB RAM | SAS"},"content":{"rendered":"<p><strong>Processore<\/strong><br \/>Intel Xeon x3320 2.5 GHz.<br \/><strong>Formato<\/strong><br \/>Rack  (1U)<br \/><strong>Memoria RAM<\/strong><br \/>8 Gb. DDR2 ECC RAM<br \/>4 baies (0 vuoti )<br \/><strong>Disco duro<\/strong><br \/>SAS 3.5&#8221; 10000rpm<br \/>SAS 3.5&#8221; 10000rpm<br \/>4 baies<br \/><strong>Unit\u00e0 ottica<\/strong><br \/>Combo (CD-RW\/DVD)<br \/><strong>Carte<\/strong><br \/>Grafica: AMD ES1000<br \/>Rete: BCM5715 Gigabit Ethernet<br \/><strong>Sistema operativo<\/strong><br \/>&#8211; Nessun sistema operativo &#8211;<br \/><strong>Porte<\/strong><br \/>Serie<br \/>2x PS2<br \/>4x USB 3.0<br \/><strong>Connettivit\u00e0<\/strong><br \/>4x RJ-45<br \/><strong>Alimentazione<\/strong><br \/>Alimentatori<br \/><strong>Altri<\/strong><br \/>Imballaggio hR<br \/><strong>Dimensioni<\/strong><br \/>4.5&#215;48.5&#215;68 cm.<br \/><strong>Peso<\/strong><br \/>11.00 Kg.<br \/><strong>Specifiche aggiuntive<\/strong><br \/>HP ProLiant DL320 G5 \u00e8 un server compatto e affidabile, progettato per piccole e medie imprese che necessitano di una soluzione ad alte prestazioni e a basso costo. Dotato di un processore Intel Xeon x3320 da 2,5 GHz e di 8 GB di RAM DDR2 ECC, offre una solida base per attivit\u00e0 aziendali, virtualizzazione leggera e applicazioni mission-critical. Il server non include dischi. \u00c8 dotato di quattro alloggiamenti per unit\u00e0 SATA\/SAS per configurazioni di unit\u00e0 aggiuntive, oltre a un&#8217;unit\u00e0 DVD-RW. Compatto ed efficiente, HP ProLiant DL320 G5 \u00e8 la scelta ideale per le aziende che cercano un server affidabile e scalabile senza compromettere le prestazioni. Esteticamente gradevole. Per qualsiasi domanda, non esitate a contattarci telefonicamente o tramite la nostra chat per ulteriori informazioni o per richiedere maggiori dettagli.<br \/><strong>Commenti<\/strong><br \/><u>Intel 82801GR Raid Controller &#8211; 2xPCIe X8 \/ 2xPCIe X1<\/u><\/p>\n","protected":false},"excerpt":{"rendered":"<p>Intel Xeon x3320 2.5 GHz. \u00b7 8 Gb. DDR2 ECC RAM \u00b7 4 baies (0 vuoti ) \u00b7 SAS 3.5&#8221; 10000rpm \u00b7 SAS 3.5&#8221; 10000rpm \u00b7 4 baies \u00b7 Combo (CD-RW\/DVD) \u00b7 <u>Intel 82801GR Raid Controller &#8211; 2xPCIe X8 \/ 2xPCIe X1<\/u> [&#8230;]<\/p>\n<p><a class=\"btn btn-secondary understrap-read-more-link\" href=\"https:\/\/digalco.com\/it\/tienda\/hp-proliant-dl320-g5-barebone-rack-ricondizionato-xeon-25ghz-8-gb-ram-sas-it-12566\/\">Leggi di pi\u00f9&#8230;<span class=\"screen-reader-text\"> from HP ProLiant DL320 G5 Barebone Rack | Ricondizionato | Xeon 2.5GHz | 8 GB RAM | SAS<\/span><\/a><\/p>\n","protected":false},"featured_media":258641,"template":"","meta":[],"product_brand":[3854],"product_cat":[3746,3252,3250],"product_tag":[],"class_list":{"0":"post-258651","1":"product","2":"type-product","3":"status-publish","4":"has-post-thumbnail","6":"product_brand-hp","7":"product_cat-barebone-it","8":"product_cat-servers-rack-it","9":"product_cat-servers-it","11":"first","12":"instock","13":"taxable","14":"shipping-taxable","15":"purchasable","16":"product-type-simple"},"bundled_by":[],"bundle_stock_status":"instock","bundle_stock_quantity":1,"bundle_virtual":false,"bundle_layout":"","bundle_add_to_cart_form_location":"","bundle_editable_in_cart":false,"bundle_sold_individually_context":"","bundle_item_grouping":"","bundle_min_size":"","bundle_max_size":"","bundle_price":[],"bundled_items":[],"bundle_sell_ids":[],"exclude_global_add_ons":true,"addons":{"hdd-upgrades":{"name":"Estensione HDD","type":"multiple_choice","position":0,"required":false,"title_format":"heading","default":"","description_enable":false,"description":"","placeholder_enable":false,"placeholder":"","display":"radiobutton","restrictions_type":"any_text","adjust_price":false,"price":"","price_type":"quantity_based","restrictions":false,"min":"0","max":"0","options":[{"label":"2x SSD 240 Gb. [AMP00058]","price":"100.0000","price_type":"quantity_based","image":0,"visibility":true},{"label":"2x SSD 480 Gb. [AMP00059]","price":"200.0000","price_type":"quantity_based","image":0,"visibility":true}]}},"df_price":84,"df_sale_price":"","df_regular_price":84,"df_image_link":"https:\/\/digalco.com\/wp-content\/uploads\/images\/product\/12566\/hp02672_01-300x225.jpg","_links":{"self":[{"href":"https:\/\/digalco.com\/it\/wp-json\/wp\/v2\/product\/258651","targetHints":{"allow":["GET"]}}],"collection":[{"href":"https:\/\/digalco.com\/it\/wp-json\/wp\/v2\/product"}],"about":[{"href":"https:\/\/digalco.com\/it\/wp-json\/wp\/v2\/types\/product"}],"wp:featuredmedia":[{"embeddable":true,"href":"https:\/\/digalco.com\/it\/wp-json\/wp\/v2\/media\/258641"}],"wp:attachment":[{"href":"https:\/\/digalco.com\/it\/wp-json\/wp\/v2\/media?parent=258651"}],"wp:term":[{"taxonomy":"product_brand","embeddable":true,"href":"https:\/\/digalco.com\/it\/wp-json\/wp\/v2\/product_brand?post=258651"},{"taxonomy":"product_cat","embeddable":true,"href":"https:\/\/digalco.com\/it\/wp-json\/wp\/v2\/product_cat?post=258651"},{"taxonomy":"product_tag","embeddable":true,"href":"https:\/\/digalco.com\/it\/wp-json\/wp\/v2\/product_tag?post=258651"}],"curies":[{"name":"wp","href":"https:\/\/api.w.org\/{rel}","templated":true}]}}