{"id":258786,"date":"2025-06-11T13:50:34","date_gmt":"2025-06-11T11:50:34","guid":{"rendered":"https:\/\/digalco.com\/tienda\/microsoft-surface-pro-7-plus-123-ricondizionato-core-i5-24ghz-16-gb-ram-256-gb-ssd-m2-2736x1824-it-13704\/"},"modified":"2026-04-15T17:04:19","modified_gmt":"2026-04-15T15:04:19","slug":"microsoft-surface-pro-7-plus-123-ricondizionato-core-i5-24ghz-16-gb-ram-256-gb-ssd-m2-2736x1824-it-13704","status":"publish","type":"product","link":"https:\/\/digalco.com\/it\/tienda\/microsoft-surface-pro-7-plus-123-ricondizionato-core-i5-24ghz-16-gb-ram-256-gb-ssd-m2-2736x1824-it-13704\/","title":{"rendered":"Microsoft Surface Pro 7 Plus 12.3&#8221; | Ricondizionato | Core i5 2.4GHz | 16 GB RAM | 256 GB SSD M2 2736&#215;1824"},"content":{"rendered":"<p><strong>Processore<\/strong><br \/>Intel Core i5 1135G7 2.4 GHz.<br \/><strong>Memoria RAM<\/strong><br \/>16 Gb. SO-DDR4 RAM<br \/><strong>Disco duro<\/strong><br \/>256 Gb. SSD M2<br \/><strong>Carte<\/strong><br \/>Grafica: Intel Iris Xe Graphics<br \/>Suono: High Definition Audio<br \/><strong>Sistema operativo<\/strong><br \/>Windows 11 Pro<br \/><strong>Porte<\/strong><br \/>USB 3.0<br \/>USB-C<br \/><strong>Schermo<\/strong><br \/>Tattile 12.3 &#8221; 2K 16:9  \u00b7 Risoluzione 2736&#215;1824<br \/><strong>Multimedia<\/strong><br \/>Webcam posteriore<br \/>Webcam frontale<br \/><strong>Connettivit\u00e0<\/strong><br \/>WIFI<br \/>Bluetooth<br \/><strong>Altri<\/strong><br \/>Imballaggio hR<br \/><strong>Dimensioni<\/strong><br \/>29.2&#215;20.1&#215;0.85 cm.<br \/><strong>Peso<\/strong><br \/>0.79 Kg.<br \/><strong>Specifiche aggiuntive<\/strong><br \/>Microsoft Surface Pro 7 Plus \u00e8 la soluzione perfetta per chi cerca mobilit\u00e0 senza rinunciare alle prestazioni. Dotato di un processore Intel Core i5-1135G7 da 2,4 GHz, 16 GB di RAM SO-DDR4 e un veloce SSD M.2 da 256 GB, questo tablet convertibile garantisce prestazioni agili e fluide per attivit\u00e0 professionali, creative o d&#8217;ufficio.<br \/>Il suo touchscreen da 12,3 pollici con risoluzione 2K (2736 x 1824) e rapporto d&#8217;aspetto 16:9 offre un&#8217;esperienza visiva nitida e immersiva. Con Windows 11 Pro e TPM 2.0, offre un ambiente moderno e sicuro, ideale per ambienti aziendali e lavoro da remoto.<br \/>Leggero, potente e versatile, Surface Pro 7 Plus \u00e8 lo strumento ideale per gli utenti che cercano un tablet-laptop convertibile di alta qualit\u00e0 con la massima efficienza e portabilit\u00e0.<br \/>Elegante design. Consulta &#8220;+ Foto&#8221; e &#8220;Video&#8221; e, per qualsiasi domanda, chiamaci o usa la nostra chat per maggiori informazioni o per richiedere maggiori dettagli.<\/p>\n","protected":false},"excerpt":{"rendered":"<p>Intel Core i5 1135G7 2.4 GHz. \u00b7 16 Gb. SO-DDR4 RAM \u00b7 256 Gb. SSD M2 \u00b7 <strong>Windows 11 Pro<\/strong> \u00b7 Tattile 12.3 &#8221; 2K 16:9 \u00b7 Risoluzione 2736&#215;1824 [&#8230;]<\/p>\n<p><a class=\"btn btn-secondary understrap-read-more-link\" href=\"https:\/\/digalco.com\/it\/tienda\/microsoft-surface-pro-7-plus-123-ricondizionato-core-i5-24ghz-16-gb-ram-256-gb-ssd-m2-2736x1824-it-13704\/\">Leggi di pi\u00f9&#8230;<span class=\"screen-reader-text\"> from Microsoft Surface Pro 7 Plus 12.3&#8221; | Ricondizionato | Core i5 2.4GHz | 16 GB RAM | 256 GB SSD M2 2736&#215;1824<\/span><\/a><\/p>\n","protected":false},"featured_media":258751,"template":"","meta":[],"product_brand":[3860],"product_cat":[3751,3237],"product_tag":[],"class_list":{"0":"post-258786","1":"product","2":"type-product","3":"status-publish","4":"has-post-thumbnail","6":"product_brand-microsoft","7":"product_cat-tablets-surface-it","8":"product_cat-tablets-it","10":"first","11":"outofstock","12":"taxable","13":"shipping-taxable","14":"purchasable","15":"product-type-simple"},"bundled_by":[],"bundle_stock_status":"outofstock","bundle_stock_quantity":0,"bundle_virtual":false,"bundle_layout":"","bundle_add_to_cart_form_location":"","bundle_editable_in_cart":false,"bundle_sold_individually_context":"","bundle_item_grouping":"","bundle_min_size":"","bundle_max_size":"","bundle_price":[],"bundled_items":[],"bundle_sell_ids":[],"exclude_global_add_ons":true,"addons":{"docking-station-upgrades":{"name":"Estensione Docking Station","type":"multiple_choice","position":0,"required":false,"title_format":"heading","default":"","description_enable":false,"description":"","placeholder_enable":false,"placeholder":"","display":"radiobutton","restrictions_type":"any_text","adjust_price":false,"price":"","price_type":"quantity_based","restrictions":false,"min":"0","max":"0","options":[{"label":"Microsoft Surface Docking Station 1661 [AMP00061]","price":"45.0000","price_type":"quantity_based","image":0,"visibility":true}]},"pencil-upgrades":{"name":"Estensione Matita","type":"multiple_choice","position":0,"required":false,"title_format":"heading","default":"","description_enable":false,"description":"","placeholder_enable":false,"placeholder":"","display":"radiobutton","restrictions_type":"any_text","adjust_price":false,"price":"","price_type":"quantity_based","restrictions":false,"min":"0","max":"0","options":[{"label":"Original Microsoft Surface Stylus [AMP00087]","price":"50.0000","price_type":"quantity_based","image":0,"visibility":true}]},"os-upgrades":{"name":"Estensione SO","type":"multiple_choice","position":0,"required":false,"title_format":"heading","default":"","description_enable":false,"description":"","placeholder_enable":false,"placeholder":"","display":"radiobutton","restrictions_type":"any_text","adjust_price":false,"price":"","price_type":"quantity_based","restrictions":false,"min":"0","max":"0","options":[{"label":"Change language to French [AMP00125]","price":"0.0000","price_type":"quantity_based","image":0,"visibility":true},{"label":"Change language to English [AMP00008]","price":"0.0000","price_type":"quantity_based","image":0,"visibility":true},{"label":"Change language to Portuguese [AMP00009]","price":"0.0000","price_type":"quantity_based","image":0,"visibility":true}]},"keyboard-upgrades":{"name":"Estensione tastiera","type":"multiple_choice","position":0,"required":false,"title_format":"heading","default":"","description_enable":false,"description":"","placeholder_enable":false,"placeholder":"","display":"radiobutton","restrictions_type":"any_text","adjust_price":false,"price":"","price_type":"quantity_based","restrictions":false,"min":"0","max":"0","options":[{"label":"Microsoft Keyboard Surface Pro [AMP00063]","price":"70.0000","price_type":"quantity_based","image":0,"visibility":true},{"label":"Portuguese Microsoft Keyboard Surface Pro [AMP00089]","price":"70.0000","price_type":"quantity_based","image":0,"visibility":true},{"label":"Surface Pro Intern. Keyboard (Stickers) [AMP00064]","price":"55.0000","price_type":"quantity_based","image":0,"visibility":true}]}},"df_price":464,"df_sale_price":"","df_regular_price":464,"df_image_link":"https:\/\/digalco.com\/wp-content\/uploads\/images\/product\/13704\/ms00192_01-300x225.jpg","_links":{"self":[{"href":"https:\/\/digalco.com\/it\/wp-json\/wp\/v2\/product\/258786","targetHints":{"allow":["GET"]}}],"collection":[{"href":"https:\/\/digalco.com\/it\/wp-json\/wp\/v2\/product"}],"about":[{"href":"https:\/\/digalco.com\/it\/wp-json\/wp\/v2\/types\/product"}],"wp:featuredmedia":[{"embeddable":true,"href":"https:\/\/digalco.com\/it\/wp-json\/wp\/v2\/media\/258751"}],"wp:attachment":[{"href":"https:\/\/digalco.com\/it\/wp-json\/wp\/v2\/media?parent=258786"}],"wp:term":[{"taxonomy":"product_brand","embeddable":true,"href":"https:\/\/digalco.com\/it\/wp-json\/wp\/v2\/product_brand?post=258786"},{"taxonomy":"product_cat","embeddable":true,"href":"https:\/\/digalco.com\/it\/wp-json\/wp\/v2\/product_cat?post=258786"},{"taxonomy":"product_tag","embeddable":true,"href":"https:\/\/digalco.com\/it\/wp-json\/wp\/v2\/product_tag?post=258786"}],"curies":[{"name":"wp","href":"https:\/\/api.w.org\/{rel}","templated":true}]}}