{"id":266783,"date":"2025-08-06T12:15:21","date_gmt":"2025-08-06T10:15:21","guid":{"rendered":"https:\/\/digalco.com\/tienda\/hp-probook-440-g7-14-ricondizionato-core-i5-16ghz-16-gb-ram-256-gb-ssd-m2-1920x1080-it-13896\/"},"modified":"2026-04-15T11:48:02","modified_gmt":"2026-04-15T09:48:02","slug":"hp-probook-440-g7-14-ricondizionato-core-i5-16ghz-16-gb-ram-256-gb-ssd-m2-1920x1080-it-13896","status":"publish","type":"product","link":"https:\/\/digalco.com\/it\/tienda\/hp-probook-440-g7-14-ricondizionato-core-i5-16ghz-16-gb-ram-256-gb-ssd-m2-1920x1080-it-13896\/","title":{"rendered":"HP ProBook 440 G7 14&#8221; | Ricondizionato | Core i5 1.6GHz | 16 GB RAM | 256 GB SSD M2 1920&#215;1080"},"content":{"rendered":"<p><strong>Processore<\/strong><br \/>Intel Core i5 10210U 1.6 GHz.<br \/><strong>Memoria RAM<\/strong><br \/>16 Gb. SO-DDR4 RAM<br \/><strong>Disco duro<\/strong><br \/>256 Gb. SSD M2<br \/><strong>Carte<\/strong><br \/>Grafica: Intel UHD Graphics<br \/>Suono: Realtek Audio<br \/>Rete: Realtek PCIe GBE<br \/><strong>Sistema operativo<\/strong><br \/>Windows 11 Pro<br \/><strong>Porte<\/strong><br \/>USB 2.0<br \/>USB-C<br \/>2x USB 3.1<br \/><strong>Schermo<\/strong><br \/>IPS 14 &#8221; FullHD 16:9  \u00b7 Risoluzione 1920&#215;1080<br \/><strong>Porte video<\/strong><br \/>HDMI<br \/><strong>Multimedia<\/strong><br \/>Webcam<br \/>Lettore SD<br \/>Lettore impronte<br \/><strong>Connettivit\u00e0<\/strong><br \/>RJ-45<br \/>WIFI<br \/>Bluetooth<br \/><strong>Specifico portatile<\/strong><br \/>Lingua tastiera Internazionale (adesivi spagnoli)<br \/><strong>Altri<\/strong><br \/>Imballaggio hR<br \/><strong>Dimensioni<\/strong><br \/>32x23x1.8 cm.<br \/><strong>Peso<\/strong><br \/>1.60 Kg.<br \/><strong>Specifiche aggiuntive<\/strong><br \/>HP ProBook 440 G7 \u00e8 un laptop aziendale equilibrato e versatile, ideale sia per gli ambienti d&#8217;ufficio che per gli utenti quotidiani che cercano affidabilit\u00e0. Dotato di un processore Intel Core i5 di decima generazione, 16 GB di RAM e un veloce SSD M.2 da 256 GB, offre prestazioni fluide ed efficienti in multitasking.<br \/>Il suo display IPS Full HD da 14 pollici offre un&#8217;eccellente qualit\u00e0 dell&#8217;immagine, con ampi angoli di visione e una nitidezza superiore. Il dispositivo include un lettore di impronte digitali, un lettore di schede SD e un modulo TPM 2.0, garantendo un elevato livello di sicurezza e connettivit\u00e0. Inoltre, la webcam integrata facilita riunioni virtuali e videochiamate nitide.<br \/>Con un design elegante e professionale, il ProBook 440 G7 \u00e8 una soluzione robusta e aggiornata con Windows 11 Pro, pronta ad affrontare intense giornate di lavoro con affidabilit\u00e0 e prestazioni. Ideale per utenti esigenti che cercano portabilit\u00e0 senza rinunciare alla potenza.<br \/>Buon aspetto esterno. Potrebbe presentare lievi segni di usura sulla scocca. Se avete domande, chiamateci o utilizzate la nostra chat per maggiori informazioni o per richiedere maggiori dettagli.<\/p>\n","protected":false},"excerpt":{"rendered":"<p>Intel Core i5 10210U 1.6 GHz. \u00b7 16 Gb. SO-DDR4 RAM \u00b7 256 Gb. SSD M2 \u00b7 <strong>Windows 11 Pro<\/strong> \u00b7 IPS 14 &#8221; FullHD 16:9 \u00b7 Webcam \u00b7<u>Tastiera internazionale<\/u> [&#8230;]<\/p>\n<p><a class=\"btn btn-secondary understrap-read-more-link\" href=\"https:\/\/digalco.com\/it\/tienda\/hp-probook-440-g7-14-ricondizionato-core-i5-16ghz-16-gb-ram-256-gb-ssd-m2-1920x1080-it-13896\/\">Leggi di pi\u00f9&#8230;<span class=\"screen-reader-text\"> from HP ProBook 440 G7 14&#8221; | Ricondizionato | Core i5 1.6GHz | 16 GB RAM | 256 GB SSD M2 1920&#215;1080<\/span><\/a><\/p>\n","protected":false},"featured_media":266758,"template":"","meta":[],"product_brand":[3854],"product_cat":[3761,3221],"product_tag":[],"class_list":{"0":"post-266783","1":"product","2":"type-product","3":"status-publish","4":"has-post-thumbnail","6":"product_brand-hp","7":"product_cat-portatili-14-it","8":"product_cat-portatili-it","10":"first","11":"outofstock","12":"taxable","13":"shipping-taxable","14":"purchasable","15":"product-type-simple"},"bundled_by":[],"bundle_stock_status":"outofstock","bundle_stock_quantity":0,"bundle_virtual":false,"bundle_layout":"","bundle_add_to_cart_form_location":"","bundle_editable_in_cart":false,"bundle_sold_individually_context":"","bundle_item_grouping":"","bundle_min_size":"","bundle_max_size":"","bundle_price":[],"bundled_items":[],"bundle_sell_ids":[],"exclude_global_add_ons":true,"addons":{"keyboard-iso-upgrades":{"name":"Seleziona lingua della tastiera","type":"multiple_choice","position":0,"required":false,"title_format":"heading","default":"","description_enable":false,"description":"","placeholder_enable":false,"placeholder":"","display":"radiobutton","restrictions_type":"any_text","adjust_price":false,"price":"","price_type":"quantity_based","restrictions":false,"min":"0","max":"0","options":[{"label":"Spanish Stickers [AMP00082]","price":"0.0000","price_type":"quantity_based","image":0,"visibility":true},{"label":"French Stickers [AMP00084]","price":"0.0000","price_type":"quantity_based","image":0,"visibility":true},{"label":"Portuguese Stickers [AMP00083]","price":"0.0000","price_type":"quantity_based","image":0,"visibility":true}]},"ram-memory-upgrades":{"name":"Espansione RAM","type":"multiple_choice","position":0,"required":false,"title_format":"heading","default":"","description_enable":false,"description":"","placeholder_enable":false,"placeholder":"","display":"radiobutton","restrictions_type":"any_text","adjust_price":false,"price":"","price_type":"quantity_based","restrictions":false,"min":"0","max":"0","options":[{"label":"32 Gb SODIM RAM extension [AMP00098]","price":"150.0000","price_type":"quantity_based","image":0,"visibility":true}]},"hdd-upgrades":{"name":"Estensione HDD","type":"multiple_choice","position":0,"required":false,"title_format":"heading","default":"","description_enable":false,"description":"","placeholder_enable":false,"placeholder":"","display":"radiobutton","restrictions_type":"any_text","adjust_price":false,"price":"","price_type":"quantity_based","restrictions":false,"min":"0","max":"0","options":[{"label":"SSD 500 Gb. M.2 2280 PCIe Upgrade [AMP00106]","price":"110.0000","price_type":"quantity_based","image":0,"visibility":true},{"label":"SSD 1 Tb. M.2 2280 PCIe Upgrade [AMP00107]","price":"165.0000","price_type":"quantity_based","image":0,"visibility":true}]},"os-upgrades":{"name":"Estensione SO","type":"multiple_choice","position":0,"required":false,"title_format":"heading","default":"","description_enable":false,"description":"","placeholder_enable":false,"placeholder":"","display":"radiobutton","restrictions_type":"any_text","adjust_price":false,"price":"","price_type":"quantity_based","restrictions":false,"min":"0","max":"0","options":[{"label":"Change language to French [AMP00125]","price":"0.0000","price_type":"quantity_based","image":0,"visibility":true},{"label":"Change language to English [AMP00008]","price":"0.0000","price_type":"quantity_based","image":0,"visibility":true},{"label":"Change language to Portuguese [AMP00009]","price":"0.0000","price_type":"quantity_based","image":0,"visibility":true}]},"briefcase-upgrades":{"name":"Valigetta","type":"multiple_choice","position":0,"required":false,"title_format":"heading","default":"","description_enable":false,"description":"","placeholder_enable":false,"placeholder":"","display":"radiobutton","restrictions_type":"any_text","adjust_price":false,"price":"","price_type":"quantity_based","restrictions":false,"min":"0","max":"0","options":[{"label":"Laptop Briefcase [AMP00041]","price":"5.0000","price_type":"quantity_based","image":0,"visibility":true}]}},"df_price":327,"df_sale_price":"","df_regular_price":327,"df_image_link":"https:\/\/digalco.com\/wp-content\/uploads\/images\/product\/13896\/hp03066_01-300x225.jpg","_links":{"self":[{"href":"https:\/\/digalco.com\/it\/wp-json\/wp\/v2\/product\/266783","targetHints":{"allow":["GET"]}}],"collection":[{"href":"https:\/\/digalco.com\/it\/wp-json\/wp\/v2\/product"}],"about":[{"href":"https:\/\/digalco.com\/it\/wp-json\/wp\/v2\/types\/product"}],"wp:featuredmedia":[{"embeddable":true,"href":"https:\/\/digalco.com\/it\/wp-json\/wp\/v2\/media\/266758"}],"wp:attachment":[{"href":"https:\/\/digalco.com\/it\/wp-json\/wp\/v2\/media?parent=266783"}],"wp:term":[{"taxonomy":"product_brand","embeddable":true,"href":"https:\/\/digalco.com\/it\/wp-json\/wp\/v2\/product_brand?post=266783"},{"taxonomy":"product_cat","embeddable":true,"href":"https:\/\/digalco.com\/it\/wp-json\/wp\/v2\/product_cat?post=266783"},{"taxonomy":"product_tag","embeddable":true,"href":"https:\/\/digalco.com\/it\/wp-json\/wp\/v2\/product_tag?post=266783"}],"curies":[{"name":"wp","href":"https:\/\/api.w.org\/{rel}","templated":true}]}}