{"id":268387,"date":"2025-09-01T15:56:41","date_gmt":"2025-09-01T13:56:41","guid":{"rendered":"https:\/\/digalco.com\/tienda\/hp-elitebook-850-g8-156-ricondizionato-core-i5-26ghz-16-gb-ram-256-gb-ssd-m2-1920x1080-it-13952\/"},"modified":"2026-04-01T10:00:54","modified_gmt":"2026-04-01T08:00:54","slug":"hp-elitebook-850-g8-156-ricondizionato-core-i5-26ghz-16-gb-ram-256-gb-ssd-m2-1920x1080-it-13952","status":"publish","type":"product","link":"https:\/\/digalco.com\/it\/tienda\/hp-elitebook-850-g8-156-ricondizionato-core-i5-26ghz-16-gb-ram-256-gb-ssd-m2-1920x1080-it-13952\/","title":{"rendered":"HP EliteBook 850 G8 15.6&#8221; | Ricondizionato | Core i5 2.6GHz | 16 GB RAM | 256 GB SSD M2 1920&#215;1080"},"content":{"rendered":"<p><strong>Processore<\/strong><br \/>Intel Core i5 1145G7 2.6 GHz.<br \/><strong>Memoria RAM<\/strong><br \/>16 Gb. SO-DDR4 RAM<br \/><strong>Disco duro<\/strong><br \/>256 Gb. SSD M2<br \/><strong>Carte<\/strong><br \/>Grafica: Intel Iris Xe Graphics<br \/>Suono: Bang&amp;Olufsen Audio<br \/><strong>Sistema operativo<\/strong><br \/>Windows 11 Pro<br \/><strong>Porte<\/strong><br \/>2x Thunderbolt<br \/>2x USB 3.1<br \/><strong>Schermo<\/strong><br \/>IPS 15.6 &#8221; FullHD 16:9  \u00b7 Risoluzione 1920&#215;1080<br \/><strong>Porte video<\/strong><br \/>HDMI<br \/><strong>Multimedia<\/strong><br \/>Webcam<br \/>Lettore DNI<br \/><strong>Connettivit\u00e0<\/strong><br \/>WIFI<br \/>Bluetooth<br \/><strong>Specifico portatile<\/strong><br \/>Lingua tastiera Internazionale (adesivi spagnoli)<br \/>Tastierino numerico<br \/><strong>Altri<\/strong><br \/>Imballaggio hR<br \/><strong>Dimensioni<\/strong><br \/>36x23x1.90 cm.<br \/><strong>Peso<\/strong><br \/>1.69 Kg.<br \/><strong>Specifiche aggiuntive<\/strong><br \/>L\u2019HP EliteBook 850 G8 \u00e8 un portatile professionale progettato per chi cerca prestazioni, sicurezza e un\u2019esperienza premium nella vita quotidiana. Integra un processore Intel Core i5-1145G7 a 2.6 GHz, che insieme ai 16 GB di memoria DDR4 RAM offre la potenza necessaria per eseguire pi\u00f9 applicazioni in modo fluido, dalle attivit\u00e0 d\u2019ufficio alle soluzioni aziendali avanzate.<br \/>La sua unit\u00e0 SSD M.2 da 256 GB garantisce avvii rapidi del sistema e apertura veloce dei programmi, mentre Windows 11 Pro e il chip di sicurezza TPM 2.0 assicurano un ambiente affidabile e ottimizzato per le aziende.<br \/>Lo schermo IPS da 15,6 pollici FullHD (1920&#215;1080) offre immagini nitide e colori realistici nel formato 16:9, ideale sia per il lavoro che per l\u2019intrattenimento. Inoltre, la webcam integrata garantisce videochiamate di qualit\u00e0, e il lettore DNI elettronico rafforza la sicurezza per l\u2019autenticazione e l\u2019accesso agli ambienti aziendali.<br \/>L\u2019EliteBook 850 G8 combina un design leggero ma resistente con strumenti pensati per la produttivit\u00e0, posizionandosi come la soluzione perfetta per i professionisti che necessitano di potenza, mobilit\u00e0 e affidabilit\u00e0 in un unico dispositivo.Buon aspetto esterno. Guarda in &#8220;+ Foto&#8221; e se hai domande chiamaci o usa la nostra chat per ampliare le informazioni o per richiedere maggiori dettagli.<\/p>\n","protected":false},"excerpt":{"rendered":"<p>Intel Core i5 1145G7 2.6 GHz. \u00b7 16 Gb. SO-DDR4 RAM \u00b7 256 Gb. SSD M2 \u00b7 <strong>Windows 11 Pro<\/strong> \u00b7 IPS 15.6 &#8221; FullHD 16:9 \u00b7 Webcam \u00b7<u>Tastiera internazionale<\/u> [&#8230;]<\/p>\n<p><a class=\"btn btn-secondary understrap-read-more-link\" href=\"https:\/\/digalco.com\/it\/tienda\/hp-elitebook-850-g8-156-ricondizionato-core-i5-26ghz-16-gb-ram-256-gb-ssd-m2-1920x1080-it-13952\/\">Leggi di pi\u00f9&#8230;<span class=\"screen-reader-text\"> from HP EliteBook 850 G8 15.6&#8221; | Ricondizionato | Core i5 2.6GHz | 16 GB RAM | 256 GB SSD M2 1920&#215;1080<\/span><\/a><\/p>\n","protected":false},"featured_media":268357,"template":"","meta":[],"product_brand":[3854],"product_cat":[3336,3221],"product_tag":[],"class_list":{"0":"post-268387","1":"product","2":"type-product","3":"status-publish","4":"has-post-thumbnail","6":"product_brand-hp","7":"product_cat-portatili-15-16-it","8":"product_cat-portatili-it","10":"first","11":"instock","12":"taxable","13":"shipping-taxable","14":"purchasable","15":"product-type-simple"},"bundled_by":[],"bundle_stock_status":"instock","bundle_stock_quantity":27,"bundle_virtual":false,"bundle_layout":"","bundle_add_to_cart_form_location":"","bundle_editable_in_cart":false,"bundle_sold_individually_context":"","bundle_item_grouping":"","bundle_min_size":"","bundle_max_size":"","bundle_price":[],"bundled_items":[],"bundle_sell_ids":[],"exclude_global_add_ons":true,"addons":{"keyboard-iso-upgrades":{"name":"Seleziona lingua della tastiera","type":"multiple_choice","position":0,"required":false,"title_format":"heading","default":"","description_enable":false,"description":"","placeholder_enable":false,"placeholder":"","display":"radiobutton","restrictions_type":"any_text","adjust_price":false,"price":"","price_type":"quantity_based","restrictions":false,"min":"0","max":"0","options":[{"label":"Spanish Stickers [AMP00082]","price":"0.0000","price_type":"quantity_based","image":0,"visibility":true},{"label":"French Stickers [AMP00084]","price":"0.0000","price_type":"quantity_based","image":0,"visibility":true},{"label":"Portuguese Stickers [AMP00083]","price":"0.0000","price_type":"quantity_based","image":0,"visibility":true}]},"ram-memory-upgrades":{"name":"Espansione RAM","type":"multiple_choice","position":0,"required":false,"title_format":"heading","default":"","description_enable":false,"description":"","placeholder_enable":false,"placeholder":"","display":"radiobutton","restrictions_type":"any_text","adjust_price":false,"price":"","price_type":"quantity_based","restrictions":false,"min":"0","max":"0","options":[{"label":"32 Gb SODIM RAM extension [AMP00098]","price":"150.0000","price_type":"quantity_based","image":0,"visibility":true}]},"hdd-upgrades":{"name":"Estensione HDD","type":"multiple_choice","position":0,"required":false,"title_format":"heading","default":"","description_enable":false,"description":"","placeholder_enable":false,"placeholder":"","display":"radiobutton","restrictions_type":"any_text","adjust_price":false,"price":"","price_type":"quantity_based","restrictions":false,"min":"0","max":"0","options":[{"label":"SSD 500 Gb. M.2 2280 PCIe Upgrade [AMP00106]","price":"110.0000","price_type":"quantity_based","image":0,"visibility":true},{"label":"SSD 1 Tb. M.2 2280 PCIe Upgrade [AMP00107]","price":"165.0000","price_type":"quantity_based","image":0,"visibility":true}]},"os-upgrades":{"name":"Estensione SO","type":"multiple_choice","position":0,"required":false,"title_format":"heading","default":"","description_enable":false,"description":"","placeholder_enable":false,"placeholder":"","display":"radiobutton","restrictions_type":"any_text","adjust_price":false,"price":"","price_type":"quantity_based","restrictions":false,"min":"0","max":"0","options":[{"label":"Change language to French [AMP00125]","price":"0.0000","price_type":"quantity_based","image":0,"visibility":true},{"label":"Change language to English [AMP00008]","price":"0.0000","price_type":"quantity_based","image":0,"visibility":true},{"label":"Change language to Portuguese [AMP00009]","price":"0.0000","price_type":"quantity_based","image":0,"visibility":true}]},"briefcase-upgrades":{"name":"Valigetta","type":"multiple_choice","position":0,"required":false,"title_format":"heading","default":"","description_enable":false,"description":"","placeholder_enable":false,"placeholder":"","display":"radiobutton","restrictions_type":"any_text","adjust_price":false,"price":"","price_type":"quantity_based","restrictions":false,"min":"0","max":"0","options":[{"label":"Laptop Briefcase [AMP00041]","price":"5.0000","price_type":"quantity_based","image":0,"visibility":true}]}},"df_price":447,"df_sale_price":"","df_regular_price":447,"df_image_link":"https:\/\/digalco.com\/wp-content\/uploads\/images\/product\/13952\/hp03084_01-300x225.jpg","_links":{"self":[{"href":"https:\/\/digalco.com\/it\/wp-json\/wp\/v2\/product\/268387","targetHints":{"allow":["GET"]}}],"collection":[{"href":"https:\/\/digalco.com\/it\/wp-json\/wp\/v2\/product"}],"about":[{"href":"https:\/\/digalco.com\/it\/wp-json\/wp\/v2\/types\/product"}],"wp:featuredmedia":[{"embeddable":true,"href":"https:\/\/digalco.com\/it\/wp-json\/wp\/v2\/media\/268357"}],"wp:attachment":[{"href":"https:\/\/digalco.com\/it\/wp-json\/wp\/v2\/media?parent=268387"}],"wp:term":[{"taxonomy":"product_brand","embeddable":true,"href":"https:\/\/digalco.com\/it\/wp-json\/wp\/v2\/product_brand?post=268387"},{"taxonomy":"product_cat","embeddable":true,"href":"https:\/\/digalco.com\/it\/wp-json\/wp\/v2\/product_cat?post=268387"},{"taxonomy":"product_tag","embeddable":true,"href":"https:\/\/digalco.com\/it\/wp-json\/wp\/v2\/product_tag?post=268387"}],"curies":[{"name":"wp","href":"https:\/\/api.w.org\/{rel}","templated":true}]}}