{"id":279246,"date":"2025-10-30T11:57:05","date_gmt":"2025-10-30T10:57:05","guid":{"rendered":"https:\/\/digalco.com\/tienda\/scannera-fujitsu-fi-7160-ricondizionato-it-14161\/"},"modified":"2025-10-30T16:59:38","modified_gmt":"2025-10-30T15:59:38","slug":"scannera-fujitsu-fi-7160-ricondizionato-it-14161","status":"publish","type":"product","link":"https:\/\/digalco.com\/it\/tienda\/scannera-fujitsu-fi-7160-ricondizionato-it-14161\/","title":{"rendered":"Scannera Fujitsu FI-7160 | Ricondizionato"},"content":{"rendered":"<p><b>Tecnologia<\/b><br \/>Scanner di documenti a colori<br \/><b>Sensore d\u2019immagine<\/b><br \/>CCD a colori<br \/><b>Velocit\u00e0 di scansione<\/b><br \/>Fino a 60 ppm<br \/><b>Risoluzione<\/b><br \/>Fino a 600 dpi<br \/><b>Connettivit\u00e0<\/b><br \/>USB 3.0 \/ USB 2.0 \/ USB 1.1<br \/><b>Duplex<\/b><br \/>Integrato<br \/><b>Gestione della carta<\/b><br \/>Alimentatore automatico da 80 fogli<br \/><b>Area di scansione<\/b><br \/>ADF Max. A4<br \/><b>Dimensioni<\/b><br \/>300 x 170 x 163 mm<br \/><b>Peso<\/b><br \/>4,2 kg<br \/><b>Specifiche aggiuntive:<br \/><\/b>Fujitsufi-7160 \u00e8 uno scanner documentale avanzato progettato per ambienti d&#8217;ufficio che richiedono velocit\u00e0, affidabilit\u00e0 e qualit\u00e0. Dotato di tecnologia con sensore CCD a colori fronte-retro, cattura immagini nitide su entrambi i lati dei documenti (scansione fronte-retro) in un unico passaggio, raggiungendo velocit\u00e0 fino a 60 pagine al minuto (ppm) o 120 immagini al minuto (ipm) in modalit\u00e0 fronte-retro. La sua risoluzione ottica fino a 600 dpi, insieme alla connettivit\u00e0 USB 3.0\/2.0\/1.1, garantisce un&#8217;integrazione versatile con le workstation esistenti. Un alimentatore automatico di documenti (ADF) da 80 fogli consente l&#8217;elaborazione in batch di documenti senza supervisione costante, ottimizzando i flussi di lavoro di scansione. Questo modello vanta anche funzioni di alimentazione avanzate come il rilevamento a ultrasuoni della doppia alimentazione, la protezione intelligente della carta e la riduzione dell&#8217;inclinazione, riducendo al minimo gli errori e garantendo un&#8217;acquisizione efficiente di documenti di diversa natura. Ideale per la digitalizzazione di fatture, contratti, file o documenti di archivio in ambienti professionali, il Fujitsufi-7160 coniuga prestazioni, robustezza e compatibilit\u00e0, rendendolo la scelta consigliata per le aziende che danno valore all&#8217;efficienza e alla qualit\u00e0.<br \/>Buone condizioni esterne. Potrebbe presentare un leggero ingiallimento appena percettibile. Vedi &#8220;+ Foto&#8221; e per qualsiasi domanda, chiamaci o usa la nostra chat per maggiori informazioni o per richiedere ulteriori dettagli.<\/p>\n","protected":false},"excerpt":{"rendered":"<p>Tecnologia: Scanner per documenti a colori &#8211; Sensore di immagine: CCD a colori &#8211; Velocit\u00e0 di scansione: fino a 60 ppm &#8211; Risoluzione: fino a 600 dpi &#8211; Connettivit\u00e0: USB 3.0\/2.0\/1.1 &#8211; Fronte\/retro integrato &#8211; Alimentatore automatico da 80 fogli. [&#8230;]<\/p>\n<p><a class=\"btn btn-secondary understrap-read-more-link\" href=\"https:\/\/digalco.com\/it\/tienda\/scannera-fujitsu-fi-7160-ricondizionato-it-14161\/\">Leggi di pi\u00f9&#8230;<span class=\"screen-reader-text\"> from Scannera Fujitsu FI-7160 | Ricondizionato<\/span><\/a><\/p>\n","protected":false},"featured_media":279228,"template":"","meta":[],"product_brand":[3859],"product_cat":[3273,3273],"product_tag":[],"class_list":{"0":"post-279246","1":"product","2":"type-product","3":"status-publish","4":"has-post-thumbnail","6":"product_brand-fujitsu","7":"product_cat-scanners-it","10":"first","11":"instock","12":"taxable","13":"shipping-taxable","14":"purchasable","15":"product-type-simple"},"bundled_by":[],"bundle_stock_status":"instock","bundle_stock_quantity":5,"bundle_virtual":false,"bundle_layout":"","bundle_add_to_cart_form_location":"","bundle_editable_in_cart":false,"bundle_sold_individually_context":"","bundle_item_grouping":"","bundle_min_size":"","bundle_max_size":"","bundle_price":[],"bundled_items":[],"bundle_sell_ids":[],"exclude_global_add_ons":[],"addons":[],"df_price":345,"df_sale_price":"","df_regular_price":345,"df_image_link":"https:\/\/digalco.com\/wp-content\/uploads\/images\/product\/14161\/fuji00271_01-300x225.jpg","_links":{"self":[{"href":"https:\/\/digalco.com\/it\/wp-json\/wp\/v2\/product\/279246","targetHints":{"allow":["GET"]}}],"collection":[{"href":"https:\/\/digalco.com\/it\/wp-json\/wp\/v2\/product"}],"about":[{"href":"https:\/\/digalco.com\/it\/wp-json\/wp\/v2\/types\/product"}],"wp:featuredmedia":[{"embeddable":true,"href":"https:\/\/digalco.com\/it\/wp-json\/wp\/v2\/media\/279228"}],"wp:attachment":[{"href":"https:\/\/digalco.com\/it\/wp-json\/wp\/v2\/media?parent=279246"}],"wp:term":[{"taxonomy":"product_brand","embeddable":true,"href":"https:\/\/digalco.com\/it\/wp-json\/wp\/v2\/product_brand?post=279246"},{"taxonomy":"product_cat","embeddable":true,"href":"https:\/\/digalco.com\/it\/wp-json\/wp\/v2\/product_cat?post=279246"},{"taxonomy":"product_tag","embeddable":true,"href":"https:\/\/digalco.com\/it\/wp-json\/wp\/v2\/product_tag?post=279246"}],"curies":[{"name":"wp","href":"https:\/\/api.w.org\/{rel}","templated":true}]}}