{"id":283178,"date":"2025-11-20T10:59:47","date_gmt":"2025-11-20T09:59:47","guid":{"rendered":"https:\/\/digalco.com\/tienda\/dell-poweredge-r640-barebone-rack-ricondizionato-xeon-22ghz-32-gb-ram-sas-it-13999\/"},"modified":"2025-11-20T10:59:55","modified_gmt":"2025-11-20T09:59:55","slug":"dell-poweredge-r640-barebone-rack-ricondizionato-xeon-22ghz-32-gb-ram-sas-it-13999","status":"publish","type":"product","link":"https:\/\/digalco.com\/it\/tienda\/dell-poweredge-r640-barebone-rack-ricondizionato-xeon-22ghz-32-gb-ram-sas-it-13999\/","title":{"rendered":"Dell PowerEdge R640-Barebone Rack | Ricondizionato | Xeon 2.2GHz | 32 GB RAM | SAS"},"content":{"rendered":"<p><strong>Processore<\/strong><br \/>Intel Xeon Silver 4210 2.2 GHz.<br \/><strong>Formato<\/strong><br \/>Rack (1U)<br \/><strong>Memoria RAM<\/strong><br \/>32 Gb. DDR4 ECC RAM<br \/>24 baies (22 vuoti )<br \/><strong>Disco duro<\/strong><br \/>SAS 2.5&#8221;<br \/>8 baies<br \/><strong>Carte<\/strong><br \/>Rete: Gigabit Ethernet Quad Port<br \/><strong>Sistema operativo<\/strong><br \/>&#8211; Nessun sistema operativo &#8211;<br \/><strong>Porte<\/strong><br \/>Serie<br \/>3x USB 3.0<br \/>USB-C<br \/><strong>Connettivit\u00e0<\/strong><br \/>4x RJ-45<br \/><strong>Alimentazione<\/strong><br \/>2x Alimentatori (Hotplug)<br \/><strong>Altri<\/strong><br \/>Imballaggio hR<br \/><strong>Dimensioni<\/strong><br \/>74.5&#215;48.5&#215;4.5 cm.<br \/><strong>Peso<\/strong><br \/>13.60 Kg.<br \/><strong>Specifiche aggiuntive<\/strong><br \/>Il Dell PowerEdge R640 \u00e8 un server rack 1U ad alte prestazioni, progettato per offrire massima densit\u00e0, efficienza energetica e potenza di calcolo in ambienti professionali dove lo spazio \u00e8 una risorsa critica. Dotato di un processore Intel Xeon Silver 4210 a 2.2 GHz e 32 GB di memoria DDR4 ECC, garantisce prestazioni stabili e sicure per carichi di lavoro come virtualizzazione, VDI, analisi dei dati o applicazioni aziendali ad uso intensivo.Questo modello \u00e8 presentato in formato barebone, senza dischi installati, consentendo a distributori e integratori di personalizzare l\u2019archiviazione secondo le esigenze del progetto. Dispone di 24 bay per unit\u00e0 da 2.5&#8243; (22 liberi) con supporto SAS, oltre a 8 bay aggiuntivi, offrendo una piattaforma estremamente scalabile e flessibile che cresce insieme alle esigenze dell\u2019azienda. Il controller RAID PERC H730P Mini offre protezione avanzata dei dati, eccellente prestazioni I\/O e compatibilit\u00e0 con configurazioni RAID complesse.L\u2019R640 si distingue per la sua capacit\u00e0 di espansione intelligente, con uno slot PCIe X16, ideale per schede di rete ad alte prestazioni o adattatori specifici. Include inoltre una nota importante: le guide dei dischi non sono incluse, permettendo all\u2019integratore di scegliere gli accessori pi\u00f9 adatti alla configurazione finale.Con un design robusto, efficiente e ottimizzato per funzionare 24\/7, il Dell PowerEdge R640 \u00e8 una soluzione ideale per data center, integratori e distributori che cercano un server di nuova generazione, altamente scalabile e adattabile a qualsiasi infrastruttura professionale.Server barebone, ideale per configurazioni personalizzate secondo le esigenze del cliente.Buono stato esterno. Se hai qualche dubbio, chiamaci o utilizza la nostra chat per richiedere maggiori informazioni o ulteriori dettagli.<br \/><strong>Commenti<\/strong><br \/><u>Perc H730P Mini Raid Controller &#8211; 1xPCIe X16 &#8211; Guide del disco non incluse<\/u><\/p>\n","protected":false},"excerpt":{"rendered":"<p>Intel Xeon Silver 4210 2.2 GHz. \u00b7 32 Gb. DDR4 ECC RAM \u00b7 24 baies (22 vuoti ) \u00b7 SAS 2.5&#8221; \u00b7 8 baies \u00b7<br \/>\n<strong>Perc H730P Mini Raid Controller<\/strong> &#8211; <u>1xPCIe X16 &#8211; Guide del disco non incluse<br \/>\n<\/u> [&#8230;]<\/p>\n<p><a class=\"btn btn-secondary understrap-read-more-link\" href=\"https:\/\/digalco.com\/it\/tienda\/dell-poweredge-r640-barebone-rack-ricondizionato-xeon-22ghz-32-gb-ram-sas-it-13999\/\">Leggi di pi\u00f9&#8230;<span class=\"screen-reader-text\"> from Dell PowerEdge R640-Barebone Rack | Ricondizionato | Xeon 2.2GHz | 32 GB RAM | SAS<\/span><\/a><\/p>\n","protected":false},"featured_media":283163,"template":"","meta":[],"product_brand":[3852],"product_cat":[3746,3252,3250],"product_tag":[],"class_list":{"0":"post-283178","1":"product","2":"type-product","3":"status-publish","4":"has-post-thumbnail","6":"product_brand-dell","7":"product_cat-barebone-it","8":"product_cat-servers-rack-it","9":"product_cat-servers-it","11":"first","12":"instock","13":"taxable","14":"shipping-taxable","15":"purchasable","16":"product-type-simple"},"bundled_by":[],"bundle_stock_status":"instock","bundle_stock_quantity":3,"bundle_virtual":false,"bundle_layout":"","bundle_add_to_cart_form_location":"","bundle_editable_in_cart":false,"bundle_sold_individually_context":"","bundle_item_grouping":"","bundle_min_size":"","bundle_max_size":"","bundle_price":[],"bundled_items":[],"bundle_sell_ids":[],"exclude_global_add_ons":[],"addons":[],"df_price":984,"df_sale_price":"","df_regular_price":984,"df_image_link":"https:\/\/digalco.com\/wp-content\/uploads\/images\/product\/13999\/dell01499_01-300x225.jpg","_links":{"self":[{"href":"https:\/\/digalco.com\/it\/wp-json\/wp\/v2\/product\/283178","targetHints":{"allow":["GET"]}}],"collection":[{"href":"https:\/\/digalco.com\/it\/wp-json\/wp\/v2\/product"}],"about":[{"href":"https:\/\/digalco.com\/it\/wp-json\/wp\/v2\/types\/product"}],"wp:featuredmedia":[{"embeddable":true,"href":"https:\/\/digalco.com\/it\/wp-json\/wp\/v2\/media\/283163"}],"wp:attachment":[{"href":"https:\/\/digalco.com\/it\/wp-json\/wp\/v2\/media?parent=283178"}],"wp:term":[{"taxonomy":"product_brand","embeddable":true,"href":"https:\/\/digalco.com\/it\/wp-json\/wp\/v2\/product_brand?post=283178"},{"taxonomy":"product_cat","embeddable":true,"href":"https:\/\/digalco.com\/it\/wp-json\/wp\/v2\/product_cat?post=283178"},{"taxonomy":"product_tag","embeddable":true,"href":"https:\/\/digalco.com\/it\/wp-json\/wp\/v2\/product_tag?post=283178"}],"curies":[{"name":"wp","href":"https:\/\/api.w.org\/{rel}","templated":true}]}}