{"id":283415,"date":"2025-11-24T11:22:06","date_gmt":"2025-11-24T10:22:06","guid":{"rendered":"https:\/\/digalco.com\/tienda\/v7-v7-l236va-236-led-169-ricondizionato-1920x1080-it-14177\/"},"modified":"2026-03-04T09:21:24","modified_gmt":"2026-03-04T08:21:24","slug":"v7-v7-l236va-236-led-169-ricondizionato-1920x1080-it-14177","status":"publish","type":"product","link":"https:\/\/digalco.com\/it\/tienda\/v7-v7-l236va-236-led-169-ricondizionato-1920x1080-it-14177\/","title":{"rendered":"V7 V7-L236VA 23.6&#8221; Led 16:9 | Ricondizionato | 1920&#215;1080"},"content":{"rendered":"<p><strong>Schermo<\/strong><br \/>Led 23.6 &#8221; FullHD con Altoparlanti \u00b7 16:9 \u00b7 Risoluzione 1920&#215;1080<br \/>Punto passo 0.272 mm<br \/>Risposta 5 ms<br \/>Contrasto 1000:1<br \/>Luminosit\u00e0 250 cd\/m2<br \/>Angolo visione 178\u00b0v\/178\u00b0h<br \/><strong>Porte video<\/strong><br \/>VGA<br \/>HDMI<br \/><strong>Schermo specifico<\/strong><br \/>Supporto VESA<br \/>Peana<br \/><strong>Altri<\/strong><br \/>Imballaggio hR<br \/><strong>Dimensioni<\/strong><br \/>55&#215;40.7&#215;21 cm.<br \/><strong>Peso<\/strong><br \/>3.20 Kg.<br \/><strong>Specifiche aggiuntive<\/strong><br \/>Il V7 L236VA \u00e8 un monitor progettato per chi necessita di uno schermo affidabile, confortevole e di alta qualit\u00e0 visiva, sia in ufficio che in ambienti aziendali. Il suo formato equilibrato e l\u2019ottima definizione lo rendono una scelta ideale per i distributori alla ricerca di un modello versatile e con domanda costante, oltre che per gli utenti finali che desiderano migliorare il proprio spazio di lavoro senza complicazioni.Dotato di uno schermo LED da 23,6 pollici FullHD (1920&#215;1080) in formato 16:9, questo monitor offre immagini nitide e colori uniformi grazie al contrasto di 1000:1 e alla luminosit\u00e0 di 250 cd\/m\u00b2. Il dot pitch di 0,272 mm garantisce un dettaglio fine, mentre gli angoli di visione di 178\u00b0\/178\u00b0 mantengono l\u2019immagine perfetta da qualsiasi posizione. Il tempo di risposta di 5 ms assicura transizioni fluide, e gli altoparlanti integrati aggiungono praticit\u00e0 nelle attivit\u00e0 multimediali. Le connessioni VGA e HDMI garantiscono compatibilit\u00e0 sia con dispositivi moderni che legacy.Il V7 L236VA si distingue per offrire un\u2019esperienza visiva equilibrata, facile da integrare e subito pronta a migliorare la produttivit\u00e0. La sua affidabilit\u00e0, la qualit\u00e0 dell\u2019immagine e l\u2019ottimo rapporto qualit\u00e0-prezzo lo rendono una scelta sicura per distributori e professionisti alla ricerca di un monitor pratico, solido e con prestazioni mirate dove servono davvero.Buone condizioni esterne. Se hai qualche dubbio, chiamaci o usa la nostra chat per richiedere maggiori informazioni o ulteriori dettagli.<br \/><strong>Commenti<\/strong><br \/><u>Cavo di alimentazione e VGA inclusi<\/u><\/p>\n","protected":false},"excerpt":{"rendered":"<p>Led 23.6 &#8221; FullHD con Altoparlanti \u00b7 16:9 \u00b7 Punto passo 0.272 mm \u00b7 Risposta 5 ms \u00b7 Contrasto 1000:1 \u00b7 Luminosit\u00e0 250 cd\/m2 \u00b7 VGA \u00b7 HDMI \u00b7<br \/>\n<u>Cavo di alimentazione e VGA inclusi<br \/>\n<\/u> [&#8230;]<\/p>\n<p><a class=\"btn btn-secondary understrap-read-more-link\" href=\"https:\/\/digalco.com\/it\/tienda\/v7-v7-l236va-236-led-169-ricondizionato-1920x1080-it-14177\/\">Leggi di pi\u00f9&#8230;<span class=\"screen-reader-text\"> from V7 V7-L236VA 23.6&#8221; Led 16:9 | Ricondizionato | 1920&#215;1080<\/span><\/a><\/p>\n","protected":false},"featured_media":283385,"template":"","meta":[],"product_brand":[3932],"product_cat":[3324,3215],"product_tag":[],"class_list":{"0":"post-283415","1":"product","2":"type-product","3":"status-publish","4":"has-post-thumbnail","6":"product_brand-v7","7":"product_cat-monitor-24-it","8":"product_cat-monitor-it","10":"first","11":"instock","12":"taxable","13":"shipping-taxable","14":"purchasable","15":"product-type-simple"},"bundled_by":[],"bundle_stock_status":"instock","bundle_stock_quantity":2,"bundle_virtual":false,"bundle_layout":"","bundle_add_to_cart_form_location":"","bundle_editable_in_cart":false,"bundle_sold_individually_context":"","bundle_item_grouping":"","bundle_min_size":"","bundle_max_size":"","bundle_price":[],"bundled_items":[],"bundle_sell_ids":[],"exclude_global_add_ons":true,"addons":{"webcam-upgrades":{"name":"Estensione Webcam","type":"multiple_choice","position":0,"required":false,"title_format":"heading","default":"","description_enable":false,"description":"","placeholder_enable":false,"placeholder":"","display":"radiobutton","restrictions_type":"any_text","adjust_price":false,"price":"","price_type":"quantity_based","restrictions":false,"min":"0","max":"0","options":[{"label":"Conceptronic AMDIS FullHD [AMP00085]","price":"29.0000","price_type":"quantity_based","image":0,"visibility":true}]},"hdmi-upgrades":{"name":"Estensione cavo","type":"multiple_choice","position":0,"required":false,"title_format":"heading","default":"","description_enable":false,"description":"","placeholder_enable":false,"placeholder":"","display":"radiobutton","restrictions_type":"any_text","adjust_price":false,"price":"","price_type":"quantity_based","restrictions":false,"min":"0","max":"0","options":[{"label":"HDMI cable 2 mts. [AMP00104]","price":"6.0000","price_type":"quantity_based","image":0,"visibility":true}]}},"df_price":70,"df_sale_price":"","df_regular_price":70,"df_image_link":"https:\/\/digalco.com\/wp-content\/uploads\/images\/product\/14177\/vsev00002_01-300x225.jpg","_links":{"self":[{"href":"https:\/\/digalco.com\/it\/wp-json\/wp\/v2\/product\/283415","targetHints":{"allow":["GET"]}}],"collection":[{"href":"https:\/\/digalco.com\/it\/wp-json\/wp\/v2\/product"}],"about":[{"href":"https:\/\/digalco.com\/it\/wp-json\/wp\/v2\/types\/product"}],"wp:featuredmedia":[{"embeddable":true,"href":"https:\/\/digalco.com\/it\/wp-json\/wp\/v2\/media\/283385"}],"wp:attachment":[{"href":"https:\/\/digalco.com\/it\/wp-json\/wp\/v2\/media?parent=283415"}],"wp:term":[{"taxonomy":"product_brand","embeddable":true,"href":"https:\/\/digalco.com\/it\/wp-json\/wp\/v2\/product_brand?post=283415"},{"taxonomy":"product_cat","embeddable":true,"href":"https:\/\/digalco.com\/it\/wp-json\/wp\/v2\/product_cat?post=283415"},{"taxonomy":"product_tag","embeddable":true,"href":"https:\/\/digalco.com\/it\/wp-json\/wp\/v2\/product_tag?post=283415"}],"curies":[{"name":"wp","href":"https:\/\/api.w.org\/{rel}","templated":true}]}}