{"id":285870,"date":"2025-12-02T15:28:21","date_gmt":"2025-12-02T14:28:21","guid":{"rendered":"https:\/\/digalco.com\/tienda\/ncr-realpos-xr7-15-aio-ricondizionato-core-i3-24ghz-8-gb-ram-120-gb-ssd-it-14500\/"},"modified":"2026-05-13T15:28:17","modified_gmt":"2026-05-13T13:28:17","slug":"ncr-realpos-xr7-15-aio-ricondizionato-core-i3-24ghz-8-gb-ram-120-gb-ssd-it-14500","status":"publish","type":"product","link":"https:\/\/digalco.com\/it\/tienda\/ncr-realpos-xr7-15-aio-ricondizionato-core-i3-24ghz-8-gb-ram-120-gb-ssd-it-14500\/","title":{"rendered":"Lotto NCR RealPOS XR7 15&#8243; Pack 6 | Ricondizionato"},"content":{"rendered":"<p><strong>Processore<\/strong><br \/>Intel Core i3 4330TE 2.4 GHz.<br \/><strong>Formato<\/strong><br \/>AIO<br \/><strong>Memoria RAM<\/strong><br \/>8 Gb. SO-DDR3 RAM<br \/><strong>Disco duro<\/strong><br \/>120 Gb. SSD<br \/><strong>Carte<\/strong><br \/>Grafica: Intel HD 4600<br \/>Suono: Realtek High Definition Audio<br \/>Rete: Intel I219-LM<br \/><strong>Sistema operativo<\/strong><br \/>&#8211; Nessun sistema operativo &#8211;<br \/><strong>Porte<\/strong><br \/>2x USB 3.0<br \/><strong>Schermo<\/strong><br \/>Tattile 15 &#8221; HD 4:3 \u00b7 Risoluzione 1024&#215;768<br \/><strong>Porte video<\/strong><br \/>HDMI<br \/>Display Port<br \/><strong>Schermo specifico<\/strong><br \/>Alimentatore esterno<br \/><strong>Connettivit\u00e0<\/strong><br \/>RJ-45<br \/><strong>Altri<\/strong><br \/>Imballaggio hR<br \/><strong>Dimensioni<\/strong><br \/>42x40x40 cm.<br \/><strong>Peso<\/strong><br \/>7.00 Kg.<br \/><strong>Specifiche aggiuntive<\/strong><br \/>Il POS touchscreen NCR RealPOS XR7 da 15 pollici per il commercio \u00e8 una soluzione avanzata che combina potenza, affidabilit\u00e0 e facilit\u00e0 d\u2019uso in un unico dispositivo progettato per ottimizzare la gestione in negozi, supermercati e attivit\u00e0 di vendita al pubblico. \u00c8 dotato di un processore Intel Core i3 4330TE a 2,4 GHz, accompagnato da 8 GB di memoria SO-DDR3, offrendo prestazioni rapide e stabili. Il suo SSD da 120 GB garantisce tempi di caricamento rapidi e operazioni fluide. Lo schermo touchscreen da 15 pollici in formato 4:3 con risoluzione 1024&#215;768 permette un utilizzo intuitivo e comodo, anche durante giornate di lavoro intense.Il POS NCR RealPOS XR7 offre ampia connettivit\u00e0 con 3 x USB 2.0 (12V), 1 x USB 2.0 (24V), 2 x USB 3.0 e 1 porta per cassetto contanti, garantendo compatibilit\u00e0 con stampanti, lettori di codici a barre e altri dispositivi essenziali. Il suo design robusto ed elegante lo rende la scelta perfetta per attivit\u00e0 commerciali che cercano un POS touchscreen affidabile, moderno e pronto per l\u2019uso intensivo quotidiano.Buon aspetto esteriore. Guarda in \u201c+ Foto\u201d e \u201cVideo\u201d e se hai qualche dubbio, chiamaci o usa la nostra chat per avere pi\u00f9 informazioni o richiedere ulteriori dettagli.<br \/><strong>Commenti<\/strong><br \/><u>3xUSB 2.0 12V \/ 1xUSB 2.0 24V \/ 2xUSB 3.0 \u2013 1xPorta cassetto contanti<\/u><\/p>\n","protected":false},"excerpt":{"rendered":"<p><strong>Confezione da 6 unit\u00e0:<\/strong>Intel Core i3 4330TE 2.4 GHz. \u00b7 8 Gb. SO-DDR3 RAM \u00b7 120 Gb. SSD \u00b7 &#8211; <strong>Nessun sistema operativo<\/strong> &#8211; \u00b7 <strong>Tattile 15 &#8221; HD<\/strong> 4:3 \u00b7<br \/>\n<strong>3xUSB 2.0 12V \/ 1xUSB 2.0 24V \/ 2xUSB 3.0 \u2013 1xPorta cassetto contanti<br \/>\n<\/strong> [&#8230;]<\/p>\n<p><a class=\"btn btn-secondary understrap-read-more-link\" href=\"https:\/\/digalco.com\/it\/tienda\/ncr-realpos-xr7-15-aio-ricondizionato-core-i3-24ghz-8-gb-ram-120-gb-ssd-it-14500\/\">Leggi di pi\u00f9&#8230;<span class=\"screen-reader-text\"> from Lotto NCR RealPOS XR7 15&#8243; Pack 6 | Ricondizionato<\/span><\/a><\/p>\n","protected":false},"featured_media":285820,"template":"","meta":[],"product_brand":[3867],"product_cat":[4040,3241,3297,3242],"product_tag":[],"class_list":{"0":"post-285870","1":"product","2":"type-product","3":"status-publish","4":"has-post-thumbnail","6":"product_brand-ncr","7":"product_cat-lotti-computer-it","8":"product_cat-pos-it","9":"product_cat-lotti-it","10":"product_cat-pos-all-in-one-it","12":"first","13":"instock","14":"taxable","15":"shipping-taxable","16":"purchasable","17":"product-type-simple"},"bundled_by":[],"bundle_stock_status":"instock","bundle_stock_quantity":3,"bundle_virtual":false,"bundle_layout":"","bundle_add_to_cart_form_location":"","bundle_editable_in_cart":false,"bundle_sold_individually_context":"","bundle_item_grouping":"","bundle_min_size":"","bundle_max_size":"","bundle_price":[],"bundled_items":[],"bundle_sell_ids":[],"exclude_global_add_ons":[],"addons":[],"df_price":1072,"df_sale_price":"","df_regular_price":1072,"df_image_link":"https:\/\/digalco.com\/wp-content\/uploads\/images\/product\/14500\/ncr00023_01-300x225.jpg","_links":{"self":[{"href":"https:\/\/digalco.com\/it\/wp-json\/wp\/v2\/product\/285870","targetHints":{"allow":["GET"]}}],"collection":[{"href":"https:\/\/digalco.com\/it\/wp-json\/wp\/v2\/product"}],"about":[{"href":"https:\/\/digalco.com\/it\/wp-json\/wp\/v2\/types\/product"}],"wp:featuredmedia":[{"embeddable":true,"href":"https:\/\/digalco.com\/it\/wp-json\/wp\/v2\/media\/285820"}],"wp:attachment":[{"href":"https:\/\/digalco.com\/it\/wp-json\/wp\/v2\/media?parent=285870"}],"wp:term":[{"taxonomy":"product_brand","embeddable":true,"href":"https:\/\/digalco.com\/it\/wp-json\/wp\/v2\/product_brand?post=285870"},{"taxonomy":"product_cat","embeddable":true,"href":"https:\/\/digalco.com\/it\/wp-json\/wp\/v2\/product_cat?post=285870"},{"taxonomy":"product_tag","embeddable":true,"href":"https:\/\/digalco.com\/it\/wp-json\/wp\/v2\/product_tag?post=285870"}],"curies":[{"name":"wp","href":"https:\/\/api.w.org\/{rel}","templated":true}]}}