{"id":287939,"date":"2025-12-10T16:12:56","date_gmt":"2025-12-10T15:12:56","guid":{"rendered":"https:\/\/digalco.com\/tienda\/hannspree-he225dpb-22-led-169-ricondizionato-1920x1080-it-14544\/"},"modified":"2025-12-10T16:13:06","modified_gmt":"2025-12-10T15:13:06","slug":"hannspree-he225dpb-22-led-169-ricondizionato-1920x1080-it-14544","status":"publish","type":"product","link":"https:\/\/digalco.com\/it\/tienda\/hannspree-he225dpb-22-led-169-ricondizionato-1920x1080-it-14544\/","title":{"rendered":"Hannspree HE225DPB 22&#8221; Led 16:9 | Ricondizionato | 1920&#215;1080"},"content":{"rendered":"<p><strong>Schermo<\/strong><br \/>Led 22 &#8221; FullHD con Altoparlanti \u00b7 16:9 \u00b7 Risoluzione 1920&#215;1080<br \/>Punto passo 0.248 mm<br \/>Risposta 5 ms<br \/>Contrasto 1000:1<br \/>Luminosit\u00e0 250 cd\/m2<br \/>Angolo visione 170\u00b0v\/176\u00b0h<br \/><strong>Porte video<\/strong><br \/>VGA<br \/>DVI<br \/><strong>Schermo specifico<\/strong><br \/>Supporto VESA<br \/>Peana<br \/><strong>Altri<\/strong><br \/>Imballaggio hR<br \/><strong>Dimensioni<\/strong><br \/>51x39x19 cm.<br \/><strong>Peso<\/strong><br \/>3.25 Kg.<br \/><strong>Specifiche aggiuntive<\/strong><br \/>L\u2019Hannspree HE225DPB \u00e8 pensato per chi cerca un monitor da 22 pollici che unisca buone prestazioni visive alla comodit\u00e0 dell\u2019audio integrato. Perfetto per uffici, ambienti domestici o spazi compatti dove praticit\u00e0 e gestione dello spazio sono fondamentali, questo monitor offre un\u2019esperienza visiva fluida e completa, senza complicazioni.Il suo pannello LED FullHD da 22\u2019\u2019 con risoluzione 1920&#215;1080 in formato 16:9 fornisce immagini chiare e dettagliate, grazie al dot pitch di 0.248 mm che mantiene un\u2019elevata nitidezza in testi, grafica e video. Con un contrasto di 1000:1 e una luminosit\u00e0 di 250 cd\/m\u00b2, l\u2019immagine resta equilibrata anche con variazioni di luce nell\u2019ambiente. Il tempo di risposta di 5 ms garantisce transizioni fluide senza fastidiosi effetti di sfocatura, mentre gli ampi angoli di visione di 170\u00b0 in verticale e 176\u00b0 in orizzontale consentono una visualizzazione di qualit\u00e0 da diverse posizioni. Inoltre, gli altoparlanti integrati eliminano la necessit\u00e0 di periferiche aggiuntive, e le connessioni VGA e DVI assicurano compatibilit\u00e0 con una vasta gamma di dispositivi, con tutto il necessario incluso per iniziare a usarlo subito.L\u2019Hannspree HE225DPB unisce versatilit\u00e0, comodit\u00e0 e funzionalit\u00e0, diventando una scelta ideale per chi desidera un monitor pratico e pronto all\u2019uso, senza rinunciare a qualit\u00e0 e semplicit\u00e0. Un monitor completo che ottimizza lo spazio, integra l\u2019audio e offre un\u2019esperienza visiva confortevole e affidabile sia in ambienti di lavoro che domestici.Buono stato esterno. Se hai qualsiasi dubbio, chiamaci o usa la nostra chat per richiedere maggiori informazioni o pi\u00f9 dettagli.<br \/><strong>Commenti<\/strong><br \/><u>Cavo di alimentazione e VGA inclusi<\/u><\/p>\n","protected":false},"excerpt":{"rendered":"<p>Led 22 &#8221; FullHD con Altoparlanti \u00b7 16:9 \u00b7 Risoluzione 1920&#215;1080 \u00b7 Punto passo 0.248 mm \u00b7 Risposta 5 ms \u00b7 Contrasto 1000:1 \u00b7 Luminosit\u00e0 250 cd\/m2 \u00b7 VGA \u00b7 DVI \u00b7<br \/>\n<u>Cavo di alimentazione e VGA inclusi<br \/>\n<\/u> [&#8230;]<\/p>\n<p><a class=\"btn btn-secondary understrap-read-more-link\" href=\"https:\/\/digalco.com\/it\/tienda\/hannspree-he225dpb-22-led-169-ricondizionato-1920x1080-it-14544\/\">Leggi di pi\u00f9&#8230;<span class=\"screen-reader-text\"> from Hannspree HE225DPB 22&#8221; Led 16:9 | Ricondizionato | 1920&#215;1080<\/span><\/a><\/p>\n","protected":false},"featured_media":287909,"template":"","meta":[],"product_brand":[3926],"product_cat":[3215,3322],"product_tag":[],"class_list":{"0":"post-287939","1":"product","2":"type-product","3":"status-publish","4":"has-post-thumbnail","6":"product_brand-hannspree","7":"product_cat-monitor-it","8":"product_cat-monitor-22-it","10":"first","11":"instock","12":"taxable","13":"shipping-taxable","14":"purchasable","15":"product-type-simple"},"bundled_by":[],"bundle_stock_status":"instock","bundle_stock_quantity":4,"bundle_virtual":false,"bundle_layout":"","bundle_add_to_cart_form_location":"","bundle_editable_in_cart":false,"bundle_sold_individually_context":"","bundle_item_grouping":"","bundle_min_size":"","bundle_max_size":"","bundle_price":[],"bundled_items":[],"bundle_sell_ids":[],"exclude_global_add_ons":true,"addons":{"webcam-upgrades":{"name":"Estensione Webcam","type":"multiple_choice","position":0,"required":false,"title_format":"heading","default":"","description_enable":false,"description":"","placeholder_enable":false,"placeholder":"","display":"radiobutton","restrictions_type":"any_text","adjust_price":false,"price":"","price_type":"quantity_based","restrictions":false,"min":"0","max":"0","options":[{"label":"Conceptronic AMDIS FullHD [AMP00085]","price":"29.0000","price_type":"quantity_based","image":0,"visibility":true}]},"hdmi-upgrades":{"name":"Estensione cavo","type":"multiple_choice","position":0,"required":false,"title_format":"heading","default":"","description_enable":false,"description":"","placeholder_enable":false,"placeholder":"","display":"radiobutton","restrictions_type":"any_text","adjust_price":false,"price":"","price_type":"quantity_based","restrictions":false,"min":"0","max":"0","options":[{"label":"Dual Link DVI-D M\/M Cable 1,8 mts. [AMP00102]","price":"2.0000","price_type":"quantity_based","image":0,"visibility":true}]}},"df_price":70,"df_sale_price":"","df_regular_price":70,"df_image_link":"https:\/\/digalco.com\/wp-content\/uploads\/images\/product\/14544\/han00002_01-300x225.jpg","_links":{"self":[{"href":"https:\/\/digalco.com\/it\/wp-json\/wp\/v2\/product\/287939","targetHints":{"allow":["GET"]}}],"collection":[{"href":"https:\/\/digalco.com\/it\/wp-json\/wp\/v2\/product"}],"about":[{"href":"https:\/\/digalco.com\/it\/wp-json\/wp\/v2\/types\/product"}],"wp:featuredmedia":[{"embeddable":true,"href":"https:\/\/digalco.com\/it\/wp-json\/wp\/v2\/media\/287909"}],"wp:attachment":[{"href":"https:\/\/digalco.com\/it\/wp-json\/wp\/v2\/media?parent=287939"}],"wp:term":[{"taxonomy":"product_brand","embeddable":true,"href":"https:\/\/digalco.com\/it\/wp-json\/wp\/v2\/product_brand?post=287939"},{"taxonomy":"product_cat","embeddable":true,"href":"https:\/\/digalco.com\/it\/wp-json\/wp\/v2\/product_cat?post=287939"},{"taxonomy":"product_tag","embeddable":true,"href":"https:\/\/digalco.com\/it\/wp-json\/wp\/v2\/product_tag?post=287939"}],"curies":[{"name":"wp","href":"https:\/\/api.w.org\/{rel}","templated":true}]}}