{"id":289446,"date":"2025-12-15T16:19:18","date_gmt":"2025-12-15T15:19:18","guid":{"rendered":"https:\/\/digalco.com\/tienda\/hp-proliant-dl360-g9-4-lff-1u-rack-ricondizionato-xeon-deca-core-23ghz-128-gb-ram-2000-gb-sas-it-14004\/"},"modified":"2025-12-15T16:19:25","modified_gmt":"2025-12-15T15:19:25","slug":"hp-proliant-dl360-g9-4-lff-1u-rack-ricondizionato-xeon-deca-core-23ghz-128-gb-ram-2000-gb-sas-it-14004","status":"publish","type":"product","link":"https:\/\/digalco.com\/it\/tienda\/hp-proliant-dl360-g9-4-lff-1u-rack-ricondizionato-xeon-deca-core-23ghz-128-gb-ram-2000-gb-sas-it-14004\/","title":{"rendered":"HP ProLiant DL360 G9 4-LFF 1U Rack | Ricondizionato | Xeon Deca Core 2.3GHz | 128 GB RAM | 2000 GB SAS"},"content":{"rendered":"<p><strong>Processore<\/strong><br \/>2x Intel Xeon Deca Core E5-2650 V3 2.3 GHz.<br \/><strong>Formato<\/strong><br \/>Rack (1U)<br \/><strong>Memoria RAM<\/strong><br \/>128 Gb. DDR4 ECC RAM<br \/>24 baies (20 vuoti )<br \/><strong>Disco duro<\/strong><br \/>4x 1.95 Tb. SAS 2.5&#8221; 10krpm<br \/>4 baies<br \/><strong>Carte<\/strong><br \/>Grafica: Matrox G200eH2<br \/>Suono: HD Audio<br \/>Rete: Ethernet Gigabit<br \/><strong>Sistema operativo<\/strong><br \/>&#8211; Nessun sistema operativo &#8211;<br \/><strong>Porte<\/strong><br \/>Serie<br \/>3x USB 3.0<br \/><strong>Connettivit\u00e0<\/strong><br \/>4x RJ-45<br \/><strong>Alimentazione<\/strong><br \/>2x Alimentatori (Hotplug)<br \/><strong>Dimensioni<\/strong><br \/>43.46x75x4.32 cm.<br \/><strong>Peso<\/strong><br \/>13.77 Kg.<br \/><strong>Specifiche aggiuntive<\/strong><br \/>L\u2019HP ProLiant DL360 G9 1U \u00e8 un server rack ad alte prestazioni progettato per ambienti professionali che richiedono la massima potenza di elaborazione nel minimo spazio. Dotato di due processori Intel Xeon E5-2650 v3 a 10 core, offre una capacit\u00e0 di calcolo eccezionale per virtualizzazione, database e applicazioni aziendali critiche.I suoi 128 GB di memoria DDR4 ECC garantiscono stabilit\u00e0, affidabilit\u00e0 e prestazioni costanti anche sotto carichi di lavoro intensivi, riducendo al minimo errori e tempi di inattivit\u00e0. Il controller HP Smart Array P440ar con 2 GB di cache fornisce una gestione RAID avanzata, assicurando uno storage rapido e sicuro.Grazie ai quattro dischi SAS da 1,95 TB a 10.000 rpm, questo server offre un eccellente equilibrio tra velocit\u00e0 e capacit\u00e0, ideale per sistemi che richiedono elevati IOPS. Il telaio con 24 baie (20 libere) consente una scalabilit\u00e0 eccezionale, adattandosi facilmente alla crescita futura del business.Il formato 1U lo rende una soluzione perfetta per data center e rack ad alta densit\u00e0, ottimizzando consumi energetici e spazio. L\u2019HP ProLiant DL360 G9 \u00e8 una scelta solida per costruire un\u2019infrastruttura IT robusta, affidabile e pronta per ambienti professionali moderni.Buon aspetto esterno. Se hai qualche dubbio, chiamaci o utilizza la nostra chat per ottenere maggiori informazioni o richiedere ulteriori dettagli.<br \/><strong>Commenti<\/strong><br \/><u>P440ar 2GB. RAID Controller &#8211; 1xPCIe X16 \/ 1xPCIe X8<\/u><\/p>\n","protected":false},"excerpt":{"rendered":"<p>2x Intel Xeon Deca Core E5-2650 V3 2.3 GHz. \u00b7 128 Gb. DDR4 ECC RAM \u00b7 4x 1.95 Tb. SAS 2.5&#8221; 10krpm \u00b7<br \/>\n<strong>P440ar 2GB. RAID Controller<\/strong> &#8211; <u>1xPCIe X16 \/ 1xPCIe X8<br \/>\n<\/u> [&#8230;]<\/p>\n<p><a class=\"btn btn-secondary understrap-read-more-link\" href=\"https:\/\/digalco.com\/it\/tienda\/hp-proliant-dl360-g9-4-lff-1u-rack-ricondizionato-xeon-deca-core-23ghz-128-gb-ram-2000-gb-sas-it-14004\/\">Leggi di pi\u00f9&#8230;<span class=\"screen-reader-text\"> from HP ProLiant DL360 G9 4-LFF 1U Rack | Ricondizionato | Xeon Deca Core 2.3GHz | 128 GB RAM | 2000 GB SAS<\/span><\/a><\/p>\n","protected":false},"featured_media":289431,"template":"","meta":[],"product_brand":[3854],"product_cat":[3250,3252],"product_tag":[],"class_list":{"0":"post-289446","1":"product","2":"type-product","3":"status-publish","4":"has-post-thumbnail","6":"product_brand-hp","7":"product_cat-servers-it","8":"product_cat-servers-rack-it","10":"first","11":"outofstock","12":"taxable","13":"shipping-taxable","14":"purchasable","15":"product-type-simple"},"bundled_by":[],"bundle_stock_status":"outofstock","bundle_stock_quantity":0,"bundle_virtual":false,"bundle_layout":"","bundle_add_to_cart_form_location":"","bundle_editable_in_cart":false,"bundle_sold_individually_context":"","bundle_item_grouping":"","bundle_min_size":"","bundle_max_size":"","bundle_price":[],"bundled_items":[],"bundle_sell_ids":[],"exclude_global_add_ons":true,"addons":{"hdd-upgrades":{"name":"Estensione HDD","type":"multiple_choice","position":0,"required":false,"title_format":"heading","default":"","description_enable":false,"description":"","placeholder_enable":false,"placeholder":"","display":"radiobutton","restrictions_type":"any_text","adjust_price":false,"price":"","price_type":"quantity_based","restrictions":false,"min":"0","max":"0","options":[{"label":"2x SSD 240 Gb. [AMP00058]","price":"100.0000","price_type":"quantity_based","image":0,"visibility":true},{"label":"2x SSD 480 Gb. [AMP00059]","price":"200.0000","price_type":"quantity_based","image":0,"visibility":true}]}},"df_price":1011,"df_sale_price":"","df_regular_price":1011,"df_image_link":"https:\/\/digalco.com\/wp-content\/uploads\/images\/product\/14004\/hp03102_01-300x225.jpg","_links":{"self":[{"href":"https:\/\/digalco.com\/it\/wp-json\/wp\/v2\/product\/289446","targetHints":{"allow":["GET"]}}],"collection":[{"href":"https:\/\/digalco.com\/it\/wp-json\/wp\/v2\/product"}],"about":[{"href":"https:\/\/digalco.com\/it\/wp-json\/wp\/v2\/types\/product"}],"wp:featuredmedia":[{"embeddable":true,"href":"https:\/\/digalco.com\/it\/wp-json\/wp\/v2\/media\/289431"}],"wp:attachment":[{"href":"https:\/\/digalco.com\/it\/wp-json\/wp\/v2\/media?parent=289446"}],"wp:term":[{"taxonomy":"product_brand","embeddable":true,"href":"https:\/\/digalco.com\/it\/wp-json\/wp\/v2\/product_brand?post=289446"},{"taxonomy":"product_cat","embeddable":true,"href":"https:\/\/digalco.com\/it\/wp-json\/wp\/v2\/product_cat?post=289446"},{"taxonomy":"product_tag","embeddable":true,"href":"https:\/\/digalco.com\/it\/wp-json\/wp\/v2\/product_tag?post=289446"}],"curies":[{"name":"wp","href":"https:\/\/api.w.org\/{rel}","templated":true}]}}