{"id":290799,"date":"2025-12-19T12:19:44","date_gmt":"2025-12-19T11:19:44","guid":{"rendered":"https:\/\/digalco.com\/tienda\/microsoft-surface-pro-7-plus-gris-123-ricondizionato-core-i7-28ghz-16-gb-ram-256-gb-ssd-m2-2736x1824-it-14560\/"},"modified":"2026-04-01T08:47:22","modified_gmt":"2026-04-01T06:47:22","slug":"microsoft-surface-pro-7-plus-gris-123-ricondizionato-core-i7-28ghz-16-gb-ram-256-gb-ssd-m2-2736x1824-it-14560","status":"publish","type":"product","link":"https:\/\/digalco.com\/it\/tienda\/microsoft-surface-pro-7-plus-gris-123-ricondizionato-core-i7-28ghz-16-gb-ram-256-gb-ssd-m2-2736x1824-it-14560\/","title":{"rendered":"Microsoft Surface Pro 7 Plus Gris 12.3&#8221; | Ricondizionato | Core i7 2.8GHz | 16 GB RAM | 256 GB SSD M2 2736&#215;1824"},"content":{"rendered":"<p><strong>Processore<\/strong><br \/>Intel Core i7 1165G7 2.8 GHz.<br \/><strong>Memoria RAM<\/strong><br \/>16 Gb. SO-DDR4 RAM<br \/><strong>Disco duro<\/strong><br \/>256 Gb. SSD M2<br \/><strong>Carte<\/strong><br \/>Grafica: Intel Iris Xe Graphics<br \/>Suono: High Definition Audio<br \/><strong>Sistema operativo<\/strong><br \/>Windows 11 Pro<br \/><strong>Porte<\/strong><br \/>USB 3.0<br \/>USB-C<br \/><strong>Schermo<\/strong><br \/>Tattile 12.3 &#8221; 2K 16:9 \u00b7 Risoluzione 2736&#215;1824<br \/><strong>Multimedia<\/strong><br \/>Webcam posteriore<br \/>Webcam frontale<br \/><strong>Connettivit\u00e0<\/strong><br \/>WIFI<br \/>Bluetooth<br \/><strong>Altri<\/strong><br \/>Imballaggio hR<br \/><strong>Dimensioni<\/strong><br \/>29.2&#215;20.1&#215;0.85 cm.<br \/><strong>Peso<\/strong><br \/>0.79 Kg.<br \/><strong>Specifiche aggiuntive<\/strong><br \/>La Microsoft Surface Pro 7 Plus ridefinisce la produttivit\u00e0 mobile, combinando la potenza di un portatile con la flessibilit\u00e0 di un tablet ultraleggero. Progettata per professionisti, creativi e utenti che richiedono velocit\u00e0 e affidabilit\u00e0, offre un equilibrio perfetto tra lavoro, creativit\u00e0 e mobilit\u00e0, rendendola la compagna ideale per qualsiasi ambiente di lavoro.Con il processore Intel Core i7 1165G7, 16 GB di RAM e SSD M.2 da 256 GB, la Surface Pro 7 Plus gestisce con fluidit\u00e0 multitasking, applicazioni professionali e software creativo, offrendo prestazioni eccezionali in ogni momento. Il display touchscreen PixelSense 2K da 12,3 pollici in formato 16:9 fornisce colori accurati, grande nitidezza e ampio spazio visivo per documenti, presentazioni e design digitale.Grazie a Windows 11 Pro e al chip di sicurezza TPM 2.0, le tue informazioni e applicazioni rimangono sicure, mentre il design elegante e leggero permette di passare facilmente da tablet a portatile secondo le necessit\u00e0. Con la Surface Pro 7 Plus sperimenterai mobilit\u00e0, versatilit\u00e0 e produttivit\u00e0 di alto livello, trasformando ogni giornata in un\u2019esperienza pi\u00f9 efficiente, creativa e comoda.Buon aspetto esterno. Guarda \u201c+ Foto\u201d e, se hai qualche dubbio, chiamaci o utilizza la nostra chat per ampliare le informazioni o richiedere maggiori dettagli.<\/p>\n","protected":false},"excerpt":{"rendered":"<p>Intel Core i7 1165G7 2.8 GHz. \u00b7 16 Gb. SO-DDR4 RAM \u00b7 256 Gb. SSD M2 \u00b7 <strong>Windows 11 Pro<\/strong> \u00b7 Tattile 12.3 &#8221; 2K 16:9 \u00b7 Risoluzione 2736&#215;1824 [&#8230;]<\/p>\n<p><a class=\"btn btn-secondary understrap-read-more-link\" href=\"https:\/\/digalco.com\/it\/tienda\/microsoft-surface-pro-7-plus-gris-123-ricondizionato-core-i7-28ghz-16-gb-ram-256-gb-ssd-m2-2736x1824-it-14560\/\">Leggi di pi\u00f9&#8230;<span class=\"screen-reader-text\"> from Microsoft Surface Pro 7 Plus Gris 12.3&#8221; | Ricondizionato | Core i7 2.8GHz | 16 GB RAM | 256 GB SSD M2 2736&#215;1824<\/span><\/a><\/p>\n","protected":false},"featured_media":290764,"template":"","meta":[],"product_brand":[3860],"product_cat":[3751,3237],"product_tag":[],"class_list":{"0":"post-290799","1":"product","2":"type-product","3":"status-publish","4":"has-post-thumbnail","6":"product_brand-microsoft","7":"product_cat-tablets-surface-it","8":"product_cat-tablets-it","10":"first","11":"instock","12":"taxable","13":"shipping-taxable","14":"purchasable","15":"product-type-simple"},"bundled_by":[],"bundle_stock_status":"instock","bundle_stock_quantity":38,"bundle_virtual":false,"bundle_layout":"","bundle_add_to_cart_form_location":"","bundle_editable_in_cart":false,"bundle_sold_individually_context":"","bundle_item_grouping":"","bundle_min_size":"","bundle_max_size":"","bundle_price":[],"bundled_items":[],"bundle_sell_ids":[],"exclude_global_add_ons":true,"addons":{"pencil-upgrades":{"name":"Estensione Matita","type":"multiple_choice","position":0,"required":false,"title_format":"heading","default":"","description_enable":false,"description":"","placeholder_enable":false,"placeholder":"","display":"radiobutton","restrictions_type":"any_text","adjust_price":false,"price":"","price_type":"quantity_based","restrictions":false,"min":"0","max":"0","options":[{"label":"Original Microsoft Surface Stylus [AMP00087]","price":"50.0000","price_type":"quantity_based","image":0,"visibility":true}]},"os-upgrades":{"name":"Estensione SO","type":"multiple_choice","position":0,"required":false,"title_format":"heading","default":"","description_enable":false,"description":"","placeholder_enable":false,"placeholder":"","display":"radiobutton","restrictions_type":"any_text","adjust_price":false,"price":"","price_type":"quantity_based","restrictions":false,"min":"0","max":"0","options":[{"label":"Change language to French [AMP00125]","price":"0.0000","price_type":"quantity_based","image":0,"visibility":true},{"label":"Change language to English [AMP00008]","price":"0.0000","price_type":"quantity_based","image":0,"visibility":true},{"label":"Change language to Portuguese [AMP00009]","price":"0.0000","price_type":"quantity_based","image":0,"visibility":true}]},"keyboard-upgrades":{"name":"Estensione tastiera","type":"multiple_choice","position":0,"required":false,"title_format":"heading","default":"","description_enable":false,"description":"","placeholder_enable":false,"placeholder":"","display":"radiobutton","restrictions_type":"any_text","adjust_price":false,"price":"","price_type":"quantity_based","restrictions":false,"min":"0","max":"0","options":[{"label":"Microsoft Keyboard Surface Pro [AMP00063]","price":"70.0000","price_type":"quantity_based","image":0,"visibility":true},{"label":"Portuguese Microsoft Keyboard Surface Pro [AMP00089]","price":"70.0000","price_type":"quantity_based","image":0,"visibility":true},{"label":"Surface Pro Intern. Keyboard (Stickers) [AMP00064]","price":"55.0000","price_type":"quantity_based","image":0,"visibility":true}]}},"df_price":573,"df_sale_price":"","df_regular_price":573,"df_image_link":"https:\/\/digalco.com\/wp-content\/uploads\/images\/product\/14560\/ms00222_01-300x225.jpg","_links":{"self":[{"href":"https:\/\/digalco.com\/it\/wp-json\/wp\/v2\/product\/290799","targetHints":{"allow":["GET"]}}],"collection":[{"href":"https:\/\/digalco.com\/it\/wp-json\/wp\/v2\/product"}],"about":[{"href":"https:\/\/digalco.com\/it\/wp-json\/wp\/v2\/types\/product"}],"wp:featuredmedia":[{"embeddable":true,"href":"https:\/\/digalco.com\/it\/wp-json\/wp\/v2\/media\/290764"}],"wp:attachment":[{"href":"https:\/\/digalco.com\/it\/wp-json\/wp\/v2\/media?parent=290799"}],"wp:term":[{"taxonomy":"product_brand","embeddable":true,"href":"https:\/\/digalco.com\/it\/wp-json\/wp\/v2\/product_brand?post=290799"},{"taxonomy":"product_cat","embeddable":true,"href":"https:\/\/digalco.com\/it\/wp-json\/wp\/v2\/product_cat?post=290799"},{"taxonomy":"product_tag","embeddable":true,"href":"https:\/\/digalco.com\/it\/wp-json\/wp\/v2\/product_tag?post=290799"}],"curies":[{"name":"wp","href":"https:\/\/api.w.org\/{rel}","templated":true}]}}