{"id":291028,"date":"2025-12-22T11:32:12","date_gmt":"2025-12-22T10:32:12","guid":{"rendered":"https:\/\/digalco.com\/tienda\/dell-p2423-24-ips-169-ricondizionato-1920x1200-it-14528\/"},"modified":"2026-03-30T16:03:50","modified_gmt":"2026-03-30T14:03:50","slug":"dell-p2423-24-ips-169-ricondizionato-1920x1200-it-14528","status":"publish","type":"product","link":"https:\/\/digalco.com\/it\/tienda\/dell-p2423-24-ips-169-ricondizionato-1920x1200-it-14528\/","title":{"rendered":"Dell P2423 24&#8221; IPS 16:9 | Ricondizionato | 1920&#215;1200"},"content":{"rendered":"<p><strong>Schermo<\/strong><br \/>IPS 24 &#8221; FullHD 16:9 \u00b7 Risoluzione 1920&#215;1200<br \/>Punto passo 0.27 mm<br \/>Risposta 5 ms<br \/>Contrasto 1000:1<br \/>Luminosit\u00e0 300 cd\/m2<br \/>Angolo visione 178\u00b0v\/178\u00b0h<br \/><strong>Porte video<\/strong><br \/>VGA<br \/>HDMI<br \/>Display Port<br \/>DVI<br \/><strong>Schermo specifico<\/strong><br \/>Supporto VESA<br \/>Peana<br \/>Regolabile in altezza<br \/><strong>Altri<\/strong><br \/>Imballaggio hR<br \/><strong>Dimensioni<\/strong><br \/>53x41x17 cm.<br \/><strong>Peso<\/strong><br \/>5.50 Kg.<br \/><strong>Specifiche aggiuntive<\/strong><br \/>Il Dell P2423 \u00e8 un monitor professionale da 24 pollici progettato per chi necessita di una visualizzazione confortevole, precisa e costante per tutta la giornata lavorativa. Pensato per ambienti di lavoro esigenti, postazioni aziendali, creazione di contenuti e uffici tecnici, offre un perfetto equilibrio tra qualit\u00e0 dell\u2019immagine, ergonomia visiva e affidabilit\u00e0, diventando uno strumento fondamentale per migliorare la produttivit\u00e0 quotidiana.Il pannello IPS da 24\u201d con risoluzione 1920&#215;1200 e formato 16:9 offre uno spazio di lavoro leggermente superiore al Full HD tradizionale, ideale per gestire pi\u00f9 applicazioni, righe di codice o documenti di grandi dimensioni con maggiore comodit\u00e0. La riproduzione dei colori \u00e8 uniforme e coerente da qualsiasi angolazione grazie agli ampi angoli di visione di 178\u00b0 sia in verticale che in orizzontale. Con un contrasto di 1000:1 e una luminosit\u00e0 di 300 cd\/m\u00b2, le immagini risultano chiare e ben bilanciate anche in ambienti molto luminosi. Il tempo di risposta di 5 ms garantisce fluidit\u00e0 nell\u2019uso quotidiano, mentre la connettivit\u00e0 VGA, HDMI, DisplayPort e DVI consente una piena integrazione con praticamente qualsiasi dispositivo.Il Dell P2423 si distingue per la sua versatilit\u00e0 e per offrire un\u2019esperienza visiva pensata per lavorare meglio, non solo per guardare. \u00c8 una scelta sicura per progetti che richiedono coerenza, comfort e un\u2019immagine affidabile, apportando un reale valore aggiunto sia in termini di produttivit\u00e0 che di durata nel tempo. Un monitor che innalza lo standard della postazione di lavoro professionale fin dal primo avvio.Buon aspetto esterno. Se hai qualche dubbio, chiamaci o utilizza la nostra chat per ottenere maggiori informazioni o richiedere ulteriori dettagli.<br \/><strong>Commenti<\/strong><br \/><u>Cavo di alimentazione e VGA inclusi &#8211; 4xUSB 3.2<\/u><\/p>\n","protected":false},"excerpt":{"rendered":"<p>IPS 24 &#8221; FullHD 16:9 \u00b7 Risoluzione 1920&#215;1200 \u00b7 Punto passo 0.27 mm \u00b7 Risposta 5 ms \u00b7 Contrasto 1000:1 \u00b7 Luminosit\u00e0 300 cd\/m2 \u00b7 VGA \u00b7 HDMI \u00b7 Display Port \u00b7 DVI \u00b7<br \/>\n<u>Cavo di alimentazione e VGA inclusi &#8211; 4xUSB 3.2<br \/>\n<\/u> [&#8230;]<\/p>\n<p><a class=\"btn btn-secondary understrap-read-more-link\" href=\"https:\/\/digalco.com\/it\/tienda\/dell-p2423-24-ips-169-ricondizionato-1920x1200-it-14528\/\">Leggi di pi\u00f9&#8230;<span class=\"screen-reader-text\"> from Dell P2423 24&#8221; IPS 16:9 | Ricondizionato | 1920&#215;1200<\/span><\/a><\/p>\n","protected":false},"featured_media":290993,"template":"","meta":[],"product_brand":[3852],"product_cat":[3324,3215],"product_tag":[],"class_list":{"0":"post-291028","1":"product","2":"type-product","3":"status-publish","4":"has-post-thumbnail","6":"product_brand-dell","7":"product_cat-monitor-24-it","8":"product_cat-monitor-it","10":"first","11":"outofstock","12":"taxable","13":"shipping-taxable","14":"purchasable","15":"product-type-simple"},"bundled_by":[],"bundle_stock_status":"outofstock","bundle_stock_quantity":0,"bundle_virtual":false,"bundle_layout":"","bundle_add_to_cart_form_location":"","bundle_editable_in_cart":false,"bundle_sold_individually_context":"","bundle_item_grouping":"","bundle_min_size":"","bundle_max_size":"","bundle_price":[],"bundled_items":[],"bundle_sell_ids":[],"exclude_global_add_ons":true,"addons":{"webcam-upgrades":{"name":"Estensione Webcam","type":"multiple_choice","position":0,"required":false,"title_format":"heading","default":"","description_enable":false,"description":"","placeholder_enable":false,"placeholder":"","display":"radiobutton","restrictions_type":"any_text","adjust_price":false,"price":"","price_type":"quantity_based","restrictions":false,"min":"0","max":"0","options":[{"label":"Conceptronic AMDIS FullHD [AMP00085]","price":"29.0000","price_type":"quantity_based","image":0,"visibility":true}]},"hdmi-upgrades":{"name":"Estensione cavo","type":"multiple_choice","position":0,"required":false,"title_format":"heading","default":"","description_enable":false,"description":"","placeholder_enable":false,"placeholder":"","display":"radiobutton","restrictions_type":"any_text","adjust_price":false,"price":"","price_type":"quantity_based","restrictions":false,"min":"0","max":"0","options":[{"label":"HDMI cable 2 mts. [AMP00104]","price":"6.0000","price_type":"quantity_based","image":0,"visibility":true},{"label":"Dual Link DVI-D M\/M Cable 1,8 mts. [AMP00102]","price":"2.0000","price_type":"quantity_based","image":0,"visibility":true},{"label":"DisplayPort to DisplayPort cable 1,8 mts. [AMP00103]","price":"8.0000","price_type":"quantity_based","image":0,"visibility":true}]}},"df_price":102,"df_sale_price":"","df_regular_price":102,"df_image_link":"https:\/\/digalco.com\/wp-content\/uploads\/images\/product\/14528\/dell01608_01-300x225.jpg","_links":{"self":[{"href":"https:\/\/digalco.com\/it\/wp-json\/wp\/v2\/product\/291028","targetHints":{"allow":["GET"]}}],"collection":[{"href":"https:\/\/digalco.com\/it\/wp-json\/wp\/v2\/product"}],"about":[{"href":"https:\/\/digalco.com\/it\/wp-json\/wp\/v2\/types\/product"}],"wp:featuredmedia":[{"embeddable":true,"href":"https:\/\/digalco.com\/it\/wp-json\/wp\/v2\/media\/290993"}],"wp:attachment":[{"href":"https:\/\/digalco.com\/it\/wp-json\/wp\/v2\/media?parent=291028"}],"wp:term":[{"taxonomy":"product_brand","embeddable":true,"href":"https:\/\/digalco.com\/it\/wp-json\/wp\/v2\/product_brand?post=291028"},{"taxonomy":"product_cat","embeddable":true,"href":"https:\/\/digalco.com\/it\/wp-json\/wp\/v2\/product_cat?post=291028"},{"taxonomy":"product_tag","embeddable":true,"href":"https:\/\/digalco.com\/it\/wp-json\/wp\/v2\/product_tag?post=291028"}],"curies":[{"name":"wp","href":"https:\/\/api.w.org\/{rel}","templated":true}]}}