{"id":291505,"date":"2025-12-29T11:50:06","date_gmt":"2025-12-29T10:50:06","guid":{"rendered":"https:\/\/digalco.com\/tienda\/philips-223v5lhsb2-00-22-led-169-ricondizionato-1920x1080-it-14513\/"},"modified":"2025-12-29T11:50:17","modified_gmt":"2025-12-29T10:50:17","slug":"philips-223v5lhsb2-00-22-led-169-ricondizionato-1920x1080-it-14513","status":"publish","type":"product","link":"https:\/\/digalco.com\/it\/tienda\/philips-223v5lhsb2-00-22-led-169-ricondizionato-1920x1080-it-14513\/","title":{"rendered":"Philips 223V5LHSB2-00 22&#8221; Led 16:9 | Ricondizionato | 1920&#215;1080"},"content":{"rendered":"<p><strong>Schermo<\/strong><br \/>Led 22 &#8221; FullHD 16:9 \u00b7 Risoluzione 1920&#215;1080<br \/>Contrasto 1000:1<br \/>Luminosit\u00e0 250 cd\/m2<br \/>Angolo visione 160\u00b0v\/170\u00b0h<br \/><strong>Porte video<\/strong><br \/>VGA<br \/>HDMI<br \/><strong>Schermo specifico<\/strong><br \/>Supporto VESA<br \/>Peana<br \/><strong>Altri<\/strong><br \/>Imballaggio hR<br \/><strong>Dimensioni<\/strong><br \/>50.3&#215;37.5&#215;21 cm.<br \/><strong>Peso<\/strong><br \/>2.50 Kg.<br \/><strong>Specifiche aggiuntive<\/strong><br \/>Il Philips 223V5LHSB2\/00 \u00e8 un monitor LED da 22 pollici progettato per offrire un\u2019esperienza visiva chiara, confortevole e senza complicazioni nell\u2019uso quotidiano. Una soluzione ideale per postazioni di lavoro, uffici, attivit\u00e0 commerciali o ambienti formativi che necessitano di uno schermo affidabile, efficiente e facile da integrare in qualsiasi spazio.Il suo pannello Full HD da 22\u201d con risoluzione 1920&#215;1080 e formato 16:9 garantisce un\u2019immagine nitida e ben bilanciata, ideale per lavorare con documenti, applicazioni gestionali o contenuti multimediali. Con un contrasto di 1000:1 e una luminosit\u00e0 di 250 cd\/m\u00b2, la visualizzazione risulta chiara e piacevole anche in ambienti ben illuminati. Gli angoli di visione di 160\u00b0 in verticale e 170\u00b0 in orizzontale assicurano una qualit\u00e0 dell\u2019immagine costante da diverse posizioni. La connettivit\u00e0 VGA e HDMI offre flessibilit\u00e0, consentendo il collegamento sia a dispositivi moderni che a configurazioni pi\u00f9 tradizionali.Il Philips 223V5LHSB2\/00 si distingue per il suo approccio pratico e l\u2019eccellente rapporto qualit\u00e0-prezzo, offrendo esattamente ci\u00f2 che serve per una postazione funzionale e produttiva. Un monitor versatile e affidabile, perfetto per progetti di rinnovo o ampliamento, che garantisce un\u2019esperienza visiva solida e prestazioni costanti fin dal primo giorno.Buon aspetto esterno. Se hai domande, chiamaci o utilizza la nostra chat per ottenere maggiori informazioni o richiedere ulteriori dettagli.<br \/><strong>Commenti<\/strong><br \/><u>Cavo di alimentazione e VGA inclusi<\/u><\/p>\n","protected":false},"excerpt":{"rendered":"<p>Led 22 &#8221; FullHD 16:9 \u00b7 Risoluzione 1920&#215;1080 \u00b7 Contrasto 1000:1 \u00b7 Luminosit\u00e0 250 cd\/m2 \u00b7 VGA \u00b7 HDMI \u00b7<br \/>\n<u>Cavo di alimentazione e VGA inclusi<br \/>\n<\/u> [&#8230;]<\/p>\n<p><a class=\"btn btn-secondary understrap-read-more-link\" href=\"https:\/\/digalco.com\/it\/tienda\/philips-223v5lhsb2-00-22-led-169-ricondizionato-1920x1080-it-14513\/\">Leggi di pi\u00f9&#8230;<span class=\"screen-reader-text\"> from Philips 223V5LHSB2-00 22&#8221; Led 16:9 | Ricondizionato | 1920&#215;1080<\/span><\/a><\/p>\n","protected":false},"featured_media":291480,"template":"","meta":[],"product_brand":[3866],"product_cat":[3322,3215],"product_tag":[],"class_list":{"0":"post-291505","1":"product","2":"type-product","3":"status-publish","4":"has-post-thumbnail","6":"product_brand-philips","7":"product_cat-monitor-22-it","8":"product_cat-monitor-it","10":"first","11":"instock","12":"taxable","13":"shipping-taxable","14":"purchasable","15":"product-type-simple"},"bundled_by":[],"bundle_stock_status":"instock","bundle_stock_quantity":5,"bundle_virtual":false,"bundle_layout":"","bundle_add_to_cart_form_location":"","bundle_editable_in_cart":false,"bundle_sold_individually_context":"","bundle_item_grouping":"","bundle_min_size":"","bundle_max_size":"","bundle_price":[],"bundled_items":[],"bundle_sell_ids":[],"exclude_global_add_ons":true,"addons":{"webcam-upgrades":{"name":"Estensione Webcam","type":"multiple_choice","position":0,"required":false,"title_format":"heading","default":"","description_enable":false,"description":"","placeholder_enable":false,"placeholder":"","display":"radiobutton","restrictions_type":"any_text","adjust_price":false,"price":"","price_type":"quantity_based","restrictions":false,"min":"0","max":"0","options":[{"label":"Conceptronic AMDIS FullHD [AMP00085]","price":"29.0000","price_type":"quantity_based","image":0,"visibility":true}]},"hdmi-upgrades":{"name":"Estensione cavo","type":"multiple_choice","position":0,"required":false,"title_format":"heading","default":"","description_enable":false,"description":"","placeholder_enable":false,"placeholder":"","display":"radiobutton","restrictions_type":"any_text","adjust_price":false,"price":"","price_type":"quantity_based","restrictions":false,"min":"0","max":"0","options":[{"label":"HDMI cable 2 mts. [AMP00104]","price":"6.0000","price_type":"quantity_based","image":0,"visibility":true}]}},"df_price":78,"df_sale_price":"","df_regular_price":78,"df_image_link":"https:\/\/digalco.com\/wp-content\/uploads\/images\/product\/14513\/phil00056_01-300x225.jpg","_links":{"self":[{"href":"https:\/\/digalco.com\/it\/wp-json\/wp\/v2\/product\/291505","targetHints":{"allow":["GET"]}}],"collection":[{"href":"https:\/\/digalco.com\/it\/wp-json\/wp\/v2\/product"}],"about":[{"href":"https:\/\/digalco.com\/it\/wp-json\/wp\/v2\/types\/product"}],"wp:featuredmedia":[{"embeddable":true,"href":"https:\/\/digalco.com\/it\/wp-json\/wp\/v2\/media\/291480"}],"wp:attachment":[{"href":"https:\/\/digalco.com\/it\/wp-json\/wp\/v2\/media?parent=291505"}],"wp:term":[{"taxonomy":"product_brand","embeddable":true,"href":"https:\/\/digalco.com\/it\/wp-json\/wp\/v2\/product_brand?post=291505"},{"taxonomy":"product_cat","embeddable":true,"href":"https:\/\/digalco.com\/it\/wp-json\/wp\/v2\/product_cat?post=291505"},{"taxonomy":"product_tag","embeddable":true,"href":"https:\/\/digalco.com\/it\/wp-json\/wp\/v2\/product_tag?post=291505"}],"curies":[{"name":"wp","href":"https:\/\/api.w.org\/{rel}","templated":true}]}}