{"id":294671,"date":"2026-01-21T09:44:07","date_gmt":"2026-01-21T08:44:07","guid":{"rendered":"https:\/\/digalco.com\/tienda\/dell-poweredge-t430-torre-ricondizionato-xeon-deca-core-26ghz-32-gb-ram-600-gb-sas-it-14642\/"},"modified":"2026-03-20T14:21:52","modified_gmt":"2026-03-20T13:21:52","slug":"dell-poweredge-t430-torre-ricondizionato-xeon-deca-core-26ghz-32-gb-ram-600-gb-sas-it-14642","status":"publish","type":"product","link":"https:\/\/digalco.com\/it\/tienda\/dell-poweredge-t430-torre-ricondizionato-xeon-deca-core-26ghz-32-gb-ram-600-gb-sas-it-14642\/","title":{"rendered":"Dell PowerEdge T430 Torre | Ricondizionato | Xeon Deca Core 2.6GHz | 32 GB RAM | 600 GB SAS"},"content":{"rendered":"<p><strong>Processore<\/strong><br \/>Intel Xeon Deca Core E5-2660 V3 2.6 GHz.<br \/><strong>Formato<\/strong><br \/>Torre<br \/><strong>Memoria RAM<\/strong><br \/>32 Gb. DDR4 RAM<br \/>12 baies (10 vuoti )<br \/><strong>Disco duro<\/strong><br \/>4x 600 Gb. SAS 2.5&#8221; 10krpm<br \/>8 baies (4 vuoti )<br \/><strong>Unit\u00e0 ottica<\/strong><br \/>DVD<br \/><strong>Carte<\/strong><br \/>Grafica: d200ER2<br \/>Rete: Broadcom 5720<br \/><strong>Sistema operativo<\/strong><br \/>&#8211; Nessun sistema operativo &#8211;<br \/><strong>Porte<\/strong><br \/>Serie<br \/>5x USB 2.0<br \/>3x USB 3.0<br \/><strong>Connettivit\u00e0<\/strong><br \/>2x RJ-45<br \/><strong>Alimentazione<\/strong><br \/>2x Alimentatori (Hotplug)<br \/><strong>Altri<\/strong><br \/>Imballaggio hR<br \/><strong>Dimensioni<\/strong><br \/>71&#215;44.5&#215;22 cm.<br \/><strong>Peso<\/strong><br \/>28.25 Kg.<br \/><strong>Specifiche aggiuntive<\/strong><br \/>Il Dell PowerEdge T430 \u00e8 un server tower progettato per ambienti professionali che richiedono alte prestazioni, affidabilit\u00e0 e capacit\u00e0 di crescita a medio e lungo termine. Dotato di Intel Xeon Deca Core E5-2660 v3, offre un\u2019eccellente capacit\u00e0 di elaborazione per virtualizzazione, database, applicazioni aziendali e servizi critici.<br \/>I suoi 32 GB di memoria DDR4 garantiscono stabilit\u00e0 e fluidit\u00e0 nei carichi di lavoro impegnativi, mentre il controller RAID H330 offre sicurezza e flessibilit\u00e0 nella gestione dello storage.<br \/>I 4 dischi SAS da 600 GB a 10K rpm forniscono un equilibrio ottimale tra velocit\u00e0 e affidabilit\u00e0, ideale per ambienti produttivi.<br \/>Il suo formato tower consente un\u2019integrazione semplice in uffici o sale tecniche, riducendo i costi rispetto alle soluzioni rack tradizionali.<br \/>Un server robusto, silenzioso e pronto a crescere con la tua infrastruttura IT, perfetto per PMI, ambienti professionali e progetti di consolidamento dei server.<br \/>Una scelta sicura nei server Dell PowerEdge, dove affidabilit\u00e0 e prestazioni vanno di pari passo.<br \/>Buon aspetto esteriore. Se hai domande, chiamaci o usa la nostra chat per ampliare le informazioni o richiedere maggiori dettagli.<br \/><strong>Commenti<\/strong><br \/><u>H330 Raid Controller &#8211; 4xPCIe 3.0 \/ 2xPCIe 2.0<\/u><\/p>\n","protected":false},"excerpt":{"rendered":"<p>Intel Xeon Deca Core E5-2660 V3 2.6 GHz. \u00b7 32 Gb. DDR4 RAM \u00b7 12 baies (10 vuoti ) \u00b7 4x 600 Gb. SAS 2.5&#8221; 10krpm \u00b7 8 baies (4 vuoti ) \u00b7 DVD \u00b7<br \/>\n<strong>H330 Raid Controller<\/strong> &#8211; <u>4xPCIe 3.0 \/ 2xPCIe 2.0<br \/>\n<\/u> [&#8230;]<\/p>\n<p><a class=\"btn btn-secondary understrap-read-more-link\" href=\"https:\/\/digalco.com\/it\/tienda\/dell-poweredge-t430-torre-ricondizionato-xeon-deca-core-26ghz-32-gb-ram-600-gb-sas-it-14642\/\">Leggi di pi\u00f9&#8230;<span class=\"screen-reader-text\"> from Dell PowerEdge T430 Torre | Ricondizionato | Xeon Deca Core 2.6GHz | 32 GB RAM | 600 GB SAS<\/span><\/a><\/p>\n","protected":false},"featured_media":294656,"template":"","meta":[],"product_brand":[3852],"product_cat":[3250,3253],"product_tag":[],"class_list":{"0":"post-294671","1":"product","2":"type-product","3":"status-publish","4":"has-post-thumbnail","6":"product_brand-dell","7":"product_cat-servers-it","8":"product_cat-servers-tower-it","10":"first","11":"instock","12":"taxable","13":"shipping-taxable","14":"purchasable","15":"product-type-simple"},"bundled_by":[],"bundle_stock_status":"instock","bundle_stock_quantity":18,"bundle_virtual":false,"bundle_layout":"","bundle_add_to_cart_form_location":"","bundle_editable_in_cart":false,"bundle_sold_individually_context":"","bundle_item_grouping":"","bundle_min_size":"","bundle_max_size":"","bundle_price":[],"bundled_items":[],"bundle_sell_ids":[],"exclude_global_add_ons":true,"addons":{"hdd-upgrades":{"name":"Estensione HDD","type":"multiple_choice","position":0,"required":false,"title_format":"heading","default":"","description_enable":false,"description":"","placeholder_enable":false,"placeholder":"","display":"radiobutton","restrictions_type":"any_text","adjust_price":false,"price":"","price_type":"quantity_based","restrictions":false,"min":"0","max":"0","options":[{"label":"2x SSD 240 Gb. [AMP00058]","price":"100.0000","price_type":"quantity_based","image":0,"visibility":true},{"label":"2x SSD 480 Gb. [AMP00059]","price":"200.0000","price_type":"quantity_based","image":0,"visibility":true}]}},"df_price":669,"df_sale_price":"","df_regular_price":669,"df_image_link":"https:\/\/digalco.com\/wp-content\/uploads\/images\/product\/14642\/dell01629_01-300x225.jpg","_links":{"self":[{"href":"https:\/\/digalco.com\/it\/wp-json\/wp\/v2\/product\/294671","targetHints":{"allow":["GET"]}}],"collection":[{"href":"https:\/\/digalco.com\/it\/wp-json\/wp\/v2\/product"}],"about":[{"href":"https:\/\/digalco.com\/it\/wp-json\/wp\/v2\/types\/product"}],"wp:featuredmedia":[{"embeddable":true,"href":"https:\/\/digalco.com\/it\/wp-json\/wp\/v2\/media\/294656"}],"wp:attachment":[{"href":"https:\/\/digalco.com\/it\/wp-json\/wp\/v2\/media?parent=294671"}],"wp:term":[{"taxonomy":"product_brand","embeddable":true,"href":"https:\/\/digalco.com\/it\/wp-json\/wp\/v2\/product_brand?post=294671"},{"taxonomy":"product_cat","embeddable":true,"href":"https:\/\/digalco.com\/it\/wp-json\/wp\/v2\/product_cat?post=294671"},{"taxonomy":"product_tag","embeddable":true,"href":"https:\/\/digalco.com\/it\/wp-json\/wp\/v2\/product_tag?post=294671"}],"curies":[{"name":"wp","href":"https:\/\/api.w.org\/{rel}","templated":true}]}}