{"id":295494,"date":"2026-01-27T11:42:15","date_gmt":"2026-01-27T10:42:15","guid":{"rendered":"https:\/\/digalco.com\/tienda\/microsoft-surface-pro-7-plus-kit-ricondizionato-it-13927-bundle\/"},"modified":"2026-01-27T11:42:22","modified_gmt":"2026-01-27T10:42:22","slug":"microsoft-surface-pro-7-plus-kit-ricondizionato-it-13927-bundle","status":"publish","type":"product","link":"https:\/\/digalco.com\/it\/tienda\/microsoft-surface-pro-7-plus-kit-ricondizionato-it-13927-bundle\/","title":{"rendered":"Microsoft Surface Pro 7 Plus Kit | Ricondizionato (Bundle)"},"content":{"rendered":"<p><strong>Processore<\/strong><br \/>Intel Core i5 1135G7 2.4 GHz.<br \/><strong>Memoria RAM<\/strong><br \/>16 Gb. SO-DDR4 RAM<br \/><strong>Disco duro<\/strong><br \/>256 Gb. SSD M2<br \/><strong>Carte<\/strong><br \/>Grafica: Intel Iris Xe Graphics<br \/>Suono: High Definition Audio<br \/><strong>Sistema operativo<\/strong><br \/>Windows 11 Pro<br \/><strong>Porte<\/strong><br \/>USB 3.0<br \/>USB-C<br \/><strong>Schermo<\/strong><br \/>Tattile 12.3 &#8221; 2K 16:9 \u00b7 Risoluzione 2736&#215;1824<br \/><strong>Multimedia<\/strong><br \/>Webcam posteriore<br \/>Webcam frontale<br \/><strong>Connettivit\u00e0<\/strong><br \/>WIFI<br \/>Bluetooth<br \/><strong>Altri<\/strong><br \/>Imballaggio hR<br \/><strong>Dimensioni<\/strong><br \/>29.2&#215;20.1&#215;0.85 cm.<br \/><strong>Peso<\/strong><br \/>0.79 Kg.<br \/><strong>Specifiche aggiuntive<\/strong><br \/>Microsoft Surface Pro 7 Plus \u00e8 la soluzione perfetta per chi cerca mobilit\u00e0 senza rinunciare alle prestazioni. Dotato di un processore Intel Core i5-1135G7 da 2,4 GHz, 16 GB di RAM SO-DDR4 e un veloce SSD M.2 da 256 GB, questo tablet convertibile garantisce prestazioni agili e fluide per attivit\u00e0 professionali, creative o d&#8217;ufficio.Il suo touchscreen da 12,3 pollici con risoluzione 2K (2736 x 1824) e rapporto d&#8217;aspetto 16:9 offre un&#8217;esperienza visiva nitida e immersiva. Con Windows 11 Pro e TPM 2.0, offre un ambiente moderno e sicuro, ideale per ambienti aziendali e lavoro da remoto.Leggero, potente e versatile, Surface Pro 7 Plus \u00e8 lo strumento ideale per gli utenti che cercano un tablet-laptop convertibile di alta qualit\u00e0 con la massima efficienza e portabilit\u00e0.Elegante design. Consulta &#8220;+ Foto&#8221; e, per qualsiasi domanda, chiamaci o usa la nostra chat per maggiori informazioni o per richiedere maggiori dettagli.<\/p>\n","protected":false},"excerpt":{"rendered":"<p>Intel Core i5 1135G7 2.4 GHz. \u00b7 16 Gb. SO-DDR4 RAM \u00b7 256 Gb. SSD M2 \u00b7 <strong>Windows 11 Pro<\/strong> \u00b7 Tattile 12.3 &#8221; <strong>2K 16:9 \u00b7 Risoluzione 2736&#215;1824 \u00b7Tastiera spagnola<\/strong> [&#8230;]<\/p>\n<p><a class=\"btn btn-secondary understrap-read-more-link\" href=\"https:\/\/digalco.com\/it\/tienda\/microsoft-surface-pro-7-plus-kit-ricondizionato-it-13927-bundle\/\">Leggi di pi\u00f9&#8230;<span class=\"screen-reader-text\"> from Microsoft Surface Pro 7 Plus Kit | Ricondizionato (Bundle)<\/span><\/a><\/p>\n","protected":false},"featured_media":265672,"template":"","meta":[],"product_brand":[3860],"product_cat":[3751,3237],"product_tag":[],"class_list":{"0":"post-295494","1":"product","2":"type-product","3":"status-publish","4":"has-post-thumbnail","6":"product_brand-microsoft","7":"product_cat-tablets-surface-it","8":"product_cat-tablets-it","10":"first","11":"instock","12":"sale","13":"virtual","14":"taxable","15":"purchasable","16":"product-type-bundle"},"bundled_by":[],"bundle_stock_status":"instock","bundle_stock_quantity":26,"bundle_virtual":false,"bundle_layout":"default","bundle_add_to_cart_form_location":"default","bundle_editable_in_cart":false,"bundle_sold_individually_context":"product","bundle_item_grouping":"parent","bundle_min_size":1,"bundle_max_size":2,"bundle_price":{"price":{"min":{"incl_tax":"516","excl_tax":"516"},"max":{"incl_tax":"555","excl_tax":"555"}},"regular_price":{"min":{"incl_tax":"516","excl_tax":"516"},"max":{"incl_tax":"576","excl_tax":"576"}}},"bundled_items":[{"bundled_item_id":406,"product_id":265712,"menu_order":0,"quantity_min":1,"quantity_max":1,"quantity_default":1,"priced_individually":true,"shipped_individually":false,"override_title":false,"title":"Microsoft Surface Pro 7 Plus Kit | Ricondizionato","override_description":false,"description":"Microsoft Surface Pro 7 Plus Kit | Ricondizionato","optional":false,"hide_thumbnail":false,"discount":"","override_variations":false,"allowed_variations":[""],"override_default_variation_attributes":false,"default_variation_attributes":[],"single_product_visibility":"visible","cart_visibility":"visible","order_visibility":"visible","single_product_price_visibility":"visible","cart_price_visibility":"visible","order_price_visibility":"visible","stock_status":"in_stock"},{"bundled_item_id":407,"product_id":162561,"menu_order":1,"quantity_min":1,"quantity_max":1,"quantity_default":1,"priced_individually":true,"shipped_individually":false,"override_title":false,"title":"Opzione portatile Microsoft Surface Dockin 1661 | Ricondizionato","override_description":false,"description":"Opzione portatile Microsoft Surface Dockin 1661 | Ricondizionato","optional":true,"hide_thumbnail":false,"discount":"35","override_variations":false,"allowed_variations":[""],"override_default_variation_attributes":false,"default_variation_attributes":[],"single_product_visibility":"visible","cart_visibility":"visible","order_visibility":"visible","single_product_price_visibility":"visible","cart_price_visibility":"visible","order_price_visibility":"visible","stock_status":"in_stock"}],"bundle_sell_ids":[],"exclude_global_add_ons":[],"addons":[],"df_price":"","df_sale_price":"","df_regular_price":"","df_image_link":"https:\/\/digalco.com\/wp-content\/uploads\/images\/product\/13927\/ms00199_01-300x225.jpg","_links":{"self":[{"href":"https:\/\/digalco.com\/it\/wp-json\/wp\/v2\/product\/295494","targetHints":{"allow":["GET"]}}],"collection":[{"href":"https:\/\/digalco.com\/it\/wp-json\/wp\/v2\/product"}],"about":[{"href":"https:\/\/digalco.com\/it\/wp-json\/wp\/v2\/types\/product"}],"wp:featuredmedia":[{"embeddable":true,"href":"https:\/\/digalco.com\/it\/wp-json\/wp\/v2\/media\/265672"}],"wp:attachment":[{"href":"https:\/\/digalco.com\/it\/wp-json\/wp\/v2\/media?parent=295494"}],"wp:term":[{"taxonomy":"product_brand","embeddable":true,"href":"https:\/\/digalco.com\/it\/wp-json\/wp\/v2\/product_brand?post=295494"},{"taxonomy":"product_cat","embeddable":true,"href":"https:\/\/digalco.com\/it\/wp-json\/wp\/v2\/product_cat?post=295494"},{"taxonomy":"product_tag","embeddable":true,"href":"https:\/\/digalco.com\/it\/wp-json\/wp\/v2\/product_tag?post=295494"}],"curies":[{"name":"wp","href":"https:\/\/api.w.org\/{rel}","templated":true}]}}