{"id":296830,"date":"2026-02-02T11:08:45","date_gmt":"2026-02-02T10:08:45","guid":{"rendered":"https:\/\/digalco.com\/tienda\/scannera-brother-ads-1700w-ricondizionato-it-13824\/"},"modified":"2026-02-05T17:05:06","modified_gmt":"2026-02-05T16:05:06","slug":"scannera-brother-ads-1700w-ricondizionato-it-13824","status":"publish","type":"product","link":"https:\/\/digalco.com\/it\/tienda\/scannera-brother-ads-1700w-ricondizionato-it-13824\/","title":{"rendered":"Scannera Brother ADS-1700W-Impecable | Ricondizionato"},"content":{"rendered":"<p><strong>Sensore di immagine<\/strong><br \/><strong><\/strong>CCD a colori<strong><\/strong><br \/><strong>Display<\/strong><br \/><strong><\/strong>Touchscreen a colori 2,8&#8243;<strong><\/strong><br \/><strong>Velocit\u00e0 di scansione<\/strong><br \/><strong><\/strong>Colore: Fino a 25 ppm<br \/><strong>Risoluzione<\/strong><br \/><strong><\/strong>Fino a 1200 dpi<strong><\/strong><br \/><strong>Connettivit\u00e0<\/strong><br \/>USB 3.0 &#8211; Wi-Fi<strong><\/strong><br \/><strong>Gestione carta<\/strong><br \/>Alimentatore automatico di documenti da 20 fogli<strong><\/strong><br \/><strong>Area di scansione<\/strong><br \/><strong><\/strong>ADF Max. A4<strong><\/strong><br \/><strong>Specifiche aggiuntiveIl<\/strong><br \/><strong><\/strong>Brother ADS-1700W \u00e8 uno scanner documentale progettato per ambienti in cui una digitalizzazione agile e affidabile \u00e8 fondamentale nella quotidianit\u00e0. Pensato per uffici moderni, studi professionali e aziende che gestiscono documenti in modo continuativo, combina facilit\u00e0 d\u2019uso, connettivit\u00e0 wireless e un formato compatto che si adatta perfettamente a qualsiasi postazione di lavoro senza rinunciare a prestazioni di livello professionale. Questo scanner documentale a colori integra un sensore CCD di alta qualit\u00e0 che garantisce una riproduzione fedele e nitida di ogni documento, con risoluzioni fino a 1200 dpi. La velocit\u00e0 di scansione fino a 25 pagine al minuto e la scansione fronte\/retro automatica consentono di digitalizzare grandi volumi in meno tempo, ottimizzando i flussi di lavoro. L\u2019alimentatore automatico da 20 fogli semplifica la gestione dei documenti multipagina, mentre la connettivit\u00e0 USB 3.0 e WiFi offre la massima flessibilit\u00e0 per una facile integrazione in qualsiasi ambiente informatico, sia cablato che wireless. Il Brother ADS-1700W non si limita a scansionare, ma trasforma il modo di lavorare con la documentazione. Riduce i tempi, elimina le attivit\u00e0 manuali ripetitive e migliora l\u2019organizzazione digitale con risultati professionali fin dal primo utilizzo. Una soluzione compatta, efficiente e robusta che offre una produttivit\u00e0 reale, facilita la gestione documentale e rappresenta un investimento intelligente per qualsiasi azienda che apprezzi efficienza, qualit\u00e0 e comodit\u00e0 nei propri processi di digitalizzazione.<strong>Aspetto esterno impeccabile<\/strong>. Se hai qualche dubbio, chiamaci o utilizza la nostra chat per ampliare le informazioni o per richiedere maggiori dettagli.<\/p>\n","protected":false},"excerpt":{"rendered":"<p>Scanner per documenti a colori &#8211; CCD a colori &#8211; fino a 25 ppm &#8211; fino a 1200 dpi &#8211; USB 3.0 \/ <strong>WiFi <\/strong>&#8211; scansione fronte-retro integrata &#8211; Alimentatore automatico di documenti da 20 fogli. [&#8230;]<\/p>\n<p><a class=\"btn btn-secondary understrap-read-more-link\" href=\"https:\/\/digalco.com\/it\/tienda\/scannera-brother-ads-1700w-ricondizionato-it-13824\/\">Leggi di pi\u00f9&#8230;<span class=\"screen-reader-text\"> from Scannera Brother ADS-1700W-Impecable | Ricondizionato<\/span><\/a><\/p>\n","protected":false},"featured_media":296815,"template":"","meta":[],"product_brand":[3855],"product_cat":[3273],"product_tag":[],"class_list":{"0":"post-296830","1":"product","2":"type-product","3":"status-publish","4":"has-post-thumbnail","6":"product_brand-brother","7":"product_cat-scanners-it","9":"first","10":"outofstock","11":"taxable","12":"shipping-taxable","13":"purchasable","14":"product-type-simple"},"bundled_by":[],"bundle_stock_status":"outofstock","bundle_stock_quantity":0,"bundle_virtual":false,"bundle_layout":"","bundle_add_to_cart_form_location":"","bundle_editable_in_cart":false,"bundle_sold_individually_context":"","bundle_item_grouping":"","bundle_min_size":"","bundle_max_size":"","bundle_price":[],"bundled_items":[],"bundle_sell_ids":[],"exclude_global_add_ons":[],"addons":[],"df_price":145,"df_sale_price":"","df_regular_price":145,"df_image_link":"https:\/\/digalco.com\/wp-content\/uploads\/images\/product\/13824\/brot00041_01-300x225.jpg","_links":{"self":[{"href":"https:\/\/digalco.com\/it\/wp-json\/wp\/v2\/product\/296830","targetHints":{"allow":["GET"]}}],"collection":[{"href":"https:\/\/digalco.com\/it\/wp-json\/wp\/v2\/product"}],"about":[{"href":"https:\/\/digalco.com\/it\/wp-json\/wp\/v2\/types\/product"}],"wp:featuredmedia":[{"embeddable":true,"href":"https:\/\/digalco.com\/it\/wp-json\/wp\/v2\/media\/296815"}],"wp:attachment":[{"href":"https:\/\/digalco.com\/it\/wp-json\/wp\/v2\/media?parent=296830"}],"wp:term":[{"taxonomy":"product_brand","embeddable":true,"href":"https:\/\/digalco.com\/it\/wp-json\/wp\/v2\/product_brand?post=296830"},{"taxonomy":"product_cat","embeddable":true,"href":"https:\/\/digalco.com\/it\/wp-json\/wp\/v2\/product_cat?post=296830"},{"taxonomy":"product_tag","embeddable":true,"href":"https:\/\/digalco.com\/it\/wp-json\/wp\/v2\/product_tag?post=296830"}],"curies":[{"name":"wp","href":"https:\/\/api.w.org\/{rel}","templated":true}]}}