{"id":296916,"date":"2026-02-03T09:53:27","date_gmt":"2026-02-03T08:53:27","guid":{"rendered":"https:\/\/digalco.com\/tienda\/hp-proliant-dl360-g9-4-lff-1u-rack-ricondizionato-xeon-octa-core-26ghz-96-gb-ram-300-gb-sas-it-14005\/"},"modified":"2026-04-14T11:54:19","modified_gmt":"2026-04-14T09:54:19","slug":"hp-proliant-dl360-g9-4-lff-1u-rack-ricondizionato-xeon-octa-core-26ghz-96-gb-ram-300-gb-sas-it-14005","status":"publish","type":"product","link":"https:\/\/digalco.com\/it\/tienda\/hp-proliant-dl360-g9-4-lff-1u-rack-ricondizionato-xeon-octa-core-26ghz-96-gb-ram-300-gb-sas-it-14005\/","title":{"rendered":"HP ProLiant DL360 G9 4-LFF 1U Rack | Ricondizionato | Xeon Octa Core 2.6GHz | 96 GB RAM | 300 GB SAS"},"content":{"rendered":"<p><strong>Processore<\/strong><br \/>2x Intel Xeon Octa Core E5-2640 V3 2.6 GHz.<br \/><strong>Formato<\/strong><br \/>Rack (1U)<br \/><strong>Memoria RAM<\/strong><br \/>96 Gb. DDR4 ECC RAM<br \/>24 baies (16 vuoti )<br \/><strong>Disco duro<\/strong><br \/>2x 300 Gb. SAS 2.5&#8221; 10000rpm<br \/>6x 600 Gb. SAS 2.5&#8221; 10000rpm<br \/>8 baies (0 vuoti )<br \/><strong>Carte<\/strong><br \/>Grafica: Matrox G200eH2<br \/>Suono: HD Audio<br \/>Rete: Ethernet Gigabit<br \/><strong>Sistema operativo<\/strong><br \/>&#8211; Nessun sistema operativo &#8211;<br \/><strong>Porte<\/strong><br \/>Serie<br \/>3x USB 3.0<br \/><strong>Connettivit\u00e0<\/strong><br \/>4x RJ-45<br \/><strong>Alimentazione<\/strong><br \/>2x Alimentatori (Hotplug)<br \/><strong>Dimensioni<\/strong><br \/>43.46x75x4.32 cm.<br \/><strong>Peso<\/strong><br \/>13.77 Kg.<br \/><strong>Specifiche aggiuntive<\/strong><br \/>L\u2019HP ProLiant DL360 G9 in formato rack 1U \u00e8 una soluzione pensata per infrastrutture IT che richiedono alte prestazioni, affidabilit\u00e0 continua e una gestione avanzata dello storage in uno spazio minimo. Il doppio processore Intel Xeon E5-2640 v3 a 8 core fornisce una potenza di calcolo ideale per virtualizzazione, server applicativi, ambienti ERP e servizi aziendali critici.I 96 GB di memoria DDR4 ECC garantiscono stabilit\u00e0 e protezione dei dati anche sotto carichi intensivi, offrendo tranquillit\u00e0 negli ambienti in cui la disponibilit\u00e0 \u00e8 fondamentale. Il sottosistema di storage SAS a 10.000 rpm, con una combinazione equilibrata di dischi da 300 GB e 600 GB, offre velocit\u00e0, ridondanza e capacit\u00e0, adattandosi sia alle esigenze di prestazioni sia di sicurezza.L\u2019integrazione del controller RAID HP Smart Array P440ar con 2 GB di cache innalza il livello di protezione e prestazioni dello storage, consentendo configurazioni avanzate orientate alla continuit\u00e0 del servizio. Il suo chassis con fino a 24 baie e ampie opzioni di espansione PCIe lo rende un server pronto a crescere insieme all\u2019infrastruttura.Un server robusto, efficiente e collaudato, progettato per operare 24\/7 e rispondere con affidabilit\u00e0 alle esigenze degli ambienti professionali pi\u00f9 esigenti.Buon aspetto esterno. Se hai qualche dubbio, chiamaci o utilizza la nostra chat per ampliare le informazioni o per richiedere maggiori dettagli.<br \/><strong>Commenti<\/strong><br \/><u>P440ar 2GB. RAID Controller &#8211; 1xPCIe X16 \/ 1xPCIe X8<\/u><\/p>\n","protected":false},"excerpt":{"rendered":"<p>2x Intel Xeon Octa Core E5-2640 V3 2.6 GHz. \u00b7 96 Gb. DDR4 ECC RAM \u00b7 2x 300 Gb. SAS 2.5&#8221; \u00b7 6x 600 Gb. SAS 2.5&#8221; \u00b7<br \/>\n<strong>P440ar 2GB. RAID Controller<\/strong> &#8211; <u>1xPCIe X16 \/ 1xPCIe X8<\/u><br \/>\n [&#8230;]<\/p>\n<p><a class=\"btn btn-secondary understrap-read-more-link\" href=\"https:\/\/digalco.com\/it\/tienda\/hp-proliant-dl360-g9-4-lff-1u-rack-ricondizionato-xeon-octa-core-26ghz-96-gb-ram-300-gb-sas-it-14005\/\">Leggi di pi\u00f9&#8230;<span class=\"screen-reader-text\"> from HP ProLiant DL360 G9 4-LFF 1U Rack | Ricondizionato | Xeon Octa Core 2.6GHz | 96 GB RAM | 300 GB SAS<\/span><\/a><\/p>\n","protected":false},"featured_media":296901,"template":"","meta":[],"product_brand":[3854],"product_cat":[3252,3250],"product_tag":[],"class_list":{"0":"post-296916","1":"product","2":"type-product","3":"status-publish","4":"has-post-thumbnail","6":"product_brand-hp","7":"product_cat-servers-rack-it","8":"product_cat-servers-it","10":"first","11":"outofstock","12":"taxable","13":"shipping-taxable","14":"purchasable","15":"product-type-simple"},"bundled_by":[],"bundle_stock_status":"outofstock","bundle_stock_quantity":0,"bundle_virtual":false,"bundle_layout":"","bundle_add_to_cart_form_location":"","bundle_editable_in_cart":false,"bundle_sold_individually_context":"","bundle_item_grouping":"","bundle_min_size":"","bundle_max_size":"","bundle_price":[],"bundled_items":[],"bundle_sell_ids":[],"exclude_global_add_ons":[],"addons":[],"df_price":898,"df_sale_price":"","df_regular_price":898,"df_image_link":"https:\/\/digalco.com\/wp-content\/uploads\/images\/product\/14005\/hp03103_01-300x225.jpg","_links":{"self":[{"href":"https:\/\/digalco.com\/it\/wp-json\/wp\/v2\/product\/296916","targetHints":{"allow":["GET"]}}],"collection":[{"href":"https:\/\/digalco.com\/it\/wp-json\/wp\/v2\/product"}],"about":[{"href":"https:\/\/digalco.com\/it\/wp-json\/wp\/v2\/types\/product"}],"wp:featuredmedia":[{"embeddable":true,"href":"https:\/\/digalco.com\/it\/wp-json\/wp\/v2\/media\/296901"}],"wp:attachment":[{"href":"https:\/\/digalco.com\/it\/wp-json\/wp\/v2\/media?parent=296916"}],"wp:term":[{"taxonomy":"product_brand","embeddable":true,"href":"https:\/\/digalco.com\/it\/wp-json\/wp\/v2\/product_brand?post=296916"},{"taxonomy":"product_cat","embeddable":true,"href":"https:\/\/digalco.com\/it\/wp-json\/wp\/v2\/product_cat?post=296916"},{"taxonomy":"product_tag","embeddable":true,"href":"https:\/\/digalco.com\/it\/wp-json\/wp\/v2\/product_tag?post=296916"}],"curies":[{"name":"wp","href":"https:\/\/api.w.org\/{rel}","templated":true}]}}