{"id":297790,"date":"2026-02-07T15:19:55","date_gmt":"2026-02-07T14:19:55","guid":{"rendered":"https:\/\/digalco.com\/tienda\/dell-optiplex-5090-mini-ricondizionato-core-i5-15ghz-8-gb-ram-256-gb-ssd-m2-it-14649\/"},"modified":"2026-02-07T15:20:15","modified_gmt":"2026-02-07T14:20:15","slug":"dell-optiplex-5090-mini-ricondizionato-core-i5-15ghz-8-gb-ram-256-gb-ssd-m2-it-14649","status":"publish","type":"product","link":"https:\/\/digalco.com\/it\/tienda\/dell-optiplex-5090-mini-ricondizionato-core-i5-15ghz-8-gb-ram-256-gb-ssd-m2-it-14649\/","title":{"rendered":"Dell OptiPlex 5090 Mini | Ricondizionato | Core i5 1.5GHz | 8 GB RAM | 256 GB SSD M2"},"content":{"rendered":"<p><strong>Processore<\/strong><br \/>Intel Core i5 11500T 1.5 GHz.<br \/><strong>Formato<\/strong><br \/>Mini<br \/><strong>Memoria RAM<\/strong><br \/>8 Gb. SO-DDR4 RAM<br \/><strong>Disco duro<\/strong><br \/>256 Gb. SSD M2<br \/><strong>Carte<\/strong><br \/>Grafica: Intel UHD Graphics 750<br \/>Suono: Realtek Audio<br \/>Rete: intel(R) ethernet l219-LM<br \/><strong>Sistema operativo<\/strong><br \/>Windows 11 Pro<br \/><strong>Porte<\/strong><br \/>5x USB 3.0<br \/>USB-C<br \/><strong>Porte video<\/strong><br \/>2x Display Port<br \/><strong>Connettivit\u00e0<\/strong><br \/>RJ-45<br \/><strong>Altri<\/strong><br \/>Imballaggio hR<br \/><strong>Dimensioni<\/strong><br \/>18x17x4 cm.<br \/><strong>Peso<\/strong><br \/>1.31 Kg.<br \/><strong>Specifiche aggiuntive<\/strong><br \/>Il DELL OptiPlex 5090 Mini \u00e8 un computer desktop professionale compatto, progettato per ambienti in cui spazio, efficienza e affidabilit\u00e0 sono fondamentali. Il suo Intel Core i5-11500T di 11\u00aa generazione, con architettura moderna e basso consumo energetico, offre prestazioni solide e stabili per attivit\u00e0 d\u2019ufficio avanzate, gestione amministrativa, software professionale e multitasking quotidiano, mantenendo sempre un funzionamento silenzioso.<br \/>Gli 8 GB di memoria DDR4 garantiscono un\u2019esperienza fluida nel lavoro quotidiano, mentre l\u2019SSD M.2 da 256 GB assicura avvii quasi istantanei e tempi di caricamento minimi, ottimizzando ogni giornata lavorativa. Con Windows 11 Pro, questo PC desktop aziendale integra funzionalit\u00e0 avanzate di sicurezza e gestione, rafforzate dal TPM 2.0, indispensabile negli ambienti in cui la protezione delle informazioni \u00e8 una priorit\u00e0.<br \/>Il formato Mini consente di integrarlo facilmente su scrivanie di dimensioni ridotte, banconi o persino montarlo dietro il monitor, portando ordine e pulizia alla postazione di lavoro. Inoltre, si distingue per il basso consumo energetico e la minima emissione di rumore, ideale per uffici moderni e spazi condivisi. Un desktop compatto ed efficiente, progettato per offrire produttivit\u00e0 continua, affidabilit\u00e0 a lungo termine ed eccellente redditivit\u00e0 in ambienti professionali.<br \/>Buon aspetto esterno. Se hai dubbi, chiamaci o utilizza la nostra chat per ottenere maggiori informazioni o richiedere ulteriori dettagli.<\/p>\n","protected":false},"excerpt":{"rendered":"<p>Intel Core i5 11500T 1.5 GHz. \u00b7 8 Gb. SO-DDR4 RAM \u00b7 256 Gb. SSD M2 \u00b7 <strong>Windows 11 Pro<\/strong> [&#8230;]<\/p>\n<p><a class=\"btn btn-secondary understrap-read-more-link\" href=\"https:\/\/digalco.com\/it\/tienda\/dell-optiplex-5090-mini-ricondizionato-core-i5-15ghz-8-gb-ram-256-gb-ssd-m2-it-14649\/\">Leggi di pi\u00f9&#8230;<span class=\"screen-reader-text\"> from Dell OptiPlex 5090 Mini | Ricondizionato | Core i5 1.5GHz | 8 GB RAM | 256 GB SSD M2<\/span><\/a><\/p>\n","protected":false},"featured_media":297690,"template":"","meta":[],"product_brand":[3852],"product_cat":[3209,3212],"product_tag":[],"class_list":{"0":"post-297790","1":"product","2":"type-product","3":"status-publish","4":"has-post-thumbnail","6":"product_brand-dell","7":"product_cat-computer-it","8":"product_cat-computer-mini-it","10":"first","11":"instock","12":"taxable","13":"shipping-taxable","14":"purchasable","15":"product-type-simple"},"bundled_by":[],"bundle_stock_status":"instock","bundle_stock_quantity":2,"bundle_virtual":false,"bundle_layout":"","bundle_add_to_cart_form_location":"","bundle_editable_in_cart":false,"bundle_sold_individually_context":"","bundle_item_grouping":"","bundle_min_size":"","bundle_max_size":"","bundle_price":[],"bundled_items":[],"bundle_sell_ids":[],"exclude_global_add_ons":true,"addons":{"ram-memory-upgrades":{"name":"Espansione RAM","type":"multiple_choice","position":0,"required":false,"title_format":"heading","default":"","description_enable":false,"description":"","placeholder_enable":false,"placeholder":"","display":"radiobutton","restrictions_type":"any_text","adjust_price":false,"price":"","price_type":"quantity_based","restrictions":false,"min":"0","max":"0","options":[{"label":"DDR4 16 Gb SO-DIMM RAM extension [AMP00081]","price":"60.0000","price_type":"quantity_based","image":0,"visibility":true}]},"hdd-upgrades":{"name":"Estensione HDD","type":"multiple_choice","position":0,"required":false,"title_format":"heading","default":"","description_enable":false,"description":"","placeholder_enable":false,"placeholder":"","display":"radiobutton","restrictions_type":"any_text","adjust_price":false,"price":"","price_type":"quantity_based","restrictions":false,"min":"0","max":"0","options":[{"label":"SSD 500 Gb. M.2 2280 PCIe Upgrade [AMP00106]","price":110,"price_type":"quantity_based","image":0,"visibility":true},{"label":"SSD 1 Tb. M.2 2280 PCIe Upgrade [AMP00107]","price":165,"price_type":"quantity_based","image":0,"visibility":true},{"label":"SSD 2 Tb. M.2 2280 PCIe Upgrade [AMP00171]","price":260,"price_type":"quantity_based","image":0,"visibility":true}]},"network-card-upgrades":{"name":"Estensione WIFI","type":"multiple_choice","position":0,"required":false,"title_format":"heading","default":"","description_enable":false,"description":"","placeholder_enable":false,"placeholder":"","display":"radiobutton","restrictions_type":"any_text","adjust_price":false,"price":"","price_type":"quantity_based","restrictions":false,"min":"0","max":"0","options":[{"label":"Wireless nano USB Upgrade [AMP00018]","price":"12.0000","price_type":"quantity_based","image":0,"visibility":true}]},"os-upgrades":{"name":"Estensione SO","type":"multiple_choice","position":0,"required":false,"title_format":"heading","default":"","description_enable":false,"description":"","placeholder_enable":false,"placeholder":"","display":"radiobutton","restrictions_type":"any_text","adjust_price":false,"price":"","price_type":"quantity_based","restrictions":false,"min":"0","max":"0","options":[{"label":"Change language to French [AMP00125]","price":"0.0000","price_type":"quantity_based","image":0,"visibility":true},{"label":"Change language to English [AMP00008]","price":"0.0000","price_type":"quantity_based","image":0,"visibility":true},{"label":"Change language to Portuguese [AMP00009]","price":"0.0000","price_type":"quantity_based","image":0,"visibility":true}]},"keyboard-upgrades":{"name":"Estensione tastiera","type":"multiple_choice","position":0,"required":false,"title_format":"heading","default":"","description_enable":false,"description":"","placeholder_enable":false,"placeholder":"","display":"radiobutton","restrictions_type":"any_text","adjust_price":false,"price":"","price_type":"quantity_based","restrictions":false,"min":"0","max":"0","options":[{"label":"Keyboard and Mouse [AMP00020]","price":"8.0000","price_type":"quantity_based","image":0,"visibility":true},{"label":"Portuguese New Keyboard and Mouse [AMP00088]","price":"15.0000","price_type":"quantity_based","image":0,"visibility":true},{"label":"Spanish USB Keyboard and Mouse (New) [AMP00068]","price":"12.0000","price_type":"quantity_based","image":0,"visibility":true}]}},"df_price":385,"df_sale_price":"","df_regular_price":385,"df_image_link":"https:\/\/digalco.com\/wp-content\/uploads\/images\/product\/14649\/dell01632_01-300x225.jpg","_links":{"self":[{"href":"https:\/\/digalco.com\/it\/wp-json\/wp\/v2\/product\/297790","targetHints":{"allow":["GET"]}}],"collection":[{"href":"https:\/\/digalco.com\/it\/wp-json\/wp\/v2\/product"}],"about":[{"href":"https:\/\/digalco.com\/it\/wp-json\/wp\/v2\/types\/product"}],"wp:featuredmedia":[{"embeddable":true,"href":"https:\/\/digalco.com\/it\/wp-json\/wp\/v2\/media\/297690"}],"wp:attachment":[{"href":"https:\/\/digalco.com\/it\/wp-json\/wp\/v2\/media?parent=297790"}],"wp:term":[{"taxonomy":"product_brand","embeddable":true,"href":"https:\/\/digalco.com\/it\/wp-json\/wp\/v2\/product_brand?post=297790"},{"taxonomy":"product_cat","embeddable":true,"href":"https:\/\/digalco.com\/it\/wp-json\/wp\/v2\/product_cat?post=297790"},{"taxonomy":"product_tag","embeddable":true,"href":"https:\/\/digalco.com\/it\/wp-json\/wp\/v2\/product_tag?post=297790"}],"curies":[{"name":"wp","href":"https:\/\/api.w.org\/{rel}","templated":true}]}}