{"id":312274,"date":"2026-02-20T12:13:23","date_gmt":"2026-02-20T11:13:23","guid":{"rendered":"https:\/\/digalco.com\/tienda\/hp-proliant-dl380-g5-barebone-rack-ricondizionato-xeon-3ghz-4-gb-ram-sas-it-12499\/"},"modified":"2026-02-20T12:13:37","modified_gmt":"2026-02-20T11:13:37","slug":"hp-proliant-dl380-g5-barebone-rack-ricondizionato-xeon-3ghz-4-gb-ram-sas-it-12499","status":"publish","type":"product","link":"https:\/\/digalco.com\/it\/tienda\/hp-proliant-dl380-g5-barebone-rack-ricondizionato-xeon-3ghz-4-gb-ram-sas-it-12499\/","title":{"rendered":"HP ProLiant DL380 G5 Barebone Rack | Ricondizionato | Xeon 3GHz | 4 GB RAM | SAS"},"content":{"rendered":"<p><strong>Processore<\/strong><br \/>Intel Xeon 5160 3 GHz.<br \/><strong>Formato<\/strong><br \/>Rack (2U)<br \/><strong>Memoria RAM<\/strong><br \/>4 Gb. DDR2 ECC RAM<br \/>8 baies (4 vuoti )<br \/><strong>Disco duro<\/strong><br \/>SAS 2.5&#8221;<br \/>8 baies<br \/><strong>Unit\u00e0 ottica<\/strong><br \/>Combo (CD-RW\/DVD)<br \/><strong>Carte<\/strong><br \/>Grafica: intel HD Graphics<br \/>Rete: Gigabit Ethernet<br \/><strong>Sistema operativo<\/strong><br \/>&#8211; Nessun sistema operativo &#8211;<br \/><strong>Porte<\/strong><br \/>Serie<br \/>4x USB 2.0<br \/>PS2<br \/><strong>Connettivit\u00e0<\/strong><br \/>RJ-45<br \/><strong>Alimentazione<\/strong><br \/>2x Alimentatori (Hotplug)<br \/><strong>Dimensioni<\/strong><br \/>8.5&#215;67.4&#215;44.5 cm.<br \/><strong>Peso<\/strong><br \/>22.00 Kg.<br \/><strong>Specifiche aggiuntive<\/strong><br \/>HP ProLiant DL380 G5 \u00e8 un server rack 2U che si distingue per la sua architettura robusta e l\u2019affidabilit\u00e0 comprovata, ideale per infrastrutture che richiedono stabilit\u00e0 a lungo termine e compatibilit\u00e0 con ambienti legacy. Dotato di processori Intel Xeon 5160 a 3 GHz, offre prestazioni solide per servizi di rete di base, controllo di dominio, applicazioni interne e ambienti di supporto.I suoi 4 GB di memoria DDR2 ECC garantiscono funzionamento stabile e protezione contro gli errori, mantenendo l\u2019integrit\u00e0 del sistema durante operazioni continue. Il sottosistema di storage SAS da 2,5\u201d, con 8 baie disponibili, consente di configurare soluzioni orientate a affidabilit\u00e0 e ridondanza, adattandosi a diversi scenari di utilizzo.Il controller HP Smart Array P400 fornisce gestione RAID professionale, rafforzando la sicurezza dei dati e la continuit\u00e0 del servizio. Con pi\u00f9 slot PCIe, il DL380 G5 offre opzioni di espansione sufficienti per schede di rete, controller aggiuntivi o adattamenti specifici dell\u2019ambiente.Un server progettato per funzionare 24\/7, particolarmente indicato per infrastrutture consolidate, ambienti di laboratorio, sistemi legacy o soluzioni tecniche dove stabilit\u00e0 e durata sono prioritarie rispetto all\u2019ultima generazione hardware.Buon aspetto esterno. Se hai qualche dubbio chiamaci o utilizza la nostra chat per ampliare le informazioni o per richiedere maggiori dettagli.<br \/><strong>Commenti<\/strong><br \/><u>HP Smart Array P400 &#8211; 2xPCIe X16 \/ 3xPCIe X4<\/u><\/p>\n","protected":false},"excerpt":{"rendered":"<p>Intel Xeon 5160 3 GHz. \u00b7 4 Gb. DDR2 ECC RAM \u00b7 8 baies (4 vuoti ) \u00b7 SAS 2.5&#8221; \u00b7 8 baies \u00b7 Combo (CD-RW\/DVD) \u00b7<br \/>\n<strong>HP Smart Array P400<\/strong> &#8211; <u>2xPCIe X16 \/ 3xPCIe X4<br \/>\n<\/u> [&#8230;]<\/p>\n<p><a class=\"btn btn-secondary understrap-read-more-link\" href=\"https:\/\/digalco.com\/it\/tienda\/hp-proliant-dl380-g5-barebone-rack-ricondizionato-xeon-3ghz-4-gb-ram-sas-it-12499\/\">Leggi di pi\u00f9&#8230;<span class=\"screen-reader-text\"> from HP ProLiant DL380 G5 Barebone Rack | Ricondizionato | Xeon 3GHz | 4 GB RAM | SAS<\/span><\/a><\/p>\n","protected":false},"featured_media":312234,"template":"","meta":[],"product_brand":[3854],"product_cat":[3746,3252,3250],"product_tag":[],"class_list":{"0":"post-312274","1":"product","2":"type-product","3":"status-publish","4":"has-post-thumbnail","6":"product_brand-hp","7":"product_cat-barebone-it","8":"product_cat-servers-rack-it","9":"product_cat-servers-it","11":"first","12":"instock","13":"taxable","14":"shipping-taxable","15":"purchasable","16":"product-type-simple"},"bundled_by":[],"bundle_stock_status":"instock","bundle_stock_quantity":4,"bundle_virtual":false,"bundle_layout":"","bundle_add_to_cart_form_location":"","bundle_editable_in_cart":false,"bundle_sold_individually_context":"","bundle_item_grouping":"","bundle_min_size":"","bundle_max_size":"","bundle_price":[],"bundled_items":[],"bundle_sell_ids":[],"exclude_global_add_ons":[],"addons":[],"df_price":84,"df_sale_price":"","df_regular_price":84,"df_image_link":"https:\/\/digalco.com\/wp-content\/uploads\/images\/product\/12499\/hp02649_01-300x225.jpg","_links":{"self":[{"href":"https:\/\/digalco.com\/it\/wp-json\/wp\/v2\/product\/312274","targetHints":{"allow":["GET"]}}],"collection":[{"href":"https:\/\/digalco.com\/it\/wp-json\/wp\/v2\/product"}],"about":[{"href":"https:\/\/digalco.com\/it\/wp-json\/wp\/v2\/types\/product"}],"wp:featuredmedia":[{"embeddable":true,"href":"https:\/\/digalco.com\/it\/wp-json\/wp\/v2\/media\/312234"}],"wp:attachment":[{"href":"https:\/\/digalco.com\/it\/wp-json\/wp\/v2\/media?parent=312274"}],"wp:term":[{"taxonomy":"product_brand","embeddable":true,"href":"https:\/\/digalco.com\/it\/wp-json\/wp\/v2\/product_brand?post=312274"},{"taxonomy":"product_cat","embeddable":true,"href":"https:\/\/digalco.com\/it\/wp-json\/wp\/v2\/product_cat?post=312274"},{"taxonomy":"product_tag","embeddable":true,"href":"https:\/\/digalco.com\/it\/wp-json\/wp\/v2\/product_tag?post=312274"}],"curies":[{"name":"wp","href":"https:\/\/api.w.org\/{rel}","templated":true}]}}