{"id":322834,"date":"2026-03-12T11:03:12","date_gmt":"2026-03-12T10:03:12","guid":{"rendered":"https:\/\/digalco.com\/tienda\/hp-z27n-27-ips-169-ricondizionato-2560x1440-it-14819\/"},"modified":"2026-03-12T11:03:36","modified_gmt":"2026-03-12T10:03:36","slug":"hp-z27n-27-ips-169-ricondizionato-2560x1440-it-14819","status":"publish","type":"product","link":"https:\/\/digalco.com\/it\/tienda\/hp-z27n-27-ips-169-ricondizionato-2560x1440-it-14819\/","title":{"rendered":"HP Z27N 27&#8221; IPS 16:9 | Ricondizionato | 2560&#215;1440"},"content":{"rendered":"<p><strong>Schermo<\/strong><br \/>IPS 27 &#8221; 2K 16:9 \u00b7 Risoluzione 2560&#215;1440<br \/>Punto passo 0.233 mm<br \/>Risposta 5 ms<br \/>Contrasto 1000:1<br \/>Luminosit\u00e0 350 cd\/m2<br \/>Angolo visione 178\u00b0v\/178\u00b0h<br \/><strong>Porte video<\/strong><br \/>HDMI<br \/>2x Display Port<br \/>Mini Display Port<br \/>DVI<br \/><strong>Schermo specifico<\/strong><br \/>Supporto VESA<br \/>Peana<br \/>Regolabile in altezza<br \/><strong>Altri<\/strong><br \/>Imballaggio hR<br \/><strong>Dimensioni<\/strong><br \/>61x40x22 cm.<br \/><strong>Peso<\/strong><br \/>7.65 Kg.<br \/><strong>Specifiche aggiuntive<\/strong><br \/>L\u2019HP Z27n \u00e8 un monitor progettato per chi ha bisogno di pi\u00f9 spazio visivo, maggiore definizione e un\u2019esperienza di lavoro davvero confortevole. Il suo schermo IPS da 27 pollici con risoluzione 2K QHD trasforma qualsiasi scrivania in un ambiente molto pi\u00f9 produttivo, ideale per attivit\u00e0 professionali, design, editing di contenuti, programmazione o gestione multitasking dove ogni pixel conta.Grazie alla sua risoluzione 2560&#215;1440 e a un dot pitch di 0,233 mm, questo monitor offre una nitidezza eccezionale e una rappresentazione dell\u2019immagine precisa. Il pannello IPS garantisce colori coerenti e angoli di visione di 178\u00b0 sia in verticale che in orizzontale, mentre la luminosit\u00e0 di 350 cd\/m\u00b2 e il contrasto 1000:1 permettono di lavorare comodamente anche durante lunghe giornate. Il tempo di risposta di 5 ms assicura transizioni fluide e un\u2019esperienza visiva piacevole. Inoltre, integra una connettivit\u00e0 molto completa con HDMI, 2 DisplayPort, Mini DisplayPort, DVI e 4 porte USB 3.0, facilitando la connessione di pi\u00f9 dispositivi e periferiche.L\u2019HP Z27n si distingue per il suo equilibrio tra qualit\u00e0 dell\u2019immagine, dimensione dello schermo e versatilit\u00e0 professionale. \u00c8 un monitor pensato per chi desidera migliorare la produttivit\u00e0 con uno schermo ampio, chiaro e affidabile, capace di adattarsi a diversi ambienti di lavoro. Una soluzione solida ed elegante per trasformare qualsiasi spazio in un ambiente pi\u00f9 efficiente, confortevole e preparato per il lavoro quotidiano.Buon aspetto esteriore. Se hai qualche dubbio chiamaci oppure utilizza la nostra chat per ampliare le informazioni o per richiedere maggiori dettagli.<br \/><strong>Commenti<\/strong><br \/><u>DisplayPort e cavo di alimentazione inclusi: 4xUSB 3.0<\/u><\/p>\n","protected":false},"excerpt":{"rendered":"<p>IPS 27 &#8221; 2K 16:9 \u00b7 Punto passo 0.233 mm \u00b7 Risposta 5 ms \u00b7 Contrasto 1000:1 \u00b7 Luminosit\u00e0 350 cd\/m2 \u00b7 HDMI \u00b7 2x Display Port \u00b7 Mini Display Port \u00b7 DVI \u00b7<br \/>\n<u>DisplayPort e cavo di alimentazione inclusi: 4xUSB 3.0<\/u> [&#8230;]<\/p>\n<p><a class=\"btn btn-secondary understrap-read-more-link\" href=\"https:\/\/digalco.com\/it\/tienda\/hp-z27n-27-ips-169-ricondizionato-2560x1440-it-14819\/\">Leggi di pi\u00f9&#8230;<span class=\"screen-reader-text\"> from HP Z27N 27&#8221; IPS 16:9 | Ricondizionato | 2560&#215;1440<\/span><\/a><\/p>\n","protected":false},"featured_media":322734,"template":"","meta":[],"product_brand":[3854],"product_cat":[3325,3215],"product_tag":[],"class_list":{"0":"post-322834","1":"product","2":"type-product","3":"status-publish","4":"has-post-thumbnail","6":"product_brand-hp","7":"product_cat-monitor-27-it","8":"product_cat-monitor-it","10":"first","11":"instock","12":"taxable","13":"shipping-taxable","14":"purchasable","15":"product-type-simple"},"bundled_by":[],"bundle_stock_status":"instock","bundle_stock_quantity":3,"bundle_virtual":false,"bundle_layout":"","bundle_add_to_cart_form_location":"","bundle_editable_in_cart":false,"bundle_sold_individually_context":"","bundle_item_grouping":"","bundle_min_size":"","bundle_max_size":"","bundle_price":[],"bundled_items":[],"bundle_sell_ids":[],"exclude_global_add_ons":true,"addons":{"webcam-upgrades":{"name":"Estensione Webcam","type":"multiple_choice","position":0,"required":false,"title_format":"heading","default":"","description_enable":false,"description":"","placeholder_enable":false,"placeholder":"","display":"radiobutton","restrictions_type":"any_text","adjust_price":false,"price":"","price_type":"quantity_based","restrictions":false,"min":"0","max":"0","options":[{"label":"Conceptronic AMDIS FullHD [AMP00085]","price":"29.0000","price_type":"quantity_based","image":0,"visibility":true}]},"hdmi-upgrades":{"name":"Estensione cavo","type":"multiple_choice","position":0,"required":false,"title_format":"heading","default":"","description_enable":false,"description":"","placeholder_enable":false,"placeholder":"","display":"radiobutton","restrictions_type":"any_text","adjust_price":false,"price":"","price_type":"quantity_based","restrictions":false,"min":"0","max":"0","options":[{"label":"HDMI cable 2 mts. [AMP00104]","price":"6.0000","price_type":"quantity_based","image":0,"visibility":true},{"label":"Dual Link DVI-D M\/M Cable 1,8 mts. [AMP00102]","price":"2.0000","price_type":"quantity_based","image":0,"visibility":true}]}},"df_price":182,"df_sale_price":"","df_regular_price":182,"df_image_link":"https:\/\/digalco.com\/wp-content\/uploads\/images\/product\/14819\/hp03292_01-300x225.jpg","_links":{"self":[{"href":"https:\/\/digalco.com\/it\/wp-json\/wp\/v2\/product\/322834","targetHints":{"allow":["GET"]}}],"collection":[{"href":"https:\/\/digalco.com\/it\/wp-json\/wp\/v2\/product"}],"about":[{"href":"https:\/\/digalco.com\/it\/wp-json\/wp\/v2\/types\/product"}],"wp:featuredmedia":[{"embeddable":true,"href":"https:\/\/digalco.com\/it\/wp-json\/wp\/v2\/media\/322734"}],"wp:attachment":[{"href":"https:\/\/digalco.com\/it\/wp-json\/wp\/v2\/media?parent=322834"}],"wp:term":[{"taxonomy":"product_brand","embeddable":true,"href":"https:\/\/digalco.com\/it\/wp-json\/wp\/v2\/product_brand?post=322834"},{"taxonomy":"product_cat","embeddable":true,"href":"https:\/\/digalco.com\/it\/wp-json\/wp\/v2\/product_cat?post=322834"},{"taxonomy":"product_tag","embeddable":true,"href":"https:\/\/digalco.com\/it\/wp-json\/wp\/v2\/product_tag?post=322834"}],"curies":[{"name":"wp","href":"https:\/\/api.w.org\/{rel}","templated":true}]}}