{"id":322904,"date":"2026-03-12T11:36:33","date_gmt":"2026-03-12T10:36:33","guid":{"rendered":"https:\/\/digalco.com\/tienda\/hp-proliant-dl360p-g8-barebone-rack-ricondizionato-xeon-octa-core-2ghz-16-gb-ram-sas-it-14007\/"},"modified":"2026-03-12T11:36:46","modified_gmt":"2026-03-12T10:36:46","slug":"hp-proliant-dl360p-g8-barebone-rack-ricondizionato-xeon-octa-core-2ghz-16-gb-ram-sas-it-14007","status":"publish","type":"product","link":"https:\/\/digalco.com\/it\/tienda\/hp-proliant-dl360p-g8-barebone-rack-ricondizionato-xeon-octa-core-2ghz-16-gb-ram-sas-it-14007\/","title":{"rendered":"HP ProLiant DL360p G8 Barebone Rack | Ricondizionato | Xeon Octa Core 2GHz | 16 GB RAM | SAS"},"content":{"rendered":"<p><strong>Processore<\/strong><br \/>Intel Xeon Octa Core E5 2650 2 GHz.<br \/><strong>Formato<\/strong><br \/>Rack (1U)<br \/><strong>Memoria RAM<\/strong><br \/>16 Gb. DDR3 ECC RAM<br \/>24 baies (22 vuoti )<br \/><strong>Disco duro<\/strong><br \/>SAS 2.5&#8221; 15000rpm<br \/>8 baies<br \/><strong>Unit\u00e0 ottica<\/strong><br \/>DVD<br \/><strong>Carte<\/strong><br \/>Grafica: Matrox G200EH<br \/>Rete: BCM5719<br \/><strong>Sistema operativo<\/strong><br \/>&#8211; Nessun sistema operativo &#8211;<br \/><strong>Porte<\/strong><br \/>Serie<br \/>6x USB 3.0<br \/><strong>Multimedia<\/strong><br \/>Lettore SD<br \/><strong>Connettivit\u00e0<\/strong><br \/>4x RJ-45<br \/><strong>Alimentazione<\/strong><br \/>Alimentatori (Hotplug)<br \/><strong>Dimensioni<\/strong><br \/>43.2&#215;43.5&#215;69.8 cm.<br \/><strong>Peso<\/strong><br \/>20.00 Kg.<br \/><strong>Specifiche aggiuntive<\/strong><br \/>L\u2019HP ProLiant DL360p G8 Barebone \u00e8 un server rack 1U progettato per ambienti professionali che richiedono alta flessibilit\u00e0, prestazioni stabili e scalabilit\u00e0 futura. Dotato di un Intel Xeon E5-2650 a 8 core da 2 GHz, fornisce la potenza necessaria per virtualizzazione, database e applicazioni aziendali critiche, combinando efficienza e stabilit\u00e0.Con 16 GB di memoria DDR3 ECC, garantisce protezione dagli errori e continuit\u00e0 operativa sotto carichi costanti. La sua architettura di storage SAS a 15.000 rpm, con fino a 24 bay, offre velocit\u00e0 estrema e affidabilit\u00e0, ideale per ambienti in cui l\u2019accesso rapido ai dati \u00e8 prioritario. Il controller HP Smart Array P420i consente la configurazione avanzata RAID, assicurando ridondanza e sicurezza dei dati critici.Il barebone include alimentazione ridondante opzionale, aumentando l\u2019affidabilit\u00e0 nelle operazioni 24\/7, e diversi slot PCIe, alcuni occupati per la connettivit\u00e0 in fibra, offrendo versatilit\u00e0 per adattarsi a diversi scenari infrastrutturali.Un server compatto, robusto e scalabile, progettato per aziende che cercano una piattaforma flessibile, sicura e pronta a crescere insieme alle proprie esigenze IT.Buon aspetto esteriore. Se hai domande chiamaci oppure utilizza la nostra chat per ampliare le informazioni o per richiedere maggiori dettagli.<br \/><strong>Commenti<\/strong><br \/><u>Controller Raid P420i &#8211; 1xPCIe X16 \/ 1xPCIe X8 (occupato dalla porta in fibra) &#8211; 1xFte. Alimentazione ridondante (possibilit\u00e0 di inserire una seconda fonte)<\/u><\/p>\n","protected":false},"excerpt":{"rendered":"<p>Intel Xeon Octa Core E5 2650 2 GHz. \u00b7 16 Gb. DDR3 ECC RAM \u00b7 SAS 2.5&#8221; 8 baies \u00b7 DVD \u00b7<br \/>\n<strong>Controller Raid P420i<\/strong> &#8211; <u>1xPCIe X16 \/ 1xPCIe X8 (occupato dalla porta in fibra) &#8211; 1xFte. Alimentazione ridondante (possibilit\u00e0 di inserire una seconda fonte)<\/u> [&#8230;]<\/p>\n<p><a class=\"btn btn-secondary understrap-read-more-link\" href=\"https:\/\/digalco.com\/it\/tienda\/hp-proliant-dl360p-g8-barebone-rack-ricondizionato-xeon-octa-core-2ghz-16-gb-ram-sas-it-14007\/\">Leggi di pi\u00f9&#8230;<span class=\"screen-reader-text\"> from HP ProLiant DL360p G8 Barebone Rack | Ricondizionato | Xeon Octa Core 2GHz | 16 GB RAM | SAS<\/span><\/a><\/p>\n","protected":false},"featured_media":322864,"template":"","meta":[],"product_brand":[3854],"product_cat":[3746,3252,3250],"product_tag":[],"class_list":{"0":"post-322904","1":"product","2":"type-product","3":"status-publish","4":"has-post-thumbnail","6":"product_brand-hp","7":"product_cat-barebone-it","8":"product_cat-servers-rack-it","9":"product_cat-servers-it","11":"first","12":"instock","13":"taxable","14":"shipping-taxable","15":"purchasable","16":"product-type-simple"},"bundled_by":[],"bundle_stock_status":"instock","bundle_stock_quantity":1,"bundle_virtual":false,"bundle_layout":"","bundle_add_to_cart_form_location":"","bundle_editable_in_cart":false,"bundle_sold_individually_context":"","bundle_item_grouping":"","bundle_min_size":"","bundle_max_size":"","bundle_price":[],"bundled_items":[],"bundle_sell_ids":[],"exclude_global_add_ons":[],"addons":[],"df_price":343,"df_sale_price":"","df_regular_price":343,"df_image_link":"https:\/\/digalco.com\/wp-content\/uploads\/images\/product\/14007\/hp03104_01-300x225.jpg","_links":{"self":[{"href":"https:\/\/digalco.com\/it\/wp-json\/wp\/v2\/product\/322904","targetHints":{"allow":["GET"]}}],"collection":[{"href":"https:\/\/digalco.com\/it\/wp-json\/wp\/v2\/product"}],"about":[{"href":"https:\/\/digalco.com\/it\/wp-json\/wp\/v2\/types\/product"}],"wp:featuredmedia":[{"embeddable":true,"href":"https:\/\/digalco.com\/it\/wp-json\/wp\/v2\/media\/322864"}],"wp:attachment":[{"href":"https:\/\/digalco.com\/it\/wp-json\/wp\/v2\/media?parent=322904"}],"wp:term":[{"taxonomy":"product_brand","embeddable":true,"href":"https:\/\/digalco.com\/it\/wp-json\/wp\/v2\/product_brand?post=322904"},{"taxonomy":"product_cat","embeddable":true,"href":"https:\/\/digalco.com\/it\/wp-json\/wp\/v2\/product_cat?post=322904"},{"taxonomy":"product_tag","embeddable":true,"href":"https:\/\/digalco.com\/it\/wp-json\/wp\/v2\/product_tag?post=322904"}],"curies":[{"name":"wp","href":"https:\/\/api.w.org\/{rel}","templated":true}]}}