{"id":323340,"date":"2026-03-12T13:17:31","date_gmt":"2026-03-12T12:17:31","guid":{"rendered":"https:\/\/digalco.com\/tienda\/microsoft-surface-pro-7-plus-negro-kit-portugues-ricondizionato-it-14853\/"},"modified":"2026-03-12T13:18:05","modified_gmt":"2026-03-12T12:18:05","slug":"microsoft-surface-pro-7-plus-negro-kit-portugues-ricondizionato-it-14853","status":"publish","type":"product","link":"https:\/\/digalco.com\/it\/tienda\/microsoft-surface-pro-7-plus-negro-kit-portugues-ricondizionato-it-14853\/","title":{"rendered":"Microsoft Surface Pro 7 Plus Negro Kit Portugu\u00e9s | Ricondizionato"},"content":{"rendered":"<p><strong>Processore<\/strong><br \/>Intel Core i7 1165G7 2.8 GHz.<br \/><strong>Memoria RAM<\/strong><br \/>16 Gb. SO-DDR4 RAM<br \/><strong>Disco duro<\/strong><br \/>512 Gb. SSD M2<br \/><strong>Carte<\/strong><br \/>Grafica: Intel Iris Xe Graphics<br \/>Suono: High Definition Audio<br \/><strong>Sistema operativo<\/strong><br \/>Windows 11 Pro<br \/><strong>Porte<\/strong><br \/>USB 3.0<br \/>USB-C<br \/><strong>Schermo<\/strong><br \/>Tattile 12.3 &#8221; 2K 16:9 \u00b7 Risoluzione 2736&#215;1824<br \/><strong>Multimedia<\/strong><br \/>Webcam posteriore<br \/>Webcam frontale<br \/><strong>Connettivit\u00e0<\/strong><br \/>WIFI<br \/>Bluetooth<br \/><strong>Altri<\/strong><br \/>Imballaggio hR<br \/><strong>Dimensioni<\/strong><br \/>29.2&#215;20.1&#215;0.85 cm.<br \/><strong>Peso<\/strong><br \/>0.79 Kg.<br \/>Commenti<br \/>Il Microsoft Surface Pro 7 Plus \u00e8 un tablet convertibile progettato per professionisti che cercano potenza, mobilit\u00e0 e flessibilit\u00e0 in un unico dispositivo. Il suo design 2-in-1 consente di passare in modo intuitivo da laptop a tablet, offrendo l\u2019intera esperienza di Windows 11 Pro in un dispositivo leggero, elegante e pronto per ambienti di lavoro esigenti, creativit\u00e0 e collaborazione ovunque. Dotato di Intel Core i7-1165G7 a 2,8 GHz, 16 GB di RAM DDR4 e SSD M.2 da 512 GB, garantisce prestazioni eccezionali in multitasking avanzato, applicazioni professionali, design grafico e gestione di progetti complessi. Lo schermo touch 12,3 pollici 2K (16:9) offre colori precisi e alta nitidezza per presentazioni, modifica di documenti e creazione di contenuti visivi. Include la tastiera Microsoft Surface Pro in portoghese, la penna attiva Microsoft per scrittura e disegno precisi, e il Surface Docking 1661, che potenzia connettivit\u00e0 e produttivit\u00e0 in ufficio. Il Surface Pro 7 Plus combina versatilit\u00e0, potenza e strumenti professionali, diventando il tablet Windows perfetto per chi cerca massima efficienza, creativit\u00e0 e connettivit\u00e0 avanzata. Un dispositivo progettato per portare produttivit\u00e0 ed esperienza professionale al livello successivo, sia in mobilit\u00e0 che in ufficio.<br \/>\nBuon aspetto esteriore. Guarda in \u201c+ Foto\u201d e se hai domande chiamaci o usa la nostra chat per ottenere maggiori informazioni o richiedere ulteriori dettagli.<\/p>\n","protected":false},"excerpt":{"rendered":"<p>Intel Core i7 1165G7 2.8 GHz. \u00b7 16 Gb. SO-DDR4 RAM \u00b7 512 Gb. SSD M2 \u00b7 <strong>Windows 11 Pro<\/strong> \u00b7 Tattile 12.3 &#8221; 2K 16:9 \u00b7<strong>Tastiera portoghese Microsoft Surface Pro \u00b7 Penna attiva Microsoft \u00b7 Docking Microsoft Surface 1661<\/strong> [&#8230;]<\/p>\n<p><a class=\"btn btn-secondary understrap-read-more-link\" href=\"https:\/\/digalco.com\/it\/tienda\/microsoft-surface-pro-7-plus-negro-kit-portugues-ricondizionato-it-14853\/\">Leggi di pi\u00f9&#8230;<span class=\"screen-reader-text\"> from Microsoft Surface Pro 7 Plus Negro Kit Portugu\u00e9s | Ricondizionato<\/span><\/a><\/p>\n","protected":false},"featured_media":323158,"template":"","meta":[],"product_brand":[3860],"product_cat":[3751,3237],"product_tag":[],"class_list":{"0":"post-323340","1":"product","2":"type-product","3":"status-publish","4":"has-post-thumbnail","6":"product_brand-microsoft","7":"product_cat-tablets-surface-it","8":"product_cat-tablets-it","10":"first","11":"instock","12":"taxable","13":"shipping-taxable","14":"purchasable","15":"product-type-simple"},"bundled_by":[],"bundle_stock_status":"instock","bundle_stock_quantity":6,"bundle_virtual":false,"bundle_layout":"","bundle_add_to_cart_form_location":"","bundle_editable_in_cart":false,"bundle_sold_individually_context":"","bundle_item_grouping":"","bundle_min_size":"","bundle_max_size":"","bundle_price":[],"bundled_items":[],"bundle_sell_ids":[],"exclude_global_add_ons":[],"addons":[],"df_price":730,"df_sale_price":"","df_regular_price":730,"df_image_link":"https:\/\/digalco.com\/wp-content\/uploads\/images\/product\/14853\/ms00241_01-300x225.jpg","_links":{"self":[{"href":"https:\/\/digalco.com\/it\/wp-json\/wp\/v2\/product\/323340","targetHints":{"allow":["GET"]}}],"collection":[{"href":"https:\/\/digalco.com\/it\/wp-json\/wp\/v2\/product"}],"about":[{"href":"https:\/\/digalco.com\/it\/wp-json\/wp\/v2\/types\/product"}],"wp:featuredmedia":[{"embeddable":true,"href":"https:\/\/digalco.com\/it\/wp-json\/wp\/v2\/media\/323158"}],"wp:attachment":[{"href":"https:\/\/digalco.com\/it\/wp-json\/wp\/v2\/media?parent=323340"}],"wp:term":[{"taxonomy":"product_brand","embeddable":true,"href":"https:\/\/digalco.com\/it\/wp-json\/wp\/v2\/product_brand?post=323340"},{"taxonomy":"product_cat","embeddable":true,"href":"https:\/\/digalco.com\/it\/wp-json\/wp\/v2\/product_cat?post=323340"},{"taxonomy":"product_tag","embeddable":true,"href":"https:\/\/digalco.com\/it\/wp-json\/wp\/v2\/product_tag?post=323340"}],"curies":[{"name":"wp","href":"https:\/\/api.w.org\/{rel}","templated":true}]}}