{"id":326549,"date":"2026-03-18T16:26:10","date_gmt":"2026-03-18T15:26:10","guid":{"rendered":"https:\/\/digalco.com\/tienda\/lg-ips231px-23-ips-169-ricondizionato-1920x1080-it-3159\/"},"modified":"2026-03-18T16:26:29","modified_gmt":"2026-03-18T15:26:29","slug":"lg-ips231px-23-ips-169-ricondizionato-1920x1080-it-3159","status":"publish","type":"product","link":"https:\/\/digalco.com\/it\/tienda\/lg-ips231px-23-ips-169-ricondizionato-1920x1080-it-3159\/","title":{"rendered":"LG IPS231PX 23&#8221; IPS 16:9 | Ricondizionato | 1920&#215;1080"},"content":{"rendered":"<p><strong>Schermo<\/strong><br \/>IPS 23 &#8221; FullHD con Altoparlanti \u00b7 16:9 \u00b7 Risoluzione 1920&#215;1080<br \/>Punto passo 0.265 mm<br \/>Risposta 5 ms<br \/>Contrasto 1000:1<br \/>Luminosit\u00e0 250 cd\/m2<br \/>Angolo visione 178\u00b0v\/178\u00b0h<br \/><strong>Porte video<\/strong><br \/>VGA<br \/>DVI<br \/><strong>Schermo specifico<\/strong><br \/>Supporto VESA<br \/>Peana<br \/>Regolabile in altezza<br \/><strong>Altri<\/strong><br \/>Imballaggio hR<br \/><strong>Dimensioni<\/strong><br \/>54.8x22x36.5 cm.<br \/><strong>Peso<\/strong><br \/>4.70 Kg.<br \/><strong>Specifiche aggiuntive<\/strong><br \/>L\u2019LG IPS231PX \u00e8 un monitor che si adatta perfettamente a qualsiasi ambiente di lavoro o domestico dove qualit\u00e0 dell\u2019immagine e affidabilit\u00e0 fanno la differenza. Progettato per chi trascorre molte ore davanti allo schermo, offre un\u2019esperienza visiva confortevole, nitida e costante, ideale per attivit\u00e0 d\u2019ufficio, gestione, navigazione o contenuti multimediali.Il suo pannello IPS da 23 pollici con risoluzione Full HD 1920&#215;1080 garantisce colori pi\u00f9 fedeli e uniformi da qualsiasi angolo di visione di 178\u00b0, evitando distorsioni anche in configurazioni multiutente o multitasking. Con un tempo di risposta di 5 ms, contrasto 1000:1 e luminosit\u00e0 di 250 cd\/m\u00b2, offre immagini equilibrate e ben definite per ogni tipo di contenuto. Include inoltre altoparlanti integrati che aiutano a mantenere la postazione ordinata, insieme a connessioni VGA e DVI che assicurano compatibilit\u00e0 con una vasta gamma di dispositivi.L\u2019LG IPS231PX si distingue non solo per la qualit\u00e0 dell\u2019immagine, ma anche per la sua capacit\u00e0 di migliorare la produttivit\u00e0 e mantenere il comfort durante lunghe sessioni di lavoro. \u00c8 una soluzione pratica, efficiente e durevole che offre valore reale fin dal primo utilizzo, rendendolo una scelta intelligente per chi cerca un monitor IPS Full HD affidabile e versatile, pronto per qualsiasi ambiente professionale o personale.Buon aspetto esterno. Pu\u00f2 presentare lievi segni di utilizzo sulla scocca. Se hai qualche dubbio chiamaci o usa la nostra chat per ampliare le informazioni o per richiedere maggiori dettagli.<br \/><strong>Commenti<\/strong><br \/><u>Cavo di alimentazione e VGA inclusi<\/u><\/p>\n","protected":false},"excerpt":{"rendered":"<p>IPS 23 &#8221; FullHD con Altoparlanti \u00b7 16:9 \u00b7 Punto passo 0.265 mm \u00b7 Risposta 5 ms \u00b7 Contrasto 1000:1 \u00b7 Luminosit\u00e0 250 cd\/m2 \u00b7 VGA \u00b7 DVI \u00b7<br \/>\n<u>Cavo di alimentazione e VGA inclusi<\/u> [&#8230;]<\/p>\n<p><a class=\"btn btn-secondary understrap-read-more-link\" href=\"https:\/\/digalco.com\/it\/tienda\/lg-ips231px-23-ips-169-ricondizionato-1920x1080-it-3159\/\">Leggi di pi\u00f9&#8230;<span class=\"screen-reader-text\"> from LG IPS231PX 23&#8221; IPS 16:9 | Ricondizionato | 1920&#215;1080<\/span><\/a><\/p>\n","protected":false},"featured_media":326489,"template":"","meta":[],"product_brand":[3861],"product_cat":[3215,3323],"product_tag":[],"class_list":{"0":"post-326549","1":"product","2":"type-product","3":"status-publish","4":"has-post-thumbnail","6":"product_brand-lg","7":"product_cat-monitor-it","8":"product_cat-monitor-23-it","10":"first","11":"instock","12":"taxable","13":"shipping-taxable","14":"purchasable","15":"product-type-simple"},"bundled_by":[],"bundle_stock_status":"instock","bundle_stock_quantity":1,"bundle_virtual":false,"bundle_layout":"","bundle_add_to_cart_form_location":"","bundle_editable_in_cart":false,"bundle_sold_individually_context":"","bundle_item_grouping":"","bundle_min_size":"","bundle_max_size":"","bundle_price":[],"bundled_items":[],"bundle_sell_ids":[],"exclude_global_add_ons":true,"addons":{"webcam-upgrades":{"name":"Estensione Webcam","type":"multiple_choice","position":0,"required":false,"title_format":"heading","default":"","description_enable":false,"description":"","placeholder_enable":false,"placeholder":"","display":"radiobutton","restrictions_type":"any_text","adjust_price":false,"price":"","price_type":"quantity_based","restrictions":false,"min":"0","max":"0","options":[{"label":"Conceptronic AMDIS FullHD [AMP00085]","price":"29.0000","price_type":"quantity_based","image":0,"visibility":true}]},"hdmi-upgrades":{"name":"Estensione cavo","type":"multiple_choice","position":0,"required":false,"title_format":"heading","default":"","description_enable":false,"description":"","placeholder_enable":false,"placeholder":"","display":"radiobutton","restrictions_type":"any_text","adjust_price":false,"price":"","price_type":"quantity_based","restrictions":false,"min":"0","max":"0","options":[{"label":"Dual Link DVI-D M\/M Cable 1,8 mts. [AMP00102]","price":"2.0000","price_type":"quantity_based","image":0,"visibility":true}]}},"df_price":80,"df_sale_price":"","df_regular_price":80,"df_image_link":"https:\/\/digalco.com\/wp-content\/uploads\/images\/product\/3159\/lg00004_01-300x225.jpg","_links":{"self":[{"href":"https:\/\/digalco.com\/it\/wp-json\/wp\/v2\/product\/326549","targetHints":{"allow":["GET"]}}],"collection":[{"href":"https:\/\/digalco.com\/it\/wp-json\/wp\/v2\/product"}],"about":[{"href":"https:\/\/digalco.com\/it\/wp-json\/wp\/v2\/types\/product"}],"wp:featuredmedia":[{"embeddable":true,"href":"https:\/\/digalco.com\/it\/wp-json\/wp\/v2\/media\/326489"}],"wp:attachment":[{"href":"https:\/\/digalco.com\/it\/wp-json\/wp\/v2\/media?parent=326549"}],"wp:term":[{"taxonomy":"product_brand","embeddable":true,"href":"https:\/\/digalco.com\/it\/wp-json\/wp\/v2\/product_brand?post=326549"},{"taxonomy":"product_cat","embeddable":true,"href":"https:\/\/digalco.com\/it\/wp-json\/wp\/v2\/product_cat?post=326549"},{"taxonomy":"product_tag","embeddable":true,"href":"https:\/\/digalco.com\/it\/wp-json\/wp\/v2\/product_tag?post=326549"}],"curies":[{"name":"wp","href":"https:\/\/api.w.org\/{rel}","templated":true}]}}